{"id":194,"date":"2018-12-12T10:15:16","date_gmt":"2018-12-12T09:15:16","guid":{"rendered":"http:\/\/www.texty.santegidio.cz?page_id=194"},"modified":"2018-12-12T10:15:16","modified_gmt":"2018-12-12T09:15:16","slug":"zalm-142","status":"publish","type":"page","link":"https:\/\/www.texty.santegidio.cz\/?page_id=194","title":{"rendered":"\u017dalm 142"},"content":{"rendered":"<p>Pane, ty jsi m\u00e9 \u00fato\u010di\u0161t\u011b.<\/p>\n<p>&#8211; <sup>2<\/span><\/sup> Velik\u00fdm hlasem k P\u00e1nu vol\u00e1m,<br \/>o milost nahlas P<strong>\u00e1<\/strong>na pros\u00edm.<\/p>\n<p>&#8211; <sup>3<\/span><\/sup> Vyl\u00e9v\u00e1m p\u0159ed n\u00edm svoje n\u00e1\u0159ky,<br \/>sv\u011b\u0159uji se mu s<strong>e<\/strong> svou b\u00eddou.<\/p>\n<p>&#8211; <sup>4<\/span><\/sup> I kdy\u017e m\u016fj duch u\u017e ve mn\u011b ch\u0159adne,<br \/>ty p\u0159esto zn\u00e1\u0161 mou k<strong>a<\/strong>\u017edou stezku.<br \/>&#8211; Na cest\u011b, po kter\u00e9 j\u00e1 kr\u00e1\u010d\u00edm,<br \/>tajn\u011b mi nastra\u017e<strong>i<\/strong>li l\u00e9\u010dku.<\/p>\n<p>&#8211; <sup>5<\/span><\/sup> Pohl\u00e9dnu vedle sebe vpravo:<br \/>nen\u00ed tu, kdo by cht<strong>\u011b<\/strong>l m\u011b chr\u00e1nit.<br \/>&#8211; Nikde u\u017e nem\u00e1m \u00fato\u010di\u0161t\u011b,<br \/>nikdo u\u017e nedb\u00e1 n<strong>a<\/strong> m\u016fj \u017eivot.<\/p>\n<p>= <sup>6<\/span><\/sup> Proto j\u00e1, Pane, k tob\u011b vol\u00e1m\u2020<br \/>a \u0159\u00edk\u00e1m: Tys m\u00e9 \u00fato\u010di\u0161t\u011b,<br \/>ty jsi m\u016fj \u00fad\u011bl v z<strong>e<\/strong>mi \u017eiv\u00fdch!<\/p>\n<p>&#8211; <sup>7<\/span><\/sup> Sly\u0161 moji \u00fap\u011bnlivou prosbu,<br \/>nebo\u0165 jsem velmi zb<strong>\u011b<\/strong>dovan\u00fd.<br \/>&#8211; Ochra\u0148 m\u011b od m\u00fdch stihatel\u016f,<br \/>na jejich p\u0159es<strong>i<\/strong>lu jsem slab\u00fd.<\/p>\n<p>&#8211; <sup>8<\/span><\/sup> Vyve\u010f m\u011b \u0161\u0165astn\u011b ze \u017eal\u00e1\u0159e,<br \/>abych tv\u00e9 jm\u00e9no m<strong>o<\/strong>hl chv\u00e1lit!<br \/>&#8211; Poctiv\u00ed p\u0159idaj\u00ed se ke mn\u011b,<br \/>kdy\u017e ty mi osv<strong>\u011b<\/strong>d\u010d\u00ed\u0161 svou p\u0159\u00edze\u0148.<\/p>\n","protected":false},"excerpt":{"rendered":"<p>Pane, ty jsi m\u00e9 \u00fato\u010di\u0161t\u011b. &#8211; 2 Velik\u00fdm hlasem k P\u00e1nu vol\u00e1m,o milost nahlas P\u00e1na pros\u00edm. &#8211; 3 Vyl\u00e9v\u00e1m p\u0159ed n\u00edm svoje n\u00e1\u0159ky,sv\u011b\u0159uji se mu se svou b\u00eddou. &#8211; 4 I kdy\u017e m\u016fj duch u\u017e ve mn\u011b ch\u0159adne,ty p\u0159esto zn\u00e1\u0161 mou ka\u017edou stezku.&#8211; Na cest\u011b, po kter\u00e9 j\u00e1 kr\u00e1\u010d\u00edm,tajn\u011b mi nastra\u017eili l\u00e9\u010dku. &#8211; 5 Pohl\u00e9dnu &#8230; <a title=\"\u017dalm 142\" class=\"read-more\" href=\"https:\/\/www.texty.santegidio.cz\/?page_id=194\" aria-label=\"More on \u017dalm 142\">Read more<\/a><\/p>\n","protected":false},"author":1,"featured_media":0,"parent":29,"menu_order":0,"comment_status":"closed","ping_status":"closed","template":"","meta":{"_uag_custom_page_level_css":"","jetpack_post_was_ever_published":false,"footnotes":""},"class_list":["post-194","page","type-page","status-publish"],"uagb_featured_image_src":{"full":false,"thumbnail":false,"medium":false,"medium_large":false,"large":false,"1536x1536":false,"2048x2048":false},"uagb_author_info":{"display_name":"Pavel","author_link":"https:\/\/www.texty.santegidio.cz\/?author=1"},"uagb_comment_info":0,"uagb_excerpt":"Pane, ty jsi m\u00e9 \u00fato\u010di\u0161t\u011b. &#8211; 2 Velik\u00fdm hlasem k P\u00e1nu vol\u00e1m,o milost nahlas P\u00e1na pros\u00edm. &#8211; 3 Vyl\u00e9v\u00e1m p\u0159ed n\u00edm svoje n\u00e1\u0159ky,sv\u011b\u0159uji se mu se svou b\u00eddou. &#8211; 4 I kdy\u017e m\u016fj duch u\u017e ve mn\u011b ch\u0159adne,ty p\u0159esto zn\u00e1\u0161 mou ka\u017edou stezku.&#8211; Na cest\u011b, po kter\u00e9 j\u00e1 kr\u00e1\u010d\u00edm,tajn\u011b mi nastra\u017eili l\u00e9\u010dku. &#8211; 5 Pohl\u00e9dnu&hellip;","jetpack_sharing_enabled":true,"jetpack_shortlink":"https:\/\/wp.me\/PawMsT-38","_links":{"self":[{"href":"https:\/\/www.texty.santegidio.cz\/index.php?rest_route=\/wp\/v2\/pages\/194","targetHints":{"allow":["GET"]}}],"collection":[{"href":"https:\/\/www.texty.santegidio.cz\/index.php?rest_route=\/wp\/v2\/pages"}],"about":[{"href":"https:\/\/www.texty.santegidio.cz\/index.php?rest_route=\/wp\/v2\/types\/page"}],"author":[{"embeddable":true,"href":"https:\/\/www.texty.santegidio.cz\/index.php?rest_route=\/wp\/v2\/users\/1"}],"replies":[{"embeddable":true,"href":"https:\/\/www.texty.santegidio.cz\/index.php?rest_route=%2Fwp%2Fv2%2Fcomments&post=194"}],"version-history":[{"count":1,"href":"https:\/\/www.texty.santegidio.cz\/index.php?rest_route=\/wp\/v2\/pages\/194\/revisions"}],"predecessor-version":[{"id":1364,"href":"https:\/\/www.texty.santegidio.cz\/index.php?rest_route=\/wp\/v2\/pages\/194\/revisions\/1364"}],"up":[{"embeddable":true,"href":"https:\/\/www.texty.santegidio.cz\/index.php?rest_route=\/wp\/v2\/pages\/29"}],"wp:attachment":[{"href":"https:\/\/www.texty.santegidio.cz\/index.php?rest_route=%2Fwp%2Fv2%2Fmedia&parent=194"}],"curies":[{"name":"wp","href":"https:\/\/api.w.org\/{rel}","templated":true}]}}