{"id":193,"date":"2018-12-12T10:15:16","date_gmt":"2018-12-12T09:15:16","guid":{"rendered":"http:\/\/www.texty.santegidio.cz?page_id=193"},"modified":"2018-12-12T10:15:16","modified_gmt":"2018-12-12T09:15:16","slug":"zalm-141","status":"publish","type":"page","link":"https:\/\/www.texty.santegidio.cz\/?page_id=193","title":{"rendered":"\u017dalm 141"},"content":{"rendered":"<p>Ob\u011btn\u00edm d\u00fdmem bu\u010f p\u0159ed tebou modlitba moje.<\/p>\n<p>&#8211; <sup>1<\/span><\/sup> Pane, za tebou vol\u00e1m, na pomoc posp\u011b\u0161,<br \/>usly\u0161 m\u016fj hlas, kdy\u017e tebe se d<strong>o<\/strong>vol\u00e1v\u00e1m!<\/p>\n<p>&#8211; <sup>2<\/span><\/sup> Ob\u011btn\u00edm d\u00fdmem bu\u010f p\u0159ed tebou modlitba moje,<br \/>ob\u011bt\u00ed ve\u010dern\u00ed moje vzta\u017e<strong>e<\/strong>n\u00e9 ruce!<\/p>\n<p>&#8211; <sup>3<\/span><\/sup> Postav, Pane, k m\u00fdm \u00fast\u016fm ochrann\u00e9 str\u00e1\u017ee,<br \/>k br\u00e1n\u011b m\u00fdch rt\u016f svou spolehl<strong>i<\/strong>vou hl\u00eddku!<\/p>\n<p>&#8211; <sup>4<\/span><\/sup> Nenech m\u00e9 srdce, aby se klonilo ke zlu,<br \/>nedopus\u0165, abych provedl n\u011bj<strong>a<\/strong>kou \u0161patnost<br \/>&#8211; ve spolku s lidmi, kte\u0159\u00ed jen bezpr\u00e1v\u00ed \u010din\u00ed;<br \/>z jejich pamlsk\u016f ani ok<strong>u<\/strong>sit nechci!<\/p>\n<p>= <sup>5<\/span><\/sup> Poctiv\u00fd a\u0165si m\u011b bije, zbo\u017en\u00fd a\u0165 k\u00e1\u0159e,\u2020<br \/>olejem h\u0159\u00ed\u0161n\u00fdch v\u0161ak hlavu si pomazat ned\u00e1m.<br \/>P\u0159es jejich zlobu m\u00e1 modlitba z\u016fst<strong>a<\/strong>ne st\u00e1l\u00e1.<\/p>\n<p>&#8211; <sup>6<\/span><\/sup> A kdyby jednou sv\u00fdm soudc\u016fm do rukou padli,<br \/>potom a\u0165 sly\u0161\u00ed, jak laskav\u00e1 jsou m<strong>o<\/strong>je slova.<\/p>\n<p>&#8211; <sup>7<\/span><\/sup> Tak jako pod pluhem kam\u00ednky vyoran\u00e9,<br \/>u j\u00edcnu podsv\u011bt\u00ed rozsety jsou j<strong>e<\/strong>jich kosti.<\/p>\n<p>&#8211; <sup>8<\/span><\/sup> J\u00e1 v\u0161ak, Pane, st\u00e1le jen za tebou hled\u00edm,<br \/>k tob\u011b se ut\u00edk\u00e1m, nenech z<strong>a<\/strong>j\u00edt m\u016fj \u017eivot!<\/p>\n<p>&#8211; <sup>9<\/span><\/sup> Ochra\u0148 m\u011b p\u0159ed l\u00e9\u010dkou, kterou mi nastra\u017eili,<br \/>p\u0159ed pastmi, kter\u00e9 mi stroj\u00ed, kdo p<strong>\u00e1<\/strong>\u0161ou jen k\u0159ivdy!<br \/>[- <\/span><\/span><sup>10<\/span><\/sup><\/span><\/span> Do vlastn\u00edch s\u00edt\u00ed a\u0165 bezbo\u017en\u00ed po \u0159ad\u011b padnou,<\/span><\/span><br \/>zat\u00edmco j\u00e1 svou cestou p\u016fjdu si d\u00e1le.]<\/span><\/span><\/p>\n","protected":false},"excerpt":{"rendered":"<p>Ob\u011btn\u00edm d\u00fdmem bu\u010f p\u0159ed tebou modlitba moje. &#8211; 1 Pane, za tebou vol\u00e1m, na pomoc posp\u011b\u0161,usly\u0161 m\u016fj hlas, kdy\u017e tebe se dovol\u00e1v\u00e1m! &#8211; 2 Ob\u011btn\u00edm d\u00fdmem bu\u010f p\u0159ed tebou modlitba moje,ob\u011bt\u00ed ve\u010dern\u00ed moje vzta\u017een\u00e9 ruce! &#8211; 3 Postav, Pane, k m\u00fdm \u00fast\u016fm ochrann\u00e9 str\u00e1\u017ee,k br\u00e1n\u011b m\u00fdch rt\u016f svou spolehlivou hl\u00eddku! &#8211; 4 Nenech m\u00e9 srdce, &#8230; <a title=\"\u017dalm 141\" class=\"read-more\" href=\"https:\/\/www.texty.santegidio.cz\/?page_id=193\" aria-label=\"More on \u017dalm 141\">Read more<\/a><\/p>\n","protected":false},"author":1,"featured_media":0,"parent":29,"menu_order":0,"comment_status":"closed","ping_status":"closed","template":"","meta":{"_uag_custom_page_level_css":"","jetpack_post_was_ever_published":false,"footnotes":""},"class_list":["post-193","page","type-page","status-publish"],"uagb_featured_image_src":{"full":false,"thumbnail":false,"medium":false,"medium_large":false,"large":false,"1536x1536":false,"2048x2048":false},"uagb_author_info":{"display_name":"Pavel","author_link":"https:\/\/www.texty.santegidio.cz\/?author=1"},"uagb_comment_info":0,"uagb_excerpt":"Ob\u011btn\u00edm d\u00fdmem bu\u010f p\u0159ed tebou modlitba moje. &#8211; 1 Pane, za tebou vol\u00e1m, na pomoc posp\u011b\u0161,usly\u0161 m\u016fj hlas, kdy\u017e tebe se dovol\u00e1v\u00e1m! &#8211; 2 Ob\u011btn\u00edm d\u00fdmem bu\u010f p\u0159ed tebou modlitba moje,ob\u011bt\u00ed ve\u010dern\u00ed moje vzta\u017een\u00e9 ruce! &#8211; 3 Postav, Pane, k m\u00fdm \u00fast\u016fm ochrann\u00e9 str\u00e1\u017ee,k br\u00e1n\u011b m\u00fdch rt\u016f svou spolehlivou hl\u00eddku! &#8211; 4 Nenech m\u00e9 srdce,&hellip;","jetpack_sharing_enabled":true,"jetpack_shortlink":"https:\/\/wp.me\/PawMsT-37","_links":{"self":[{"href":"https:\/\/www.texty.santegidio.cz\/index.php?rest_route=\/wp\/v2\/pages\/193","targetHints":{"allow":["GET"]}}],"collection":[{"href":"https:\/\/www.texty.santegidio.cz\/index.php?rest_route=\/wp\/v2\/pages"}],"about":[{"href":"https:\/\/www.texty.santegidio.cz\/index.php?rest_route=\/wp\/v2\/types\/page"}],"author":[{"embeddable":true,"href":"https:\/\/www.texty.santegidio.cz\/index.php?rest_route=\/wp\/v2\/users\/1"}],"replies":[{"embeddable":true,"href":"https:\/\/www.texty.santegidio.cz\/index.php?rest_route=%2Fwp%2Fv2%2Fcomments&post=193"}],"version-history":[{"count":1,"href":"https:\/\/www.texty.santegidio.cz\/index.php?rest_route=\/wp\/v2\/pages\/193\/revisions"}],"predecessor-version":[{"id":1363,"href":"https:\/\/www.texty.santegidio.cz\/index.php?rest_route=\/wp\/v2\/pages\/193\/revisions\/1363"}],"up":[{"embeddable":true,"href":"https:\/\/www.texty.santegidio.cz\/index.php?rest_route=\/wp\/v2\/pages\/29"}],"wp:attachment":[{"href":"https:\/\/www.texty.santegidio.cz\/index.php?rest_route=%2Fwp%2Fv2%2Fmedia&parent=193"}],"curies":[{"name":"wp","href":"https:\/\/api.w.org\/{rel}","templated":true}]}}