{"id":192,"date":"2018-12-12T10:15:14","date_gmt":"2018-12-12T09:15:14","guid":{"rendered":"http:\/\/www.texty.santegidio.cz?page_id=192"},"modified":"2018-12-12T10:15:15","modified_gmt":"2018-12-12T09:15:15","slug":"zalm-140","status":"publish","type":"page","link":"https:\/\/www.texty.santegidio.cz\/?page_id=192","title":{"rendered":"\u017dalm 140"},"content":{"rendered":"<p>Sly\u0161, Pane, hlas modlitby m\u00e9.<\/p>\n<p>&#8211; <sup>2<\/span><\/sup> Osvobo\u010f m\u011b, Pane, od \u010dlov\u011bka zl\u00e9ho,<br \/>chra\u0148 m\u011b p\u0159ed n<strong>\u00e1<\/strong>siln\u00edkem!<\/p>\n<p>&#8211; <sup>3<\/span><\/sup> P\u0159ed t\u011bmi, kdo v srdci zam\u00fd\u0161lej\u00ed zlobu,<br \/>denn\u011b rozn<strong>\u011b<\/strong>cuj\u00ed sv\u00e1r.<\/p>\n<p>&#8211; <sup>4<\/span><\/sup> Nabrou\u0161eny maj\u00ed jazyky jak hadi,<br \/>v jejich <strong>\u00fa<\/strong>stech zmij\u00ed jed.<\/p>\n<p>= <sup>5<\/span><\/sup> Vytrhni m\u011b, Pane, z ruky bezbo\u017en\u00e9ho,\u2020<br \/>chra\u0148 m\u011b p\u0159ed n\u00e1siln\u00edkem,<br \/>p\u0159ed t\u011bmi, kdo cht\u011bj\u00ed podr<strong>a<\/strong>zit mi nohy!<\/p>\n<p>= <sup>6<\/span><\/sup> Py\u0161n\u00ed potaj\u00ed mi nastra\u017euj\u00ed l\u00e9\u010dky,\u2020<br \/>zl\u00ed mi nastavuj\u00ed s\u00ed\u0165,<br \/>pasti podle cesty pod n<strong>o<\/strong>hy mi kladou.<\/p>\n<p>&#8211; <sup>7<\/span><\/sup> Denn\u011b \u0159\u00edk\u00e1m P\u00e1nu: Jenom ty jsi B\u016fh m\u016fj!<br \/>Pane, sly\u0161 m<strong>\u00e9<\/strong> \u017ealoby!<\/p>\n<p>&#8211; <sup>8<\/span><\/sup> Pane, tys m\u016fj vlada\u0159 a m\u00e1 jist\u00e1 pomoc,<br \/>v boji jsi m<strong>\u00e9<\/strong> hlavy \u0161t\u00edt.<\/p>\n<p>&#8211; <sup>9<\/span><\/sup> Nepovoluj, Pane, tu\u017eb\u00e1m bezbo\u017en\u00edka,<br \/>jeho \u00fam<strong>y<\/strong>sly mu zma\u0159!<br \/>[- <\/span><\/span><sup>10<\/span><\/sup><\/span><\/span> A\u0165 nety\u010d\u00ed hlavu, kdo m\u011b obkli\u010duj\u00ed!<\/span><\/span><br \/>Zloba jejich rt\u016f a\u0165 postihne je samy!<\/span><\/span><br \/>&#8211;<\/span> <sup>11<\/span><\/sup><\/span><\/span> P\u00e1n a\u0165 \u017ehav\u00e9 uhl\u00ed na hlavu jim chrl\u00ed,<\/span><\/span><br \/>uvrhne je do jam, z kter\u00fdch nepovstanou!<\/span><\/span><br \/>&#8211;<\/span> <sup>12<\/span><\/sup><\/span><\/span> \u017d\u00e1dn\u00fd tlu\u010dhuba a\u0165 v zemi neobstoj\u00ed,<\/span><\/span><br \/>r\u00e1na za ranou a\u0165 n\u00e1siln\u00edka st\u00edh\u00e1!]<\/span><\/span><\/p>\n<p>&#8211; <sup>13<\/span><\/sup> Poznal jsem, \u017ee P\u00e1n se stav\u00ed za chud\u00e1ka,<br \/>h\u00e1j\u00ed pr<strong>\u00e1<\/strong>vo uboh\u00fdch.<\/p>\n<p>&#8211; <sup>14<\/span><\/sup> Tvoje jm\u00e9no chv\u00e1l\u00ed jenom spravedliv\u00ed,<br \/>p\u0159ed tvou tv\u00e1\u0159\u00ed dl\u00ed, jen kdo js<strong>ou<\/strong> poctiv\u00ed.<\/p>\n","protected":false},"excerpt":{"rendered":"<p>Sly\u0161, Pane, hlas modlitby m\u00e9. &#8211; 2 Osvobo\u010f m\u011b, Pane, od \u010dlov\u011bka zl\u00e9ho,chra\u0148 m\u011b p\u0159ed n\u00e1siln\u00edkem! &#8211; 3 P\u0159ed t\u011bmi, kdo v srdci zam\u00fd\u0161lej\u00ed zlobu,denn\u011b rozn\u011bcuj\u00ed sv\u00e1r. &#8211; 4 Nabrou\u0161eny maj\u00ed jazyky jak hadi,v jejich \u00fastech zmij\u00ed jed. = 5 Vytrhni m\u011b, Pane, z ruky bezbo\u017en\u00e9ho,\u2020chra\u0148 m\u011b p\u0159ed n\u00e1siln\u00edkem,p\u0159ed t\u011bmi, kdo cht\u011bj\u00ed podrazit mi nohy! &#8230; <a title=\"\u017dalm 140\" class=\"read-more\" href=\"https:\/\/www.texty.santegidio.cz\/?page_id=192\" aria-label=\"More on \u017dalm 140\">Read more<\/a><\/p>\n","protected":false},"author":1,"featured_media":0,"parent":29,"menu_order":0,"comment_status":"closed","ping_status":"closed","template":"","meta":{"_uag_custom_page_level_css":"","jetpack_post_was_ever_published":false,"footnotes":""},"class_list":["post-192","page","type-page","status-publish"],"uagb_featured_image_src":{"full":false,"thumbnail":false,"medium":false,"medium_large":false,"large":false,"1536x1536":false,"2048x2048":false},"uagb_author_info":{"display_name":"Pavel","author_link":"https:\/\/www.texty.santegidio.cz\/?author=1"},"uagb_comment_info":0,"uagb_excerpt":"Sly\u0161, Pane, hlas modlitby m\u00e9. &#8211; 2 Osvobo\u010f m\u011b, Pane, od \u010dlov\u011bka zl\u00e9ho,chra\u0148 m\u011b p\u0159ed n\u00e1siln\u00edkem! &#8211; 3 P\u0159ed t\u011bmi, kdo v srdci zam\u00fd\u0161lej\u00ed zlobu,denn\u011b rozn\u011bcuj\u00ed sv\u00e1r. &#8211; 4 Nabrou\u0161eny maj\u00ed jazyky jak hadi,v jejich \u00fastech zmij\u00ed jed. = 5 Vytrhni m\u011b, Pane, z ruky bezbo\u017en\u00e9ho,\u2020chra\u0148 m\u011b p\u0159ed n\u00e1siln\u00edkem,p\u0159ed t\u011bmi, kdo cht\u011bj\u00ed podrazit mi nohy!&hellip;","jetpack_sharing_enabled":true,"jetpack_shortlink":"https:\/\/wp.me\/PawMsT-36","_links":{"self":[{"href":"https:\/\/www.texty.santegidio.cz\/index.php?rest_route=\/wp\/v2\/pages\/192","targetHints":{"allow":["GET"]}}],"collection":[{"href":"https:\/\/www.texty.santegidio.cz\/index.php?rest_route=\/wp\/v2\/pages"}],"about":[{"href":"https:\/\/www.texty.santegidio.cz\/index.php?rest_route=\/wp\/v2\/types\/page"}],"author":[{"embeddable":true,"href":"https:\/\/www.texty.santegidio.cz\/index.php?rest_route=\/wp\/v2\/users\/1"}],"replies":[{"embeddable":true,"href":"https:\/\/www.texty.santegidio.cz\/index.php?rest_route=%2Fwp%2Fv2%2Fcomments&post=192"}],"version-history":[{"count":1,"href":"https:\/\/www.texty.santegidio.cz\/index.php?rest_route=\/wp\/v2\/pages\/192\/revisions"}],"predecessor-version":[{"id":1362,"href":"https:\/\/www.texty.santegidio.cz\/index.php?rest_route=\/wp\/v2\/pages\/192\/revisions\/1362"}],"up":[{"embeddable":true,"href":"https:\/\/www.texty.santegidio.cz\/index.php?rest_route=\/wp\/v2\/pages\/29"}],"wp:attachment":[{"href":"https:\/\/www.texty.santegidio.cz\/index.php?rest_route=%2Fwp%2Fv2%2Fmedia&parent=192"}],"curies":[{"name":"wp","href":"https:\/\/api.w.org\/{rel}","templated":true}]}}