{"id":190,"date":"2018-12-12T10:15:14","date_gmt":"2018-12-12T09:15:14","guid":{"rendered":"http:\/\/www.texty.santegidio.cz?page_id=190"},"modified":"2018-12-12T10:15:15","modified_gmt":"2018-12-12T09:15:15","slug":"zalm-138","status":"publish","type":"page","link":"https:\/\/www.texty.santegidio.cz\/?page_id=190","title":{"rendered":"\u017dalm 138"},"content":{"rendered":"<p>Chv\u00e1l\u00edm t\u011b, Pane, z cel\u00e9ho srdce.<\/p>\n<p>&#8211; <sup>1<\/span><\/sup> Chv\u00e1l\u00edm t\u011b, Pane, z cel\u00e9ho srdce<br \/>za to, \u017ees vysly\u0161el sl<strong>o<\/strong>va m\u00fdch \u00fast.<br \/>&#8211; P\u0159ed tv\u00e1\u0159\u00ed and\u011bl\u016f budu ti hr\u00e1t.<br \/><sup>2<\/span><\/sup> P\u0159ed tvou svatyn\u00ed n<strong>a<\/strong> tv\u00e1\u0159 pad\u00e1m,<br \/>&#8211; d\u011bkuji tv\u00e9mu svat\u00e9mu jm\u00e9nu<br \/>za tvoji v\u011brnost a d<strong>o<\/strong>brotu tvou;<br \/>&#8211; nebo\u0165 jsi povznesl nade v\u0161echno<br \/>jm\u00e9no svoje a p\u0159<strong>i<\/strong>sl\u00edben\u00ed.<\/p>\n<p>&#8211; <sup>3<\/span><\/sup> Sly\u0161els m\u011b v den, kdy k tob\u011b jsem volal,<br \/>v\u011bt\u0161\u00ed s\u00edlu m\u00e9 d<strong>u<\/strong>\u0161i jsi dal.<\/p>\n<p>&#8211; <sup>4<\/span><\/sup> Tebe a\u0165, Pane, ct\u00ed kr\u00e1lov\u00e9 zem\u011b,<br \/>jakmile zaslechnou sl<strong>o<\/strong>va tv\u00fdch \u00fast,<\/p>\n<p>&#8211; <sup>5<\/span><\/sup> zp\u011bvem a\u0165 veleb\u00ed cesty P\u00e1n\u011b:<br \/>&bdquo;Sl\u00e1va P\u00e1n\u011b j<strong>e<\/strong> nesm\u00edrn\u00e1!&ldquo;<\/p>\n<p>&#8211; <sup>6<\/span><\/sup> Velk\u00fd je P\u00e1n, a k mal\u00fdm shl\u00ed\u017e\u00ed,<br \/>nad\u00e1lku roz<strong>e<\/strong>zn\u00e1 py\u0161n\u00e9ho.<\/p>\n<p>&#8211; <sup>7<\/span><\/sup> Kr\u00e1\u010d\u00edm-li strastmi, \u017eivot mi vrac\u00ed\u0161,<br \/>navzdory nep\u0159<strong>\u00e1<\/strong>tel\u016fm m\u00fdm.<br \/>&#8211; Na mou ochranu vztahuje\u0161 ruku,<br \/>pravice tv\u00e1 m<strong>i<\/strong> pom\u00e1h\u00e1.<\/p>\n<p>= <sup>8<\/span><\/sup> P\u00e1n mou v\u011bc dovede k dobr\u00e9mu konci.\u2020<br \/>Nebo\u0165 tv\u00e1 l\u00e1ska, Pane, je v\u011b\u010dn\u00e1!<br \/>Od sv\u00e9ho d<strong>\u00ed<\/strong>la neupus\u0165!<\/p>\n","protected":false},"excerpt":{"rendered":"<p>Chv\u00e1l\u00edm t\u011b, Pane, z cel\u00e9ho srdce. &#8211; 1 Chv\u00e1l\u00edm t\u011b, Pane, z cel\u00e9ho srdceza to, \u017ees vysly\u0161el slova m\u00fdch \u00fast.&#8211; P\u0159ed tv\u00e1\u0159\u00ed and\u011bl\u016f budu ti hr\u00e1t.2 P\u0159ed tvou svatyn\u00ed na tv\u00e1\u0159 pad\u00e1m,&#8211; d\u011bkuji tv\u00e9mu svat\u00e9mu jm\u00e9nuza tvoji v\u011brnost a dobrotu tvou;&#8211; nebo\u0165 jsi povznesl nade v\u0161echnojm\u00e9no svoje a p\u0159isl\u00edben\u00ed. &#8211; 3 Sly\u0161els m\u011b v den, &#8230; <a title=\"\u017dalm 138\" class=\"read-more\" href=\"https:\/\/www.texty.santegidio.cz\/?page_id=190\" aria-label=\"More on \u017dalm 138\">Read more<\/a><\/p>\n","protected":false},"author":1,"featured_media":0,"parent":29,"menu_order":0,"comment_status":"closed","ping_status":"closed","template":"","meta":{"_uag_custom_page_level_css":"","jetpack_post_was_ever_published":false,"footnotes":""},"class_list":["post-190","page","type-page","status-publish"],"uagb_featured_image_src":{"full":false,"thumbnail":false,"medium":false,"medium_large":false,"large":false,"1536x1536":false,"2048x2048":false},"uagb_author_info":{"display_name":"Pavel","author_link":"https:\/\/www.texty.santegidio.cz\/?author=1"},"uagb_comment_info":0,"uagb_excerpt":"Chv\u00e1l\u00edm t\u011b, Pane, z cel\u00e9ho srdce. &#8211; 1 Chv\u00e1l\u00edm t\u011b, Pane, z cel\u00e9ho srdceza to, \u017ees vysly\u0161el slova m\u00fdch \u00fast.&#8211; P\u0159ed tv\u00e1\u0159\u00ed and\u011bl\u016f budu ti hr\u00e1t.2 P\u0159ed tvou svatyn\u00ed na tv\u00e1\u0159 pad\u00e1m,&#8211; d\u011bkuji tv\u00e9mu svat\u00e9mu jm\u00e9nuza tvoji v\u011brnost a dobrotu tvou;&#8211; nebo\u0165 jsi povznesl nade v\u0161echnojm\u00e9no svoje a p\u0159isl\u00edben\u00ed. &#8211; 3 Sly\u0161els m\u011b v den,&hellip;","jetpack_sharing_enabled":true,"jetpack_shortlink":"https:\/\/wp.me\/PawMsT-34","_links":{"self":[{"href":"https:\/\/www.texty.santegidio.cz\/index.php?rest_route=\/wp\/v2\/pages\/190","targetHints":{"allow":["GET"]}}],"collection":[{"href":"https:\/\/www.texty.santegidio.cz\/index.php?rest_route=\/wp\/v2\/pages"}],"about":[{"href":"https:\/\/www.texty.santegidio.cz\/index.php?rest_route=\/wp\/v2\/types\/page"}],"author":[{"embeddable":true,"href":"https:\/\/www.texty.santegidio.cz\/index.php?rest_route=\/wp\/v2\/users\/1"}],"replies":[{"embeddable":true,"href":"https:\/\/www.texty.santegidio.cz\/index.php?rest_route=%2Fwp%2Fv2%2Fcomments&post=190"}],"version-history":[{"count":1,"href":"https:\/\/www.texty.santegidio.cz\/index.php?rest_route=\/wp\/v2\/pages\/190\/revisions"}],"predecessor-version":[{"id":1360,"href":"https:\/\/www.texty.santegidio.cz\/index.php?rest_route=\/wp\/v2\/pages\/190\/revisions\/1360"}],"up":[{"embeddable":true,"href":"https:\/\/www.texty.santegidio.cz\/index.php?rest_route=\/wp\/v2\/pages\/29"}],"wp:attachment":[{"href":"https:\/\/www.texty.santegidio.cz\/index.php?rest_route=%2Fwp%2Fv2%2Fmedia&parent=190"}],"curies":[{"name":"wp","href":"https:\/\/api.w.org\/{rel}","templated":true}]}}