{"id":189,"date":"2018-12-12T10:15:14","date_gmt":"2018-12-12T09:15:14","guid":{"rendered":"http:\/\/www.texty.santegidio.cz?page_id=189"},"modified":"2018-12-12T10:15:15","modified_gmt":"2018-12-12T09:15:15","slug":"zalm-137","status":"publish","type":"page","link":"https:\/\/www.texty.santegidio.cz\/?page_id=189","title":{"rendered":"\u017dalm 137"},"content":{"rendered":"<p>Nezapome\u0148 na n\u00e1s, Pane.<\/p>\n<p>&#8211; <sup>1<\/span><\/sup> U babyl\u00f3nsk\u00fdch \u0159ek jsme sed\u00e1vali<br \/>a s pl\u00e1\u010dem vzpom\u00edn<strong>a<\/strong>li na Si\u00f3n.<\/p>\n<p>&#8211; <sup>2<\/span><\/sup> Na vrby, kter\u00e9 v onom kraji rostly,<br \/>jsme zav\u011b\u0161ovali sv<strong>\u00e9<\/strong> citery,<\/p>\n<p>&#8211; <sup>3<\/span><\/sup> kdy\u017e ti, co odvl\u00e9kli n\u00e1s do zajet\u00ed,<br \/>n\u00e1s cht\u011bli nutit, a\u0165 j<strong>i<\/strong>m zp\u00edv\u00e1me,<br \/>&#8211; trapi\u010di cht\u011bli, a\u0165 se radujeme:<br \/>&bdquo;Zp\u00edvejte n\u011bco z p<strong>\u00ed<\/strong>sn\u00ed si\u00f3nsk\u00fdch!&ldquo;<\/p>\n<p>&#8211; <sup>4<\/span><\/sup> Jak ale bychom byli dok\u00e1zali<br \/>zp\u00edvati p\u00edsn\u011b P<strong>\u00e1<\/strong>n\u011b v cizin\u011b!<\/p>\n<p>&#8211; <sup>5<\/span><\/sup> Jeruzal\u00e9me, ne\u017e t\u011b zapomenout,<br \/>to sp\u00ed\u0161e a\u0165 mi <strong>u<\/strong>schne pravice!<\/p>\n<p>&#8211; <sup>6<\/span><\/sup> Sp\u00ed\u0161 a\u0165 se jazyk p\u0159ilep\u00ed mi k patru,<br \/>ne\u017e abych p\u0159estal m<strong>y<\/strong>slet na tebe,<br \/>&#8211; ne\u017e abych nepovzn\u00e1\u0161el Jeruzal\u00e9m<br \/>vysoko nad sv\u00e9 v\u0161<strong>e<\/strong>chny radosti!<br \/>[- <\/span><\/span><sup>7<\/span><\/sup><\/span><\/span> Edomsk\u00fdm, Pane, nikdy nezapome\u0148<\/span><\/span><br \/>ten neblah\u00fd den Jeruzal\u00e9ma,<\/span><\/span><br \/>&#8211;<\/span> kdy\u017e k\u0159i\u010deli: &bdquo;Jen zbo\u0159te, pobo\u0159te ho,<\/span><\/span><br \/>vyvra\u0165te do sam\u00e9ho z\u00e1kladu!&ldquo;<\/span><\/span><\/p>\n<p>= <\/span><\/span><sup>8<\/span><\/sup><\/span><\/span> Ty, babyl\u00f3nsk\u00e1 dcero, plenitelko,\u2020<\/span><\/span><br \/>bu\u010f blaho\u0159e\u010den, kdo ti odplat\u00ed<\/span><\/span><br \/>za v\u0161echno zl\u00e9, cos u\u010dinila n\u00e1m!<\/span><\/span><br \/>&#8211;<\/span> <sup>9<\/span><\/sup><\/span><\/span> Bu\u010f blaho\u0159e\u010den, kdo tv\u00e9 d\u011bti zj\u00edm\u00e1<\/span><\/span><br \/>a kdo je o skalisko rozt\u0159\u00ed\u0161t\u00ed!]<\/span><\/span><\/p>\n","protected":false},"excerpt":{"rendered":"<p>Nezapome\u0148 na n\u00e1s, Pane. &#8211; 1 U babyl\u00f3nsk\u00fdch \u0159ek jsme sed\u00e1valia s pl\u00e1\u010dem vzpom\u00ednali na Si\u00f3n. &#8211; 2 Na vrby, kter\u00e9 v onom kraji rostly,jsme zav\u011b\u0161ovali sv\u00e9 citery, &#8211; 3 kdy\u017e ti, co odvl\u00e9kli n\u00e1s do zajet\u00ed,n\u00e1s cht\u011bli nutit, a\u0165 jim zp\u00edv\u00e1me,&#8211; trapi\u010di cht\u011bli, a\u0165 se radujeme:&bdquo;Zp\u00edvejte n\u011bco z p\u00edsn\u00ed si\u00f3nsk\u00fdch!&ldquo; &#8211; 4 Jak ale &#8230; <a title=\"\u017dalm 137\" class=\"read-more\" href=\"https:\/\/www.texty.santegidio.cz\/?page_id=189\" aria-label=\"More on \u017dalm 137\">Read more<\/a><\/p>\n","protected":false},"author":1,"featured_media":0,"parent":29,"menu_order":0,"comment_status":"closed","ping_status":"closed","template":"","meta":{"_uag_custom_page_level_css":"","jetpack_post_was_ever_published":false,"footnotes":""},"class_list":["post-189","page","type-page","status-publish"],"uagb_featured_image_src":{"full":false,"thumbnail":false,"medium":false,"medium_large":false,"large":false,"1536x1536":false,"2048x2048":false},"uagb_author_info":{"display_name":"Pavel","author_link":"https:\/\/www.texty.santegidio.cz\/?author=1"},"uagb_comment_info":0,"uagb_excerpt":"Nezapome\u0148 na n\u00e1s, Pane. &#8211; 1 U babyl\u00f3nsk\u00fdch \u0159ek jsme sed\u00e1valia s pl\u00e1\u010dem vzpom\u00ednali na Si\u00f3n. &#8211; 2 Na vrby, kter\u00e9 v onom kraji rostly,jsme zav\u011b\u0161ovali sv\u00e9 citery, &#8211; 3 kdy\u017e ti, co odvl\u00e9kli n\u00e1s do zajet\u00ed,n\u00e1s cht\u011bli nutit, a\u0165 jim zp\u00edv\u00e1me,&#8211; trapi\u010di cht\u011bli, a\u0165 se radujeme:&bdquo;Zp\u00edvejte n\u011bco z p\u00edsn\u00ed si\u00f3nsk\u00fdch!&ldquo; &#8211; 4 Jak ale&hellip;","jetpack_sharing_enabled":true,"jetpack_shortlink":"https:\/\/wp.me\/PawMsT-33","_links":{"self":[{"href":"https:\/\/www.texty.santegidio.cz\/index.php?rest_route=\/wp\/v2\/pages\/189","targetHints":{"allow":["GET"]}}],"collection":[{"href":"https:\/\/www.texty.santegidio.cz\/index.php?rest_route=\/wp\/v2\/pages"}],"about":[{"href":"https:\/\/www.texty.santegidio.cz\/index.php?rest_route=\/wp\/v2\/types\/page"}],"author":[{"embeddable":true,"href":"https:\/\/www.texty.santegidio.cz\/index.php?rest_route=\/wp\/v2\/users\/1"}],"replies":[{"embeddable":true,"href":"https:\/\/www.texty.santegidio.cz\/index.php?rest_route=%2Fwp%2Fv2%2Fcomments&post=189"}],"version-history":[{"count":1,"href":"https:\/\/www.texty.santegidio.cz\/index.php?rest_route=\/wp\/v2\/pages\/189\/revisions"}],"predecessor-version":[{"id":1359,"href":"https:\/\/www.texty.santegidio.cz\/index.php?rest_route=\/wp\/v2\/pages\/189\/revisions\/1359"}],"up":[{"embeddable":true,"href":"https:\/\/www.texty.santegidio.cz\/index.php?rest_route=\/wp\/v2\/pages\/29"}],"wp:attachment":[{"href":"https:\/\/www.texty.santegidio.cz\/index.php?rest_route=%2Fwp%2Fv2%2Fmedia&parent=189"}],"curies":[{"name":"wp","href":"https:\/\/api.w.org\/{rel}","templated":true}]}}