{"id":188,"date":"2018-12-12T10:15:14","date_gmt":"2018-12-12T09:15:14","guid":{"rendered":"http:\/\/www.texty.santegidio.cz?page_id=188"},"modified":"2018-12-12T10:15:15","modified_gmt":"2018-12-12T09:15:15","slug":"zalm-136","status":"publish","type":"page","link":"https:\/\/www.texty.santegidio.cz\/?page_id=188","title":{"rendered":"\u017dalm 136"},"content":{"rendered":"<p>Velebte P\u00e1na, nebo\u0165 kon\u00e1 divy.<br \/>&#8211; Velebte P\u00e1na, v\u017edy\u0165 je dobrotiv\u00fd,<br \/>v\u017edy\u0165 jeho l\u00e1ska t<strong>r<\/strong>v\u00e1 nav\u011bky.<\/p>\n<p>&#8211; <sup>2<\/span><\/sup> Velebte Boha nade v\u0161emi bohy,<br \/>v\u017edy\u0165 jeho l\u00e1ska t<strong>r<\/strong>v\u00e1 nav\u011bky.<\/p>\n<p>&#8211; <sup>3<\/span><\/sup> Velebte P\u00e1na nade v\u0161emi p\u00e1ny,<br \/>v\u017edy\u0165 jeho l\u00e1ska t<strong>r<\/strong>v\u00e1 nav\u011bky.<\/p>\n<p>&#8211; <sup>4<\/span><\/sup> On velk\u00e9 divy u\u010dinil, on s\u00e1m,<br \/>v\u017edy\u0165 jeho l\u00e1ska t<strong>r<\/strong>v\u00e1 nav\u011bky.<\/p>\n<p>&#8211; <sup>5<\/span><\/sup> On v moudrosti sv\u00e9 stvo\u0159il nebesa,<br \/>v\u017edy\u0165 jeho l\u00e1ska t<strong>r<\/strong>v\u00e1 nav\u011bky.<\/p>\n<p>&#8211; <sup>6<\/span><\/sup> On nad vodami zemi rozprost\u0159el,<br \/>v\u017edy\u0165 jeho l\u00e1ska t<strong>r<\/strong>v\u00e1 nav\u011bky.<\/p>\n<p>&#8211; <sup>7<\/span><\/sup> On stvo\u0159il tamta sv\u011btla velik\u00e1,<br \/>v\u017edy\u0165 jeho l\u00e1ska t<strong>r<\/strong>v\u00e1 nav\u011bky:<\/p>\n<p>&#8211; <sup>8<\/span><\/sup> to slunce, aby vl\u00e1dlo nade dnem,<br \/>v\u017edy\u0165 jeho l\u00e1ska t<strong>r<\/strong>v\u00e1 nav\u011bky,<\/p>\n<p>&#8211; <sup>9<\/span><\/sup> m\u011bs\u00edc a hv\u011bzdy k vl\u00e1d\u011b nad noc\u00ed,<br \/>v\u017edy\u0165 jeho l\u00e1ska t<strong>r<\/strong>v\u00e1 nav\u011bky.<\/p>\n<p>&#8211; <sup>10<\/span><\/sup> V prvorozenc\u00edch Egyp\u0165any zhubil,<br \/>v\u017edy\u0165 jeho l\u00e1ska t<strong>r<\/strong>v\u00e1 nav\u011bky.<\/p>\n<p>&#8211; <sup>11<\/span><\/sup> Vyvedl z jejich st\u0159edu Izraele,<br \/>v\u017edy\u0165 jeho l\u00e1ska t<strong>r<\/strong>v\u00e1 nav\u011bky,<\/p>\n<p>&#8211; <sup>12<\/span><\/sup> p\u0159emocnou rukou, nap\u0159a\u017eenou pa\u017e\u00ed,<br \/>v\u017edy\u0165 jeho l\u00e1ska t<strong>r<\/strong>v\u00e1 nav\u011bky.<\/p>\n<p>&#8211; <sup>13<\/span><\/sup> On Rud\u00e9 mo\u0159e roz\u0165al ve dv\u011b \u010d\u00e1sti,<br \/>v\u017edy\u0165 jeho l\u00e1ska t<strong>r<\/strong>v\u00e1 nav\u011bky,<\/p>\n<p>&#8211; <sup>14<\/span><\/sup> provedl Izraele mezi nimi,<br \/>v\u017edy\u0165 jeho l\u00e1ska t<strong>r<\/strong>v\u00e1 nav\u011bky,<\/p>\n<p>&#8211; <sup>15<\/span><\/sup> do mo\u0159e vehnal fara\u00f3na s vojskem,<br \/>v\u017edy\u0165 jeho l\u00e1ska t<strong>r<\/strong>v\u00e1 nav\u011bky.<\/p>\n<p>&#8211; <sup>16<\/span><\/sup> P\u0159es d\u00e1lku pou\u0161t\u011b p\u0159evedl sv\u016fj n\u00e1rod,<br \/>v\u017edy\u0165 jeho l\u00e1ska t<strong>r<\/strong>v\u00e1 nav\u011bky.<\/p>\n<p>&#8211; <sup>17<\/span><\/sup> On mocn\u00e9 kr\u00e1le pot\u00edral svou silou,<br \/>v\u017edy\u0165 jeho l\u00e1ska t<strong>r<\/strong>v\u00e1 nav\u011bky,<\/p>\n<p>&#8211; <sup>18<\/span><\/sup> on skv\u011bl\u00e9 kr\u00e1le pob\u00edjel svou moc\u00ed,<br \/>v\u017edy\u0165 jeho l\u00e1ska t<strong>r<\/strong>v\u00e1 nav\u011bky:<\/p>\n<p>&#8211; <sup>19<\/span><\/sup> Sehona, jen\u017e byl kr\u00e1lem Amorit\u016f,<br \/>v\u017edy\u0165 jeho l\u00e1ska t<strong>r<\/strong>v\u00e1 nav\u011bky,<\/p>\n<p>&#8211; <sup>20<\/span><\/sup> jako\u017e i Oga, kr\u00e1le ba\u0161ansk\u00e9ho,<br \/>v\u017edy\u0165 jeho l\u00e1ska t<strong>r<\/strong>v\u00e1 nav\u011bky.<\/p>\n<p>&#8211; <sup>21<\/span><\/sup> Dal jejich kraje potom za d\u011bdictv\u00ed,<br \/>v\u017edy\u0165 jeho l\u00e1ska t<strong>r<\/strong>v\u00e1 nav\u011bky,<\/p>\n<p>&#8211; <sup>22<\/span><\/sup> d\u011bdictv\u00ed Izraele, sv\u00e9ho lidu,<br \/>v\u017edy\u0165 jeho l\u00e1ska t<strong>r<\/strong>v\u00e1 nav\u011bky.<\/p>\n<p>&#8211; <sup>23<\/span><\/sup> On vzpomn\u011bl na n\u00e1s v na\u0161em pon\u00ed\u017een\u00ed,<br \/>v\u017edy\u0165 jeho l\u00e1ska t<strong>r<\/strong>v\u00e1 nav\u011bky,<\/p>\n<p>&#8211; <sup>24<\/span><\/sup> od na\u0161ich nep\u0159\u00e1tel n\u00e1s osvobodil,<br \/>v\u017edy\u0165 jeho l\u00e1ska t<strong>r<\/strong>v\u00e1 nav\u011bky.<\/p>\n<p>&#8211; <sup>25<\/span><\/sup> On d\u00e1v\u00e1 pokrm v\u0161emu \u017eivouc\u00edmu,<br \/>v\u017edy\u0165 jeho l\u00e1ska t<strong>r<\/strong>v\u00e1 nav\u011bky.<\/p>\n<p>&#8211; <sup>26<\/span><\/sup> Velebte P\u00e1na, vl\u00e1dce nad nebesy,<br \/>v\u017edy\u0165 jeho l\u00e1ska t<strong>r<\/strong>v\u00e1 nav\u011bky!<\/p>\n","protected":false},"excerpt":{"rendered":"<p>Velebte P\u00e1na, nebo\u0165 kon\u00e1 divy.&#8211; Velebte P\u00e1na, v\u017edy\u0165 je dobrotiv\u00fd,v\u017edy\u0165 jeho l\u00e1ska trv\u00e1 nav\u011bky. &#8211; 2 Velebte Boha nade v\u0161emi bohy,v\u017edy\u0165 jeho l\u00e1ska trv\u00e1 nav\u011bky. &#8211; 3 Velebte P\u00e1na nade v\u0161emi p\u00e1ny,v\u017edy\u0165 jeho l\u00e1ska trv\u00e1 nav\u011bky. &#8211; 4 On velk\u00e9 divy u\u010dinil, on s\u00e1m,v\u017edy\u0165 jeho l\u00e1ska trv\u00e1 nav\u011bky. &#8211; 5 On v moudrosti sv\u00e9 stvo\u0159il &#8230; <a title=\"\u017dalm 136\" class=\"read-more\" href=\"https:\/\/www.texty.santegidio.cz\/?page_id=188\" aria-label=\"More on \u017dalm 136\">Read more<\/a><\/p>\n","protected":false},"author":1,"featured_media":0,"parent":29,"menu_order":0,"comment_status":"closed","ping_status":"closed","template":"","meta":{"_uag_custom_page_level_css":"","jetpack_post_was_ever_published":false,"footnotes":""},"class_list":["post-188","page","type-page","status-publish"],"uagb_featured_image_src":{"full":false,"thumbnail":false,"medium":false,"medium_large":false,"large":false,"1536x1536":false,"2048x2048":false},"uagb_author_info":{"display_name":"Pavel","author_link":"https:\/\/www.texty.santegidio.cz\/?author=1"},"uagb_comment_info":0,"uagb_excerpt":"Velebte P\u00e1na, nebo\u0165 kon\u00e1 divy.&#8211; Velebte P\u00e1na, v\u017edy\u0165 je dobrotiv\u00fd,v\u017edy\u0165 jeho l\u00e1ska trv\u00e1 nav\u011bky. &#8211; 2 Velebte Boha nade v\u0161emi bohy,v\u017edy\u0165 jeho l\u00e1ska trv\u00e1 nav\u011bky. &#8211; 3 Velebte P\u00e1na nade v\u0161emi p\u00e1ny,v\u017edy\u0165 jeho l\u00e1ska trv\u00e1 nav\u011bky. &#8211; 4 On velk\u00e9 divy u\u010dinil, on s\u00e1m,v\u017edy\u0165 jeho l\u00e1ska trv\u00e1 nav\u011bky. &#8211; 5 On v moudrosti sv\u00e9 stvo\u0159il&hellip;","jetpack_sharing_enabled":true,"jetpack_shortlink":"https:\/\/wp.me\/PawMsT-32","_links":{"self":[{"href":"https:\/\/www.texty.santegidio.cz\/index.php?rest_route=\/wp\/v2\/pages\/188","targetHints":{"allow":["GET"]}}],"collection":[{"href":"https:\/\/www.texty.santegidio.cz\/index.php?rest_route=\/wp\/v2\/pages"}],"about":[{"href":"https:\/\/www.texty.santegidio.cz\/index.php?rest_route=\/wp\/v2\/types\/page"}],"author":[{"embeddable":true,"href":"https:\/\/www.texty.santegidio.cz\/index.php?rest_route=\/wp\/v2\/users\/1"}],"replies":[{"embeddable":true,"href":"https:\/\/www.texty.santegidio.cz\/index.php?rest_route=%2Fwp%2Fv2%2Fcomments&post=188"}],"version-history":[{"count":1,"href":"https:\/\/www.texty.santegidio.cz\/index.php?rest_route=\/wp\/v2\/pages\/188\/revisions"}],"predecessor-version":[{"id":1358,"href":"https:\/\/www.texty.santegidio.cz\/index.php?rest_route=\/wp\/v2\/pages\/188\/revisions\/1358"}],"up":[{"embeddable":true,"href":"https:\/\/www.texty.santegidio.cz\/index.php?rest_route=\/wp\/v2\/pages\/29"}],"wp:attachment":[{"href":"https:\/\/www.texty.santegidio.cz\/index.php?rest_route=%2Fwp%2Fv2%2Fmedia&parent=188"}],"curies":[{"name":"wp","href":"https:\/\/api.w.org\/{rel}","templated":true}]}}