{"id":187,"date":"2018-12-12T10:15:14","date_gmt":"2018-12-12T09:15:14","guid":{"rendered":"http:\/\/www.texty.santegidio.cz?page_id=187"},"modified":"2018-12-12T10:15:15","modified_gmt":"2018-12-12T09:15:15","slug":"zalm-135","status":"publish","type":"page","link":"https:\/\/www.texty.santegidio.cz\/?page_id=187","title":{"rendered":"\u017dalm 135"},"content":{"rendered":"<p>Jm\u00e9no P\u00e1n\u011b velebte.<br \/>&#8211; Jm\u00e9no P\u00e1n\u011b velebte,<br \/>chvalte, slu\u017eebn<strong>\u00ed<\/strong>ci P\u00e1n\u011b,<\/p>\n<p>&#8211; <sup>2<\/span><\/sup> bd\u00edc\u00ed v dom\u011b P\u00e1nov\u011b<br \/>na p\u0159eddom\u00ed sv<strong>\u00e9<\/strong>ho Boha.<\/p>\n<p>&#8211; <sup>3<\/span><\/sup> Chvalte P\u00e1na, p\u0159edobr\u00fd je P\u00e1n,<br \/>op\u011bvujte jeho dr<strong>a<\/strong>h\u00e9 jm\u00e9no!<\/p>\n<p>&#8211; <sup>4<\/span><\/sup> Nebo\u0165 P\u00e1n si zvolil J\u00e1koba,<br \/>Izraele za vlastn<strong>i<\/strong>ctv\u00ed p\u0159ijal.<\/p>\n<p>&#8211; <sup>5<\/span><\/sup> J\u00e1 p\u0159ece dob\u0159e v\u00edm, \u017ee P\u00e1n je velk\u00fd<br \/>a \u017ee n\u00e1\u0161 B\u016fh je nade v\u0161<strong>e<\/strong>chny bohy.<\/p>\n<p>&#8211; <sup>6<\/span><\/sup> Cokoli P\u00e1nu zl\u00edb\u00ed se, to \u010din\u00ed<br \/>na nebi, na zemi i v hl<strong>ou<\/strong>bk\u00e1ch mo\u0159\u00ed.<\/p>\n<p>= <sup>7<\/span><\/sup> On mra\u010dna p\u0159iv\u00e1d\u00ed a\u017e z konc\u016f zem\u011b,\u2020<br \/>on sv\u00fdmi blesky p\u0159ivol\u00e1v\u00e1 de\u0161t\u011b,<br \/>on ze sv\u00fdch komor bou\u0159i s v<strong>\u011b<\/strong>trem pou\u0161t\u00ed.<\/p>\n<p>&#8211; <sup>8<\/span><\/sup> Prvorozence egyptsk\u00e9 on pobil<br \/>od lid\u00ed tam\u011bj\u0161\u00edch a\u017e p<strong>o<\/strong> dobytek.<\/p>\n<p>&#8211; <sup>9<\/span><\/sup> Znamen\u00ed seslal, Egypte, a divy<br \/>na fara\u00f3na se v\u0161\u00edm j<strong>e<\/strong>ho dvorem.<\/p>\n<p>&#8211; <sup>10<\/span><\/sup> On pot\u0159el mnoh\u00e9 n\u00e1rody svou moc\u00ed,<br \/>zahubil mnoh\u00e9 siln\u00e9 p<strong>a<\/strong>novn\u00edky:<\/p>\n<p>= <sup>11<\/span><\/sup> Sehona, jen\u017e byl kr\u00e1lem Amorit\u00fa,\u2020<br \/>jako\u017e i Oga, kr\u00e1le ba\u0161ansk\u00e9ho,<br \/>a v\u0161echny kr\u00e1le v kanan<strong>e<\/strong>jsk\u00e9 zemi.<\/p>\n<p>&#8211; <sup>12<\/span><\/sup> Dal jejich kraje potom za d\u011bdictv\u00ed,<br \/>d\u011bdictv\u00ed Izraele, sv<strong>\u00e9<\/strong>ho lidu.<\/p>\n<p>&#8211; <sup>13<\/span><\/sup> Pane, tv\u00e9 jm\u00e9no trv\u00e1 do v\u011b\u010dnosti,<br \/>Pane, ty trv\u00e1\u0161 v pam<strong>\u011b<\/strong>ti v\u0161ech rod\u016f.<\/p>\n<p>&#8211; <sup>14<\/span><\/sup> Nebo\u0165 P\u00e1n chr\u00e1n\u00ed pr\u00e1vo sv\u00e9ho lidu,<br \/>m\u00e1 smilov\u00e1n\u00ed pro sv\u00e9 sl<strong>u<\/strong>\u017eebn\u00edky.<\/p>\n<p>&#8211; <sup>15<\/span><\/sup> Pohansk\u00e9 modly jsou st\u0159\u00edbro a zlato,<br \/>lidsk\u00fdma rukama <strong>u<\/strong>tv\u00e1\u0159en\u00e9.<\/p>\n<p>&#8211; <sup>16<\/span><\/sup> \u00fasta maj\u00ed, a nemohou mluvit,<br \/>o\u010di maj\u00ed, a nem<strong>o<\/strong>hou vid\u011bt,<\/p>\n<p>&#8211; <sup>17<\/span><\/sup> u\u0161i maj\u00ed, a nemohou sly\u0161et,<br \/>a v jejich \u00fastech n<strong>e<\/strong>n\u00ed dechu.<\/p>\n<p>&#8211; <sup>18<\/span><\/sup> Jim a\u0165 jsou podobni ti, kdo je tvo\u0159\u00ed,<br \/>v\u0161ichni, kdo v modly d<strong>\u016f<\/strong>v\u011b\u0159uj\u00ed!<\/p>\n<p>&#8211; <sup>19<\/span><\/sup> Dome Izrael\u016fv, P\u00e1na chval,<br \/>dome \u00e1ron\u016fv, t<strong>y<\/strong> P\u00e1na chval,<\/p>\n<p>&#8211; <sup>20<\/span><\/sup> dome L\u00e9viho, ty P\u00e1na chval,<br \/>kdo m\u00e1 P\u00e1na v <strong>\u00fa<\/strong>ct\u011b, P\u00e1na chval!<\/p>\n<p>&#8211; <sup>21<\/span><\/sup> Veleben bu\u010f ze Si\u00f3nu P\u00e1n,<br \/>kter\u00fd s\u00eddl\u00ed v Jer<strong>u<\/strong>zal\u00e9m\u011b!<\/p>\n","protected":false},"excerpt":{"rendered":"<p>Jm\u00e9no P\u00e1n\u011b velebte.&#8211; Jm\u00e9no P\u00e1n\u011b velebte,chvalte, slu\u017eebn\u00edci P\u00e1n\u011b, &#8211; 2 bd\u00edc\u00ed v dom\u011b P\u00e1nov\u011bna p\u0159eddom\u00ed sv\u00e9ho Boha. &#8211; 3 Chvalte P\u00e1na, p\u0159edobr\u00fd je P\u00e1n,op\u011bvujte jeho drah\u00e9 jm\u00e9no! &#8211; 4 Nebo\u0165 P\u00e1n si zvolil J\u00e1koba,Izraele za vlastnictv\u00ed p\u0159ijal. &#8211; 5 J\u00e1 p\u0159ece dob\u0159e v\u00edm, \u017ee P\u00e1n je velk\u00fda \u017ee n\u00e1\u0161 B\u016fh je nade v\u0161echny bohy. &#8211; &#8230; <a title=\"\u017dalm 135\" class=\"read-more\" href=\"https:\/\/www.texty.santegidio.cz\/?page_id=187\" aria-label=\"More on \u017dalm 135\">Read more<\/a><\/p>\n","protected":false},"author":1,"featured_media":0,"parent":29,"menu_order":0,"comment_status":"closed","ping_status":"closed","template":"","meta":{"_uag_custom_page_level_css":"","jetpack_post_was_ever_published":false,"footnotes":""},"class_list":["post-187","page","type-page","status-publish"],"uagb_featured_image_src":{"full":false,"thumbnail":false,"medium":false,"medium_large":false,"large":false,"1536x1536":false,"2048x2048":false},"uagb_author_info":{"display_name":"Pavel","author_link":"https:\/\/www.texty.santegidio.cz\/?author=1"},"uagb_comment_info":0,"uagb_excerpt":"Jm\u00e9no P\u00e1n\u011b velebte.&#8211; Jm\u00e9no P\u00e1n\u011b velebte,chvalte, slu\u017eebn\u00edci P\u00e1n\u011b, &#8211; 2 bd\u00edc\u00ed v dom\u011b P\u00e1nov\u011bna p\u0159eddom\u00ed sv\u00e9ho Boha. &#8211; 3 Chvalte P\u00e1na, p\u0159edobr\u00fd je P\u00e1n,op\u011bvujte jeho drah\u00e9 jm\u00e9no! &#8211; 4 Nebo\u0165 P\u00e1n si zvolil J\u00e1koba,Izraele za vlastnictv\u00ed p\u0159ijal. &#8211; 5 J\u00e1 p\u0159ece dob\u0159e v\u00edm, \u017ee P\u00e1n je velk\u00fda \u017ee n\u00e1\u0161 B\u016fh je nade v\u0161echny bohy. &#8211;&hellip;","jetpack_sharing_enabled":true,"jetpack_shortlink":"https:\/\/wp.me\/PawMsT-31","_links":{"self":[{"href":"https:\/\/www.texty.santegidio.cz\/index.php?rest_route=\/wp\/v2\/pages\/187","targetHints":{"allow":["GET"]}}],"collection":[{"href":"https:\/\/www.texty.santegidio.cz\/index.php?rest_route=\/wp\/v2\/pages"}],"about":[{"href":"https:\/\/www.texty.santegidio.cz\/index.php?rest_route=\/wp\/v2\/types\/page"}],"author":[{"embeddable":true,"href":"https:\/\/www.texty.santegidio.cz\/index.php?rest_route=\/wp\/v2\/users\/1"}],"replies":[{"embeddable":true,"href":"https:\/\/www.texty.santegidio.cz\/index.php?rest_route=%2Fwp%2Fv2%2Fcomments&post=187"}],"version-history":[{"count":1,"href":"https:\/\/www.texty.santegidio.cz\/index.php?rest_route=\/wp\/v2\/pages\/187\/revisions"}],"predecessor-version":[{"id":1357,"href":"https:\/\/www.texty.santegidio.cz\/index.php?rest_route=\/wp\/v2\/pages\/187\/revisions\/1357"}],"up":[{"embeddable":true,"href":"https:\/\/www.texty.santegidio.cz\/index.php?rest_route=\/wp\/v2\/pages\/29"}],"wp:attachment":[{"href":"https:\/\/www.texty.santegidio.cz\/index.php?rest_route=%2Fwp%2Fv2%2Fmedia&parent=187"}],"curies":[{"name":"wp","href":"https:\/\/api.w.org\/{rel}","templated":true}]}}