{"id":186,"date":"2018-12-12T10:15:14","date_gmt":"2018-12-12T09:15:14","guid":{"rendered":"http:\/\/www.texty.santegidio.cz?page_id=186"},"modified":"2018-12-12T10:15:15","modified_gmt":"2018-12-12T09:15:15","slug":"zalm-134","status":"publish","type":"page","link":"https:\/\/www.texty.santegidio.cz\/?page_id=186","title":{"rendered":"\u017dalm 134"},"content":{"rendered":"<p>Velebte P\u00e1na, jeho slu\u017eebn\u00edci.<\/p>\n<p>&#8211; <sup>1<\/span><\/sup> Nu\u017ee, P\u00e1na velebte,<br \/>v\u0161ichni slu\u017eebn<strong>\u00ed<\/strong>ci P\u00e1n\u011b,<br \/>&#8211; kte\u0159\u00ed v dom\u011b P\u00e1nov\u011b bd\u00edte<br \/>za no\u010dn<strong>\u00ed<\/strong>ho \u010dasu!<\/p>\n<p>&#8211; <sup>2<\/span><\/sup> Vzneste ruce k svatyni,<br \/>P\u00e1na vel<strong>e<\/strong>bte a chvalte!<\/p>\n<p>&#8211; <sup>3<\/span><\/sup> Na Si\u00f3nu \u017eehnej ti<br \/>P\u00e1n, jen\u017e stvo\u0159il z<strong>e<\/strong>m i nebe!<\/p>\n","protected":false},"excerpt":{"rendered":"<p>Velebte P\u00e1na, jeho slu\u017eebn\u00edci. &#8211; 1 Nu\u017ee, P\u00e1na velebte,v\u0161ichni slu\u017eebn\u00edci P\u00e1n\u011b,&#8211; kte\u0159\u00ed v dom\u011b P\u00e1nov\u011b bd\u00edteza no\u010dn\u00edho \u010dasu! &#8211; 2 Vzneste ruce k svatyni,P\u00e1na velebte a chvalte! &#8211; 3 Na Si\u00f3nu \u017eehnej tiP\u00e1n, jen\u017e stvo\u0159il zem i nebe!<\/p>\n","protected":false},"author":1,"featured_media":0,"parent":29,"menu_order":0,"comment_status":"closed","ping_status":"closed","template":"","meta":{"_uag_custom_page_level_css":"","jetpack_post_was_ever_published":false,"footnotes":""},"class_list":["post-186","page","type-page","status-publish"],"uagb_featured_image_src":{"full":false,"thumbnail":false,"medium":false,"medium_large":false,"large":false,"1536x1536":false,"2048x2048":false},"uagb_author_info":{"display_name":"Pavel","author_link":"https:\/\/www.texty.santegidio.cz\/?author=1"},"uagb_comment_info":0,"uagb_excerpt":"Velebte P\u00e1na, jeho slu\u017eebn\u00edci. &#8211; 1 Nu\u017ee, P\u00e1na velebte,v\u0161ichni slu\u017eebn\u00edci P\u00e1n\u011b,&#8211; kte\u0159\u00ed v dom\u011b P\u00e1nov\u011b bd\u00edteza no\u010dn\u00edho \u010dasu! &#8211; 2 Vzneste ruce k svatyni,P\u00e1na velebte a chvalte! &#8211; 3 Na Si\u00f3nu \u017eehnej tiP\u00e1n, jen\u017e stvo\u0159il zem i nebe!","jetpack_sharing_enabled":true,"jetpack_shortlink":"https:\/\/wp.me\/PawMsT-30","_links":{"self":[{"href":"https:\/\/www.texty.santegidio.cz\/index.php?rest_route=\/wp\/v2\/pages\/186","targetHints":{"allow":["GET"]}}],"collection":[{"href":"https:\/\/www.texty.santegidio.cz\/index.php?rest_route=\/wp\/v2\/pages"}],"about":[{"href":"https:\/\/www.texty.santegidio.cz\/index.php?rest_route=\/wp\/v2\/types\/page"}],"author":[{"embeddable":true,"href":"https:\/\/www.texty.santegidio.cz\/index.php?rest_route=\/wp\/v2\/users\/1"}],"replies":[{"embeddable":true,"href":"https:\/\/www.texty.santegidio.cz\/index.php?rest_route=%2Fwp%2Fv2%2Fcomments&post=186"}],"version-history":[{"count":1,"href":"https:\/\/www.texty.santegidio.cz\/index.php?rest_route=\/wp\/v2\/pages\/186\/revisions"}],"predecessor-version":[{"id":1356,"href":"https:\/\/www.texty.santegidio.cz\/index.php?rest_route=\/wp\/v2\/pages\/186\/revisions\/1356"}],"up":[{"embeddable":true,"href":"https:\/\/www.texty.santegidio.cz\/index.php?rest_route=\/wp\/v2\/pages\/29"}],"wp:attachment":[{"href":"https:\/\/www.texty.santegidio.cz\/index.php?rest_route=%2Fwp%2Fv2%2Fmedia&parent=186"}],"curies":[{"name":"wp","href":"https:\/\/api.w.org\/{rel}","templated":true}]}}