{"id":185,"date":"2018-12-12T10:15:14","date_gmt":"2018-12-12T09:15:14","guid":{"rendered":"http:\/\/www.texty.santegidio.cz?page_id=185"},"modified":"2018-12-12T10:15:15","modified_gmt":"2018-12-12T09:15:15","slug":"zalm-133","status":"publish","type":"page","link":"https:\/\/www.texty.santegidio.cz\/?page_id=185","title":{"rendered":"\u017dalm 133"},"content":{"rendered":"<p>Jak je kr\u00e1sn\u00e9 a dobr\u00e9, kdy\u017e brat\u0159i jsou spolu.<\/p>\n<p>&#8211; <sup>1<\/span><\/sup> Hle, jak je dobr\u00e9 a jak \u00fat\u011b\u0161n\u00e9,<br \/>brat\u0159i kdy\u017e pob\u00fdv<strong>a<\/strong>j\u00ed pospolu!<\/p>\n<p>= <sup>2<\/span><\/sup> Je to jak vz\u00e1cn\u00fd olej na \u010dele,\u2020<br \/>kter\u00fdm i vous, vous \u00e1ron\u016fv, se skv\u00ed,<br \/>jako se skv\u00ed i c<strong>e<\/strong>l\u00fd jeho \u0161at.<\/p>\n<p>&#8211; <sup>3<\/span><\/sup> Je to jak hojn\u00e1 rosa herm\u00f3nsk\u00e1,<br \/>kanouc\u00ed na si<strong>\u00f3<\/strong>nsk\u00fd pahorek.<br \/>&#8211; Na jejich d\u016fm P\u00e1n se\u0161le po\u017eehn\u00e1n\u00ed<br \/>a \u017eivot ud\u011bl\u00ed j<strong>i<\/strong>m nav\u011bky.<\/p>\n","protected":false},"excerpt":{"rendered":"<p>Jak je kr\u00e1sn\u00e9 a dobr\u00e9, kdy\u017e brat\u0159i jsou spolu. &#8211; 1 Hle, jak je dobr\u00e9 a jak \u00fat\u011b\u0161n\u00e9,brat\u0159i kdy\u017e pob\u00fdvaj\u00ed pospolu! = 2 Je to jak vz\u00e1cn\u00fd olej na \u010dele,\u2020kter\u00fdm i vous, vous \u00e1ron\u016fv, se skv\u00ed,jako se skv\u00ed i cel\u00fd jeho \u0161at. &#8211; 3 Je to jak hojn\u00e1 rosa herm\u00f3nsk\u00e1,kanouc\u00ed na si\u00f3nsk\u00fd pahorek.&#8211; Na jejich &#8230; <a title=\"\u017dalm 133\" class=\"read-more\" href=\"https:\/\/www.texty.santegidio.cz\/?page_id=185\" aria-label=\"More on \u017dalm 133\">Read more<\/a><\/p>\n","protected":false},"author":1,"featured_media":0,"parent":29,"menu_order":0,"comment_status":"closed","ping_status":"closed","template":"","meta":{"_uag_custom_page_level_css":"","jetpack_post_was_ever_published":false,"footnotes":""},"class_list":["post-185","page","type-page","status-publish"],"uagb_featured_image_src":{"full":false,"thumbnail":false,"medium":false,"medium_large":false,"large":false,"1536x1536":false,"2048x2048":false},"uagb_author_info":{"display_name":"Pavel","author_link":"https:\/\/www.texty.santegidio.cz\/?author=1"},"uagb_comment_info":0,"uagb_excerpt":"Jak je kr\u00e1sn\u00e9 a dobr\u00e9, kdy\u017e brat\u0159i jsou spolu. &#8211; 1 Hle, jak je dobr\u00e9 a jak \u00fat\u011b\u0161n\u00e9,brat\u0159i kdy\u017e pob\u00fdvaj\u00ed pospolu! = 2 Je to jak vz\u00e1cn\u00fd olej na \u010dele,\u2020kter\u00fdm i vous, vous \u00e1ron\u016fv, se skv\u00ed,jako se skv\u00ed i cel\u00fd jeho \u0161at. &#8211; 3 Je to jak hojn\u00e1 rosa herm\u00f3nsk\u00e1,kanouc\u00ed na si\u00f3nsk\u00fd pahorek.&#8211; Na jejich&hellip;","jetpack_sharing_enabled":true,"jetpack_shortlink":"https:\/\/wp.me\/PawMsT-2Z","_links":{"self":[{"href":"https:\/\/www.texty.santegidio.cz\/index.php?rest_route=\/wp\/v2\/pages\/185","targetHints":{"allow":["GET"]}}],"collection":[{"href":"https:\/\/www.texty.santegidio.cz\/index.php?rest_route=\/wp\/v2\/pages"}],"about":[{"href":"https:\/\/www.texty.santegidio.cz\/index.php?rest_route=\/wp\/v2\/types\/page"}],"author":[{"embeddable":true,"href":"https:\/\/www.texty.santegidio.cz\/index.php?rest_route=\/wp\/v2\/users\/1"}],"replies":[{"embeddable":true,"href":"https:\/\/www.texty.santegidio.cz\/index.php?rest_route=%2Fwp%2Fv2%2Fcomments&post=185"}],"version-history":[{"count":1,"href":"https:\/\/www.texty.santegidio.cz\/index.php?rest_route=\/wp\/v2\/pages\/185\/revisions"}],"predecessor-version":[{"id":1355,"href":"https:\/\/www.texty.santegidio.cz\/index.php?rest_route=\/wp\/v2\/pages\/185\/revisions\/1355"}],"up":[{"embeddable":true,"href":"https:\/\/www.texty.santegidio.cz\/index.php?rest_route=\/wp\/v2\/pages\/29"}],"wp:attachment":[{"href":"https:\/\/www.texty.santegidio.cz\/index.php?rest_route=%2Fwp%2Fv2%2Fmedia&parent=185"}],"curies":[{"name":"wp","href":"https:\/\/api.w.org\/{rel}","templated":true}]}}