{"id":184,"date":"2018-12-12T10:15:14","date_gmt":"2018-12-12T09:15:14","guid":{"rendered":"http:\/\/www.texty.santegidio.cz?page_id=184"},"modified":"2018-12-12T10:15:15","modified_gmt":"2018-12-12T09:15:15","slug":"zalm-132","status":"publish","type":"page","link":"https:\/\/www.texty.santegidio.cz\/?page_id=184","title":{"rendered":"\u017dalm 132"},"content":{"rendered":"<p>Na Davida se rozpome\u0148 Pane.<\/p>\n<p>&#8211; <sup>1<\/span><\/sup> Na Davida se, Pane, rozpome\u0148,<br \/>na v\u0161echnu jeho n\u00e1m<strong>a<\/strong>hu a p\u00e9\u010di,<\/p>\n<p>&#8211; <sup>2<\/span><\/sup> na to, jak slavn\u011b P\u00e1nu p\u0159\u00edsahal,<br \/>Mocn\u00e9mu J\u00e1kobovu p<strong>e<\/strong>vn\u011b sl\u00edbil:<\/p>\n<p>&#8211; <sup>3<\/span><\/sup> &bdquo;Nevkro\u010d\u00edm p\u0159es pr\u00e1h sv\u00e9ho obydl\u00ed,<br \/>nelehnu d\u0159\u00edve na ustl<strong>a<\/strong>n\u00e9 lo\u017ee,<\/p>\n<p>&#8211; <sup>4<\/span><\/sup> ani sv\u00e9 o\u010di usnout nenech\u00e1m,<br \/>ani sv\u00e1 v\u00ed\u010dka nezamh<strong>ou<\/strong>\u0159\u00edm d\u0159\u00edve,<\/p>\n<p>&#8211; <sup>5<\/span><\/sup> ne\u017e P\u00e1nu najdu m\u00edsto p\u0159\u00edhodn\u00e9,<br \/>p\u0159\u00edbytek pro Mocn\u00e9ho J<strong>\u00e1<\/strong>kobova!&ldquo;<\/p>\n<p>&#8211; <sup>6<\/span><\/sup> V Efrat\u011b sly\u0161eli jsme o ar\u0161e,<br \/>na pol\u00edch ja\u00e1rsk\u00fdch pak jsm<strong>e<\/strong> ji na\u0161li.<\/p>\n<p>&#8211; <sup>7<\/span><\/sup> Vejd\u011bme nyn\u00ed v jeho p\u0159\u00edbytek,<br \/>sklo\u0148me se k zemi p\u0159ed podn<strong>o<\/strong>\u017e\u00ed jeho!<\/p>\n<p>&#8211; <sup>8<\/span><\/sup> Vsta\u0148, Pane, vejdi tam, kde bude\u0161 dl\u00edt,<br \/>ty i tv\u00e1 vzne\u0161en\u00e1 a sl<strong>a<\/strong>vn\u00e1 archa!<\/p>\n<p>&#8211; <sup>9<\/span><\/sup> Pravda a \u0159\u00e1d bu\u010f rouchem kn\u011b\u017e\u00ed tv\u00fdch,<br \/>radostn\u011b a\u0165 ti j\u00e1s<strong>a<\/strong>j\u00ed tv\u00ed v\u011brn\u00ed!<\/p>\n<p>&#8211; <sup>10<\/span><\/sup> Pro sv\u00e9ho slu\u017eebn\u00edka Davida<br \/>pomazan\u00e9ho sv\u00e9ho n<strong>e<\/strong>odm\u00edtej!<\/p>\n<p>&#8211; <sup>11<\/span><\/sup> P\u0159\u00edsahal pevn\u011b Davidovi P\u00e1n,<br \/>od sv\u00e9ho slibu nikdy n<strong>e<\/strong>ustoup\u00ed:<br \/>&#8211; &bdquo;Na tr\u016fn\u011b tv\u00e9m d\u00e1m slavn\u011b zasednout<br \/>v\u00fdhonku, kter\u00fd z tv\u00e9ho t<strong>\u011b<\/strong>la vzejde.<\/p>\n<p>&#8211; <sup>12<\/span><\/sup> A jestli budou tvoji synov\u00e9<br \/>m\u00e9 smlouvy db\u00e1t a ct\u00edt m\u00e1 p\u0159<strong>i<\/strong>k\u00e1z\u00e1n\u00ed,<br \/>&#8211; d\u00e1m pak i jejich syn\u016fm zasednout<br \/>pro v\u011b\u010dn\u00e9 \u010dasy na tr<strong>\u016f<\/strong>n\u011b tv\u00e9 vl\u00e1dy.&ldquo;<\/p>\n<p>&#8211; <sup>13<\/span><\/sup> Tak vpravd\u011b tou\u017eil po Si\u00f3nu P\u00e1n,<br \/>sv\u00fdm s\u00eddlem vlada\u0159sk\u00fdm jej <strong>u<\/strong>stanovil:<\/p>\n<p>&#8211; <sup>14<\/span><\/sup> &bdquo;Toto je nav\u011bky m\u016fj p\u0159\u00edbytek,<br \/>zde budu s\u00eddlit, v m\u00edst\u011b v<strong>y<\/strong>volen\u00e9m.<\/p>\n<p>&#8211; <sup>15<\/span><\/sup> Pokrmu jeho \u0161t\u011bd\u0159e po\u017eehn\u00e1m,<br \/>sv\u00fdm chlebem budu sytit j<strong>e<\/strong>ho chud\u00e9.<\/p>\n<p>&#8211; <sup>16<\/span><\/sup> Od\u011bn\u00ed sp\u00e1sy jeho kn\u011b\u017e\u00edm d\u00e1m,<br \/>j\u00e1sat a plesat budou j<strong>e<\/strong>ho v\u011brn\u00ed.<\/p>\n<p>&#8211; <sup>17<\/span><\/sup> Tady moc Davidovu rozhojn\u00edm,<br \/>pomazan\u00e9mu sv\u00e9mu sv<strong>\u011b<\/strong>tlo zjedn\u00e1m.<\/p>\n<p>&#8211; <sup>18<\/span><\/sup> D\u00e1m jeho nep\u0159\u00e1tel\u016fm z hanby \u0161at,<br \/>on s\u00e1m se bude skv\u00edt m\u00fdm d<strong>i<\/strong>ad\u00e9mem.&ldquo;<\/p>\n","protected":false},"excerpt":{"rendered":"<p>Na Davida se rozpome\u0148 Pane. &#8211; 1 Na Davida se, Pane, rozpome\u0148,na v\u0161echnu jeho n\u00e1mahu a p\u00e9\u010di, &#8211; 2 na to, jak slavn\u011b P\u00e1nu p\u0159\u00edsahal,Mocn\u00e9mu J\u00e1kobovu pevn\u011b sl\u00edbil: &#8211; 3 &bdquo;Nevkro\u010d\u00edm p\u0159es pr\u00e1h sv\u00e9ho obydl\u00ed,nelehnu d\u0159\u00edve na ustlan\u00e9 lo\u017ee, &#8211; 4 ani sv\u00e9 o\u010di usnout nenech\u00e1m,ani sv\u00e1 v\u00ed\u010dka nezamhou\u0159\u00edm d\u0159\u00edve, &#8211; 5 ne\u017e P\u00e1nu najdu &#8230; <a title=\"\u017dalm 132\" class=\"read-more\" href=\"https:\/\/www.texty.santegidio.cz\/?page_id=184\" aria-label=\"More on \u017dalm 132\">Read more<\/a><\/p>\n","protected":false},"author":1,"featured_media":0,"parent":29,"menu_order":0,"comment_status":"closed","ping_status":"closed","template":"","meta":{"_uag_custom_page_level_css":"","jetpack_post_was_ever_published":false,"footnotes":""},"class_list":["post-184","page","type-page","status-publish"],"uagb_featured_image_src":{"full":false,"thumbnail":false,"medium":false,"medium_large":false,"large":false,"1536x1536":false,"2048x2048":false},"uagb_author_info":{"display_name":"Pavel","author_link":"https:\/\/www.texty.santegidio.cz\/?author=1"},"uagb_comment_info":0,"uagb_excerpt":"Na Davida se rozpome\u0148 Pane. &#8211; 1 Na Davida se, Pane, rozpome\u0148,na v\u0161echnu jeho n\u00e1mahu a p\u00e9\u010di, &#8211; 2 na to, jak slavn\u011b P\u00e1nu p\u0159\u00edsahal,Mocn\u00e9mu J\u00e1kobovu pevn\u011b sl\u00edbil: &#8211; 3 &bdquo;Nevkro\u010d\u00edm p\u0159es pr\u00e1h sv\u00e9ho obydl\u00ed,nelehnu d\u0159\u00edve na ustlan\u00e9 lo\u017ee, &#8211; 4 ani sv\u00e9 o\u010di usnout nenech\u00e1m,ani sv\u00e1 v\u00ed\u010dka nezamhou\u0159\u00edm d\u0159\u00edve, &#8211; 5 ne\u017e P\u00e1nu najdu&hellip;","jetpack_sharing_enabled":true,"jetpack_shortlink":"https:\/\/wp.me\/PawMsT-2Y","_links":{"self":[{"href":"https:\/\/www.texty.santegidio.cz\/index.php?rest_route=\/wp\/v2\/pages\/184","targetHints":{"allow":["GET"]}}],"collection":[{"href":"https:\/\/www.texty.santegidio.cz\/index.php?rest_route=\/wp\/v2\/pages"}],"about":[{"href":"https:\/\/www.texty.santegidio.cz\/index.php?rest_route=\/wp\/v2\/types\/page"}],"author":[{"embeddable":true,"href":"https:\/\/www.texty.santegidio.cz\/index.php?rest_route=\/wp\/v2\/users\/1"}],"replies":[{"embeddable":true,"href":"https:\/\/www.texty.santegidio.cz\/index.php?rest_route=%2Fwp%2Fv2%2Fcomments&post=184"}],"version-history":[{"count":1,"href":"https:\/\/www.texty.santegidio.cz\/index.php?rest_route=\/wp\/v2\/pages\/184\/revisions"}],"predecessor-version":[{"id":1354,"href":"https:\/\/www.texty.santegidio.cz\/index.php?rest_route=\/wp\/v2\/pages\/184\/revisions\/1354"}],"up":[{"embeddable":true,"href":"https:\/\/www.texty.santegidio.cz\/index.php?rest_route=\/wp\/v2\/pages\/29"}],"wp:attachment":[{"href":"https:\/\/www.texty.santegidio.cz\/index.php?rest_route=%2Fwp%2Fv2%2Fmedia&parent=184"}],"curies":[{"name":"wp","href":"https:\/\/api.w.org\/{rel}","templated":true}]}}