{"id":182,"date":"2018-12-12T10:15:14","date_gmt":"2018-12-12T09:15:14","guid":{"rendered":"http:\/\/www.texty.santegidio.cz?page_id=182"},"modified":"2018-12-12T10:15:15","modified_gmt":"2018-12-12T09:15:15","slug":"zalm-130","status":"publish","type":"page","link":"https:\/\/www.texty.santegidio.cz\/?page_id=182","title":{"rendered":"\u017dalm 130"},"content":{"rendered":"<p>Z hloubi vol\u00e1m k tob\u011b, Pane.<\/p>\n<p>&#8211; <sup>1<\/span><\/sup> Z hloubi vol\u00e1m k tob\u011b, Pane,<br \/><sup>2<\/span><\/sup> Pane, vysl<strong>e<\/strong>chni m\u016fj hlas!<br \/>&#8211; A\u0165 tv\u00e9 ucho vl\u00eddn\u011b sly\u0161\u00ed<br \/>na m\u00e9 sn<strong>a<\/strong>\u017en\u00e9 vol\u00e1n\u00ed!<\/p>\n<p>&#8211; <sup>3<\/span><\/sup> Kdybys, Pane, s\u010d\u00edtal viny,<br \/>kdo pak, P<strong>a<\/strong>ne, obstoj\u00ed?<\/p>\n<p>&#8211; <sup>4<\/span><\/sup> Ty v\u0161ak d\u00e1v\u00e1\u0161 odpu\u0161t\u011bn\u00ed,<br \/>abychom t<strong>i<\/strong> slou\u017eili.<\/p>\n<p>&#8211; <sup>5<\/span><\/sup> Douf\u00e1m, Pane, z du\u0161e douf\u00e1m,<br \/>na tv\u00e9 sl<strong>o<\/strong>vo vy\u010dk\u00e1v\u00e1m.<\/p>\n<p>&#8211; <sup>6<\/span><\/sup> Na P\u00e1na m\u00e1 du\u0161e \u010dek\u00e1<br \/>v\u00edc ne\u017e str\u00e1\u017en\u00ed na \u00fasvit, no\u010dn\u00ed str<strong>\u00e1<\/strong>\u017en\u00ed na \u00fasvit.<\/p>\n<p>&#8211; <sup>7<\/span><\/sup> Izrael a\u0165 \u010dek\u00e1 P\u00e1na!<br \/>U P\u00e1na je sl<strong>i<\/strong>tov\u00e1n\u00ed,<br \/>&#8211; on n\u00e1s \u0161t\u011bd\u0159e vykoup\u00ed.<br \/><sup>8<\/span><\/sup> On vykoup\u00ed Izraele z jeho prov<strong>i<\/strong>n\u011bn\u00ed v\u0161ech.<\/p>\n","protected":false},"excerpt":{"rendered":"<p>Z hloubi vol\u00e1m k tob\u011b, Pane. &#8211; 1 Z hloubi vol\u00e1m k tob\u011b, Pane,2 Pane, vyslechni m\u016fj hlas!&#8211; A\u0165 tv\u00e9 ucho vl\u00eddn\u011b sly\u0161\u00edna m\u00e9 sna\u017en\u00e9 vol\u00e1n\u00ed! &#8211; 3 Kdybys, Pane, s\u010d\u00edtal viny,kdo pak, Pane, obstoj\u00ed? &#8211; 4 Ty v\u0161ak d\u00e1v\u00e1\u0161 odpu\u0161t\u011bn\u00ed,abychom ti slou\u017eili. &#8211; 5 Douf\u00e1m, Pane, z du\u0161e douf\u00e1m,na tv\u00e9 slovo vy\u010dk\u00e1v\u00e1m. &#8211; 6 &#8230; <a title=\"\u017dalm 130\" class=\"read-more\" href=\"https:\/\/www.texty.santegidio.cz\/?page_id=182\" aria-label=\"More on \u017dalm 130\">Read more<\/a><\/p>\n","protected":false},"author":1,"featured_media":0,"parent":29,"menu_order":0,"comment_status":"closed","ping_status":"closed","template":"","meta":{"_uag_custom_page_level_css":"","jetpack_post_was_ever_published":false,"footnotes":""},"class_list":["post-182","page","type-page","status-publish"],"uagb_featured_image_src":{"full":false,"thumbnail":false,"medium":false,"medium_large":false,"large":false,"1536x1536":false,"2048x2048":false},"uagb_author_info":{"display_name":"Pavel","author_link":"https:\/\/www.texty.santegidio.cz\/?author=1"},"uagb_comment_info":0,"uagb_excerpt":"Z hloubi vol\u00e1m k tob\u011b, Pane. &#8211; 1 Z hloubi vol\u00e1m k tob\u011b, Pane,2 Pane, vyslechni m\u016fj hlas!&#8211; A\u0165 tv\u00e9 ucho vl\u00eddn\u011b sly\u0161\u00edna m\u00e9 sna\u017en\u00e9 vol\u00e1n\u00ed! &#8211; 3 Kdybys, Pane, s\u010d\u00edtal viny,kdo pak, Pane, obstoj\u00ed? &#8211; 4 Ty v\u0161ak d\u00e1v\u00e1\u0161 odpu\u0161t\u011bn\u00ed,abychom ti slou\u017eili. &#8211; 5 Douf\u00e1m, Pane, z du\u0161e douf\u00e1m,na tv\u00e9 slovo vy\u010dk\u00e1v\u00e1m. &#8211; 6&hellip;","jetpack_sharing_enabled":true,"jetpack_shortlink":"https:\/\/wp.me\/PawMsT-2W","_links":{"self":[{"href":"https:\/\/www.texty.santegidio.cz\/index.php?rest_route=\/wp\/v2\/pages\/182","targetHints":{"allow":["GET"]}}],"collection":[{"href":"https:\/\/www.texty.santegidio.cz\/index.php?rest_route=\/wp\/v2\/pages"}],"about":[{"href":"https:\/\/www.texty.santegidio.cz\/index.php?rest_route=\/wp\/v2\/types\/page"}],"author":[{"embeddable":true,"href":"https:\/\/www.texty.santegidio.cz\/index.php?rest_route=\/wp\/v2\/users\/1"}],"replies":[{"embeddable":true,"href":"https:\/\/www.texty.santegidio.cz\/index.php?rest_route=%2Fwp%2Fv2%2Fcomments&post=182"}],"version-history":[{"count":1,"href":"https:\/\/www.texty.santegidio.cz\/index.php?rest_route=\/wp\/v2\/pages\/182\/revisions"}],"predecessor-version":[{"id":1352,"href":"https:\/\/www.texty.santegidio.cz\/index.php?rest_route=\/wp\/v2\/pages\/182\/revisions\/1352"}],"up":[{"embeddable":true,"href":"https:\/\/www.texty.santegidio.cz\/index.php?rest_route=\/wp\/v2\/pages\/29"}],"wp:attachment":[{"href":"https:\/\/www.texty.santegidio.cz\/index.php?rest_route=%2Fwp%2Fv2%2Fmedia&parent=182"}],"curies":[{"name":"wp","href":"https:\/\/api.w.org\/{rel}","templated":true}]}}