{"id":180,"date":"2018-12-12T10:15:14","date_gmt":"2018-12-12T09:15:14","guid":{"rendered":"http:\/\/www.texty.santegidio.cz?page_id=180"},"modified":"2018-12-12T10:15:15","modified_gmt":"2018-12-12T09:15:15","slug":"zalm-128","status":"publish","type":"page","link":"https:\/\/www.texty.santegidio.cz\/?page_id=180","title":{"rendered":"\u017dalm 128"},"content":{"rendered":"<p>Bla\u017een\u00fd jsi, kdo m\u00e1\u0161 P\u00e1na v&nbsp;\u00fact\u011b.<\/p>\n<p>&#8211; <sup>1<\/span><\/sup> Bla\u017een\u00fd jsi, kdo m\u00e1\u0161 P\u00e1na v \u00fact\u011b<br \/>a kdo kr\u00e1\u010d\u00ed\u0161 j<strong>e<\/strong>ho cestami!<\/p>\n<p>&#8211; <sup>2<\/span><\/sup> Co dobude\u0161 prac\u00ed, v klidu str\u00e1v\u00ed\u0161,<br \/>bla\u017een bude\u0161, p<strong>\u016f<\/strong>jde s tebou zdar.<\/p>\n<p>&#8211; <sup>3<\/span><\/sup> Man\u017eelka tv\u00e1 jako vinn\u00e1 r\u00e9va<br \/>ponese v tv\u00e9m d<strong>o<\/strong>m\u011b ovoce;<br \/>&#8211; d\u011bti tv\u00e9 jak letorosty oliv<br \/>st\u016fl ti budou kr<strong>u<\/strong>hem ov\u00edjet.<\/p>\n<p>= <sup>4<\/span><\/sup> Takto bude po\u017eehn\u00e1no mu\u017ei,\u2020<br \/>kter\u00fd P\u00e1na v prav\u00e9 b\u00e1zni ct\u00ed.<br \/><sup>5<\/span><\/sup> P\u00e1n a\u0165 po\u017eehn\u00e1 ti z<strong>e<\/strong> Si\u00f3nu,<br \/>&#8211; abys vid\u011bl vzkv\u00e9tat Jeruzal\u00e9m<br \/>po v\u0161echny dny sv<strong>\u00e9<\/strong>ho \u017eivota.<\/p>\n<p>&#8211; <sup>6<\/span><\/sup> Abys vid\u011bl i sv\u00fdch syn\u016f syny.<br \/>Pokoj budi\u017e nad <strong>I<\/strong>zraelem!<\/p>\n","protected":false},"excerpt":{"rendered":"<p>Bla\u017een\u00fd jsi, kdo m\u00e1\u0161 P\u00e1na v&nbsp;\u00fact\u011b. &#8211; 1 Bla\u017een\u00fd jsi, kdo m\u00e1\u0161 P\u00e1na v \u00fact\u011ba kdo kr\u00e1\u010d\u00ed\u0161 jeho cestami! &#8211; 2 Co dobude\u0161 prac\u00ed, v klidu str\u00e1v\u00ed\u0161,bla\u017een bude\u0161, p\u016fjde s tebou zdar. &#8211; 3 Man\u017eelka tv\u00e1 jako vinn\u00e1 r\u00e9vaponese v tv\u00e9m dom\u011b ovoce;&#8211; d\u011bti tv\u00e9 jak letorosty olivst\u016fl ti budou kruhem ov\u00edjet. = 4 Takto &#8230; <a title=\"\u017dalm 128\" class=\"read-more\" href=\"https:\/\/www.texty.santegidio.cz\/?page_id=180\" aria-label=\"More on \u017dalm 128\">Read more<\/a><\/p>\n","protected":false},"author":1,"featured_media":0,"parent":29,"menu_order":0,"comment_status":"closed","ping_status":"closed","template":"","meta":{"_uag_custom_page_level_css":"","jetpack_post_was_ever_published":false,"footnotes":""},"class_list":["post-180","page","type-page","status-publish"],"uagb_featured_image_src":{"full":false,"thumbnail":false,"medium":false,"medium_large":false,"large":false,"1536x1536":false,"2048x2048":false},"uagb_author_info":{"display_name":"Pavel","author_link":"https:\/\/www.texty.santegidio.cz\/?author=1"},"uagb_comment_info":0,"uagb_excerpt":"Bla\u017een\u00fd jsi, kdo m\u00e1\u0161 P\u00e1na v&nbsp;\u00fact\u011b. &#8211; 1 Bla\u017een\u00fd jsi, kdo m\u00e1\u0161 P\u00e1na v \u00fact\u011ba kdo kr\u00e1\u010d\u00ed\u0161 jeho cestami! &#8211; 2 Co dobude\u0161 prac\u00ed, v klidu str\u00e1v\u00ed\u0161,bla\u017een bude\u0161, p\u016fjde s tebou zdar. &#8211; 3 Man\u017eelka tv\u00e1 jako vinn\u00e1 r\u00e9vaponese v tv\u00e9m dom\u011b ovoce;&#8211; d\u011bti tv\u00e9 jak letorosty olivst\u016fl ti budou kruhem ov\u00edjet. = 4 Takto&hellip;","jetpack_sharing_enabled":true,"jetpack_shortlink":"https:\/\/wp.me\/PawMsT-2U","_links":{"self":[{"href":"https:\/\/www.texty.santegidio.cz\/index.php?rest_route=\/wp\/v2\/pages\/180","targetHints":{"allow":["GET"]}}],"collection":[{"href":"https:\/\/www.texty.santegidio.cz\/index.php?rest_route=\/wp\/v2\/pages"}],"about":[{"href":"https:\/\/www.texty.santegidio.cz\/index.php?rest_route=\/wp\/v2\/types\/page"}],"author":[{"embeddable":true,"href":"https:\/\/www.texty.santegidio.cz\/index.php?rest_route=\/wp\/v2\/users\/1"}],"replies":[{"embeddable":true,"href":"https:\/\/www.texty.santegidio.cz\/index.php?rest_route=%2Fwp%2Fv2%2Fcomments&post=180"}],"version-history":[{"count":1,"href":"https:\/\/www.texty.santegidio.cz\/index.php?rest_route=\/wp\/v2\/pages\/180\/revisions"}],"predecessor-version":[{"id":1350,"href":"https:\/\/www.texty.santegidio.cz\/index.php?rest_route=\/wp\/v2\/pages\/180\/revisions\/1350"}],"up":[{"embeddable":true,"href":"https:\/\/www.texty.santegidio.cz\/index.php?rest_route=\/wp\/v2\/pages\/29"}],"wp:attachment":[{"href":"https:\/\/www.texty.santegidio.cz\/index.php?rest_route=%2Fwp%2Fv2%2Fmedia&parent=180"}],"curies":[{"name":"wp","href":"https:\/\/api.w.org\/{rel}","templated":true}]}}