{"id":179,"date":"2018-12-12T10:15:14","date_gmt":"2018-12-12T09:15:14","guid":{"rendered":"http:\/\/www.texty.santegidio.cz?page_id=179"},"modified":"2018-12-12T10:15:15","modified_gmt":"2018-12-12T09:15:15","slug":"zalm-127","status":"publish","type":"page","link":"https:\/\/www.texty.santegidio.cz\/?page_id=179","title":{"rendered":"\u017dalm 127"},"content":{"rendered":"<p>Jdeme, Pane, vst\u0159\u00edc tv\u00e9mu domu.<\/p>\n<p>&#8211; <sup>1<\/span><\/sup> Jestli\u017ee d\u016fm nebuduje P\u00e1n,<br \/>lopot\u00ed se marn\u011b, kd<strong>o<\/strong> jej stav\u00ed.<br \/>&#8211; Jestli m\u011bsto nest\u0159e\u017e\u00ed s\u00e1m P\u00e1n,<br \/>marn\u011b budou hl\u00eddat m<strong>\u011b<\/strong>stsk\u00e9 str\u00e1\u017ee.<\/p>\n<p>&#8211; <sup>2<\/span><\/sup> Marno v\u00e1m je vst\u00e1vat p\u0159ed r\u00e1nem,<br \/>vysed\u00e1vat dlouho <strong>u<\/strong> sv\u00e9 pr\u00e1ce,<br \/>&#8211; pak a\u017e v noci j\u00eddat kru\u0161n\u00fd chl\u00e9b:<br \/>s\u00e1m ho d\u00e1 i za sp<strong>\u00e1<\/strong>nku sv\u00fdm mil\u00fdm.<\/p>\n<p>&#8211; <sup>3<\/span><\/sup> Hle, jsou darem P\u00e1n\u011b synov\u00e9,<br \/>jeho vz\u00e1cnou odm<strong>\u011b<\/strong>nou plod l\u016fna.<\/p>\n<p>&#8211; <sup>4<\/span><\/sup> \u010c\u00edm jsou \u0161\u00edpy ruce bojovn\u00e9,<br \/>t\u00edm jsou otci syn<strong>o<\/strong>v\u00e9 z let ml\u00e1d\u00ed.<\/p>\n<p>&#8211; <sup>5<\/span><\/sup> \u0160\u0165asten, kdo jich pln\u00fd toulec m\u00e1:<br \/>hanby nedojde v p\u0159i s pr<strong>o<\/strong>tivn\u00edkem.<\/p>\n","protected":false},"excerpt":{"rendered":"<p>Jdeme, Pane, vst\u0159\u00edc tv\u00e9mu domu. &#8211; 1 Jestli\u017ee d\u016fm nebuduje P\u00e1n,lopot\u00ed se marn\u011b, kdo jej stav\u00ed.&#8211; Jestli m\u011bsto nest\u0159e\u017e\u00ed s\u00e1m P\u00e1n,marn\u011b budou hl\u00eddat m\u011bstsk\u00e9 str\u00e1\u017ee. &#8211; 2 Marno v\u00e1m je vst\u00e1vat p\u0159ed r\u00e1nem,vysed\u00e1vat dlouho u sv\u00e9 pr\u00e1ce,&#8211; pak a\u017e v noci j\u00eddat kru\u0161n\u00fd chl\u00e9b:s\u00e1m ho d\u00e1 i za sp\u00e1nku sv\u00fdm mil\u00fdm. &#8211; 3 Hle, jsou &#8230; <a title=\"\u017dalm 127\" class=\"read-more\" href=\"https:\/\/www.texty.santegidio.cz\/?page_id=179\" aria-label=\"More on \u017dalm 127\">Read more<\/a><\/p>\n","protected":false},"author":1,"featured_media":0,"parent":29,"menu_order":0,"comment_status":"closed","ping_status":"closed","template":"","meta":{"_uag_custom_page_level_css":"","jetpack_post_was_ever_published":false,"footnotes":""},"class_list":["post-179","page","type-page","status-publish"],"uagb_featured_image_src":{"full":false,"thumbnail":false,"medium":false,"medium_large":false,"large":false,"1536x1536":false,"2048x2048":false},"uagb_author_info":{"display_name":"Pavel","author_link":"https:\/\/www.texty.santegidio.cz\/?author=1"},"uagb_comment_info":0,"uagb_excerpt":"Jdeme, Pane, vst\u0159\u00edc tv\u00e9mu domu. &#8211; 1 Jestli\u017ee d\u016fm nebuduje P\u00e1n,lopot\u00ed se marn\u011b, kdo jej stav\u00ed.&#8211; Jestli m\u011bsto nest\u0159e\u017e\u00ed s\u00e1m P\u00e1n,marn\u011b budou hl\u00eddat m\u011bstsk\u00e9 str\u00e1\u017ee. &#8211; 2 Marno v\u00e1m je vst\u00e1vat p\u0159ed r\u00e1nem,vysed\u00e1vat dlouho u sv\u00e9 pr\u00e1ce,&#8211; pak a\u017e v noci j\u00eddat kru\u0161n\u00fd chl\u00e9b:s\u00e1m ho d\u00e1 i za sp\u00e1nku sv\u00fdm mil\u00fdm. &#8211; 3 Hle, jsou&hellip;","jetpack_sharing_enabled":true,"jetpack_shortlink":"https:\/\/wp.me\/PawMsT-2T","_links":{"self":[{"href":"https:\/\/www.texty.santegidio.cz\/index.php?rest_route=\/wp\/v2\/pages\/179","targetHints":{"allow":["GET"]}}],"collection":[{"href":"https:\/\/www.texty.santegidio.cz\/index.php?rest_route=\/wp\/v2\/pages"}],"about":[{"href":"https:\/\/www.texty.santegidio.cz\/index.php?rest_route=\/wp\/v2\/types\/page"}],"author":[{"embeddable":true,"href":"https:\/\/www.texty.santegidio.cz\/index.php?rest_route=\/wp\/v2\/users\/1"}],"replies":[{"embeddable":true,"href":"https:\/\/www.texty.santegidio.cz\/index.php?rest_route=%2Fwp%2Fv2%2Fcomments&post=179"}],"version-history":[{"count":1,"href":"https:\/\/www.texty.santegidio.cz\/index.php?rest_route=\/wp\/v2\/pages\/179\/revisions"}],"predecessor-version":[{"id":1349,"href":"https:\/\/www.texty.santegidio.cz\/index.php?rest_route=\/wp\/v2\/pages\/179\/revisions\/1349"}],"up":[{"embeddable":true,"href":"https:\/\/www.texty.santegidio.cz\/index.php?rest_route=\/wp\/v2\/pages\/29"}],"wp:attachment":[{"href":"https:\/\/www.texty.santegidio.cz\/index.php?rest_route=%2Fwp%2Fv2%2Fmedia&parent=179"}],"curies":[{"name":"wp","href":"https:\/\/api.w.org\/{rel}","templated":true}]}}