{"id":178,"date":"2018-12-12T10:15:14","date_gmt":"2018-12-12T09:15:14","guid":{"rendered":"http:\/\/www.texty.santegidio.cz?page_id=178"},"modified":"2018-12-12T10:15:15","modified_gmt":"2018-12-12T09:15:15","slug":"zalm-126","status":"publish","type":"page","link":"https:\/\/www.texty.santegidio.cz\/?page_id=178","title":{"rendered":"\u017dalm 126"},"content":{"rendered":"<p>P\u00e1n pro n\u00e1s u\u010dinil divy.<\/p>\n<p>&#8211; <sup>1<\/span><\/sup> Kdy\u017e \u00fad\u011bl Si\u00f3nu k lep\u0161\u00edmu obracel P\u00e1n,<br \/>tehdy jsme b<strong>y<\/strong>li jak ve sn\u00e1ch.<\/p>\n<p>&#8211; <sup>2<\/span><\/sup> Na rtech n\u00e1m kyp\u011bl vesel\u00fd sm\u00edch,<br \/>j\u00e1sotem opl<strong>\u00fd<\/strong>val jazyk.<br \/>&#8211; Tehdy \u0161la v n\u00e1rodech jedna \u0159e\u010d:<br \/>&bdquo;P\u00e1n pro n\u011b u\u010d<strong>i<\/strong>nil divy!&ldquo;<\/p>\n<p>&#8211; <sup>3<\/span><\/sup> Velik\u00fd div pro n\u00e1s u\u010dinil P\u00e1n,<br \/>byli jsme rad<strong>o<\/strong>sti pln\u00ed!<\/p>\n<p>&#8211; <sup>4<\/span><\/sup> Pane, n\u00e1\u0161 \u00fad\u011bl ji\u017e k dobr\u00e9mu zm\u011b\u0148<br \/>jak vyschl\u00e9 pot<strong>o<\/strong>ky jihu!<\/p>\n<p>&#8211; <sup>5<\/span><\/sup> Nebo\u0165 kdo v slz\u00e1ch zas\u00e9vaj\u00ed,<br \/>ti budou s j\u00e1s<strong>o<\/strong>tem skl\u00edzet!<\/p>\n<p>&#8211; <sup>6<\/span><\/sup> Vyjdou-li do pole, s pl\u00e1\u010dem jdou,<br \/>s pl\u00e1\u010dem s<strong>i<\/strong>j\u00ed sv\u00e9 zrn\u00ed;<br \/>&#8211; s j\u00e1sotem v\u0161ak se navr\u00e1t\u00ed zp\u011bt,<br \/>v n\u00e1ru\u010d\u00ed pon<strong>e<\/strong>sou snopy.<\/p>\n","protected":false},"excerpt":{"rendered":"<p>P\u00e1n pro n\u00e1s u\u010dinil divy. &#8211; 1 Kdy\u017e \u00fad\u011bl Si\u00f3nu k lep\u0161\u00edmu obracel P\u00e1n,tehdy jsme byli jak ve sn\u00e1ch. &#8211; 2 Na rtech n\u00e1m kyp\u011bl vesel\u00fd sm\u00edch,j\u00e1sotem opl\u00fdval jazyk.&#8211; Tehdy \u0161la v n\u00e1rodech jedna \u0159e\u010d:&bdquo;P\u00e1n pro n\u011b u\u010dinil divy!&ldquo; &#8211; 3 Velik\u00fd div pro n\u00e1s u\u010dinil P\u00e1n,byli jsme radosti pln\u00ed! &#8211; 4 Pane, n\u00e1\u0161 \u00fad\u011bl &#8230; <a title=\"\u017dalm 126\" class=\"read-more\" href=\"https:\/\/www.texty.santegidio.cz\/?page_id=178\" aria-label=\"More on \u017dalm 126\">Read more<\/a><\/p>\n","protected":false},"author":1,"featured_media":0,"parent":29,"menu_order":0,"comment_status":"closed","ping_status":"closed","template":"","meta":{"_uag_custom_page_level_css":"","jetpack_post_was_ever_published":false,"footnotes":""},"class_list":["post-178","page","type-page","status-publish"],"uagb_featured_image_src":{"full":false,"thumbnail":false,"medium":false,"medium_large":false,"large":false,"1536x1536":false,"2048x2048":false},"uagb_author_info":{"display_name":"Pavel","author_link":"https:\/\/www.texty.santegidio.cz\/?author=1"},"uagb_comment_info":0,"uagb_excerpt":"P\u00e1n pro n\u00e1s u\u010dinil divy. &#8211; 1 Kdy\u017e \u00fad\u011bl Si\u00f3nu k lep\u0161\u00edmu obracel P\u00e1n,tehdy jsme byli jak ve sn\u00e1ch. &#8211; 2 Na rtech n\u00e1m kyp\u011bl vesel\u00fd sm\u00edch,j\u00e1sotem opl\u00fdval jazyk.&#8211; Tehdy \u0161la v n\u00e1rodech jedna \u0159e\u010d:&bdquo;P\u00e1n pro n\u011b u\u010dinil divy!&ldquo; &#8211; 3 Velik\u00fd div pro n\u00e1s u\u010dinil P\u00e1n,byli jsme radosti pln\u00ed! &#8211; 4 Pane, n\u00e1\u0161 \u00fad\u011bl&hellip;","jetpack_sharing_enabled":true,"jetpack_shortlink":"https:\/\/wp.me\/PawMsT-2S","_links":{"self":[{"href":"https:\/\/www.texty.santegidio.cz\/index.php?rest_route=\/wp\/v2\/pages\/178","targetHints":{"allow":["GET"]}}],"collection":[{"href":"https:\/\/www.texty.santegidio.cz\/index.php?rest_route=\/wp\/v2\/pages"}],"about":[{"href":"https:\/\/www.texty.santegidio.cz\/index.php?rest_route=\/wp\/v2\/types\/page"}],"author":[{"embeddable":true,"href":"https:\/\/www.texty.santegidio.cz\/index.php?rest_route=\/wp\/v2\/users\/1"}],"replies":[{"embeddable":true,"href":"https:\/\/www.texty.santegidio.cz\/index.php?rest_route=%2Fwp%2Fv2%2Fcomments&post=178"}],"version-history":[{"count":1,"href":"https:\/\/www.texty.santegidio.cz\/index.php?rest_route=\/wp\/v2\/pages\/178\/revisions"}],"predecessor-version":[{"id":1348,"href":"https:\/\/www.texty.santegidio.cz\/index.php?rest_route=\/wp\/v2\/pages\/178\/revisions\/1348"}],"up":[{"embeddable":true,"href":"https:\/\/www.texty.santegidio.cz\/index.php?rest_route=\/wp\/v2\/pages\/29"}],"wp:attachment":[{"href":"https:\/\/www.texty.santegidio.cz\/index.php?rest_route=%2Fwp%2Fv2%2Fmedia&parent=178"}],"curies":[{"name":"wp","href":"https:\/\/api.w.org\/{rel}","templated":true}]}}