{"id":177,"date":"2018-12-12T10:15:14","date_gmt":"2018-12-12T09:15:14","guid":{"rendered":"http:\/\/www.texty.santegidio.cz?page_id=177"},"modified":"2018-12-12T10:15:14","modified_gmt":"2018-12-12T09:15:14","slug":"zalm-125","status":"publish","type":"page","link":"https:\/\/www.texty.santegidio.cz\/?page_id=177","title":{"rendered":"\u017dalm 125"},"content":{"rendered":"<p>P\u00e1n obj\u00edm\u00e1 sv\u016fj n\u00e1rod.<\/p>\n<p>&#8211; <sup>1<\/span><\/sup> D\u016fv\u011bru kdo v P\u00e1na maj\u00ed, jsou jak hora Si\u00f3n,<br \/>kter\u00e1 nikdy nekol\u00eds\u00e1, t<strong>r<\/strong>v\u00e1 nav\u011bky.<\/p>\n<p>= <sup>2<\/span><\/sup> Jako hory obklopuj\u00ed cel\u00fd Jeruzal\u00e9m,\u2020<br \/>tak P\u00e1n obj\u00edm\u00e1 sv\u016fj n\u00e1rod<br \/>dnes <strong>i<\/strong> nav\u011bky.<\/p>\n<p>&#8211; <sup>3<\/span><\/sup> D\u011bdi\u010dnou zem spravedliv\u00fdch h\u0159\u00ed\u0161n\u00ed nepodr\u017e\u00ed,<br \/>aby ani spravedliv\u00ed po zl<strong>u<\/strong> nes\u00e1hli.<\/p>\n<p>&#8211; <sup>4<\/span><\/sup> Dob\u0159e, Pane, \u010di\u0148 v\u0161em dobr\u00fdm<br \/>a v\u0161<strong>e<\/strong>m up\u0159\u00edmn\u00fdm!<\/p>\n<p>= <sup>5<\/span><\/sup> Ty v\u0161ak, co se daj\u00ed strhnout na nerovn\u00e9 cesty,\u2020<br \/>sme\u0165 i se zlo\u010dinci, Pane!<br \/>Pokoj s <strong>I<\/strong>zraelem!<\/p>\n","protected":false},"excerpt":{"rendered":"<p>P\u00e1n obj\u00edm\u00e1 sv\u016fj n\u00e1rod. &#8211; 1 D\u016fv\u011bru kdo v P\u00e1na maj\u00ed, jsou jak hora Si\u00f3n,kter\u00e1 nikdy nekol\u00eds\u00e1, trv\u00e1 nav\u011bky. = 2 Jako hory obklopuj\u00ed cel\u00fd Jeruzal\u00e9m,\u2020tak P\u00e1n obj\u00edm\u00e1 sv\u016fj n\u00e1roddnes i nav\u011bky. &#8211; 3 D\u011bdi\u010dnou zem spravedliv\u00fdch h\u0159\u00ed\u0161n\u00ed nepodr\u017e\u00ed,aby ani spravedliv\u00ed po zlu nes\u00e1hli. &#8211; 4 Dob\u0159e, Pane, \u010di\u0148 v\u0161em dobr\u00fdma v\u0161em up\u0159\u00edmn\u00fdm! = 5 &#8230; <a title=\"\u017dalm 125\" class=\"read-more\" href=\"https:\/\/www.texty.santegidio.cz\/?page_id=177\" aria-label=\"More on \u017dalm 125\">Read more<\/a><\/p>\n","protected":false},"author":1,"featured_media":0,"parent":29,"menu_order":0,"comment_status":"closed","ping_status":"closed","template":"","meta":{"_uag_custom_page_level_css":"","jetpack_post_was_ever_published":false,"footnotes":""},"class_list":["post-177","page","type-page","status-publish"],"uagb_featured_image_src":{"full":false,"thumbnail":false,"medium":false,"medium_large":false,"large":false,"1536x1536":false,"2048x2048":false},"uagb_author_info":{"display_name":"Pavel","author_link":"https:\/\/www.texty.santegidio.cz\/?author=1"},"uagb_comment_info":0,"uagb_excerpt":"P\u00e1n obj\u00edm\u00e1 sv\u016fj n\u00e1rod. &#8211; 1 D\u016fv\u011bru kdo v P\u00e1na maj\u00ed, jsou jak hora Si\u00f3n,kter\u00e1 nikdy nekol\u00eds\u00e1, trv\u00e1 nav\u011bky. = 2 Jako hory obklopuj\u00ed cel\u00fd Jeruzal\u00e9m,\u2020tak P\u00e1n obj\u00edm\u00e1 sv\u016fj n\u00e1roddnes i nav\u011bky. &#8211; 3 D\u011bdi\u010dnou zem spravedliv\u00fdch h\u0159\u00ed\u0161n\u00ed nepodr\u017e\u00ed,aby ani spravedliv\u00ed po zlu nes\u00e1hli. &#8211; 4 Dob\u0159e, Pane, \u010di\u0148 v\u0161em dobr\u00fdma v\u0161em up\u0159\u00edmn\u00fdm! = 5&hellip;","jetpack_sharing_enabled":true,"jetpack_shortlink":"https:\/\/wp.me\/PawMsT-2R","_links":{"self":[{"href":"https:\/\/www.texty.santegidio.cz\/index.php?rest_route=\/wp\/v2\/pages\/177","targetHints":{"allow":["GET"]}}],"collection":[{"href":"https:\/\/www.texty.santegidio.cz\/index.php?rest_route=\/wp\/v2\/pages"}],"about":[{"href":"https:\/\/www.texty.santegidio.cz\/index.php?rest_route=\/wp\/v2\/types\/page"}],"author":[{"embeddable":true,"href":"https:\/\/www.texty.santegidio.cz\/index.php?rest_route=\/wp\/v2\/users\/1"}],"replies":[{"embeddable":true,"href":"https:\/\/www.texty.santegidio.cz\/index.php?rest_route=%2Fwp%2Fv2%2Fcomments&post=177"}],"version-history":[{"count":1,"href":"https:\/\/www.texty.santegidio.cz\/index.php?rest_route=\/wp\/v2\/pages\/177\/revisions"}],"predecessor-version":[{"id":1347,"href":"https:\/\/www.texty.santegidio.cz\/index.php?rest_route=\/wp\/v2\/pages\/177\/revisions\/1347"}],"up":[{"embeddable":true,"href":"https:\/\/www.texty.santegidio.cz\/index.php?rest_route=\/wp\/v2\/pages\/29"}],"wp:attachment":[{"href":"https:\/\/www.texty.santegidio.cz\/index.php?rest_route=%2Fwp%2Fv2%2Fmedia&parent=177"}],"curies":[{"name":"wp","href":"https:\/\/api.w.org\/{rel}","templated":true}]}}