{"id":176,"date":"2018-12-12T10:15:14","date_gmt":"2018-12-12T09:15:14","guid":{"rendered":"http:\/\/www.texty.santegidio.cz?page_id=176"},"modified":"2018-12-12T10:15:14","modified_gmt":"2018-12-12T09:15:14","slug":"zalm-124","status":"publish","type":"page","link":"https:\/\/www.texty.santegidio.cz\/?page_id=176","title":{"rendered":"\u017dalm 124"},"content":{"rendered":"<p>Na\u0161e pomoc je ve jm\u00e9nu P\u00e1n\u011b.<\/p>\n<p>&#8211; <sup>1<\/span><\/sup> Kdyby se n\u00e1s nebyl zastal P\u00e1n<br \/>&#8211; takto a\u0165 se v<strong>y<\/strong>zn\u00e1 Izrael -,<\/p>\n<p>&#8211; <sup>2<\/span><\/sup> kdyby se n\u00e1s nebyl zastal P\u00e1n,<br \/>kdy\u017e se lid\u00e9 v<strong>r<\/strong>hli proti n\u00e1m,<\/p>\n<p>&#8211; <sup>3<\/span><\/sup> pohltili by n\u00e1s za\u017eiva.<br \/>Proti n\u00e1m kdy\u017e vzpl<strong>a<\/strong>nul jejich vztek,<\/p>\n<p>&#8211; <sup>4<\/span><\/sup> vody by n\u00e1s byly odnesly,<br \/>valil by se p\u0159es n<strong>\u00e1<\/strong>s div\u00fd proud,<\/p>\n<p>&#8211; <sup>5<\/span><\/sup> p\u0159es n\u00e1s by se byly valily<br \/>rozbou\u0159en\u00e9 v<strong>o<\/strong>dy vzedmut\u00e9.<\/p>\n<p>&#8211; <sup>6<\/span><\/sup> Chv\u00e1la P\u00e1nu, \u017ee n\u00e1s nevydal<br \/>jejich drav\u00fdm z<strong>u<\/strong>b\u016fm za ko\u0159ist!<\/p>\n<p>&#8211; <sup>7<\/span><\/sup> Du\u0161e vyv\u00e1zla jak z l\u00e9\u010dky pt\u00e1k,<br \/>s\u00ed\u0165 se roztrhla, jsm<strong>e<\/strong> svobodni!<\/p>\n<p>&#8211; <sup>8<\/span><\/sup> Na\u0161e pomoc je ve jm\u00e9nu P\u00e1n\u011b,<br \/>kter\u00fd stvo\u0159il neb<strong>e<\/strong>sa i zem.<\/p>\n","protected":false},"excerpt":{"rendered":"<p>Na\u0161e pomoc je ve jm\u00e9nu P\u00e1n\u011b. &#8211; 1 Kdyby se n\u00e1s nebyl zastal P\u00e1n&#8211; takto a\u0165 se vyzn\u00e1 Izrael -, &#8211; 2 kdyby se n\u00e1s nebyl zastal P\u00e1n,kdy\u017e se lid\u00e9 vrhli proti n\u00e1m, &#8211; 3 pohltili by n\u00e1s za\u017eiva.Proti n\u00e1m kdy\u017e vzplanul jejich vztek, &#8211; 4 vody by n\u00e1s byly odnesly,valil by se p\u0159es n\u00e1s &#8230; <a title=\"\u017dalm 124\" class=\"read-more\" href=\"https:\/\/www.texty.santegidio.cz\/?page_id=176\" aria-label=\"More on \u017dalm 124\">Read more<\/a><\/p>\n","protected":false},"author":1,"featured_media":0,"parent":29,"menu_order":0,"comment_status":"closed","ping_status":"closed","template":"","meta":{"_uag_custom_page_level_css":"","jetpack_post_was_ever_published":false,"footnotes":""},"class_list":["post-176","page","type-page","status-publish"],"uagb_featured_image_src":{"full":false,"thumbnail":false,"medium":false,"medium_large":false,"large":false,"1536x1536":false,"2048x2048":false},"uagb_author_info":{"display_name":"Pavel","author_link":"https:\/\/www.texty.santegidio.cz\/?author=1"},"uagb_comment_info":0,"uagb_excerpt":"Na\u0161e pomoc je ve jm\u00e9nu P\u00e1n\u011b. &#8211; 1 Kdyby se n\u00e1s nebyl zastal P\u00e1n&#8211; takto a\u0165 se vyzn\u00e1 Izrael -, &#8211; 2 kdyby se n\u00e1s nebyl zastal P\u00e1n,kdy\u017e se lid\u00e9 vrhli proti n\u00e1m, &#8211; 3 pohltili by n\u00e1s za\u017eiva.Proti n\u00e1m kdy\u017e vzplanul jejich vztek, &#8211; 4 vody by n\u00e1s byly odnesly,valil by se p\u0159es n\u00e1s&hellip;","jetpack_sharing_enabled":true,"jetpack_shortlink":"https:\/\/wp.me\/PawMsT-2Q","_links":{"self":[{"href":"https:\/\/www.texty.santegidio.cz\/index.php?rest_route=\/wp\/v2\/pages\/176","targetHints":{"allow":["GET"]}}],"collection":[{"href":"https:\/\/www.texty.santegidio.cz\/index.php?rest_route=\/wp\/v2\/pages"}],"about":[{"href":"https:\/\/www.texty.santegidio.cz\/index.php?rest_route=\/wp\/v2\/types\/page"}],"author":[{"embeddable":true,"href":"https:\/\/www.texty.santegidio.cz\/index.php?rest_route=\/wp\/v2\/users\/1"}],"replies":[{"embeddable":true,"href":"https:\/\/www.texty.santegidio.cz\/index.php?rest_route=%2Fwp%2Fv2%2Fcomments&post=176"}],"version-history":[{"count":1,"href":"https:\/\/www.texty.santegidio.cz\/index.php?rest_route=\/wp\/v2\/pages\/176\/revisions"}],"predecessor-version":[{"id":1346,"href":"https:\/\/www.texty.santegidio.cz\/index.php?rest_route=\/wp\/v2\/pages\/176\/revisions\/1346"}],"up":[{"embeddable":true,"href":"https:\/\/www.texty.santegidio.cz\/index.php?rest_route=\/wp\/v2\/pages\/29"}],"wp:attachment":[{"href":"https:\/\/www.texty.santegidio.cz\/index.php?rest_route=%2Fwp%2Fv2%2Fmedia&parent=176"}],"curies":[{"name":"wp","href":"https:\/\/api.w.org\/{rel}","templated":true}]}}