{"id":175,"date":"2018-12-12T10:15:14","date_gmt":"2018-12-12T09:15:14","guid":{"rendered":"http:\/\/www.texty.santegidio.cz?page_id=175"},"modified":"2018-12-12T10:15:14","modified_gmt":"2018-12-12T09:15:14","slug":"zalm-123","status":"publish","type":"page","link":"https:\/\/www.texty.santegidio.cz\/?page_id=175","title":{"rendered":"\u017dalm 123"},"content":{"rendered":"<p>Na\u0161e o\u010di hled\u00ed k P\u00e1nu, jen\u017e je na\u0161\u00edm Bohem.<\/p>\n<p>&#8211; <sup>1<\/span><\/sup> Pozdvihuji o\u010di k tob\u011b,<br \/>kter\u00fd tr<strong>\u016f<\/strong>n\u00ed\u0161 na nebi.<\/p>\n<p>&#8211; <sup>2<\/span><\/sup> Jako o\u010di slu\u017eebn\u00edk\u016f tkv\u011bj\u00ed na p\u00e1nov\u00fdch rukou,<br \/>o\u010di slu\u017eky n<strong>a<\/strong> sv\u00e9 pan\u00ed,<\/p>\n<p>= tak i na\u0161e o\u010di hled\u00ed k P\u00e1nu,\u2020<br \/>jen\u017e je na\u0161\u00edm Bohem,<br \/>a\u0165 n\u00e1m smil<strong>o<\/strong>v\u00e1n\u00ed d\u00e1.<\/p>\n<p>&#8211; <sup>3<\/span><\/sup> Smiluj se, Pane, nad n\u00e1mi se smiluj,<br \/>nebo\u0165 jsme p\u0159esyc<strong>e<\/strong>ni pohanou.<\/p>\n<p>&#8211; <sup>4<\/span><\/sup> D\u00e1vno je na\u0161e du\u0161e p\u0159esycena<br \/>posm\u011bchem boh\u00e1\u010d\u016f a h<strong>a<\/strong>nou py\u0161n\u00fdch.<\/p>\n","protected":false},"excerpt":{"rendered":"<p>Na\u0161e o\u010di hled\u00ed k P\u00e1nu, jen\u017e je na\u0161\u00edm Bohem. &#8211; 1 Pozdvihuji o\u010di k tob\u011b,kter\u00fd tr\u016fn\u00ed\u0161 na nebi. &#8211; 2 Jako o\u010di slu\u017eebn\u00edk\u016f tkv\u011bj\u00ed na p\u00e1nov\u00fdch rukou,o\u010di slu\u017eky na sv\u00e9 pan\u00ed, = tak i na\u0161e o\u010di hled\u00ed k P\u00e1nu,\u2020jen\u017e je na\u0161\u00edm Bohem,a\u0165 n\u00e1m smilov\u00e1n\u00ed d\u00e1. &#8211; 3 Smiluj se, Pane, nad n\u00e1mi se smiluj,nebo\u0165 jsme &#8230; <a title=\"\u017dalm 123\" class=\"read-more\" href=\"https:\/\/www.texty.santegidio.cz\/?page_id=175\" aria-label=\"More on \u017dalm 123\">Read more<\/a><\/p>\n","protected":false},"author":1,"featured_media":0,"parent":29,"menu_order":0,"comment_status":"closed","ping_status":"closed","template":"","meta":{"_uag_custom_page_level_css":"","jetpack_post_was_ever_published":false,"footnotes":""},"class_list":["post-175","page","type-page","status-publish"],"uagb_featured_image_src":{"full":false,"thumbnail":false,"medium":false,"medium_large":false,"large":false,"1536x1536":false,"2048x2048":false},"uagb_author_info":{"display_name":"Pavel","author_link":"https:\/\/www.texty.santegidio.cz\/?author=1"},"uagb_comment_info":0,"uagb_excerpt":"Na\u0161e o\u010di hled\u00ed k P\u00e1nu, jen\u017e je na\u0161\u00edm Bohem. &#8211; 1 Pozdvihuji o\u010di k tob\u011b,kter\u00fd tr\u016fn\u00ed\u0161 na nebi. &#8211; 2 Jako o\u010di slu\u017eebn\u00edk\u016f tkv\u011bj\u00ed na p\u00e1nov\u00fdch rukou,o\u010di slu\u017eky na sv\u00e9 pan\u00ed, = tak i na\u0161e o\u010di hled\u00ed k P\u00e1nu,\u2020jen\u017e je na\u0161\u00edm Bohem,a\u0165 n\u00e1m smilov\u00e1n\u00ed d\u00e1. &#8211; 3 Smiluj se, Pane, nad n\u00e1mi se smiluj,nebo\u0165 jsme&hellip;","jetpack_sharing_enabled":true,"jetpack_shortlink":"https:\/\/wp.me\/PawMsT-2P","_links":{"self":[{"href":"https:\/\/www.texty.santegidio.cz\/index.php?rest_route=\/wp\/v2\/pages\/175","targetHints":{"allow":["GET"]}}],"collection":[{"href":"https:\/\/www.texty.santegidio.cz\/index.php?rest_route=\/wp\/v2\/pages"}],"about":[{"href":"https:\/\/www.texty.santegidio.cz\/index.php?rest_route=\/wp\/v2\/types\/page"}],"author":[{"embeddable":true,"href":"https:\/\/www.texty.santegidio.cz\/index.php?rest_route=\/wp\/v2\/users\/1"}],"replies":[{"embeddable":true,"href":"https:\/\/www.texty.santegidio.cz\/index.php?rest_route=%2Fwp%2Fv2%2Fcomments&post=175"}],"version-history":[{"count":1,"href":"https:\/\/www.texty.santegidio.cz\/index.php?rest_route=\/wp\/v2\/pages\/175\/revisions"}],"predecessor-version":[{"id":1345,"href":"https:\/\/www.texty.santegidio.cz\/index.php?rest_route=\/wp\/v2\/pages\/175\/revisions\/1345"}],"up":[{"embeddable":true,"href":"https:\/\/www.texty.santegidio.cz\/index.php?rest_route=\/wp\/v2\/pages\/29"}],"wp:attachment":[{"href":"https:\/\/www.texty.santegidio.cz\/index.php?rest_route=%2Fwp%2Fv2%2Fmedia&parent=175"}],"curies":[{"name":"wp","href":"https:\/\/api.w.org\/{rel}","templated":true}]}}