{"id":173,"date":"2018-12-12T10:15:14","date_gmt":"2018-12-12T09:15:14","guid":{"rendered":"http:\/\/www.texty.santegidio.cz?page_id=173"},"modified":"2018-12-12T10:15:14","modified_gmt":"2018-12-12T09:15:14","slug":"zalm-121","status":"publish","type":"page","link":"https:\/\/www.texty.santegidio.cz\/?page_id=173","title":{"rendered":"\u017dalm 121"},"content":{"rendered":"<p>Pomoc mi p\u0159ich\u00e1z\u00ed od P\u00e1na.<\/p>\n<p>&#8211; <sup>1<\/span><\/sup> K hor\u00e1m pozved\u00e1m o\u010di:<br \/>odkud p\u0159<strong>i<\/strong>jde mi pomoc?<\/p>\n<p>&#8211; <sup>2<\/span><\/sup> Od P\u00e1na p\u0159ich\u00e1z\u00ed pomoc,<br \/>on stvo\u0159il n<strong>e<\/strong>be i zemi.<\/p>\n<p>&#8211; <sup>3<\/span><\/sup> On ti klop\u00fdtnout ned\u00e1,<br \/>nezasp\u00ed ten, j<strong>e<\/strong>n\u017e t\u011b chr\u00e1n\u00ed.<\/p>\n<p>&#8211; <sup>4<\/span><\/sup> Nezasp\u00ed, nezd\u0159\u00edmne str\u00e1\u017ece,<br \/>jen\u017e chr\u00e1n\u00ed <strong>I<\/strong>zraele.<\/p>\n<p>&#8211; <sup>5<\/span><\/sup> P\u00e1n t\u011b st\u0159e\u017e\u00ed a st\u00edn\u00ed,<br \/>je po tv\u00e9 prav<strong>i<\/strong>ci st\u00e1le.<\/p>\n<p>&#8211; <sup>6<\/span><\/sup> Za dne ti ne\u0161kod\u00ed slunce,<br \/>ani za n<strong>o<\/strong>ci m\u011bs\u00edc.<\/p>\n<p>&#8211; <sup>7<\/span><\/sup> P\u00e1n t\u011b od zl\u00e9ho st\u0159e\u017e\u00ed,<br \/>on st\u0159e\u017e\u00ed c<strong>e<\/strong>l\u00fd tv\u016fj \u017eivot.<\/p>\n<p>&#8211; <sup>8<\/span><\/sup> St\u0159e\u017e\u00ed tv\u016fj odchod i n\u00e1vrat<br \/>nyn\u00ed a po v\u0161<strong>e<\/strong>chny v\u011bky.<\/p>\n","protected":false},"excerpt":{"rendered":"<p>Pomoc mi p\u0159ich\u00e1z\u00ed od P\u00e1na. &#8211; 1 K hor\u00e1m pozved\u00e1m o\u010di:odkud p\u0159ijde mi pomoc? &#8211; 2 Od P\u00e1na p\u0159ich\u00e1z\u00ed pomoc,on stvo\u0159il nebe i zemi. &#8211; 3 On ti klop\u00fdtnout ned\u00e1,nezasp\u00ed ten, jen\u017e t\u011b chr\u00e1n\u00ed. &#8211; 4 Nezasp\u00ed, nezd\u0159\u00edmne str\u00e1\u017ece,jen\u017e chr\u00e1n\u00ed Izraele. &#8211; 5 P\u00e1n t\u011b st\u0159e\u017e\u00ed a st\u00edn\u00ed,je po tv\u00e9 pravici st\u00e1le. &#8211; 6 Za &#8230; <a title=\"\u017dalm 121\" class=\"read-more\" href=\"https:\/\/www.texty.santegidio.cz\/?page_id=173\" aria-label=\"More on \u017dalm 121\">Read more<\/a><\/p>\n","protected":false},"author":1,"featured_media":0,"parent":29,"menu_order":0,"comment_status":"closed","ping_status":"closed","template":"","meta":{"_uag_custom_page_level_css":"","jetpack_post_was_ever_published":false,"footnotes":""},"class_list":["post-173","page","type-page","status-publish"],"uagb_featured_image_src":{"full":false,"thumbnail":false,"medium":false,"medium_large":false,"large":false,"1536x1536":false,"2048x2048":false},"uagb_author_info":{"display_name":"Pavel","author_link":"https:\/\/www.texty.santegidio.cz\/?author=1"},"uagb_comment_info":0,"uagb_excerpt":"Pomoc mi p\u0159ich\u00e1z\u00ed od P\u00e1na. &#8211; 1 K hor\u00e1m pozved\u00e1m o\u010di:odkud p\u0159ijde mi pomoc? &#8211; 2 Od P\u00e1na p\u0159ich\u00e1z\u00ed pomoc,on stvo\u0159il nebe i zemi. &#8211; 3 On ti klop\u00fdtnout ned\u00e1,nezasp\u00ed ten, jen\u017e t\u011b chr\u00e1n\u00ed. &#8211; 4 Nezasp\u00ed, nezd\u0159\u00edmne str\u00e1\u017ece,jen\u017e chr\u00e1n\u00ed Izraele. &#8211; 5 P\u00e1n t\u011b st\u0159e\u017e\u00ed a st\u00edn\u00ed,je po tv\u00e9 pravici st\u00e1le. &#8211; 6 Za&hellip;","jetpack_sharing_enabled":true,"jetpack_shortlink":"https:\/\/wp.me\/PawMsT-2N","_links":{"self":[{"href":"https:\/\/www.texty.santegidio.cz\/index.php?rest_route=\/wp\/v2\/pages\/173","targetHints":{"allow":["GET"]}}],"collection":[{"href":"https:\/\/www.texty.santegidio.cz\/index.php?rest_route=\/wp\/v2\/pages"}],"about":[{"href":"https:\/\/www.texty.santegidio.cz\/index.php?rest_route=\/wp\/v2\/types\/page"}],"author":[{"embeddable":true,"href":"https:\/\/www.texty.santegidio.cz\/index.php?rest_route=\/wp\/v2\/users\/1"}],"replies":[{"embeddable":true,"href":"https:\/\/www.texty.santegidio.cz\/index.php?rest_route=%2Fwp%2Fv2%2Fcomments&post=173"}],"version-history":[{"count":1,"href":"https:\/\/www.texty.santegidio.cz\/index.php?rest_route=\/wp\/v2\/pages\/173\/revisions"}],"predecessor-version":[{"id":1343,"href":"https:\/\/www.texty.santegidio.cz\/index.php?rest_route=\/wp\/v2\/pages\/173\/revisions\/1343"}],"up":[{"embeddable":true,"href":"https:\/\/www.texty.santegidio.cz\/index.php?rest_route=\/wp\/v2\/pages\/29"}],"wp:attachment":[{"href":"https:\/\/www.texty.santegidio.cz\/index.php?rest_route=%2Fwp%2Fv2%2Fmedia&parent=173"}],"curies":[{"name":"wp","href":"https:\/\/api.w.org\/{rel}","templated":true}]}}