{"id":172,"date":"2018-12-12T10:15:12","date_gmt":"2018-12-12T09:15:12","guid":{"rendered":"http:\/\/www.texty.santegidio.cz?page_id=172"},"modified":"2018-12-12T10:15:14","modified_gmt":"2018-12-12T09:15:14","slug":"zalm-120","status":"publish","type":"page","link":"https:\/\/www.texty.santegidio.cz\/?page_id=172","title":{"rendered":"\u017dalm 120"},"content":{"rendered":"<p>K P\u00e1nu jsem volal, kdy\u017e jsem trp\u011bl \u00fatiskem.<\/p>\n<p>&#8211; <sup>1<\/span><\/sup> K P\u00e1nu jsem volal, kdy\u017e jsem trp\u011bl \u00fatiskem,<br \/>a on m<strong>\u011b<\/strong> vysly\u0161el.<\/p>\n<p>&#8211; <sup>2<\/span><\/sup> &bdquo;Vysvobo\u010f, Pane, du\u0161i od \u00fasko\u010dn\u00fdch \u00fast,<br \/>jaz<strong>y<\/strong>ka l\u017eiv\u00e9ho!&ldquo;<\/p>\n<p>&#8211; <sup>3<\/span><\/sup> Co za to dostane\u0161, co sklid\u00ed\u0161 n\u00e1davkem,<br \/>ty l\u017e<strong>i<\/strong>v\u00fd jazyku?<\/p>\n<p>&#8211; <sup>4<\/span><\/sup> Jen z pevn\u00e9 ruky bojovn\u00edka b\u0159itk\u00fd \u0161\u00edp,<br \/>uhl<strong>\u00ed<\/strong>ky z kru\u010dinek.<\/p>\n<p>&#8211; <sup>5<\/span><\/sup> B\u011bda, \u017ee mezi Moschy mus\u00edm p\u0159eb\u00fdvat,<br \/>ve st<strong>a<\/strong>nech kedarsk\u00fdch!<\/p>\n<p>&#8211; <sup>6<\/span><\/sup> Tak dlouho u\u017e zde pob\u00fdv\u00e1m, s\u00e1m vprost\u0159ed t\u011bch,<br \/>kdo nen<strong>\u00e1<\/strong>vid\u00ed m\u00edr!<\/p>\n<p>&#8211; <sup>7<\/span><\/sup> J\u00e1 mluv\u00edm o pokoji, o pr\u00e1vu,<br \/>a <strong>o<\/strong>ni cht\u011bj\u00ed boj.<\/p>\n","protected":false},"excerpt":{"rendered":"<p>K P\u00e1nu jsem volal, kdy\u017e jsem trp\u011bl \u00fatiskem. &#8211; 1 K P\u00e1nu jsem volal, kdy\u017e jsem trp\u011bl \u00fatiskem,a on m\u011b vysly\u0161el. &#8211; 2 &bdquo;Vysvobo\u010f, Pane, du\u0161i od \u00fasko\u010dn\u00fdch \u00fast,jazyka l\u017eiv\u00e9ho!&ldquo; &#8211; 3 Co za to dostane\u0161, co sklid\u00ed\u0161 n\u00e1davkem,ty l\u017eiv\u00fd jazyku? &#8211; 4 Jen z pevn\u00e9 ruky bojovn\u00edka b\u0159itk\u00fd \u0161\u00edp,uhl\u00edky z kru\u010dinek. &#8211; 5 B\u011bda, &#8230; <a title=\"\u017dalm 120\" class=\"read-more\" href=\"https:\/\/www.texty.santegidio.cz\/?page_id=172\" aria-label=\"More on \u017dalm 120\">Read more<\/a><\/p>\n","protected":false},"author":1,"featured_media":0,"parent":29,"menu_order":0,"comment_status":"closed","ping_status":"closed","template":"","meta":{"_uag_custom_page_level_css":"","jetpack_post_was_ever_published":false,"footnotes":""},"class_list":["post-172","page","type-page","status-publish"],"uagb_featured_image_src":{"full":false,"thumbnail":false,"medium":false,"medium_large":false,"large":false,"1536x1536":false,"2048x2048":false},"uagb_author_info":{"display_name":"Pavel","author_link":"https:\/\/www.texty.santegidio.cz\/?author=1"},"uagb_comment_info":0,"uagb_excerpt":"K P\u00e1nu jsem volal, kdy\u017e jsem trp\u011bl \u00fatiskem. &#8211; 1 K P\u00e1nu jsem volal, kdy\u017e jsem trp\u011bl \u00fatiskem,a on m\u011b vysly\u0161el. &#8211; 2 &bdquo;Vysvobo\u010f, Pane, du\u0161i od \u00fasko\u010dn\u00fdch \u00fast,jazyka l\u017eiv\u00e9ho!&ldquo; &#8211; 3 Co za to dostane\u0161, co sklid\u00ed\u0161 n\u00e1davkem,ty l\u017eiv\u00fd jazyku? &#8211; 4 Jen z pevn\u00e9 ruky bojovn\u00edka b\u0159itk\u00fd \u0161\u00edp,uhl\u00edky z kru\u010dinek. &#8211; 5 B\u011bda,&hellip;","jetpack_sharing_enabled":true,"jetpack_shortlink":"https:\/\/wp.me\/PawMsT-2M","_links":{"self":[{"href":"https:\/\/www.texty.santegidio.cz\/index.php?rest_route=\/wp\/v2\/pages\/172","targetHints":{"allow":["GET"]}}],"collection":[{"href":"https:\/\/www.texty.santegidio.cz\/index.php?rest_route=\/wp\/v2\/pages"}],"about":[{"href":"https:\/\/www.texty.santegidio.cz\/index.php?rest_route=\/wp\/v2\/types\/page"}],"author":[{"embeddable":true,"href":"https:\/\/www.texty.santegidio.cz\/index.php?rest_route=\/wp\/v2\/users\/1"}],"replies":[{"embeddable":true,"href":"https:\/\/www.texty.santegidio.cz\/index.php?rest_route=%2Fwp%2Fv2%2Fcomments&post=172"}],"version-history":[{"count":1,"href":"https:\/\/www.texty.santegidio.cz\/index.php?rest_route=\/wp\/v2\/pages\/172\/revisions"}],"predecessor-version":[{"id":1342,"href":"https:\/\/www.texty.santegidio.cz\/index.php?rest_route=\/wp\/v2\/pages\/172\/revisions\/1342"}],"up":[{"embeddable":true,"href":"https:\/\/www.texty.santegidio.cz\/index.php?rest_route=\/wp\/v2\/pages\/29"}],"wp:attachment":[{"href":"https:\/\/www.texty.santegidio.cz\/index.php?rest_route=%2Fwp%2Fv2%2Fmedia&parent=172"}],"curies":[{"name":"wp","href":"https:\/\/api.w.org\/{rel}","templated":true}]}}