{"id":170,"date":"2018-12-12T10:15:12","date_gmt":"2018-12-12T09:15:12","guid":{"rendered":"http:\/\/www.texty.santegidio.cz?page_id=170"},"modified":"2018-12-12T10:15:13","modified_gmt":"2018-12-12T09:15:13","slug":"zalm-118","status":"publish","type":"page","link":"https:\/\/www.texty.santegidio.cz\/?page_id=170","title":{"rendered":"\u017dalm 118"},"content":{"rendered":"<p>Milosrdenstv\u00ed P\u00e1na trv\u00e1 nav\u011bky.<br \/>&#8211; D\u011bkujte P\u00e1nu, \u017ee je dobrotiv\u00fd,<br \/>nav\u011bky jeho mil<strong>o<\/strong>srdenstv\u00ed!<\/p>\n<p>&#8211; <sup>2<\/span><\/sup> D\u016fm Izrael\u016fv a\u0165 jen st\u00e1le \u0159\u00edk\u00e1:<br \/>&bdquo;Nav\u011bky jeho mil<strong>o<\/strong>srdenstv\u00ed!&ldquo;<\/p>\n<p>&#8211; <sup>3<\/span><\/sup> D\u016fm \u00e1ron\u016fv a\u0165 neust\u00e1le \u0159\u00edk\u00e1:<br \/>&bdquo;Nav\u011bky jeho mil<strong>o<\/strong>srdenstv\u00ed!&ldquo;<\/p>\n<p>&#8211; <sup>4<\/span><\/sup> A\u0165 \u0159\u00edkaj\u00ed, kdo uct\u00edvaj\u00ed P\u00e1na:<br \/>&bdquo;Nav\u011bky jeho mil<strong>o<\/strong>srdenstv\u00ed!&ldquo;<\/p>\n<p>&#8211; <sup>5<\/span><\/sup> Z hlubiny sou\u017een\u00ed jsem volal k P\u00e1nu;<br \/>a P\u00e1n m\u011b vysly\u0161el a v<strong>y<\/strong>svobodil.<\/p>\n<p>&#8211; <sup>6<\/span><\/sup> Je se mnou P\u00e1n, a proto nem\u00e1m strachu:<br \/>co by mi mohli ud\u011bl<strong>a<\/strong>ti lid\u00e9?<\/p>\n<p>&#8211; <sup>7<\/span><\/sup> Je se mnou P\u00e1n, m\u00e1 pomoc neust\u00e1l\u00e1,<br \/>svrchu se d\u00edv\u00e1m na sv\u00e9 n<strong>e<\/strong>p\u0159\u00e1tele.<\/p>\n<p>&#8211; <sup>8<\/span><\/sup> Je l\u00e9pe u P\u00e1na m\u00edt \u00fato\u010di\u0161t\u011b,<br \/>ne\u017e spol\u00e9hat se na dobr<strong>o<\/strong>tu lid\u00ed.<\/p>\n<p>&#8211; <sup>9<\/span><\/sup> Je l\u00e9pe u P\u00e1na m\u00edt \u00fato\u010di\u0161t\u011b,<br \/>ne\u017e spol\u00e9hat se na ochr<strong>a<\/strong>nu mocn\u00fdch.<\/p>\n<p>&#8211; <sup>10<\/span><\/sup> Obkl\u00ed\u010dili m\u011b v\u0161ichni pohan\u00e9,<br \/>ve jm\u00e9nu P\u00e1n\u011b jsem j<strong>e<\/strong> p\u0159emohl.<\/p>\n<p>&#8211; <sup>11<\/span><\/sup> Obkl\u00ed\u010dili m\u011b v\u0161ichni ze v\u0161ech stran,<br \/>ve jm\u00e9nu P\u00e1n\u011b jsem j<strong>e<\/strong> p\u0159emohl.<\/p>\n<p>= <sup>12<\/span><\/sup> Obkl\u00ed\u010dili m\u011b jako v\u010del\u00ed roj,\u2020<br \/>jak ohe\u0148 trn\u00ed spalovali m\u011b,<br \/>ve jm\u00e9nu P\u00e1n\u011b jsem j<strong>e<\/strong> p\u0159emohl.<\/p>\n<p>&#8211; <sup>13<\/span><\/sup> Sm\u00fdkali mnou a k zemi sr\u00e1\u017eeli,<br \/>P\u00e1n p\u0159esto zachr\u00e1nil m<strong>\u011b<\/strong> p\u0159ed p\u00e1dem.<\/p>\n<p>&#8211; <sup>14<\/span><\/sup> P\u00e1n je m\u00e1 s\u00edla, on je p\u00edse\u0148 m\u00e1,<br \/>a on se tak\u00e9 stal m<strong>ou<\/strong> z\u00e1chranou.<\/p>\n<p>= <sup>15<\/span><\/sup> Hlasit\u00fd j\u00e1sot nad zachr\u00e1n\u011bn\u00edm\u2020<br \/>pod stany spravedliv\u00fdch zazn\u00edv\u00e1.<br \/>Pravice P\u00e1n\u011b m<strong>o<\/strong>cn\u011b zas\u00e1hla,<\/p>\n<p>&#8211; <sup>16<\/span><\/sup> pravice P\u00e1n\u011b pozvedla m\u011b zas,<br \/>pravice P\u00e1n\u011b m<strong>o<\/strong>cn\u011b zas\u00e1hla!<\/p>\n<p>&#8211; <sup>17<\/span><\/sup> Nezem\u0159u, n\u00fdbr\u017e budu \u017e\u00edti d\u00e1l,<br \/>o \u010dinech P\u00e1n\u011b vd<strong>\u011b<\/strong>\u010dn\u011b vypr\u00e1v\u011bt.<\/p>\n<p>&#8211; <sup>18<\/span><\/sup> Opravdu t\u011b\u017ece potrestal m\u011b P\u00e1n,<br \/>do rukou smrti v\u0161ak m<strong>\u011b<\/strong> nevydal.<\/p>\n<p>&#8211; <sup>19<\/span><\/sup> Otev\u0159te mi br\u00e1ny spravedliv\u00fdch,<br \/>projdu jimi P<strong>\u00e1<\/strong>nu d\u00edky vzd\u00e1t!<\/p>\n<p>&#8211; <sup>20<\/span><\/sup> Zde se otv\u00edr\u00e1 ta br\u00e1na P\u00e1n\u011b,<br \/>tudy spravedl<strong>i<\/strong>v\u00ed vch\u00e1zej\u00ed.<\/p>\n<p>&#8211; <sup>21<\/span><\/sup> D\u00edk ti slo\u017e\u00edm za tv\u00e9 vysly\u0161en\u00ed,<br \/>\u017ee jsem v tob\u011b d<strong>o<\/strong>\u0161el z\u00e1chrany.<\/p>\n<p>&#8211; <sup>22<\/span><\/sup> K\u00e1men zavr\u017een\u00fd staviteli<br \/>stal se n\u00e1hle kv<strong>\u00e1<\/strong>drem n\u00e1ro\u017en\u00edm.<\/p>\n<p>&#8211; <sup>23<\/span><\/sup> To se ud\u00e1lo jen z moci P\u00e1n\u011b,<br \/>z\u00e1zrak p\u0159ed na\u0161<strong>i<\/strong>ma o\u010dima.<\/p>\n<p>&#8211; <sup>24<\/span><\/sup> Toto je den zp\u016fsoben\u00fd P\u00e1nem,<br \/>j\u00e1sav\u011b se z n<strong>\u011b<\/strong>ho radujme!<\/p>\n<p>&#8211; <sup>25<\/span><\/sup> Sly\u0161 n\u00e1s, Pane, bu\u010f n\u00e1m pomocn\u00edkem!<br \/>Sly\u0161 n\u00e1s, Pane, a\u0165 n<strong>\u00e1<\/strong>m p\u0159eje zdar!<\/p>\n<p>&#8211; <sup>26<\/span><\/sup> &bdquo;Po\u017eehn\u00e1n, kdo vch\u00e1z\u00ed jm\u00e9nem P\u00e1n\u011b!<br \/>My v\u00e1m z domu P<strong>\u00e1<\/strong>n\u011b \u017eehn\u00e1me!&ldquo;<\/p>\n<p>= <sup>27<\/span><\/sup> P\u00e1n je B\u016fh! To on n\u00e1m d\u00e1v\u00e1 sv\u011btlo!\u2020<br \/>Se\u0159a\u010fte se v pr\u016fvod s ratolestmi,<br \/>vedouc\u00ed a\u017e k r<strong>o<\/strong>h\u016fm olt\u00e1\u0159e!<\/p>\n<p>&#8211; <sup>28<\/span><\/sup> Jsi m\u016fj B\u016fh a j\u00e1 ti vzd\u00e1v\u00e1m d\u00edky,<br \/>tebe, sv\u00e9ho B<strong>o<\/strong>ha, veleb\u00edm.<\/p>\n<p>&#8211; <sup>29<\/span><\/sup> D\u011bkujte P\u00e1nu, \u017ee je dobrotiv\u00fd,<br \/>nav\u011bky jeho mil<strong>o<\/strong>srdenstv\u00ed!<\/p>\n","protected":false},"excerpt":{"rendered":"<p>Milosrdenstv\u00ed P\u00e1na trv\u00e1 nav\u011bky.&#8211; D\u011bkujte P\u00e1nu, \u017ee je dobrotiv\u00fd,nav\u011bky jeho milosrdenstv\u00ed! &#8211; 2 D\u016fm Izrael\u016fv a\u0165 jen st\u00e1le \u0159\u00edk\u00e1:&bdquo;Nav\u011bky jeho milosrdenstv\u00ed!&ldquo; &#8211; 3 D\u016fm \u00e1ron\u016fv a\u0165 neust\u00e1le \u0159\u00edk\u00e1:&bdquo;Nav\u011bky jeho milosrdenstv\u00ed!&ldquo; &#8211; 4 A\u0165 \u0159\u00edkaj\u00ed, kdo uct\u00edvaj\u00ed P\u00e1na:&bdquo;Nav\u011bky jeho milosrdenstv\u00ed!&ldquo; &#8211; 5 Z hlubiny sou\u017een\u00ed jsem volal k P\u00e1nu;a P\u00e1n m\u011b vysly\u0161el a vysvobodil. &#8211; 6 &#8230; <a title=\"\u017dalm 118\" class=\"read-more\" href=\"https:\/\/www.texty.santegidio.cz\/?page_id=170\" aria-label=\"More on \u017dalm 118\">Read more<\/a><\/p>\n","protected":false},"author":1,"featured_media":0,"parent":29,"menu_order":0,"comment_status":"closed","ping_status":"closed","template":"","meta":{"_uag_custom_page_level_css":"","jetpack_post_was_ever_published":false,"footnotes":""},"class_list":["post-170","page","type-page","status-publish"],"uagb_featured_image_src":{"full":false,"thumbnail":false,"medium":false,"medium_large":false,"large":false,"1536x1536":false,"2048x2048":false},"uagb_author_info":{"display_name":"Pavel","author_link":"https:\/\/www.texty.santegidio.cz\/?author=1"},"uagb_comment_info":0,"uagb_excerpt":"Milosrdenstv\u00ed P\u00e1na trv\u00e1 nav\u011bky.&#8211; D\u011bkujte P\u00e1nu, \u017ee je dobrotiv\u00fd,nav\u011bky jeho milosrdenstv\u00ed! &#8211; 2 D\u016fm Izrael\u016fv a\u0165 jen st\u00e1le \u0159\u00edk\u00e1:&bdquo;Nav\u011bky jeho milosrdenstv\u00ed!&ldquo; &#8211; 3 D\u016fm \u00e1ron\u016fv a\u0165 neust\u00e1le \u0159\u00edk\u00e1:&bdquo;Nav\u011bky jeho milosrdenstv\u00ed!&ldquo; &#8211; 4 A\u0165 \u0159\u00edkaj\u00ed, kdo uct\u00edvaj\u00ed P\u00e1na:&bdquo;Nav\u011bky jeho milosrdenstv\u00ed!&ldquo; &#8211; 5 Z hlubiny sou\u017een\u00ed jsem volal k P\u00e1nu;a P\u00e1n m\u011b vysly\u0161el a vysvobodil. &#8211; 6&hellip;","jetpack_sharing_enabled":true,"jetpack_shortlink":"https:\/\/wp.me\/PawMsT-2K","_links":{"self":[{"href":"https:\/\/www.texty.santegidio.cz\/index.php?rest_route=\/wp\/v2\/pages\/170","targetHints":{"allow":["GET"]}}],"collection":[{"href":"https:\/\/www.texty.santegidio.cz\/index.php?rest_route=\/wp\/v2\/pages"}],"about":[{"href":"https:\/\/www.texty.santegidio.cz\/index.php?rest_route=\/wp\/v2\/types\/page"}],"author":[{"embeddable":true,"href":"https:\/\/www.texty.santegidio.cz\/index.php?rest_route=\/wp\/v2\/users\/1"}],"replies":[{"embeddable":true,"href":"https:\/\/www.texty.santegidio.cz\/index.php?rest_route=%2Fwp%2Fv2%2Fcomments&post=170"}],"version-history":[{"count":1,"href":"https:\/\/www.texty.santegidio.cz\/index.php?rest_route=\/wp\/v2\/pages\/170\/revisions"}],"predecessor-version":[{"id":1340,"href":"https:\/\/www.texty.santegidio.cz\/index.php?rest_route=\/wp\/v2\/pages\/170\/revisions\/1340"}],"up":[{"embeddable":true,"href":"https:\/\/www.texty.santegidio.cz\/index.php?rest_route=\/wp\/v2\/pages\/29"}],"wp:attachment":[{"href":"https:\/\/www.texty.santegidio.cz\/index.php?rest_route=%2Fwp%2Fv2%2Fmedia&parent=170"}],"curies":[{"name":"wp","href":"https:\/\/api.w.org\/{rel}","templated":true}]}}