{"id":169,"date":"2018-12-12T10:15:12","date_gmt":"2018-12-12T09:15:12","guid":{"rendered":"http:\/\/www.texty.santegidio.cz?page_id=169"},"modified":"2018-12-12T10:15:13","modified_gmt":"2018-12-12T09:15:13","slug":"zalm-117","status":"publish","type":"page","link":"https:\/\/www.texty.santegidio.cz\/?page_id=169","title":{"rendered":"\u017dalm 117"},"content":{"rendered":"<p>Velebte P\u00e1na, n\u00e1rody v\u0161echny.<br \/>&#8211; Velebte P\u00e1na,<br \/>slavte ho, v\u0161<strong>e<\/strong>chny n\u00e1rody!<\/p>\n<p>&#8211; <sup>2<\/span><\/sup> Nad n\u00e1mi mocn\u00e1 jeho milost<br \/>a v\u011brnost P<strong>\u00e1<\/strong>n\u011b nav\u011bky.<\/p>\n","protected":false},"excerpt":{"rendered":"<p>Velebte P\u00e1na, n\u00e1rody v\u0161echny.&#8211; Velebte P\u00e1na,slavte ho, v\u0161echny n\u00e1rody! &#8211; 2 Nad n\u00e1mi mocn\u00e1 jeho milosta v\u011brnost P\u00e1n\u011b nav\u011bky.<\/p>\n","protected":false},"author":1,"featured_media":0,"parent":29,"menu_order":0,"comment_status":"closed","ping_status":"closed","template":"","meta":{"_uag_custom_page_level_css":"","jetpack_post_was_ever_published":false,"footnotes":""},"class_list":["post-169","page","type-page","status-publish"],"uagb_featured_image_src":{"full":false,"thumbnail":false,"medium":false,"medium_large":false,"large":false,"1536x1536":false,"2048x2048":false},"uagb_author_info":{"display_name":"Pavel","author_link":"https:\/\/www.texty.santegidio.cz\/?author=1"},"uagb_comment_info":0,"uagb_excerpt":"Velebte P\u00e1na, n\u00e1rody v\u0161echny.&#8211; Velebte P\u00e1na,slavte ho, v\u0161echny n\u00e1rody! &#8211; 2 Nad n\u00e1mi mocn\u00e1 jeho milosta v\u011brnost P\u00e1n\u011b nav\u011bky.","jetpack_sharing_enabled":true,"jetpack_shortlink":"https:\/\/wp.me\/PawMsT-2J","_links":{"self":[{"href":"https:\/\/www.texty.santegidio.cz\/index.php?rest_route=\/wp\/v2\/pages\/169","targetHints":{"allow":["GET"]}}],"collection":[{"href":"https:\/\/www.texty.santegidio.cz\/index.php?rest_route=\/wp\/v2\/pages"}],"about":[{"href":"https:\/\/www.texty.santegidio.cz\/index.php?rest_route=\/wp\/v2\/types\/page"}],"author":[{"embeddable":true,"href":"https:\/\/www.texty.santegidio.cz\/index.php?rest_route=\/wp\/v2\/users\/1"}],"replies":[{"embeddable":true,"href":"https:\/\/www.texty.santegidio.cz\/index.php?rest_route=%2Fwp%2Fv2%2Fcomments&post=169"}],"version-history":[{"count":1,"href":"https:\/\/www.texty.santegidio.cz\/index.php?rest_route=\/wp\/v2\/pages\/169\/revisions"}],"predecessor-version":[{"id":1339,"href":"https:\/\/www.texty.santegidio.cz\/index.php?rest_route=\/wp\/v2\/pages\/169\/revisions\/1339"}],"up":[{"embeddable":true,"href":"https:\/\/www.texty.santegidio.cz\/index.php?rest_route=\/wp\/v2\/pages\/29"}],"wp:attachment":[{"href":"https:\/\/www.texty.santegidio.cz\/index.php?rest_route=%2Fwp%2Fv2%2Fmedia&parent=169"}],"curies":[{"name":"wp","href":"https:\/\/api.w.org\/{rel}","templated":true}]}}