{"id":168,"date":"2018-12-12T10:15:12","date_gmt":"2018-12-12T09:15:12","guid":{"rendered":"http:\/\/www.texty.santegidio.cz?page_id=168"},"modified":"2018-12-12T10:15:13","modified_gmt":"2018-12-12T09:15:13","slug":"zalm-116","status":"publish","type":"page","link":"https:\/\/www.texty.santegidio.cz\/?page_id=168","title":{"rendered":"\u017dalm 116"},"content":{"rendered":"<p>P\u00e1n vytrhl m\u016fj \u017eivot ze smrti.<\/p>\n<p>&#8211; <sup>1<\/span><\/sup> Miluji P\u00e1na: usly\u0161el<br \/>m\u00e9 nal\u00e9h<strong>a<\/strong>v\u00e9 vol\u00e1n\u00ed.<\/p>\n<p>&#8211; <sup>2<\/span><\/sup> On ke mn\u011b ucho naklonil<br \/>v den, kdy jsem v<strong>o<\/strong>lal o pomoc.<\/p>\n<p>= <sup>3<\/span><\/sup> Provazy smrti omot\u00e1n,\u2020<br \/>v osidla temnot zapleten,<br \/>tonul jsem v m<strong>u<\/strong>k\u00e1ch \u00fazkosti.<\/p>\n<p>&#8211; <sup>4<\/span><\/sup> Tu jm\u00e9no P\u00e1n\u011b vz\u00fdval jsem:<br \/>&bdquo;Zachra\u0148 mi \u017e<strong>i<\/strong>vot, Pane m\u016fj!&ldquo;<\/p>\n<p>&#8211; <sup>5<\/span><\/sup> Je vl\u00eddn\u00fd P\u00e1n, je spravedliv,<br \/>on je n\u00e1\u0161 mil<strong>o<\/strong>srdn\u00fd B\u016fh.<\/p>\n<p>&#8211; <sup>6<\/span><\/sup> On v\u017edycky prost\u00e9 ochr\u00e1n\u00ed,<br \/>v m\u00e9 slabosti m<strong>i<\/strong> pomohl.<\/p>\n<p>&#8211; <sup>7<\/span><\/sup> U\u017e se, m\u00e1 du\u0161e, upokoj,<br \/>kdy\u017e P\u00e1n t\u011b d<strong>o<\/strong>brem obda\u0159il,<\/p>\n<p>&#8211; <sup>8<\/span><\/sup> vytrhl \u017eivot ze smrti,<br \/>zrak ze slz, n<strong>o<\/strong>hy z p\u00e1du v\u010das.<\/p>\n<p>&#8211; <sup>9<\/span><\/sup> Te\u010f budu kr\u00e1\u010det p\u0159ed P\u00e1nem,<br \/>te\u010f zem\u00ed \u017e<strong>i<\/strong>v\u00fdch p\u016fjdu d\u00e1l.<\/p>\n<p>&#8211; <sup>10<\/span><\/sup> V\u011b\u0159il jsem, proto sm\u00edm te\u010f \u0159\u00edci:<br \/>&bdquo;Velice byl js<strong>e<\/strong>m pon\u00ed\u017een!<\/p>\n<p>&#8211; <sup>11<\/span><\/sup> S \u00fazkost\u00ed jsem si \u0159\u00edkal v duchu:<br \/>V\u011bru je k<strong>a<\/strong>\u017ed\u00fd \u010dlov\u011bk lh\u00e1\u0159!&ldquo;<\/p>\n<p>&#8211; <sup>12<\/span><\/sup> \u010c\u00edm nyn\u00ed odvd\u011b\u010d\u00edm se P\u00e1nu<br \/>za v\u0161echno, co m<strong>i<\/strong> prok\u00e1zal?<\/p>\n<p>&#8211; <sup>13<\/span><\/sup> Do rukou vezmu kalich sp\u00e1sy<br \/>a jm\u00e9no P<strong>\u00e1<\/strong>n\u011b oslav\u00edm.<\/p>\n<p>&#8211; <sup>14<\/span><\/sup> Vypln\u00edm sliby dan\u00e9 P\u00e1nu<br \/>p\u0159ed jeho l<strong>i<\/strong>dem ve\u0161ker\u00fdm.<\/p>\n<p>&#8211; <sup>15<\/span><\/sup> P\u0159\u00edli\u0161 je drah\u00e1 v o\u010d\u00edch P\u00e1n\u011b<br \/>smrt t\u011bch, kdo jsou m<strong>u<\/strong> odd\u00e1ni.<\/p>\n<p>= <sup>16<\/span><\/sup> &Oacute; Pane, jsem tv\u016fj v\u011brn\u00fd sluha,\u2020<br \/>tv\u016fj sluha, syn tv\u00e9 slu\u017eebnice,<br \/>tys moje p<strong>ou<\/strong>ta rozv\u00e1zal.<\/p>\n<p>&#8211; <sup>17<\/span><\/sup> D\u011bkovnou ob\u011b\u0165 p\u0159inesu ti<br \/>a jm\u00e9no P<strong>\u00e1<\/strong>n\u011b vz\u00fdvat chci.<\/p>\n<p>&#8211; <sup>18<\/span><\/sup> Vypln\u00edm sliby dan\u00e9 P\u00e1nu<br \/>p\u0159ed jeho l<strong>i<\/strong>dem ve\u0161ker\u00fdm,<\/p>\n<p>&#8211; <sup>19<\/span><\/sup> zde, na n\u00e1dvo\u0159\u00ed domu P\u00e1n\u011b,<br \/>v tv\u00e9m st\u0159edu, Jer<strong>u<\/strong>zal\u00e9me.<\/p>\n","protected":false},"excerpt":{"rendered":"<p>P\u00e1n vytrhl m\u016fj \u017eivot ze smrti. &#8211; 1 Miluji P\u00e1na: usly\u0161elm\u00e9 nal\u00e9hav\u00e9 vol\u00e1n\u00ed. &#8211; 2 On ke mn\u011b ucho naklonilv den, kdy jsem volal o pomoc. = 3 Provazy smrti omot\u00e1n,\u2020v osidla temnot zapleten,tonul jsem v muk\u00e1ch \u00fazkosti. &#8211; 4 Tu jm\u00e9no P\u00e1n\u011b vz\u00fdval jsem:&bdquo;Zachra\u0148 mi \u017eivot, Pane m\u016fj!&ldquo; &#8211; 5 Je vl\u00eddn\u00fd P\u00e1n, je &#8230; <a title=\"\u017dalm 116\" class=\"read-more\" href=\"https:\/\/www.texty.santegidio.cz\/?page_id=168\" aria-label=\"More on \u017dalm 116\">Read more<\/a><\/p>\n","protected":false},"author":1,"featured_media":0,"parent":29,"menu_order":0,"comment_status":"closed","ping_status":"closed","template":"","meta":{"_uag_custom_page_level_css":"","jetpack_post_was_ever_published":false,"footnotes":""},"class_list":["post-168","page","type-page","status-publish"],"uagb_featured_image_src":{"full":false,"thumbnail":false,"medium":false,"medium_large":false,"large":false,"1536x1536":false,"2048x2048":false},"uagb_author_info":{"display_name":"Pavel","author_link":"https:\/\/www.texty.santegidio.cz\/?author=1"},"uagb_comment_info":0,"uagb_excerpt":"P\u00e1n vytrhl m\u016fj \u017eivot ze smrti. &#8211; 1 Miluji P\u00e1na: usly\u0161elm\u00e9 nal\u00e9hav\u00e9 vol\u00e1n\u00ed. &#8211; 2 On ke mn\u011b ucho naklonilv den, kdy jsem volal o pomoc. = 3 Provazy smrti omot\u00e1n,\u2020v osidla temnot zapleten,tonul jsem v muk\u00e1ch \u00fazkosti. &#8211; 4 Tu jm\u00e9no P\u00e1n\u011b vz\u00fdval jsem:&bdquo;Zachra\u0148 mi \u017eivot, Pane m\u016fj!&ldquo; &#8211; 5 Je vl\u00eddn\u00fd P\u00e1n, je&hellip;","jetpack_sharing_enabled":true,"jetpack_shortlink":"https:\/\/wp.me\/PawMsT-2I","_links":{"self":[{"href":"https:\/\/www.texty.santegidio.cz\/index.php?rest_route=\/wp\/v2\/pages\/168","targetHints":{"allow":["GET"]}}],"collection":[{"href":"https:\/\/www.texty.santegidio.cz\/index.php?rest_route=\/wp\/v2\/pages"}],"about":[{"href":"https:\/\/www.texty.santegidio.cz\/index.php?rest_route=\/wp\/v2\/types\/page"}],"author":[{"embeddable":true,"href":"https:\/\/www.texty.santegidio.cz\/index.php?rest_route=\/wp\/v2\/users\/1"}],"replies":[{"embeddable":true,"href":"https:\/\/www.texty.santegidio.cz\/index.php?rest_route=%2Fwp%2Fv2%2Fcomments&post=168"}],"version-history":[{"count":1,"href":"https:\/\/www.texty.santegidio.cz\/index.php?rest_route=\/wp\/v2\/pages\/168\/revisions"}],"predecessor-version":[{"id":1338,"href":"https:\/\/www.texty.santegidio.cz\/index.php?rest_route=\/wp\/v2\/pages\/168\/revisions\/1338"}],"up":[{"embeddable":true,"href":"https:\/\/www.texty.santegidio.cz\/index.php?rest_route=\/wp\/v2\/pages\/29"}],"wp:attachment":[{"href":"https:\/\/www.texty.santegidio.cz\/index.php?rest_route=%2Fwp%2Fv2%2Fmedia&parent=168"}],"curies":[{"name":"wp","href":"https:\/\/api.w.org\/{rel}","templated":true}]}}