{"id":167,"date":"2018-12-12T10:15:12","date_gmt":"2018-12-12T09:15:12","guid":{"rendered":"http:\/\/www.texty.santegidio.cz?page_id=167"},"modified":"2018-12-12T10:15:13","modified_gmt":"2018-12-12T09:15:13","slug":"zalm-115","status":"publish","type":"page","link":"https:\/\/www.texty.santegidio.cz\/?page_id=167","title":{"rendered":"\u017dalm 115"},"content":{"rendered":"<p>Kdo P\u00e1na ct\u00ed, a\u0165 v&nbsp;n\u011bho doufaj\u00ed.<\/p>\n<p>= <sup>1<\/span><\/sup> Nikoli n\u00e1m, Pane, nikoli n\u00e1m,\u2020<br \/>jen sv\u00e9mu jm\u00e9nu zjednej sl\u00e1vu<br \/>pro svoji l\u00e1sku, pr<strong>o<\/strong> svou v\u011brnost!<\/p>\n<p>&#8211; <sup>2<\/span><\/sup> Pro\u010d by si m\u011bli pohan\u00e9 \u0159\u00edkat:<br \/>&bdquo;Kde vlastn\u011b je t<strong>e<\/strong>n jejich B\u016fh?&ldquo;<\/p>\n<p>&#8211; <sup>3<\/span><\/sup> B\u016fh n\u00e1\u0161, ten s\u00eddl\u00ed na nebes\u00edch,<br \/>co se mu zl\u00edb\u00ed, t<strong>o<\/strong> u\u010din\u00ed.<\/p>\n<p>&#8211; <sup>4<\/span><\/sup> Jejich modly jsou st\u0159\u00edbro a zlato,<br \/>lidsk\u00fdma ruk<strong>a<\/strong>ma ztv\u00e1\u0159en\u00e9.<\/p>\n<p>&#8211; <sup>5<\/span><\/sup> \u00fasta maj\u00ed, a nemohou mluvit,<br \/>o\u010di maj\u00ed, <strong>a<\/strong> nevid\u00ed,<\/p>\n<p>&#8211; <sup>6<\/span><\/sup> u\u0161i maj\u00ed, a nemohou sly\u0161et,<br \/>nozdry maj\u00ed, a ch<strong>y<\/strong>b\u00ed jim \u010dich.<\/p>\n<p>= <sup>7<\/span><\/sup> Ruce maj\u00ed, a nehmataj\u00ed,\u2020<br \/>nohy maj\u00ed, a nechod\u00ed,<br \/>a z hrdla nev<strong>y<\/strong>daj\u00ed hlas.<\/p>\n<p>&#8211; <sup>8<\/span><\/sup> Jim a\u0165 jsou podobni ti, kdo je tvo\u0159\u00ed,<br \/>v\u0161ichni, kdo v m<strong>o<\/strong>dly doufaj\u00ed!<\/p>\n<p>&#8211; <sup>9<\/span><\/sup> Izrael v\u0161ak a\u0165 douf\u00e1 v P\u00e1na,<br \/>on je mu pom<strong>o<\/strong>cn\u00edk a \u0161t\u00edt.<\/p>\n<p>&#8211; <sup>10<\/span><\/sup> \u00e1ron\u016fv d\u016fm a\u0165 douf\u00e1 v P\u00e1na,<br \/>on je mu pom<strong>o<\/strong>cn\u00edk a \u0161t\u00edt.<\/p>\n<p>&#8211; <sup>11<\/span><\/sup> Kdo P\u00e1na ct\u00ed, a\u0165 doufaj\u00ed v P\u00e1na,<br \/>on je jim pom<strong>o<\/strong>cn\u00edk a \u0161t\u00edt.<\/p>\n<p>= <sup>12<\/span><\/sup> P\u00e1n je n\u00e1s pam\u011btliv, \u017eehn\u00e1 n\u00e1m.\u2020<br \/>A\u0165 \u017eehn\u00e1 domu Izraele,<br \/>a\u0165 \u017eehn\u00e1 domu <strong>\u00e1<\/strong>ronovu!<\/p>\n<p>&#8211; <sup>13<\/span><\/sup> A\u0165 \u017eehn\u00e1 t\u011bm, kdo P\u00e1na ct\u00ed,<br \/>stejn\u011b tak mal\u00fdm j<strong>a<\/strong>ko velk\u00fdm!<\/p>\n<p>&#8211; <sup>14<\/span><\/sup> P\u00e1n a\u0165 jen rozmno\u017e\u00ed v\u00e1\u0161 rod<br \/>ve v\u00e1s i d\u00e1le ve v<strong>a<\/strong>\u0161ich synech!<\/p>\n<p>&#8211; <sup>15<\/span><\/sup> \u017dehn\u00e1ni bu\u010fte od P\u00e1na,<br \/>kter\u00fd u\u010dinil n<strong>e<\/strong>be i zemi.<\/p>\n<p>&#8211; <sup>16<\/span><\/sup> Nebe je nebem P\u00e1nov\u00fdm,<br \/>av\u0161ak zemi dal d<strong>\u011b<\/strong>tem lidsk\u00fdm.<\/p>\n<p>&#8211; <sup>17<\/span><\/sup> Nemohou mrtv\u00ed P\u00e1na ct\u00edt,<br \/>\u017e\u00e1dn\u00fd z t\u011bch, kdo v podsv<strong>\u011b<\/strong>t\u00ed se\u0161li.<\/p>\n<p>&#8211; <sup>18<\/span><\/sup> My chcem v\u0161ak P\u00e1na velebit<br \/>jak nyn\u00ed, tak a\u017e d<strong>o<\/strong> v\u011b\u010dnosti.<\/p>\n","protected":false},"excerpt":{"rendered":"<p>Kdo P\u00e1na ct\u00ed, a\u0165 v&nbsp;n\u011bho doufaj\u00ed. = 1 Nikoli n\u00e1m, Pane, nikoli n\u00e1m,\u2020jen sv\u00e9mu jm\u00e9nu zjednej sl\u00e1vupro svoji l\u00e1sku, pro svou v\u011brnost! &#8211; 2 Pro\u010d by si m\u011bli pohan\u00e9 \u0159\u00edkat:&bdquo;Kde vlastn\u011b je ten jejich B\u016fh?&ldquo; &#8211; 3 B\u016fh n\u00e1\u0161, ten s\u00eddl\u00ed na nebes\u00edch,co se mu zl\u00edb\u00ed, to u\u010din\u00ed. &#8211; 4 Jejich modly jsou st\u0159\u00edbro a &#8230; <a title=\"\u017dalm 115\" class=\"read-more\" href=\"https:\/\/www.texty.santegidio.cz\/?page_id=167\" aria-label=\"More on \u017dalm 115\">Read more<\/a><\/p>\n","protected":false},"author":1,"featured_media":0,"parent":29,"menu_order":0,"comment_status":"closed","ping_status":"closed","template":"","meta":{"_uag_custom_page_level_css":"","jetpack_post_was_ever_published":false,"footnotes":""},"class_list":["post-167","page","type-page","status-publish"],"uagb_featured_image_src":{"full":false,"thumbnail":false,"medium":false,"medium_large":false,"large":false,"1536x1536":false,"2048x2048":false},"uagb_author_info":{"display_name":"Pavel","author_link":"https:\/\/www.texty.santegidio.cz\/?author=1"},"uagb_comment_info":0,"uagb_excerpt":"Kdo P\u00e1na ct\u00ed, a\u0165 v&nbsp;n\u011bho doufaj\u00ed. = 1 Nikoli n\u00e1m, Pane, nikoli n\u00e1m,\u2020jen sv\u00e9mu jm\u00e9nu zjednej sl\u00e1vupro svoji l\u00e1sku, pro svou v\u011brnost! &#8211; 2 Pro\u010d by si m\u011bli pohan\u00e9 \u0159\u00edkat:&bdquo;Kde vlastn\u011b je ten jejich B\u016fh?&ldquo; &#8211; 3 B\u016fh n\u00e1\u0161, ten s\u00eddl\u00ed na nebes\u00edch,co se mu zl\u00edb\u00ed, to u\u010din\u00ed. &#8211; 4 Jejich modly jsou st\u0159\u00edbro a&hellip;","jetpack_sharing_enabled":true,"jetpack_shortlink":"https:\/\/wp.me\/PawMsT-2H","_links":{"self":[{"href":"https:\/\/www.texty.santegidio.cz\/index.php?rest_route=\/wp\/v2\/pages\/167","targetHints":{"allow":["GET"]}}],"collection":[{"href":"https:\/\/www.texty.santegidio.cz\/index.php?rest_route=\/wp\/v2\/pages"}],"about":[{"href":"https:\/\/www.texty.santegidio.cz\/index.php?rest_route=\/wp\/v2\/types\/page"}],"author":[{"embeddable":true,"href":"https:\/\/www.texty.santegidio.cz\/index.php?rest_route=\/wp\/v2\/users\/1"}],"replies":[{"embeddable":true,"href":"https:\/\/www.texty.santegidio.cz\/index.php?rest_route=%2Fwp%2Fv2%2Fcomments&post=167"}],"version-history":[{"count":1,"href":"https:\/\/www.texty.santegidio.cz\/index.php?rest_route=\/wp\/v2\/pages\/167\/revisions"}],"predecessor-version":[{"id":1337,"href":"https:\/\/www.texty.santegidio.cz\/index.php?rest_route=\/wp\/v2\/pages\/167\/revisions\/1337"}],"up":[{"embeddable":true,"href":"https:\/\/www.texty.santegidio.cz\/index.php?rest_route=\/wp\/v2\/pages\/29"}],"wp:attachment":[{"href":"https:\/\/www.texty.santegidio.cz\/index.php?rest_route=%2Fwp%2Fv2%2Fmedia&parent=167"}],"curies":[{"name":"wp","href":"https:\/\/api.w.org\/{rel}","templated":true}]}}