{"id":166,"date":"2018-12-12T10:15:12","date_gmt":"2018-12-12T09:15:12","guid":{"rendered":"http:\/\/www.texty.santegidio.cz?page_id=166"},"modified":"2018-12-12T10:15:13","modified_gmt":"2018-12-12T09:15:13","slug":"zalm-114","status":"publish","type":"page","link":"https:\/\/www.texty.santegidio.cz\/?page_id=166","title":{"rendered":"\u017dalm 114"},"content":{"rendered":"<p>Zachv\u011bj se, zem\u011b, p\u0159ed tv\u00e1\u0159\u00ed P\u00e1n\u011b.<br \/>&#8211; Kdy\u017e vy\u0161el Izrael z egyptsk\u00e9 zem\u011b,<br \/>J\u00e1kob\u016fv rod z l<strong>i<\/strong>du ciz\u00edho,<\/p>\n<p>&#8211; <sup>2<\/span><\/sup> stal se jeho svatyn\u00ed Juda,<br \/>Izrael j<strong>e<\/strong>ho kr\u00e1lovstv\u00edm.<\/p>\n<p>&#8211; <sup>3<\/span><\/sup> Mo\u0159e to vid\u011blo a prchlo,<br \/>Jord\u00e1n obr\u00e1til zp<strong>\u00e1<\/strong>tky sv\u016fj tok.<\/p>\n<p>&#8211; <sup>4<\/span><\/sup> Hory jak berani poskakovaly,<br \/>pahorky j<strong>a<\/strong>ko jeh\u0148ata.<\/p>\n<p>&#8211; <sup>5<\/span><\/sup> Co je ti, mo\u0159e, \u017ee tak prch\u00e1\u0161?<br \/>Pro\u010d se, Jord\u00e1ne, <strong>o<\/strong>brac\u00ed\u0161 zp\u011bt?<\/p>\n<p>&#8211; <sup>6<\/span><\/sup> Pro\u010d vy jak berani sk\u00e1\u010dete, hory,<br \/>pahorky, pro\u010d vy j<strong>a<\/strong>k jeh\u0148ata?<\/p>\n<p>&#8211; <sup>7<\/span><\/sup> Zachv\u011bj se, zem\u011b, p\u0159ed tv\u00e1\u0159\u00ed P\u00e1n\u011b,<br \/>p\u0159ed tv\u00e1\u0159\u00ed Boha J<strong>\u00e1<\/strong>kobova!<\/p>\n<p>&#8211; <sup>8<\/span><\/sup> V jezern\u00ed ba\u017einu prom\u011bn\u00ed sk\u00e1lu,<br \/>k\u0159emen ve v<strong>o<\/strong>dn\u00ed pram\u00ednek.<\/p>\n","protected":false},"excerpt":{"rendered":"<p>Zachv\u011bj se, zem\u011b, p\u0159ed tv\u00e1\u0159\u00ed P\u00e1n\u011b.&#8211; Kdy\u017e vy\u0161el Izrael z egyptsk\u00e9 zem\u011b,J\u00e1kob\u016fv rod z lidu ciz\u00edho, &#8211; 2 stal se jeho svatyn\u00ed Juda,Izrael jeho kr\u00e1lovstv\u00edm. &#8211; 3 Mo\u0159e to vid\u011blo a prchlo,Jord\u00e1n obr\u00e1til zp\u00e1tky sv\u016fj tok. &#8211; 4 Hory jak berani poskakovaly,pahorky jako jeh\u0148ata. &#8211; 5 Co je ti, mo\u0159e, \u017ee tak prch\u00e1\u0161?Pro\u010d se, Jord\u00e1ne, &#8230; <a title=\"\u017dalm 114\" class=\"read-more\" href=\"https:\/\/www.texty.santegidio.cz\/?page_id=166\" aria-label=\"More on \u017dalm 114\">Read more<\/a><\/p>\n","protected":false},"author":1,"featured_media":0,"parent":29,"menu_order":0,"comment_status":"closed","ping_status":"closed","template":"","meta":{"_uag_custom_page_level_css":"","jetpack_post_was_ever_published":false,"footnotes":""},"class_list":["post-166","page","type-page","status-publish"],"uagb_featured_image_src":{"full":false,"thumbnail":false,"medium":false,"medium_large":false,"large":false,"1536x1536":false,"2048x2048":false},"uagb_author_info":{"display_name":"Pavel","author_link":"https:\/\/www.texty.santegidio.cz\/?author=1"},"uagb_comment_info":0,"uagb_excerpt":"Zachv\u011bj se, zem\u011b, p\u0159ed tv\u00e1\u0159\u00ed P\u00e1n\u011b.&#8211; Kdy\u017e vy\u0161el Izrael z egyptsk\u00e9 zem\u011b,J\u00e1kob\u016fv rod z lidu ciz\u00edho, &#8211; 2 stal se jeho svatyn\u00ed Juda,Izrael jeho kr\u00e1lovstv\u00edm. &#8211; 3 Mo\u0159e to vid\u011blo a prchlo,Jord\u00e1n obr\u00e1til zp\u00e1tky sv\u016fj tok. &#8211; 4 Hory jak berani poskakovaly,pahorky jako jeh\u0148ata. &#8211; 5 Co je ti, mo\u0159e, \u017ee tak prch\u00e1\u0161?Pro\u010d se, Jord\u00e1ne,&hellip;","jetpack_sharing_enabled":true,"jetpack_shortlink":"https:\/\/wp.me\/PawMsT-2G","_links":{"self":[{"href":"https:\/\/www.texty.santegidio.cz\/index.php?rest_route=\/wp\/v2\/pages\/166","targetHints":{"allow":["GET"]}}],"collection":[{"href":"https:\/\/www.texty.santegidio.cz\/index.php?rest_route=\/wp\/v2\/pages"}],"about":[{"href":"https:\/\/www.texty.santegidio.cz\/index.php?rest_route=\/wp\/v2\/types\/page"}],"author":[{"embeddable":true,"href":"https:\/\/www.texty.santegidio.cz\/index.php?rest_route=\/wp\/v2\/users\/1"}],"replies":[{"embeddable":true,"href":"https:\/\/www.texty.santegidio.cz\/index.php?rest_route=%2Fwp%2Fv2%2Fcomments&post=166"}],"version-history":[{"count":1,"href":"https:\/\/www.texty.santegidio.cz\/index.php?rest_route=\/wp\/v2\/pages\/166\/revisions"}],"predecessor-version":[{"id":1336,"href":"https:\/\/www.texty.santegidio.cz\/index.php?rest_route=\/wp\/v2\/pages\/166\/revisions\/1336"}],"up":[{"embeddable":true,"href":"https:\/\/www.texty.santegidio.cz\/index.php?rest_route=\/wp\/v2\/pages\/29"}],"wp:attachment":[{"href":"https:\/\/www.texty.santegidio.cz\/index.php?rest_route=%2Fwp%2Fv2%2Fmedia&parent=166"}],"curies":[{"name":"wp","href":"https:\/\/api.w.org\/{rel}","templated":true}]}}