{"id":165,"date":"2018-12-12T10:15:12","date_gmt":"2018-12-12T09:15:12","guid":{"rendered":"http:\/\/www.texty.santegidio.cz?page_id=165"},"modified":"2018-12-12T10:15:13","modified_gmt":"2018-12-12T09:15:13","slug":"zalm-113","status":"publish","type":"page","link":"https:\/\/www.texty.santegidio.cz\/?page_id=165","title":{"rendered":"\u017dalm 113"},"content":{"rendered":"<p>Oslavujte svat\u00e9 jm\u00e9no P\u00e1n\u011b.<br \/>&#8211; Oslavujte, slu\u017eebn\u00edci P\u00e1n\u011b,<br \/>oslavujte svat\u00e9 jm<strong>\u00e9<\/strong>no P\u00e1n\u011b!<\/p>\n<p>&#8211; <sup>2<\/span><\/sup> A\u0165 je po\u017eehn\u00e1no jm\u00e9no P\u00e1n\u011b<br \/>od tohoto dne a\u017e d<strong>o<\/strong> v\u011b\u010dnosti!<\/p>\n<p>&#8211; <sup>3<\/span><\/sup> Od v\u00fdchodu slunce do z\u00e1padu<br \/>a\u0165 je jm\u00e9no P\u00e1n\u011b v<strong>e<\/strong>lebeno!<\/p>\n<p>&#8211; <sup>4<\/span><\/sup> P\u00e1n je povznesen nad v\u0161echny rody,<br \/>jeho sl\u00e1va p\u0159evy\u0161<strong>u<\/strong>je nebe.<\/p>\n<p>&#8211; <sup>5<\/span><\/sup> Kdo je jako P\u00e1n, n\u00e1\u0161 B\u016fh,<br \/>jen\u017e vl\u00e1dne na nebi i po ve\u0161k<strong>e<\/strong>r\u00e9 zemi,<\/p>\n<p>&#8211; <sup>6<\/span><\/sup> kter\u00fd m\u00e1 sv\u016fj stolec na v\u00fdsostech,<br \/>z vysokosti do hlub<strong>i<\/strong>ny shl\u00ed\u017e\u00ed!<\/p>\n<p>&#8211; <sup>7<\/span><\/sup> Slab\u00e9ho on pozdvihuje z prachu,<br \/>ubo\u017e\u00e1ka ze smet<strong>i<\/strong>\u0161t\u011b zdv\u00edh\u00e1,<\/p>\n<p>&#8211; <sup>8<\/span><\/sup> aby posadil ho vedle kn\u00ed\u017eat,<br \/>vedle mocn\u00fdch kn\u00ed\u017eat sv<strong>\u00e9<\/strong>ho lidu.<\/p>\n<p>&#8211; <sup>9<\/span><\/sup> M\u00edsto v dom\u011b m\u00e1 i pro bezd\u011btnou<br \/>jako pro bla\u017eenou m<strong>a<\/strong>tku syn\u016f.<\/p>\n","protected":false},"excerpt":{"rendered":"<p>Oslavujte svat\u00e9 jm\u00e9no P\u00e1n\u011b.&#8211; Oslavujte, slu\u017eebn\u00edci P\u00e1n\u011b,oslavujte svat\u00e9 jm\u00e9no P\u00e1n\u011b! &#8211; 2 A\u0165 je po\u017eehn\u00e1no jm\u00e9no P\u00e1n\u011bod tohoto dne a\u017e do v\u011b\u010dnosti! &#8211; 3 Od v\u00fdchodu slunce do z\u00e1padua\u0165 je jm\u00e9no P\u00e1n\u011b velebeno! &#8211; 4 P\u00e1n je povznesen nad v\u0161echny rody,jeho sl\u00e1va p\u0159evy\u0161uje nebe. &#8211; 5 Kdo je jako P\u00e1n, n\u00e1\u0161 B\u016fh,jen\u017e vl\u00e1dne na nebi &#8230; <a title=\"\u017dalm 113\" class=\"read-more\" href=\"https:\/\/www.texty.santegidio.cz\/?page_id=165\" aria-label=\"More on \u017dalm 113\">Read more<\/a><\/p>\n","protected":false},"author":1,"featured_media":0,"parent":29,"menu_order":0,"comment_status":"closed","ping_status":"closed","template":"","meta":{"_uag_custom_page_level_css":"","jetpack_post_was_ever_published":false,"footnotes":""},"class_list":["post-165","page","type-page","status-publish"],"uagb_featured_image_src":{"full":false,"thumbnail":false,"medium":false,"medium_large":false,"large":false,"1536x1536":false,"2048x2048":false},"uagb_author_info":{"display_name":"Pavel","author_link":"https:\/\/www.texty.santegidio.cz\/?author=1"},"uagb_comment_info":0,"uagb_excerpt":"Oslavujte svat\u00e9 jm\u00e9no P\u00e1n\u011b.&#8211; Oslavujte, slu\u017eebn\u00edci P\u00e1n\u011b,oslavujte svat\u00e9 jm\u00e9no P\u00e1n\u011b! &#8211; 2 A\u0165 je po\u017eehn\u00e1no jm\u00e9no P\u00e1n\u011bod tohoto dne a\u017e do v\u011b\u010dnosti! &#8211; 3 Od v\u00fdchodu slunce do z\u00e1padua\u0165 je jm\u00e9no P\u00e1n\u011b velebeno! &#8211; 4 P\u00e1n je povznesen nad v\u0161echny rody,jeho sl\u00e1va p\u0159evy\u0161uje nebe. &#8211; 5 Kdo je jako P\u00e1n, n\u00e1\u0161 B\u016fh,jen\u017e vl\u00e1dne na nebi&hellip;","jetpack_sharing_enabled":true,"jetpack_shortlink":"https:\/\/wp.me\/PawMsT-2F","_links":{"self":[{"href":"https:\/\/www.texty.santegidio.cz\/index.php?rest_route=\/wp\/v2\/pages\/165","targetHints":{"allow":["GET"]}}],"collection":[{"href":"https:\/\/www.texty.santegidio.cz\/index.php?rest_route=\/wp\/v2\/pages"}],"about":[{"href":"https:\/\/www.texty.santegidio.cz\/index.php?rest_route=\/wp\/v2\/types\/page"}],"author":[{"embeddable":true,"href":"https:\/\/www.texty.santegidio.cz\/index.php?rest_route=\/wp\/v2\/users\/1"}],"replies":[{"embeddable":true,"href":"https:\/\/www.texty.santegidio.cz\/index.php?rest_route=%2Fwp%2Fv2%2Fcomments&post=165"}],"version-history":[{"count":1,"href":"https:\/\/www.texty.santegidio.cz\/index.php?rest_route=\/wp\/v2\/pages\/165\/revisions"}],"predecessor-version":[{"id":1335,"href":"https:\/\/www.texty.santegidio.cz\/index.php?rest_route=\/wp\/v2\/pages\/165\/revisions\/1335"}],"up":[{"embeddable":true,"href":"https:\/\/www.texty.santegidio.cz\/index.php?rest_route=\/wp\/v2\/pages\/29"}],"wp:attachment":[{"href":"https:\/\/www.texty.santegidio.cz\/index.php?rest_route=%2Fwp%2Fv2%2Fmedia&parent=165"}],"curies":[{"name":"wp","href":"https:\/\/api.w.org\/{rel}","templated":true}]}}