{"id":164,"date":"2018-12-12T10:15:12","date_gmt":"2018-12-12T09:15:12","guid":{"rendered":"http:\/\/www.texty.santegidio.cz?page_id=164"},"modified":"2018-12-12T10:15:13","modified_gmt":"2018-12-12T09:15:13","slug":"zalm-112","status":"publish","type":"page","link":"https:\/\/www.texty.santegidio.cz\/?page_id=164","title":{"rendered":"\u017dalm 112"},"content":{"rendered":"<p>Blaze tomu, kdo m\u00e1 v \u00fact\u011b P\u00e1na.<br \/>&#8211; Blaze tomu, kdo m\u00e1 v \u00fact\u011b P\u00e1na,<br \/>kdo se t\u011b\u0161\u00ed z jeho p\u0159<strong>i<\/strong>k\u00e1z\u00e1n\u00ed.<\/p>\n<p>&#8211; <sup>2<\/span><\/sup> Bude mocn\u00fd na zemi v sv\u00fdch d\u011btech,<br \/>rodu v\u011brn\u00fdch bude p<strong>o<\/strong>\u017eehn\u00e1no.<\/p>\n<p>&#8211; <sup>3<\/span><\/sup> Blahobyt a hojnost v jeho dom\u011b,<br \/>nav\u017edy setrv\u00e1 v sv\u00e9 p<strong>o<\/strong>ctivosti.<\/p>\n<p>&#8211; <sup>4<\/span><\/sup> Sv\u011btlo sv\u00edt\u00ed poctiv\u00fdm i ve tm\u00e1ch,<br \/>dobr\u00fd, slitovn\u00fd je spr<strong>a<\/strong>vedliv\u00fd.<\/p>\n<p>&#8211; <sup>5<\/span><\/sup> Blaze tomu, kdo r\u00e1d d\u00e1 i p\u016fj\u010d\u00ed,<br \/>kdo sv\u00e9 v\u011bci \u0159\u00edd\u00ed p<strong>o<\/strong>dle pr\u00e1va.<\/p>\n<p>&#8211; <sup>6<\/span><\/sup> Nestane se, aby zakol\u00edsal,<br \/>v\u011b\u010dnou pam\u00e1tku m\u00e1 spr<strong>a<\/strong>vedliv\u00fd.<\/p>\n<p>&#8211; <sup>7<\/span><\/sup> Nemus\u00ed se strachovat zl\u00e9 zpr\u00e1vy,<br \/>pevn\u00fd srdcem, d\u016fv\u011b\u0159<strong>u<\/strong>je v P\u00e1na.<\/p>\n<p>&#8211; <sup>8<\/span><\/sup> Odhodlan\u00fd srdcem, neboj\u00ed se,<br \/>svrchu hled\u00ed na sv\u00e9 pr<strong>o<\/strong>tivn\u00edky.<\/p>\n<p>= <sup>9<\/span><\/sup> Rozd\u011bl\u00ed se, \u0161t\u011bd\u0159e d\u00e1v\u00e1 chud\u00fdm,\u2020<br \/>nav\u017edy setrv\u00e1 v sv\u00e9 poctivosti.<br \/>Roste jeho moc a j<strong>e<\/strong>ho v\u00e1\u017enost.<\/p>\n<p>= <sup>10<\/span><\/sup> H\u0159\u00ed\u0161n\u00edk se zlobou se na to d\u00edv\u00e1,\u2020<br \/>zuby sk\u0159\u00edpe, u\u017e\u00edr\u00e1 se hn\u011bvem.<br \/>Nazmar vyjde \u017e\u00e1dost<strong>i<\/strong>vost h\u0159\u00ed\u0161n\u00fdch.<\/p>\n","protected":false},"excerpt":{"rendered":"<p>Blaze tomu, kdo m\u00e1 v \u00fact\u011b P\u00e1na.&#8211; Blaze tomu, kdo m\u00e1 v \u00fact\u011b P\u00e1na,kdo se t\u011b\u0161\u00ed z jeho p\u0159ik\u00e1z\u00e1n\u00ed. &#8211; 2 Bude mocn\u00fd na zemi v sv\u00fdch d\u011btech,rodu v\u011brn\u00fdch bude po\u017eehn\u00e1no. &#8211; 3 Blahobyt a hojnost v jeho dom\u011b,nav\u017edy setrv\u00e1 v sv\u00e9 poctivosti. &#8211; 4 Sv\u011btlo sv\u00edt\u00ed poctiv\u00fdm i ve tm\u00e1ch,dobr\u00fd, slitovn\u00fd je spravedliv\u00fd. &#8211; &#8230; <a title=\"\u017dalm 112\" class=\"read-more\" href=\"https:\/\/www.texty.santegidio.cz\/?page_id=164\" aria-label=\"More on \u017dalm 112\">Read more<\/a><\/p>\n","protected":false},"author":1,"featured_media":0,"parent":29,"menu_order":0,"comment_status":"closed","ping_status":"closed","template":"","meta":{"_uag_custom_page_level_css":"","jetpack_post_was_ever_published":false,"footnotes":""},"class_list":["post-164","page","type-page","status-publish"],"uagb_featured_image_src":{"full":false,"thumbnail":false,"medium":false,"medium_large":false,"large":false,"1536x1536":false,"2048x2048":false},"uagb_author_info":{"display_name":"Pavel","author_link":"https:\/\/www.texty.santegidio.cz\/?author=1"},"uagb_comment_info":0,"uagb_excerpt":"Blaze tomu, kdo m\u00e1 v \u00fact\u011b P\u00e1na.&#8211; Blaze tomu, kdo m\u00e1 v \u00fact\u011b P\u00e1na,kdo se t\u011b\u0161\u00ed z jeho p\u0159ik\u00e1z\u00e1n\u00ed. &#8211; 2 Bude mocn\u00fd na zemi v sv\u00fdch d\u011btech,rodu v\u011brn\u00fdch bude po\u017eehn\u00e1no. &#8211; 3 Blahobyt a hojnost v jeho dom\u011b,nav\u017edy setrv\u00e1 v sv\u00e9 poctivosti. &#8211; 4 Sv\u011btlo sv\u00edt\u00ed poctiv\u00fdm i ve tm\u00e1ch,dobr\u00fd, slitovn\u00fd je spravedliv\u00fd. &#8211;&hellip;","jetpack_sharing_enabled":true,"jetpack_shortlink":"https:\/\/wp.me\/PawMsT-2E","_links":{"self":[{"href":"https:\/\/www.texty.santegidio.cz\/index.php?rest_route=\/wp\/v2\/pages\/164","targetHints":{"allow":["GET"]}}],"collection":[{"href":"https:\/\/www.texty.santegidio.cz\/index.php?rest_route=\/wp\/v2\/pages"}],"about":[{"href":"https:\/\/www.texty.santegidio.cz\/index.php?rest_route=\/wp\/v2\/types\/page"}],"author":[{"embeddable":true,"href":"https:\/\/www.texty.santegidio.cz\/index.php?rest_route=\/wp\/v2\/users\/1"}],"replies":[{"embeddable":true,"href":"https:\/\/www.texty.santegidio.cz\/index.php?rest_route=%2Fwp%2Fv2%2Fcomments&post=164"}],"version-history":[{"count":1,"href":"https:\/\/www.texty.santegidio.cz\/index.php?rest_route=\/wp\/v2\/pages\/164\/revisions"}],"predecessor-version":[{"id":1334,"href":"https:\/\/www.texty.santegidio.cz\/index.php?rest_route=\/wp\/v2\/pages\/164\/revisions\/1334"}],"up":[{"embeddable":true,"href":"https:\/\/www.texty.santegidio.cz\/index.php?rest_route=\/wp\/v2\/pages\/29"}],"wp:attachment":[{"href":"https:\/\/www.texty.santegidio.cz\/index.php?rest_route=%2Fwp%2Fv2%2Fmedia&parent=164"}],"curies":[{"name":"wp","href":"https:\/\/api.w.org\/{rel}","templated":true}]}}