{"id":163,"date":"2018-12-12T10:15:12","date_gmt":"2018-12-12T09:15:12","guid":{"rendered":"http:\/\/www.texty.santegidio.cz?page_id=163"},"modified":"2018-12-12T10:15:13","modified_gmt":"2018-12-12T09:15:13","slug":"zalm-111","status":"publish","type":"page","link":"https:\/\/www.texty.santegidio.cz\/?page_id=163","title":{"rendered":"\u017dalm 111"},"content":{"rendered":"<p>Ty jsi, Pane, p\u0159edobr\u00fd a milosrdn\u00fd.<\/p>\n<p>&#8211; <sup>1<\/span><\/sup> Zhloubi srdce P\u00e1na oslav\u00edm,<br \/>v shrom\u00e1\u017ed\u011bn\u00e9m kruhu spr<strong>a<\/strong>vedliv\u00fdch.<\/p>\n<p>&#8211; <sup>2<\/span><\/sup> Nebo\u0165 skutky P\u00e1n\u011b velik\u00e9,<br \/>drahocenn\u00e9 v\u0161em, kdo z n<strong>i<\/strong>ch se t\u011b\u0161\u00ed.<\/p>\n<p>&#8211; <sup>3<\/span><\/sup> Slavn\u00e9, mocn\u00e9 jeho kon\u00e1n\u00ed,<br \/>v\u011b\u010dn\u011b trv\u00e1 jeho spr<strong>a<\/strong>vedlnost.<\/p>\n<p>&#8211; <sup>4<\/span><\/sup> \u010cinil divy hodn\u00e9 pam\u011bti,<br \/>p\u0159edobr\u00fd je P\u00e1n a m<strong>i<\/strong>losrdn\u00fd.<\/p>\n<p>&#8211; <sup>5<\/span><\/sup> Pokrm dal t\u011bm, kdo ho v b\u00e1zni ct\u00ed,<br \/>nav\u011bky je pam<strong>\u011b<\/strong>tliv sv\u00e9 smlouvy.<\/p>\n<p>&#8211; <sup>6<\/span><\/sup> Sv\u00e9mu lidu v \u010dinech zjevil moc,<br \/>kdy\u017e dr\u017eavy poh<strong>a<\/strong>n\u016f jim vydal.<\/p>\n<p>&#8211; <sup>7<\/span><\/sup> D\u00edlo jeho rukou v\u011brnost, \u0159\u00e1d,<br \/>jeho z\u00e1kony v\u017edy sp<strong>o<\/strong>lehliv\u00e9:<\/p>\n<p>&#8211; <sup>8<\/span><\/sup> stanoveny nav\u017edy, nav\u011bky,<br \/>poctiv\u011b a pevn\u011b z<strong>a<\/strong>chov\u00e1ny.<\/p>\n<p>= <sup>9<\/span><\/sup> Vykoupen\u00ed seslal pro sv\u016fj lid,\u2020<br \/>nav\u011bky s n\u00edm sjednal \u00famluvu;<br \/>jeho jm\u00e9no hrozn\u00e9 j<strong>e<\/strong> a svat\u00e9.<\/p>\n<p>= <sup>10<\/span><\/sup> B\u00e1ze\u0148 z Boha &#8211; pramen moudrosti:\u2020<br \/>rozumn\u011b si vede, kdo j\u00ed db\u00e1.<br \/>Jeho sl\u00e1va trv\u00e1 d<strong>o<\/strong> v\u011b\u010dnosti.<\/p>\n","protected":false},"excerpt":{"rendered":"<p>Ty jsi, Pane, p\u0159edobr\u00fd a milosrdn\u00fd. &#8211; 1 Zhloubi srdce P\u00e1na oslav\u00edm,v shrom\u00e1\u017ed\u011bn\u00e9m kruhu spravedliv\u00fdch. &#8211; 2 Nebo\u0165 skutky P\u00e1n\u011b velik\u00e9,drahocenn\u00e9 v\u0161em, kdo z nich se t\u011b\u0161\u00ed. &#8211; 3 Slavn\u00e9, mocn\u00e9 jeho kon\u00e1n\u00ed,v\u011b\u010dn\u011b trv\u00e1 jeho spravedlnost. &#8211; 4 \u010cinil divy hodn\u00e9 pam\u011bti,p\u0159edobr\u00fd je P\u00e1n a milosrdn\u00fd. &#8211; 5 Pokrm dal t\u011bm, kdo ho v b\u00e1zni &#8230; <a title=\"\u017dalm 111\" class=\"read-more\" href=\"https:\/\/www.texty.santegidio.cz\/?page_id=163\" aria-label=\"More on \u017dalm 111\">Read more<\/a><\/p>\n","protected":false},"author":1,"featured_media":0,"parent":29,"menu_order":0,"comment_status":"closed","ping_status":"closed","template":"","meta":{"_uag_custom_page_level_css":"","jetpack_post_was_ever_published":false,"footnotes":""},"class_list":["post-163","page","type-page","status-publish"],"uagb_featured_image_src":{"full":false,"thumbnail":false,"medium":false,"medium_large":false,"large":false,"1536x1536":false,"2048x2048":false},"uagb_author_info":{"display_name":"Pavel","author_link":"https:\/\/www.texty.santegidio.cz\/?author=1"},"uagb_comment_info":0,"uagb_excerpt":"Ty jsi, Pane, p\u0159edobr\u00fd a milosrdn\u00fd. &#8211; 1 Zhloubi srdce P\u00e1na oslav\u00edm,v shrom\u00e1\u017ed\u011bn\u00e9m kruhu spravedliv\u00fdch. &#8211; 2 Nebo\u0165 skutky P\u00e1n\u011b velik\u00e9,drahocenn\u00e9 v\u0161em, kdo z nich se t\u011b\u0161\u00ed. &#8211; 3 Slavn\u00e9, mocn\u00e9 jeho kon\u00e1n\u00ed,v\u011b\u010dn\u011b trv\u00e1 jeho spravedlnost. &#8211; 4 \u010cinil divy hodn\u00e9 pam\u011bti,p\u0159edobr\u00fd je P\u00e1n a milosrdn\u00fd. &#8211; 5 Pokrm dal t\u011bm, kdo ho v b\u00e1zni&hellip;","jetpack_sharing_enabled":true,"jetpack_shortlink":"https:\/\/wp.me\/PawMsT-2D","_links":{"self":[{"href":"https:\/\/www.texty.santegidio.cz\/index.php?rest_route=\/wp\/v2\/pages\/163","targetHints":{"allow":["GET"]}}],"collection":[{"href":"https:\/\/www.texty.santegidio.cz\/index.php?rest_route=\/wp\/v2\/pages"}],"about":[{"href":"https:\/\/www.texty.santegidio.cz\/index.php?rest_route=\/wp\/v2\/types\/page"}],"author":[{"embeddable":true,"href":"https:\/\/www.texty.santegidio.cz\/index.php?rest_route=\/wp\/v2\/users\/1"}],"replies":[{"embeddable":true,"href":"https:\/\/www.texty.santegidio.cz\/index.php?rest_route=%2Fwp%2Fv2%2Fcomments&post=163"}],"version-history":[{"count":1,"href":"https:\/\/www.texty.santegidio.cz\/index.php?rest_route=\/wp\/v2\/pages\/163\/revisions"}],"predecessor-version":[{"id":1333,"href":"https:\/\/www.texty.santegidio.cz\/index.php?rest_route=\/wp\/v2\/pages\/163\/revisions\/1333"}],"up":[{"embeddable":true,"href":"https:\/\/www.texty.santegidio.cz\/index.php?rest_route=\/wp\/v2\/pages\/29"}],"wp:attachment":[{"href":"https:\/\/www.texty.santegidio.cz\/index.php?rest_route=%2Fwp%2Fv2%2Fmedia&parent=163"}],"curies":[{"name":"wp","href":"https:\/\/api.w.org\/{rel}","templated":true}]}}