{"id":161,"date":"2018-12-12T10:15:12","date_gmt":"2018-12-12T09:15:12","guid":{"rendered":"http:\/\/www.texty.santegidio.cz?page_id=161"},"modified":"2018-12-12T10:15:13","modified_gmt":"2018-12-12T09:15:13","slug":"zalm-109","status":"publish","type":"page","link":"https:\/\/www.texty.santegidio.cz\/?page_id=161","title":{"rendered":"\u017dalm 109"},"content":{"rendered":"<p>Zachra\u0148 m\u011b, Bo\u017ee, ve sv\u00e9 dobrotivosti.<br \/>[= <\/span><\/span><sup>1<\/span><\/sup><\/span><\/span> Bo\u017ee, jej\u017e veleb\u00edm, nehle\u010f ml\u010dky!\u2020<\/span><\/span><br \/><sup>2<\/span><\/sup><\/span><\/span> Na mne se rozk\u0159ikla bezbo\u017en\u00e1 \u00fasta!<\/span><\/span><br \/>Prolhan\u00fdm jazykem mluvili ke mn\u011b,<\/span><\/span><br \/>&#8211;<\/span> <sup>3<\/span><\/sup><\/span><\/span> zahrnuli m\u011b slovy z\u00e1\u0161t\u00ed,<\/span><\/span><br \/>do mne se pustili pronic a zanic.<\/span><\/span><br \/>&#8211;<\/span> <sup>4<\/span><\/sup><\/span><\/span> Za v\u0161echnu dobrotu na mne sopt\u00ed,<\/span><\/span><br \/>zat\u00edmco j\u00e1 jsem za n\u011b se modlil.<\/span><\/span><br \/>&#8211;<\/span> <sup>5<\/span><\/sup><\/span><\/span> Za dobr\u00e9 zl\u00fdm se mi odpl\u00e1cej\u00ed,<\/span><\/span><br \/>za moji l\u00e1sku nen\u00e1vist\u00ed.<\/span><\/span><br \/>&#8211;<\/span> <sup>6<\/span><\/sup><\/span><\/span> &bdquo;Po\u0161lete na n\u011bj n\u011bkoho zl\u00e9ho,<\/span><\/span><br \/>a\u0165 po sv\u00e9 pravici \u017ealobce najde!<\/span><\/span><br \/>&#8211;<\/span> <sup>7<\/span><\/sup><\/span><\/span> A\u017e bude souzen, a\u0165 shled\u00e1n je vinn\u00fdm!<\/span><\/span><br \/>A\u0165 se mu p\u0159i\u010dte i modlitba za h\u0159\u00edch!<\/span><\/span><br \/>&#8211;<\/span> <sup>8<\/span><\/sup><\/span><\/span> A\u0165 m\u00e1 dny \u017eivota ukr\u00e1ceny,<\/span><\/span><br \/>jeho \u00fa\u0159ad a\u0165 obsad\u00ed jin\u00fd!<\/span><\/span><br \/>&#8211;<\/span> <sup>9<\/span><\/sup><\/span><\/span> A\u0165 jeho d\u011bti se sirotky stanou<\/span><\/span><br \/>a jeho man\u017eelka a\u0165 je vdovou!<\/span><\/span><br \/>&#8211;<\/span> <sup>10<\/span><\/sup><\/span><\/span> A\u0165 jdou \u017eebrotou jeho d\u011bti,<\/span><\/span><br \/>a\u0165 jsou vyhn\u00e1ny z pust\u00e9ho domu!<\/span><\/span><br \/>&#8211;<\/span> <sup>11<\/span><\/sup><\/span><\/span> Lichv\u00e1\u0159 a\u0165 uchv\u00e1t\u00ed, co bylo jeho,<\/span><\/span><br \/>ciz\u00ed a\u0165 vyplen\u00ed v\u0161echno, co z\u00edskal!<\/span><\/span><br \/>&#8211;<\/span> <sup>12<\/span><\/sup><\/span><\/span> A\u0165 nem\u00e1 nikoho, kdo se ho ujme,<\/span><\/span><br \/>kdo by se smiloval nad sirotky!<\/span><\/span><br \/>&#8211;<\/span> <sup>13<\/span><\/sup><\/span><\/span> Potomstvo jeho a\u0165 neujde zk\u00e1ze,<\/span><\/span><br \/>jm\u00e9nem a\u0165 vym\u0159e u\u017e ve sv\u00fdch d\u011btech!<\/span><\/span><br \/>&#8211;<\/span> <sup>14<\/span><\/sup><\/span><\/span> V\u017edy a\u0165 se vzpom\u00edn\u00e1 vin jeho otc\u016f,<\/span><\/span><br \/>h\u0159\u00edch jeho matky a\u0165 zahlazen nen\u00ed,<\/span><\/span><br \/>&#8211;<\/span> <sup>15<\/span><\/sup><\/span><\/span> jen a\u0165 je P\u00e1n m\u00e1 na o\u010d\u00edch st\u00e1le,<\/span><\/span><br \/>a\u0165 jejich pam\u00e1tku ze zem\u011b shlad\u00ed!<\/span><\/span><\/p>\n<p>= <\/span><\/span><sup>16<\/span><\/sup><\/span><\/span> Nebo\u0165 on neznal slitov\u00e1n\u00ed,\u2020<\/span><\/span><br \/>n\u00fdbr\u017e slab\u00e9 a uboh\u00e9 st\u00edhal,<\/span><\/span><br \/>skl\u00ed\u010den\u00e9 srdcem do smrti vh\u00e1n\u011bl.<\/span><\/span><br \/>&#8211;<\/span> <sup>17<\/span><\/sup><\/span><\/span> Jako r\u00e1d prokl\u00ednal, s\u00e1m a\u0165 je proklet,<\/span><\/span><br \/>jak nep\u0159\u00e1l druh\u00fdm, bu\u010f nep\u0159\u00e1no jemu!<\/span><\/span><\/p>\n<p>= <\/span><\/span><sup>18<\/span><\/sup><\/span><\/span> V kletb\u00e1ch si chodil jak v denn\u00edm \u0161at\u011b:\u2020<\/span><\/span><br \/>a\u0165 se mu do \u00fatrob vraz\u00ed jak voda,<\/span><\/span><br \/>do v\u0161ech kost\u00ed jak horouc\u00ed olej!<\/span><\/span><br \/>&#8211;<\/span> <sup>19<\/span><\/sup><\/span><\/span> A\u0165 na n\u011bm kletba ulp\u00ed jak roucho,<\/span><\/span><br \/>jako p\u00e1s, kter\u00fd nesund\u00e1 z t\u011bla!&ldquo;<\/span><\/span><br \/>&#8211;<\/span> <sup>20<\/span><\/sup><\/span><\/span> Takto si vedou ti, kdo m\u011b vin\u00ed,<\/span><\/span><br \/>ti, kte\u0159\u00ed o mn\u011b tak zavile mluv\u00ed.<\/span><\/span><br \/>&#8211;<\/span> <sup>21<\/span><\/sup><\/span><\/span> Zato v\u0161ak ty se mnou, Pane, m\u016fj Bo\u017ee,<\/span><\/span><br \/>nalo\u017e dle sv\u00e9ho svat\u00e9ho jm\u00e9na!<\/span><\/span><\/p>\n<p>= V dobrot\u011b l\u00e1sky sv\u00e9 vysvobo\u010f mne,\u2020<\/span><\/span><br \/><sup>22<\/span><\/sup><\/span><\/span> nebo\u0165 jsem nebo\u017e\u00e1k, pon\u00ed\u017een\u00fd,<\/span><\/span><br \/>srdce se ve mn\u011b \u017ealost\u00ed sv\u00edr\u00e1.<\/span><\/span><br \/>&#8211;<\/span> <sup>23<\/span><\/sup><\/span><\/span> Trat\u00edm se jako ten st\u00edn, jen\u017e se dlou\u017e\u00ed,<\/span><\/span><br \/>jsem jako obt\u00ed\u017en\u00e1 kobylka st\u0159\u00e1s\u00e1n.<\/span><\/span><br \/>&#8211;<\/span> <sup>24<\/span><\/sup><\/span><\/span> Postem m\u00e1 kolena vr\u00e1voraj\u00ed<\/span><\/span><br \/>a moje maso bez tuku ch\u0159adne.<\/span><\/span><br \/>&#8211;<\/span> <sup>25<\/span><\/sup><\/span><\/span> P\u0159edm\u011btem posm\u011bchu stal jsem se pro n\u011b,<\/span><\/span><br \/>hled\u00ed na mne a jen vrt\u00ed hlavou.<\/span><\/span><br \/>&#8211;<\/span> <sup>26<\/span><\/sup><\/span><\/span> P\u0159ij\u010f mi u\u017e na pomoc, Pane, m\u016fj Bo\u017ee,<\/span><\/span><br \/>zachra\u0148 m\u011b ve sv\u00e9 dobrotivosti!<\/span><\/span><br \/>&#8211;<\/span> <sup>27<\/span><\/sup><\/span><\/span> Uka\u017e jim, \u017ee se tak stalo tvou rukou,<\/span><\/span><br \/>\u017ee tys to, Pane, u\u010dinil pro mne!<\/span><\/span><\/p>\n<p>= <\/span><\/span><sup>28<\/span><\/sup><\/span><\/span> Pak a\u0165 mi klnou, jen ty kdy\u017e mi \u017eehn\u00e1\u0161!\u2020<\/span><\/span><br \/>V hanbu a\u0165 padnou m\u00ed protivn\u00edci,<\/span><\/span><br \/>kde\u017eto tv\u016fj slu\u017eebn\u00edk a\u0165 se sm\u00ed t\u011b\u0161it!<\/span><\/span><br \/>&#8211;<\/span> <sup>29<\/span><\/sup><\/span><\/span> Od\u011bni hanou a\u0165 jsou, kdo m\u011b tepou,<\/span><\/span><br \/>a\u0165 se jak do pl\u00e1\u0161t\u011b do hanby hal\u00ed!<\/span><\/span><br \/>&#8211;<\/span> <sup>30<\/span><\/sup><\/span><\/span> J\u00e1 budu hlasit\u011b velebit P\u00e1na,<\/span><\/span><br \/>ve shrom\u00e1\u017ed\u011bn\u00ed budu ho chv\u00e1lit.<\/span><\/span><br \/>&#8211;<\/span> <sup>31<\/span><\/sup><\/span><\/span> V\u017edy\u0165 stanul chud\u00e1ku po pravici,<\/span><\/span><br \/>aby ho zachr\u00e1nil p\u0159ed jeho soudci.]<\/span><\/span><\/p>\n","protected":false},"excerpt":{"rendered":"<p>Zachra\u0148 m\u011b, Bo\u017ee, ve sv\u00e9 dobrotivosti.[= 1 Bo\u017ee, jej\u017e veleb\u00edm, nehle\u010f ml\u010dky!\u20202 Na mne se rozk\u0159ikla bezbo\u017en\u00e1 \u00fasta!Prolhan\u00fdm jazykem mluvili ke mn\u011b,&#8211; 3 zahrnuli m\u011b slovy z\u00e1\u0161t\u00ed,do mne se pustili pronic a zanic.&#8211; 4 Za v\u0161echnu dobrotu na mne sopt\u00ed,zat\u00edmco j\u00e1 jsem za n\u011b se modlil.&#8211; 5 Za dobr\u00e9 zl\u00fdm se mi odpl\u00e1cej\u00ed,za moji l\u00e1sku &#8230; <a title=\"\u017dalm 109\" class=\"read-more\" href=\"https:\/\/www.texty.santegidio.cz\/?page_id=161\" aria-label=\"More on \u017dalm 109\">Read more<\/a><\/p>\n","protected":false},"author":1,"featured_media":0,"parent":29,"menu_order":0,"comment_status":"closed","ping_status":"closed","template":"","meta":{"_uag_custom_page_level_css":"","jetpack_post_was_ever_published":false,"footnotes":""},"class_list":["post-161","page","type-page","status-publish"],"uagb_featured_image_src":{"full":false,"thumbnail":false,"medium":false,"medium_large":false,"large":false,"1536x1536":false,"2048x2048":false},"uagb_author_info":{"display_name":"Pavel","author_link":"https:\/\/www.texty.santegidio.cz\/?author=1"},"uagb_comment_info":0,"uagb_excerpt":"Zachra\u0148 m\u011b, Bo\u017ee, ve sv\u00e9 dobrotivosti.[= 1 Bo\u017ee, jej\u017e veleb\u00edm, nehle\u010f ml\u010dky!\u20202 Na mne se rozk\u0159ikla bezbo\u017en\u00e1 \u00fasta!Prolhan\u00fdm jazykem mluvili ke mn\u011b,&#8211; 3 zahrnuli m\u011b slovy z\u00e1\u0161t\u00ed,do mne se pustili pronic a zanic.&#8211; 4 Za v\u0161echnu dobrotu na mne sopt\u00ed,zat\u00edmco j\u00e1 jsem za n\u011b se modlil.&#8211; 5 Za dobr\u00e9 zl\u00fdm se mi odpl\u00e1cej\u00ed,za moji l\u00e1sku&hellip;","jetpack_sharing_enabled":true,"jetpack_shortlink":"https:\/\/wp.me\/PawMsT-2B","_links":{"self":[{"href":"https:\/\/www.texty.santegidio.cz\/index.php?rest_route=\/wp\/v2\/pages\/161","targetHints":{"allow":["GET"]}}],"collection":[{"href":"https:\/\/www.texty.santegidio.cz\/index.php?rest_route=\/wp\/v2\/pages"}],"about":[{"href":"https:\/\/www.texty.santegidio.cz\/index.php?rest_route=\/wp\/v2\/types\/page"}],"author":[{"embeddable":true,"href":"https:\/\/www.texty.santegidio.cz\/index.php?rest_route=\/wp\/v2\/users\/1"}],"replies":[{"embeddable":true,"href":"https:\/\/www.texty.santegidio.cz\/index.php?rest_route=%2Fwp%2Fv2%2Fcomments&post=161"}],"version-history":[{"count":1,"href":"https:\/\/www.texty.santegidio.cz\/index.php?rest_route=\/wp\/v2\/pages\/161\/revisions"}],"predecessor-version":[{"id":1331,"href":"https:\/\/www.texty.santegidio.cz\/index.php?rest_route=\/wp\/v2\/pages\/161\/revisions\/1331"}],"up":[{"embeddable":true,"href":"https:\/\/www.texty.santegidio.cz\/index.php?rest_route=\/wp\/v2\/pages\/29"}],"wp:attachment":[{"href":"https:\/\/www.texty.santegidio.cz\/index.php?rest_route=%2Fwp%2Fv2%2Fmedia&parent=161"}],"curies":[{"name":"wp","href":"https:\/\/api.w.org\/{rel}","templated":true}]}}