{"id":160,"date":"2018-12-12T10:15:12","date_gmt":"2018-12-12T09:15:12","guid":{"rendered":"http:\/\/www.texty.santegidio.cz?page_id=160"},"modified":"2018-12-12T10:15:13","modified_gmt":"2018-12-12T09:15:13","slug":"zalm-108","status":"publish","type":"page","link":"https:\/\/www.texty.santegidio.cz\/?page_id=160","title":{"rendered":"\u017dalm 108"},"content":{"rendered":"<p>Tvoje milost dosah\u00e1 a\u017e k&nbsp;nebi.<\/p>\n<p>= <sup>2<\/span><\/sup> Jsem, Pane, p\u0159ipraven,\u2020<br \/>jsem p\u0159ipraven zp\u00edvat a hr\u00e1t ti.<br \/>Proc<strong>i<\/strong>tni, m\u00e1 du\u0161e!<\/p>\n<p>&#8211; <sup>3<\/span><\/sup> Procitni, moje citero a harfo!<br \/>S v\u00e1mi te\u010f p\u016fjdu b<strong>u<\/strong>dit \u010derv\u00e1nky.<\/p>\n<p>&#8211; <sup>4<\/span><\/sup> Tebe chci, Pane, chv\u00e1lit p\u0159ed n\u00e1rody,<br \/>tob\u011b chci p\u0159ed lidmi v\u0161<strong>e<\/strong>ch kraj\u016f hr\u00e1t.<\/p>\n<p>&#8211; <sup>5<\/span><\/sup> V\u017edy\u0165 tvoje milost dosah\u00e1 a\u017e k nebi,<br \/>tv\u00e1 v\u011brnost p\u0159esah<strong>u<\/strong>je oblaka.<\/p>\n<p>&#8211; <sup>6<\/span><\/sup> Svou vzne\u0161enost zjev, Bo\u017ee, na nebes\u00edch<br \/>a nad ve\u0161kerou z<strong>e<\/strong>m\u00ed sl\u00e1vu svou!<\/p>\n<p>&#8211; <sup>7<\/span><\/sup> Aby tv\u00ed v\u011brn\u00ed byli zachr\u00e1n\u011bni,<br \/>pomoz svou pravic\u00ed <strong>a<\/strong> vysly\u0161 n\u00e1s!<\/p>\n<p>= <sup>8<\/span><\/sup> Promluvil B\u016fh ve sv\u00e9m svatost\u00e1nku:\u2020<br \/>&bdquo;Zv\u00edt\u011bz\u00edm a Sichem p\u0159id\u011bl\u00edm,<br \/>p\u0159em\u011b\u0159\u00edm i <strong>\u00fa<\/strong>val sukkotsk\u00fd.<\/p>\n<p>= <sup>9<\/span><\/sup> Gala\u00e1d i Manasse mi pat\u0159\u00ed,\u2020<br \/>rovn\u011b\u017e Efra\u00edm, m\u00e1 p\u0159\u00edlbice,<br \/>Juda pak m\u00e1 vel<strong>i<\/strong>telsk\u00e1 h\u016fl.<\/p>\n<p>= <sup>10<\/span><\/sup> Mo\u00e1b je mou um\u00fdvac\u00ed m\u00edsou;\u2020<br \/>na Edom svou botu postav\u00edm,<br \/>j\u00e1sat budu nad F<strong>i<\/strong>li\u0161t\u00ednskem.&ldquo;<\/p>\n<p>&#8211; <sup>11<\/span><\/sup> Kdo p\u0159ivede m\u011b k hrazen\u00e9mu m\u011bstu,<br \/>kdopak m\u011b do Ed<strong>o<\/strong>mu provod\u00ed,<\/p>\n<p>&#8211; <sup>12<\/span><\/sup> ne-li ty, jen\u017es n\u00e1s odvrhl, m\u016fj Bo\u017ee,<br \/>a jen\u017e u\u017e s na\u0161\u00edm v<strong>o<\/strong>jskem net\u00e1hne\u0161!<\/p>\n<p>&#8211; <sup>13<\/span><\/sup> Na pomoc p\u0159ij\u010f n\u00e1m proti nep\u0159\u00edteli,<br \/>kdy\u017e pomoc od lid\u00ed j<strong>e<\/strong> nicotn\u00e1.<\/p>\n<p>&#8211; <sup>14<\/span><\/sup> S P\u00e1nem v\u0161ak svedem divy udatenstv\u00ed,<br \/>on zdept\u00e1 na\u0161e uj<strong>a<\/strong>\u0159mitele!<\/p>\n","protected":false},"excerpt":{"rendered":"<p>Tvoje milost dosah\u00e1 a\u017e k&nbsp;nebi. = 2 Jsem, Pane, p\u0159ipraven,\u2020jsem p\u0159ipraven zp\u00edvat a hr\u00e1t ti.Procitni, m\u00e1 du\u0161e! &#8211; 3 Procitni, moje citero a harfo!S v\u00e1mi te\u010f p\u016fjdu budit \u010derv\u00e1nky. &#8211; 4 Tebe chci, Pane, chv\u00e1lit p\u0159ed n\u00e1rody,tob\u011b chci p\u0159ed lidmi v\u0161ech kraj\u016f hr\u00e1t. &#8211; 5 V\u017edy\u0165 tvoje milost dosah\u00e1 a\u017e k nebi,tv\u00e1 v\u011brnost p\u0159esahuje oblaka. &#8230; <a title=\"\u017dalm 108\" class=\"read-more\" href=\"https:\/\/www.texty.santegidio.cz\/?page_id=160\" aria-label=\"More on \u017dalm 108\">Read more<\/a><\/p>\n","protected":false},"author":1,"featured_media":0,"parent":29,"menu_order":0,"comment_status":"closed","ping_status":"closed","template":"","meta":{"_uag_custom_page_level_css":"","jetpack_post_was_ever_published":false,"footnotes":""},"class_list":["post-160","page","type-page","status-publish"],"uagb_featured_image_src":{"full":false,"thumbnail":false,"medium":false,"medium_large":false,"large":false,"1536x1536":false,"2048x2048":false},"uagb_author_info":{"display_name":"Pavel","author_link":"https:\/\/www.texty.santegidio.cz\/?author=1"},"uagb_comment_info":0,"uagb_excerpt":"Tvoje milost dosah\u00e1 a\u017e k&nbsp;nebi. = 2 Jsem, Pane, p\u0159ipraven,\u2020jsem p\u0159ipraven zp\u00edvat a hr\u00e1t ti.Procitni, m\u00e1 du\u0161e! &#8211; 3 Procitni, moje citero a harfo!S v\u00e1mi te\u010f p\u016fjdu budit \u010derv\u00e1nky. &#8211; 4 Tebe chci, Pane, chv\u00e1lit p\u0159ed n\u00e1rody,tob\u011b chci p\u0159ed lidmi v\u0161ech kraj\u016f hr\u00e1t. &#8211; 5 V\u017edy\u0165 tvoje milost dosah\u00e1 a\u017e k nebi,tv\u00e1 v\u011brnost p\u0159esahuje oblaka.&hellip;","jetpack_sharing_enabled":true,"jetpack_shortlink":"https:\/\/wp.me\/PawMsT-2A","_links":{"self":[{"href":"https:\/\/www.texty.santegidio.cz\/index.php?rest_route=\/wp\/v2\/pages\/160","targetHints":{"allow":["GET"]}}],"collection":[{"href":"https:\/\/www.texty.santegidio.cz\/index.php?rest_route=\/wp\/v2\/pages"}],"about":[{"href":"https:\/\/www.texty.santegidio.cz\/index.php?rest_route=\/wp\/v2\/types\/page"}],"author":[{"embeddable":true,"href":"https:\/\/www.texty.santegidio.cz\/index.php?rest_route=\/wp\/v2\/users\/1"}],"replies":[{"embeddable":true,"href":"https:\/\/www.texty.santegidio.cz\/index.php?rest_route=%2Fwp%2Fv2%2Fcomments&post=160"}],"version-history":[{"count":1,"href":"https:\/\/www.texty.santegidio.cz\/index.php?rest_route=\/wp\/v2\/pages\/160\/revisions"}],"predecessor-version":[{"id":1330,"href":"https:\/\/www.texty.santegidio.cz\/index.php?rest_route=\/wp\/v2\/pages\/160\/revisions\/1330"}],"up":[{"embeddable":true,"href":"https:\/\/www.texty.santegidio.cz\/index.php?rest_route=\/wp\/v2\/pages\/29"}],"wp:attachment":[{"href":"https:\/\/www.texty.santegidio.cz\/index.php?rest_route=%2Fwp%2Fv2%2Fmedia&parent=160"}],"curies":[{"name":"wp","href":"https:\/\/api.w.org\/{rel}","templated":true}]}}