{"id":158,"date":"2018-12-12T10:15:12","date_gmt":"2018-12-12T09:15:12","guid":{"rendered":"http:\/\/www.texty.santegidio.cz?page_id=158"},"modified":"2018-12-12T10:15:13","modified_gmt":"2018-12-12T09:15:13","slug":"zalm-106","status":"publish","type":"page","link":"https:\/\/www.texty.santegidio.cz\/?page_id=158","title":{"rendered":"\u017dalm 106"},"content":{"rendered":"<p>Zachra\u0148 n\u00e1s, Pane, nebo\u0165 jsme zh\u0159e\u0161ili.<br \/>&#8211; Slavte P\u00e1na za to, jak je dobr\u00fd,<br \/>jak a\u017e nav\u011bky je m<strong>i<\/strong>losrdn\u00fd!<\/p>\n<p>&#8211; <sup>2<\/span><\/sup> Kdo vyl\u00ed\u010d\u00ed mocn\u00e9 skutky P\u00e1n\u011b,<br \/>kdo vypov\u00ed v\u0161echnu j<strong>e<\/strong>ho sl\u00e1vu?<\/p>\n<p>&#8211; <sup>3<\/span><\/sup> Blaze t\u011bm, kdo zachovaj\u00ed pr\u00e1vo,<br \/>kdo si v\u017edycky vedou spr<strong>a<\/strong>vedliv\u011b!<\/p>\n<p>&#8211; <sup>4<\/span><\/sup> Z l\u00e1sky k sv\u00e9mu lidu vzpome\u0148 na n\u00e1s,<br \/>p\u0159ij\u010f n\u00e1m, Pane, rychle k<strong>u<\/strong> pomoci!<\/p>\n<p>= <sup>5<\/span><\/sup> P\u0159ej n\u00e1m \u0161\u0165astn\u00fd d\u00edl sv\u00fdch vyvolen\u00fdch,\u2020<br \/>radovat se radost\u00ed tv\u00fdch v\u011brn\u00fdch<br \/>a tv\u00fdm d\u011bdictv\u00edm s<strong>e<\/strong> honosit!<\/p>\n<p>&#8211; <sup>6<\/span><\/sup> H\u0159e\u0161ili jsme jako na\u0161i p\u0159edci,<br \/>\u017eili bezbo\u017en\u011b a v n<strong>e<\/strong>pravosti.<\/p>\n<p>&#8211; <sup>7<\/span><\/sup> Na\u0161i p\u0159edci za egyptsk\u00fdch \u010das\u016f<br \/>nech\u00e1pali tvoje v<strong>e<\/strong>lk\u00e9 divy,<br \/>&#8211; nemyslili na tv\u00e1 dobrodin\u00ed,<br \/>vzep\u0159eli se P<strong>\u00e1<\/strong>nu u mo\u0159e.<\/p>\n<p>&#8211; <sup>8<\/span><\/sup> Zachr\u00e1nil je p\u0159esto pro sv\u00e9 jm\u00e9no,<br \/>aby uk\u00e1zal sv<strong>ou<\/strong> velkou moc.<\/p>\n<p>&#8211; <sup>9<\/span><\/sup> Proti mo\u0159i zahrozil, a vyschlo,<br \/>vodou je jak st<strong>e<\/strong>p\u00ed provedl.<\/p>\n<p>&#8211; <sup>10<\/span><\/sup> Vytrhl je z ruky nen\u00e1vistn\u00fdch,<br \/>vykoupil je z m<strong>o<\/strong>ci nep\u0159\u00e1tel.<\/p>\n<p>&#8211; <sup>11<\/span><\/sup> Spl\u00e1chly vody jejich protivn\u00edky,<br \/>ani jedin\u00fd z n<strong>i<\/strong>ch nez\u016fstal.<\/p>\n<p>&#8211; <sup>12<\/span><\/sup> Tehdy jeho slov\u016fm uv\u011b\u0159ili,<br \/>tehdy zap\u011bli m<strong>u<\/strong> chvalozp\u011bv.<\/p>\n<p>&#8211; <sup>13<\/span><\/sup> Zas v\u0161ak jeho skutk\u016f zapomn\u011bli,<br \/>nevy\u010dkali, jak <strong>o<\/strong>n rozhodne,<\/p>\n<p>&#8211; <sup>14<\/span><\/sup> chtivost\u00ed se v pou\u0161ti dali strhnout,<br \/>pokou\u0161eli B<strong>o<\/strong>ha v pustin\u011b.<\/p>\n<p>&#8211; <sup>15<\/span><\/sup> Dal jim tedy, co tak vym\u00e1hali,<br \/>ale s t\u00edm i zh<strong>ou<\/strong>bnou n\u00e1kazu.<\/p>\n<p>&#8211; <sup>16<\/span><\/sup> \u0158evnili v sv\u00fdch stanech na Moj\u017e\u00ed\u0161e,<br \/>na \u00e1rona, zasv\u011bc<strong>e<\/strong>nce P\u00e1n\u011b:<\/p>\n<p>&#8211; <sup>17<\/span><\/sup> Datana pak pohltila zem\u011b,<br \/>zasypala Ab<strong>i<\/strong>ram\u016fv houf,<\/p>\n<p>&#8211; <sup>18<\/span><\/sup> rozmohl se po\u017e\u00e1r v jejich tlup\u011b,<br \/>s\u017eehl plamenem t<strong>y<\/strong> bezbo\u017en\u00e9.<\/p>\n<p>&#8211; <sup>19<\/span><\/sup> U Horebu odlili si tele,<br \/>modle kovov\u00e9 s<strong>e<\/strong> klan\u011bli<\/p>\n<p>&#8211; <sup>20<\/span><\/sup> a tak svoji sl\u00e1vu zam\u011bnili<br \/>za podobu b\u00fdlo\u017er<strong>a<\/strong>vce z kovu.<\/p>\n<p>&#8211; <sup>21<\/span><\/sup> Na zachr\u00e1nce Boha zapomn\u011bli,<br \/>jak\u00e9 konal d<strong>i<\/strong>vy v Egypt\u011b,<\/p>\n<p>&#8211; <sup>22<\/span><\/sup> jak\u00e9 z\u00e1zraky tam v zemi Ch\u00e1ma,<br \/>jak\u00fd v Rud\u00e9m m<strong>o<\/strong>\u0159i velediv.<\/p>\n<p>= <sup>23<\/span><\/sup> U\u017e se chystal k jejich zahuben\u00ed,\u2020<br \/>kdyby Moj\u017e\u00ed\u0161, jeho vyvolenec, nebyl se jich v\u016f\u010di n\u011bmu zastal,<br \/>aby zdr\u017eel zh<strong>ou<\/strong>bn\u00fd jeho hn\u011bv.<\/p>\n<p>&#8211; <sup>24<\/span><\/sup> Opovrhli vytou\u017eenou zem\u00ed,<br \/>jeho slov\u016fm v<strong>\u011b<\/strong>\u0159it odm\u00edtli,<\/p>\n<p>&#8211; <sup>25<\/span><\/sup> ustavi\u010dn\u011b reptali v sv\u00fdch stanech,<br \/>hlasu P\u00e1n\u011b odp<strong>\u00ed<\/strong>rali sluch.<\/p>\n<p>&#8211; <sup>26<\/span><\/sup> Vzt\u00e1hl na n\u011b pa\u017ei p\u0159\u00edsahaje,<br \/>\u017ee je v pou\u0161ti zc<strong>e<\/strong>la rozmet\u00e1,<\/p>\n<p>&#8211; <sup>27<\/span><\/sup> v n\u00e1rodech \u017ee rozpt\u00fdl\u00ed rod jejich,<br \/>rozpr\u00e1\u0161\u00ed je po v\u0161<strong>e<\/strong>ch kon\u010din\u00e1ch.<\/p>\n<p>&#8211; <sup>28<\/span><\/sup> P\u0159idali se k Ba\u00e1l-Pe\u00f3rovi,<br \/>z \u017eertev mrtv\u00fdch b<strong>o<\/strong>h\u016f j\u00eddali.<\/p>\n<p>&#8211; <sup>29<\/span><\/sup> Hanebnostmi popouzeli P\u00e1na,<br \/>a\u017e je stihla r<strong>\u00e1<\/strong>na morov\u00e1.<\/p>\n<p>&#8211; <sup>30<\/span><\/sup> Tu v\u0161ak povstal Pinchas, aby trestal,<br \/>a tak mor byl <strong>o<\/strong>p\u011bt odvr\u00e1cen.<\/p>\n<p>&#8211; <sup>31<\/span><\/sup> Co\u017e mu p\u0159ipo\u010dteno za z\u00e1sluhu<br \/>z rodu do rodu <strong>a<\/strong> nav\u011bky.<\/p>\n<p>&#8211; <sup>32<\/span><\/sup> U vod meribsk\u00fdch pak rouhali se,<br \/>\u017ee i Moj\u017e\u00ed\u0161 zk<strong>u<\/strong>sil kv\u016fli nim:<\/p>\n<p>&#8211; <sup>33<\/span><\/sup> nebo\u0165 tak mu rozdr\u00e1\u017edili mysl,<br \/>\u017ee byl str\u017een k sl<strong>o<\/strong>v\u016fm nemoudr\u00fdm.<\/p>\n<p>&#8211; <sup>34<\/span><\/sup> D\u00e1l pak nevyhladili ty kmeny,<br \/>jak jim bylo P<strong>\u00e1<\/strong>nem \u0159e\u010deno,<\/p>\n<p>&#8211; <sup>35<\/span><\/sup> n\u00fdbr\u017e s pohany se pom\u00edsili,<br \/>chytili se j<strong>e<\/strong>jich \u0161patnost\u00ed.<\/p>\n<p>&#8211; <sup>36<\/span><\/sup> Uct\u00edvali s nimi jejich modly,<br \/>kter\u00e9 pro n\u011b b<strong>y<\/strong>ly n\u00e1strahou,<\/p>\n<p>&#8211; <sup>37<\/span><\/sup> tak\u017ee svoje syny a sv\u00e9 dcery<br \/>p\u0159in\u00e1\u0161eli v <strong>o<\/strong>b\u011b\u0165 d\u00e9mon\u016fm.<\/p>\n<p>= <sup>38<\/span><\/sup> Nevinnou krev marn\u011b prol\u00e9vali,\u2020<br \/>krev sv\u00fdch d\u011bt\u00ed, syn\u016f jako dcer,<br \/>na olt\u00e1\u0159\u00edch kanan<strong>e<\/strong>jsk\u00fdch model,<\/p>\n<p>= h\u0159\u00edchem krve znesv\u011btili kraj.\u2020<br \/><sup>39<\/span><\/sup> Tak se sv\u00fdmi skutky poskvrnili,<br \/>takto byli B<strong>o<\/strong>hu nev\u011brni!<\/p>\n<p>&#8211; <sup>40<\/span><\/sup> Zaho\u0159el P\u00e1n hn\u011bvem na sv\u016fj n\u00e1rod,<br \/>pojal odpor k sv<strong>\u00e9<\/strong>mu d\u011bdictv\u00ed.<\/p>\n<p>&#8211; <sup>41<\/span><\/sup> V ruce pohan\u016f je proto vydal;<br \/>vl\u00e1dli jim, kdo chov<strong>a<\/strong>li k nim z\u00e1\u0161\u0165.<\/p>\n<p>&#8211; <sup>42<\/span><\/sup> Utiskovali je nep\u0159\u00e1tel\u00e9,<br \/>jejich moci b<strong>y<\/strong>li podd\u00e1ni.<\/p>\n<p>= <sup>43<\/span><\/sup> P\u0159emnohokr\u00e1t P\u00e1n je vysvobodil,\u2020<br \/>oni v\u0161ak mu vzdorovali d\u00e1le;<br \/>propadali hl<strong>ou<\/strong>b\u011bj do sv\u00fdch vin.<\/p>\n<p>&#8211; <sup>44<\/span><\/sup> On v\u017edy znova shl\u00e9dl k jejich b\u00edd\u011b,<br \/>kdykoli je sl<strong>y<\/strong>\u0161el na\u0159\u00edkat;<\/p>\n<p>&#8211; <sup>45<\/span><\/sup> kv\u016fli nim byl pam\u011btliv sv\u00e9 smlouvy,<br \/>z l\u00e1sky nesm\u00edrn\u00e9 s<strong>e<\/strong> slitoval,<\/p>\n<p>&#8211; <sup>46<\/span><\/sup> tak\u017ee vzbudil soucit k nim i u v\u0161ech,<br \/>u kter\u00fdch se <strong>o<\/strong>ctli v zajet\u00ed.<\/p>\n<p>&#8211; <sup>47<\/span><\/sup> Vysvobo\u010f n\u00e1s, Pane, ty n\u00e1\u0161 Bo\u017ee,<br \/>shrom\u00e1\u017edi n\u00e1s z kr<strong>a<\/strong>jin pohansk\u00fdch,<br \/>&#8211; a\u0165 tv\u00e9 svat\u00e9 jm\u00e9no veleb\u00edme,<br \/>sl\u00e1vou tvou se sm<strong>\u00ed<\/strong>me honosit!<\/p>\n<p>= <sup>48<\/span><\/sup> Veleben bu\u010f P\u00e1n, B\u016fh Izraele,\u2020<br \/>od po\u010d\u00e1tku v\u011bk\u016f nav\u011bky!<br \/>V\u0161echen lid a\u0165 nyn\u00ed v<strong>o<\/strong>l\u00e1: Sta\u0148 se!<\/p>\n","protected":false},"excerpt":{"rendered":"<p>Zachra\u0148 n\u00e1s, Pane, nebo\u0165 jsme zh\u0159e\u0161ili.&#8211; Slavte P\u00e1na za to, jak je dobr\u00fd,jak a\u017e nav\u011bky je milosrdn\u00fd! &#8211; 2 Kdo vyl\u00ed\u010d\u00ed mocn\u00e9 skutky P\u00e1n\u011b,kdo vypov\u00ed v\u0161echnu jeho sl\u00e1vu? &#8211; 3 Blaze t\u011bm, kdo zachovaj\u00ed pr\u00e1vo,kdo si v\u017edycky vedou spravedliv\u011b! &#8211; 4 Z l\u00e1sky k sv\u00e9mu lidu vzpome\u0148 na n\u00e1s,p\u0159ij\u010f n\u00e1m, Pane, rychle ku pomoci! = &#8230; <a title=\"\u017dalm 106\" class=\"read-more\" href=\"https:\/\/www.texty.santegidio.cz\/?page_id=158\" aria-label=\"More on \u017dalm 106\">Read more<\/a><\/p>\n","protected":false},"author":1,"featured_media":0,"parent":29,"menu_order":0,"comment_status":"closed","ping_status":"closed","template":"","meta":{"_uag_custom_page_level_css":"","jetpack_post_was_ever_published":false,"footnotes":""},"class_list":["post-158","page","type-page","status-publish"],"uagb_featured_image_src":{"full":false,"thumbnail":false,"medium":false,"medium_large":false,"large":false,"1536x1536":false,"2048x2048":false},"uagb_author_info":{"display_name":"Pavel","author_link":"https:\/\/www.texty.santegidio.cz\/?author=1"},"uagb_comment_info":0,"uagb_excerpt":"Zachra\u0148 n\u00e1s, Pane, nebo\u0165 jsme zh\u0159e\u0161ili.&#8211; Slavte P\u00e1na za to, jak je dobr\u00fd,jak a\u017e nav\u011bky je milosrdn\u00fd! &#8211; 2 Kdo vyl\u00ed\u010d\u00ed mocn\u00e9 skutky P\u00e1n\u011b,kdo vypov\u00ed v\u0161echnu jeho sl\u00e1vu? &#8211; 3 Blaze t\u011bm, kdo zachovaj\u00ed pr\u00e1vo,kdo si v\u017edycky vedou spravedliv\u011b! &#8211; 4 Z l\u00e1sky k sv\u00e9mu lidu vzpome\u0148 na n\u00e1s,p\u0159ij\u010f n\u00e1m, Pane, rychle ku pomoci! =&hellip;","jetpack_sharing_enabled":true,"jetpack_shortlink":"https:\/\/wp.me\/PawMsT-2y","_links":{"self":[{"href":"https:\/\/www.texty.santegidio.cz\/index.php?rest_route=\/wp\/v2\/pages\/158","targetHints":{"allow":["GET"]}}],"collection":[{"href":"https:\/\/www.texty.santegidio.cz\/index.php?rest_route=\/wp\/v2\/pages"}],"about":[{"href":"https:\/\/www.texty.santegidio.cz\/index.php?rest_route=\/wp\/v2\/types\/page"}],"author":[{"embeddable":true,"href":"https:\/\/www.texty.santegidio.cz\/index.php?rest_route=\/wp\/v2\/users\/1"}],"replies":[{"embeddable":true,"href":"https:\/\/www.texty.santegidio.cz\/index.php?rest_route=%2Fwp%2Fv2%2Fcomments&post=158"}],"version-history":[{"count":1,"href":"https:\/\/www.texty.santegidio.cz\/index.php?rest_route=\/wp\/v2\/pages\/158\/revisions"}],"predecessor-version":[{"id":1328,"href":"https:\/\/www.texty.santegidio.cz\/index.php?rest_route=\/wp\/v2\/pages\/158\/revisions\/1328"}],"up":[{"embeddable":true,"href":"https:\/\/www.texty.santegidio.cz\/index.php?rest_route=\/wp\/v2\/pages\/29"}],"wp:attachment":[{"href":"https:\/\/www.texty.santegidio.cz\/index.php?rest_route=%2Fwp%2Fv2%2Fmedia&parent=158"}],"curies":[{"name":"wp","href":"https:\/\/api.w.org\/{rel}","templated":true}]}}