{"id":157,"date":"2018-12-12T10:15:12","date_gmt":"2018-12-12T09:15:12","guid":{"rendered":"http:\/\/www.texty.santegidio.cz?page_id=157"},"modified":"2018-12-12T10:15:13","modified_gmt":"2018-12-12T09:15:13","slug":"zalm-105","status":"publish","type":"page","link":"https:\/\/www.texty.santegidio.cz\/?page_id=157","title":{"rendered":"\u017dalm 105"},"content":{"rendered":"<p>Zp\u00edv\u00e1me, Pane, o divech tv\u00e9 l\u00e1sky.<\/p>\n<p>&#8211; <sup>1<\/span><\/sup> Slavte P\u00e1na, ct\u011bte jeho jm\u00e9no,<br \/>zjevte jeho d<strong>\u00ed<\/strong>la n\u00e1rod\u016fm!<\/p>\n<p>&#8211; <sup>2<\/span><\/sup> Zp\u00edvejte mu, na strun\u00e1ch mu hrejte,<br \/>v\u0161echny jeho d<strong>i<\/strong>vy hl\u00e1sejte!<\/p>\n<p>&#8211; <sup>3<\/span><\/sup> Honoste se jeho svat\u00fdm jm\u00e9nem!<br \/>A\u0165 se raduj\u00ed, kd<strong>o<\/strong> P\u00e1na ct\u00ed!<\/p>\n<p>&#8211; <sup>4<\/span><\/sup> Dbejte o P\u00e1na a jeho s\u00edlu,<br \/>st\u00e1le hledejte j<strong>e<\/strong>n jeho tv\u00e1\u0159!<\/p>\n<p>&#8211; <sup>5<\/span><\/sup> Vzpome\u0148te si na divy, je\u017e konal,<br \/>znamen\u00ed a s<strong>ou<\/strong>dy z jeho \u00fast,<\/p>\n<p>&#8211; <sup>6<\/span><\/sup> rode jeho sluhy Abrahama,<br \/>d\u011bti vyvol<strong>e<\/strong>nce J\u00e1koba!<\/p>\n<p>&#8211; <sup>7<\/span><\/sup> Jenom on, jen P\u00e1n je na\u0161\u00edm Bohem,<br \/>jeho soudy p\u0159es v<strong>e<\/strong>\u0161kerou zem.<\/p>\n<p>&#8211; <sup>8<\/span><\/sup> On je prov\u017edy pam\u011btliv sv\u00e9 smlouvy<br \/>&#8211; pro sta pokol<strong>e<\/strong>n\u00ed dal sv\u016fj slib -,<\/p>\n<p>&#8211; <sup>9<\/span><\/sup> smlouvy uzav\u0159en\u00e9 s Abrahamem,<br \/>p\u0159\u00edsahy, co Iz<strong>\u00e1<\/strong>kovi dal.<\/p>\n<p>&#8211; <sup>10<\/span><\/sup> Z\u00e1konem ji ur\u010dil pro J\u00e1koba,<br \/>v\u011b\u010dnou smlouvou pro <strong>I<\/strong>zraele.<\/p>\n<p>&#8211; <sup>11<\/span><\/sup> \u0158ekl: &bdquo;D\u00e1m ti kananejskou zemi<br \/>za ur\u010den\u00fd <strong>\u00fa<\/strong>d\u011bl d\u011bdi\u010dn\u00fd.&ldquo;<\/p>\n<p>&#8211; <sup>12<\/span><\/sup> \u017de jich po\u010dtem bylo dosud m\u00e1lo,<br \/>malou\u010dko, a h<strong>o<\/strong>sty byli tam<\/p>\n<p>&#8211; <sup>13<\/span><\/sup> &#8211; od n\u00e1roda k n\u00e1rodu se t\u00e1hli,<br \/>z jedn\u00e9 \u0159\u00ed\u0161e m<strong>e<\/strong>zi jin\u00fd lid -,<\/p>\n<p>&#8211; <sup>14<\/span><\/sup> nedovolil nikomu je tisknout,<br \/>mnoh\u00e9 kr\u00e1le ztr<strong>e<\/strong>stal kv\u016fli nim:<\/p>\n<p>&#8211; <sup>15<\/span><\/sup> &bdquo;Nedotknete se m\u00fdch pomazan\u00fdch,<br \/>neubl\u00ed\u017e\u00edte m<strong>\u00fd<\/strong>m prorok\u016fm!&ldquo;<\/p>\n<p>&#8211; <sup>16<\/span><\/sup> Kdy\u017e na zem svolal hladomor,<br \/>od\u0148al j\u00ed v\u0161<strong>e<\/strong>chen \u017eivn\u00fd chl\u00e9b,<\/p>\n<p>&#8211; <sup>17<\/span><\/sup> jednoho poslal p\u0159ed nimi:<br \/>Josef byl pr<strong>o<\/strong>d\u00e1n v otroctv\u00ed.<\/p>\n<p>&#8211; <sup>18<\/span><\/sup> Nohy mu pouty sv\u00e1zali,<br \/>sev\u0159eli h<strong>r<\/strong>dlo do \u017eelez,<\/p>\n<p>&#8211; <sup>19<\/span><\/sup> a\u017e jeho slovo spln\u011bno<br \/>a v\u00fdrok P<strong>\u00e1<\/strong>n\u011b potvrzen.<\/p>\n<p>&#8211; <sup>20<\/span><\/sup> Tu kr\u00e1li vnukl pustit jej:<br \/>p\u00e1n n\u00e1rod\u016f m<strong>u<\/strong> volnost dal.<\/p>\n<p>&#8211; <sup>21<\/span><\/sup> K \u0159\u00edzen\u00ed sv\u011b\u0159il mu sv\u016fj d\u016fm<br \/>a do spr\u00e1vy sv<strong>\u016f<\/strong>j majetek.<\/p>\n<p>&#8211; <sup>22<\/span><\/sup> Dle sv\u00e9ho m\u011bl v\u00e9st kn\u00ed\u017eata<br \/>a r\u00e1dce <strong>u<\/strong>\u010dit moudrosti.<\/p>\n<p>&#8211; <sup>23<\/span><\/sup> I p\u0159i\u0161el do Egypta Izrael,<br \/>byl J\u00e1kob hostem v z<strong>e<\/strong>mi Ch\u00e1mov\u011b.<\/p>\n<p>&#8211; <sup>24<\/span><\/sup> A v n\u00ed P\u00e1n mocn\u011b rozmno\u017eil sv\u016fj lid,<br \/>a\u017e ten byl siln\u011bj\u0161\u00ed n<strong>e<\/strong>\u017e dom\u00e1c\u00ed.<\/p>\n<p>&#8211; <sup>25<\/span><\/sup> V t\u011bch vzbudil proti sv\u00e9mu lidu z\u00e1\u0161\u0165,<br \/>z\u00e1ke\u0159nost proti slu\u017e<strong>e<\/strong>bn\u00edk\u016fm sv\u00fdm.<\/p>\n<p>&#8211; <sup>26<\/span><\/sup> Pak poslal sv\u00e9ho sluhu Moj\u017e\u00ed\u0161e<br \/>a \u00e1rona, jej\u017e s\u00e1m s<strong>i<\/strong> vyvolil.<\/p>\n<p>&#8211; <sup>27<\/span><\/sup> \u010cinili jeho divy v Egypt\u011b,<br \/>znamen\u00ed mocn\u00e1 v z<strong>e<\/strong>mi Ch\u00e1mov\u011b:<\/p>\n<p>&#8211; <sup>28<\/span><\/sup> S\u00e1m seslal temnoty, a bylo tma;<br \/>oni v\u0161ak jeho slov db<strong>\u00e1<\/strong>t necht\u011bli.<\/p>\n<p>&#8211; <sup>29<\/span><\/sup> Prom\u011bnil tedy jejich vody v krev<br \/>a ryby v nich jim n<strong>e<\/strong>chal pohynout.<\/p>\n<p>&#8211; <sup>30<\/span><\/sup> Cel\u00e1 zem hem\u017eila se \u017e\u00e1bami,<br \/>a\u017e do kr\u00e1lovsk\u00fdch k<strong>o<\/strong>mnat nalezly.<\/p>\n<p>&#8211; <sup>31<\/span><\/sup> P\u0159ik\u00e1zal &#8211; p\u0159ilet\u011bly roje much,<br \/>p\u0159epln\u011bn kom\u00e1ry b<strong>y<\/strong>l ka\u017ed\u00fd kout.<\/p>\n<p>&#8211; <sup>32<\/span><\/sup> Nam\u00edsto de\u0161t\u011b seslal p\u0159\u00edval krup,<br \/>po cel\u00e9 zemi bl<strong>e<\/strong>sky planuly.<\/p>\n<p>&#8211; <sup>33<\/span><\/sup> Vinice, f\u00edkovn\u00edky potloukl,<br \/>zpor\u00e1\u017eel stromy v j<strong>e<\/strong>jich krajin\u00e1ch.<\/p>\n<p>&#8211; <sup>34<\/span><\/sup> P\u0159ik\u00e1zal &#8211; vpadly mraky kobylek<br \/>a nespo\u010detn\u00e9 sp<strong>ou<\/strong>sty saran\u010d\u00ed.<\/p>\n<p>&#8211; <sup>35<\/span><\/sup> Zni\u010dily v zemi v\u0161echno zelen\u00e9,<br \/>zni\u010dili v\u0161e, co p<strong>o<\/strong>le zrodila.<\/p>\n<p>&#8211; <sup>36<\/span><\/sup> Zahubil jim v\u0161e prvorozen\u00e9,<br \/>prvotiny v\u0161ech j<strong>e<\/strong>jich plodn\u00fdch sil.<\/p>\n<p>&#8211; <sup>37<\/span><\/sup> Se zlatem, st\u0159\u00edbrem lid sv\u016fj vyvedl,<br \/>a v jejich kmenech n<strong>i<\/strong>kdo nestonal.<\/p>\n<p>&#8211; <sup>38<\/span><\/sup> Egypt byl jejich odchodu jen r\u00e1d,<br \/>nebo\u0165 mu byli l<strong>e<\/strong>da pro postrach.<\/p>\n<p>&#8211; <sup>39<\/span><\/sup> I zaclonil je hust\u00fdm oblakem<br \/>a plamenem jim sv<strong>\u00ed<\/strong>til za noci.<\/p>\n<p>&#8211; <sup>40<\/span><\/sup> \u017debrali na n\u011bm &#8211; dal jim k\u0159epelky,<br \/>nebesk\u00fdm chlebem s<strong>y<\/strong>til la\u010dn\u00edc\u00ed.<\/p>\n<p>&#8211; <sup>41<\/span><\/sup> Rozrazil sk\u00e1lu &#8211; voda vytryskla<br \/>a proudem rozlila s<strong>e<\/strong> do pou\u0161t\u011b.<\/p>\n<p>&#8211; <sup>42<\/span><\/sup> Nebo\u0165 m\u011bl v pam\u011bti sv\u016fj svat\u00fd slib,<br \/>jak ho dal kdysi Abr<strong>a<\/strong>hamovi.<\/p>\n<p>&#8211; <sup>43<\/span><\/sup> Vyvedl n\u00e1rod, jen\u017e se radoval,<br \/>sv\u00e9 vyvolen\u00e9, kt<strong>e<\/strong>\u0159\u00ed j\u00e1sali.<\/p>\n<p>&#8211; <sup>44<\/span><\/sup> A daroval jim kraje pohan\u016f,<br \/>majetku n\u00e1rod\u016f s<strong>e<\/strong> zmocnili,<\/p>\n<p>&#8211; <sup>45<\/span><\/sup> aby pak \u017eili v jeho z\u00e1kon\u011b,<br \/>zachov\u00e1vali j<strong>e<\/strong>ho p\u0159\u00edkazy.<\/p>\n","protected":false},"excerpt":{"rendered":"<p>Zp\u00edv\u00e1me, Pane, o divech tv\u00e9 l\u00e1sky. &#8211; 1 Slavte P\u00e1na, ct\u011bte jeho jm\u00e9no,zjevte jeho d\u00edla n\u00e1rod\u016fm! &#8211; 2 Zp\u00edvejte mu, na strun\u00e1ch mu hrejte,v\u0161echny jeho divy hl\u00e1sejte! &#8211; 3 Honoste se jeho svat\u00fdm jm\u00e9nem!A\u0165 se raduj\u00ed, kdo P\u00e1na ct\u00ed! &#8211; 4 Dbejte o P\u00e1na a jeho s\u00edlu,st\u00e1le hledejte jen jeho tv\u00e1\u0159! &#8211; 5 Vzpome\u0148te si &#8230; <a title=\"\u017dalm 105\" class=\"read-more\" href=\"https:\/\/www.texty.santegidio.cz\/?page_id=157\" aria-label=\"More on \u017dalm 105\">Read more<\/a><\/p>\n","protected":false},"author":1,"featured_media":0,"parent":29,"menu_order":0,"comment_status":"closed","ping_status":"closed","template":"","meta":{"_uag_custom_page_level_css":"","jetpack_post_was_ever_published":false,"footnotes":""},"class_list":["post-157","page","type-page","status-publish"],"uagb_featured_image_src":{"full":false,"thumbnail":false,"medium":false,"medium_large":false,"large":false,"1536x1536":false,"2048x2048":false},"uagb_author_info":{"display_name":"Pavel","author_link":"https:\/\/www.texty.santegidio.cz\/?author=1"},"uagb_comment_info":0,"uagb_excerpt":"Zp\u00edv\u00e1me, Pane, o divech tv\u00e9 l\u00e1sky. &#8211; 1 Slavte P\u00e1na, ct\u011bte jeho jm\u00e9no,zjevte jeho d\u00edla n\u00e1rod\u016fm! &#8211; 2 Zp\u00edvejte mu, na strun\u00e1ch mu hrejte,v\u0161echny jeho divy hl\u00e1sejte! &#8211; 3 Honoste se jeho svat\u00fdm jm\u00e9nem!A\u0165 se raduj\u00ed, kdo P\u00e1na ct\u00ed! &#8211; 4 Dbejte o P\u00e1na a jeho s\u00edlu,st\u00e1le hledejte jen jeho tv\u00e1\u0159! &#8211; 5 Vzpome\u0148te si&hellip;","jetpack_sharing_enabled":true,"jetpack_shortlink":"https:\/\/wp.me\/PawMsT-2x","_links":{"self":[{"href":"https:\/\/www.texty.santegidio.cz\/index.php?rest_route=\/wp\/v2\/pages\/157","targetHints":{"allow":["GET"]}}],"collection":[{"href":"https:\/\/www.texty.santegidio.cz\/index.php?rest_route=\/wp\/v2\/pages"}],"about":[{"href":"https:\/\/www.texty.santegidio.cz\/index.php?rest_route=\/wp\/v2\/types\/page"}],"author":[{"embeddable":true,"href":"https:\/\/www.texty.santegidio.cz\/index.php?rest_route=\/wp\/v2\/users\/1"}],"replies":[{"embeddable":true,"href":"https:\/\/www.texty.santegidio.cz\/index.php?rest_route=%2Fwp%2Fv2%2Fcomments&post=157"}],"version-history":[{"count":1,"href":"https:\/\/www.texty.santegidio.cz\/index.php?rest_route=\/wp\/v2\/pages\/157\/revisions"}],"predecessor-version":[{"id":1327,"href":"https:\/\/www.texty.santegidio.cz\/index.php?rest_route=\/wp\/v2\/pages\/157\/revisions\/1327"}],"up":[{"embeddable":true,"href":"https:\/\/www.texty.santegidio.cz\/index.php?rest_route=\/wp\/v2\/pages\/29"}],"wp:attachment":[{"href":"https:\/\/www.texty.santegidio.cz\/index.php?rest_route=%2Fwp%2Fv2%2Fmedia&parent=157"}],"curies":[{"name":"wp","href":"https:\/\/api.w.org\/{rel}","templated":true}]}}