{"id":155,"date":"2018-12-12T10:15:12","date_gmt":"2018-12-12T09:15:12","guid":{"rendered":"http:\/\/www.texty.santegidio.cz?page_id=155"},"modified":"2018-12-12T10:15:13","modified_gmt":"2018-12-12T09:15:13","slug":"zalm-103","status":"publish","type":"page","link":"https:\/\/www.texty.santegidio.cz\/?page_id=155","title":{"rendered":"\u017dalm 103"},"content":{"rendered":"<p>Bo\u017e\u00ed dobrotivost a\u017e k nebi sah\u00e1.<\/p>\n<p>&#8211; <sup>1<\/span><\/sup> Oslavuj P\u00e1na, du\u0161e m\u00e1,<br \/>m\u00e9 nitro jeho sv<strong>a<\/strong>t\u00e9 jm\u00e9no!<\/p>\n<p>&#8211; <sup>2<\/span><\/sup> Oslavuj P\u00e1na, du\u0161e m\u00e1,<br \/>na jeho dobra n<strong>e<\/strong>zapome\u0148!<\/p>\n<p>&#8211; <sup>3<\/span><\/sup> V\u0161echny tv\u00e9 viny odpou\u0161t\u00ed,<br \/>ze v\u0161ech tv\u00fdch ned<strong>u<\/strong>h\u016f t\u011b l\u00e9\u010d\u00ed;<\/p>\n<p>&#8211; <sup>4<\/span><\/sup> tv\u016fj \u017eivot chr\u00e1n\u00ed z\u00e1huby,<br \/>v\u011bn\u010d\u00ed t\u011b l\u00e1skou, sl<strong>i<\/strong>tov\u00e1n\u00edm;<\/p>\n<p>&#8211; <sup>5<\/span><\/sup> on blahem syt\u00ed tvoje dny,<br \/>jak orlu obn<strong>o<\/strong>vil tvou mladost.<\/p>\n<p>&#8211; <sup>6<\/span><\/sup> P\u00e1n kon\u00e1 skutky milosti:<br \/>v\u0161em utla\u010den\u00fdm zj<strong>e<\/strong>dn\u00e1 pr\u00e1vo.<\/p>\n<p>&#8211; <sup>7<\/span><\/sup> Uk\u00e1zal cestu Moj\u017e\u00ed\u0161i,<br \/>sv\u00e9 skutky d\u011btem <strong>I<\/strong>zraele.<\/p>\n<p>&#8211; <sup>8<\/span><\/sup> Vl\u00eddn\u00fd a laskav\u00fd je P\u00e1n,<br \/>shov\u00edvav\u00fd a m<strong>i<\/strong>losrdn\u00fd.<\/p>\n<p>&#8211; <sup>9<\/span><\/sup> Nechce se ustavi\u010dn\u011b p\u0159\u00edt,<br \/>nav\u011bky v hn\u011bvu s<strong>e<\/strong>trv\u00e1vat.<\/p>\n<p>&#8211; <sup>10<\/span><\/sup> Nespl\u00e1c\u00ed h\u0159\u00edchy, nejedn\u00e1,<br \/>jak pro sv\u00e9 viny z<strong>a<\/strong>slou\u017e\u00edme.<\/p>\n<p>&#8211; <sup>11<\/span><\/sup> V\u017edy\u0165 jak \u010dn\u00ed nebe nad zem\u00ed,<br \/>tak velkou l\u00e1sku m<strong>\u00e1<\/strong> k sv\u00fdm v\u011brn\u00fdm.<\/p>\n<p>&#8211; <sup>12<\/span><\/sup> Jak od v\u00fdchodu k z\u00e1padu<br \/>vzdaluje od n\u00e1s n<strong>a<\/strong>\u0161e viny.<\/p>\n<p>&#8211; <sup>13<\/span><\/sup> Jak otec d\u011btem odpou\u0161t\u00ed,<br \/>P\u00e1n je k sv\u00fdm v\u011brn\u00fdm m<strong>i<\/strong>lostiv\u00fd.<\/p>\n<p>&#8211; <sup>14<\/span><\/sup> V\u00ed, z \u010deho my jsme stvo\u0159eni,<br \/>m\u00e1 na mysli, \u017ee jsm<strong>e<\/strong> jen hl\u00edna.<\/p>\n<p>&#8211; <sup>15<\/span><\/sup> Jsou jako tr\u00e1va lidsk\u00e9 dny:<br \/>rozkvetou jako p<strong>o<\/strong>ln\u00ed kv\u00edtek,<\/p>\n<p>&#8211; <sup>16<\/span><\/sup> zavane v\u00edtr, sfoukne jej,<br \/>a stopy po n\u011bm n<strong>e<\/strong>z\u016fstane.<\/p>\n<p>&#8211; <sup>17<\/span><\/sup> V\u0161ak l\u00e1ska P\u00e1n\u011b do v\u011bk\u016f,<br \/>je dobrotiv a\u017e k d<strong>\u011b<\/strong>tem d\u011bt\u00ed<\/p>\n<p>&#8211; <sup>18<\/span><\/sup> u t\u011bch, kdo jeho smlouvu ct\u00ed<br \/>a pln\u00ed jeho p\u0159<strong>i<\/strong>k\u00e1z\u00e1n\u00ed.<\/p>\n<p>&#8211; <sup>19<\/span><\/sup> P\u00e1n z\u0159\u00eddil si tr\u016fn v nebes\u00edch<br \/>a jeho vl\u00e1da \u0159<strong>\u00ed<\/strong>d\u00ed vesm\u00edr.<\/p>\n<p>= <sup>20<\/span><\/sup> Oslavte P\u00e1na, chvalte jej,\u2020<br \/>vy jeho poslov\u00e9, vy siln\u00ed,<br \/>kdo kon\u00e1te, co <strong>o<\/strong>n v\u00e1m k\u00e1\u017ee!<\/p>\n<p>&#8211; <sup>21<\/span><\/sup> Oslavte P\u00e1na, z\u00e1stupy,<br \/>vy, kdo jste v slu\u017eb\u00e1ch j<strong>e<\/strong>ho v\u016fle!<\/p>\n<p>= <sup>22<\/span><\/sup> Oslavte P\u00e1na, d\u00edla P\u00e1n\u011b,\u2020<br \/>v\u0161ude, kam sah\u00e1 jeho vl\u00e1da!<br \/>Oslavuj P<strong>\u00e1<\/strong>na, du\u0161e m\u00e1!<\/p>\n","protected":false},"excerpt":{"rendered":"<p>Bo\u017e\u00ed dobrotivost a\u017e k nebi sah\u00e1. &#8211; 1 Oslavuj P\u00e1na, du\u0161e m\u00e1,m\u00e9 nitro jeho svat\u00e9 jm\u00e9no! &#8211; 2 Oslavuj P\u00e1na, du\u0161e m\u00e1,na jeho dobra nezapome\u0148! &#8211; 3 V\u0161echny tv\u00e9 viny odpou\u0161t\u00ed,ze v\u0161ech tv\u00fdch neduh\u016f t\u011b l\u00e9\u010d\u00ed; &#8211; 4 tv\u016fj \u017eivot chr\u00e1n\u00ed z\u00e1huby,v\u011bn\u010d\u00ed t\u011b l\u00e1skou, slitov\u00e1n\u00edm; &#8211; 5 on blahem syt\u00ed tvoje dny,jak orlu obnovil tvou &#8230; <a title=\"\u017dalm 103\" class=\"read-more\" href=\"https:\/\/www.texty.santegidio.cz\/?page_id=155\" aria-label=\"More on \u017dalm 103\">Read more<\/a><\/p>\n","protected":false},"author":1,"featured_media":0,"parent":29,"menu_order":0,"comment_status":"closed","ping_status":"closed","template":"","meta":{"_uag_custom_page_level_css":"","jetpack_post_was_ever_published":false,"footnotes":""},"class_list":["post-155","page","type-page","status-publish"],"uagb_featured_image_src":{"full":false,"thumbnail":false,"medium":false,"medium_large":false,"large":false,"1536x1536":false,"2048x2048":false},"uagb_author_info":{"display_name":"Pavel","author_link":"https:\/\/www.texty.santegidio.cz\/?author=1"},"uagb_comment_info":0,"uagb_excerpt":"Bo\u017e\u00ed dobrotivost a\u017e k nebi sah\u00e1. &#8211; 1 Oslavuj P\u00e1na, du\u0161e m\u00e1,m\u00e9 nitro jeho svat\u00e9 jm\u00e9no! &#8211; 2 Oslavuj P\u00e1na, du\u0161e m\u00e1,na jeho dobra nezapome\u0148! &#8211; 3 V\u0161echny tv\u00e9 viny odpou\u0161t\u00ed,ze v\u0161ech tv\u00fdch neduh\u016f t\u011b l\u00e9\u010d\u00ed; &#8211; 4 tv\u016fj \u017eivot chr\u00e1n\u00ed z\u00e1huby,v\u011bn\u010d\u00ed t\u011b l\u00e1skou, slitov\u00e1n\u00edm; &#8211; 5 on blahem syt\u00ed tvoje dny,jak orlu obnovil tvou&hellip;","jetpack_sharing_enabled":true,"jetpack_shortlink":"https:\/\/wp.me\/PawMsT-2v","_links":{"self":[{"href":"https:\/\/www.texty.santegidio.cz\/index.php?rest_route=\/wp\/v2\/pages\/155","targetHints":{"allow":["GET"]}}],"collection":[{"href":"https:\/\/www.texty.santegidio.cz\/index.php?rest_route=\/wp\/v2\/pages"}],"about":[{"href":"https:\/\/www.texty.santegidio.cz\/index.php?rest_route=\/wp\/v2\/types\/page"}],"author":[{"embeddable":true,"href":"https:\/\/www.texty.santegidio.cz\/index.php?rest_route=\/wp\/v2\/users\/1"}],"replies":[{"embeddable":true,"href":"https:\/\/www.texty.santegidio.cz\/index.php?rest_route=%2Fwp%2Fv2%2Fcomments&post=155"}],"version-history":[{"count":1,"href":"https:\/\/www.texty.santegidio.cz\/index.php?rest_route=\/wp\/v2\/pages\/155\/revisions"}],"predecessor-version":[{"id":1325,"href":"https:\/\/www.texty.santegidio.cz\/index.php?rest_route=\/wp\/v2\/pages\/155\/revisions\/1325"}],"up":[{"embeddable":true,"href":"https:\/\/www.texty.santegidio.cz\/index.php?rest_route=\/wp\/v2\/pages\/29"}],"wp:attachment":[{"href":"https:\/\/www.texty.santegidio.cz\/index.php?rest_route=%2Fwp%2Fv2%2Fmedia&parent=155"}],"curies":[{"name":"wp","href":"https:\/\/api.w.org\/{rel}","templated":true}]}}