{"id":154,"date":"2018-12-12T10:15:12","date_gmt":"2018-12-12T09:15:12","guid":{"rendered":"http:\/\/www.texty.santegidio.cz?page_id=154"},"modified":"2018-12-12T10:15:12","modified_gmt":"2018-12-12T09:15:12","slug":"zalm-102","status":"publish","type":"page","link":"https:\/\/www.texty.santegidio.cz\/?page_id=154","title":{"rendered":"\u017dalm 102"},"content":{"rendered":"<p>P\u0159ed tebou, Pane, spo\u010dineme.<\/p>\n<p>&#8211; <sup>2<\/span><\/sup> Pane, vysly\u0161 moje prosby,<br \/>k\u00e9\u017e t\u011b dos<strong>\u00e1<\/strong>hne m\u016fj hlas!<\/p>\n<p>&#8211; <sup>3<\/span><\/sup> Svoji tv\u00e1\u0159 mi neukr\u00fdvej<br \/>v dne\u0161n\u00ed strast<strong>i<\/strong>pln\u00fd den,<br \/>&#8211; naklo\u0148 ke mn\u011b sluch v \u010das nouze,<br \/>posp\u011b\u0161 na m<strong>\u00e9<\/strong> vol\u00e1n\u00ed!<\/p>\n<p>&#8211; <sup>4<\/span><\/sup> M\u00e9 dny jako d\u00fdm se trat\u00ed,<br \/>v kostech spal<strong>u<\/strong>je m\u011b \u017e\u00e1r,<\/p>\n<p>&#8211; <sup>5<\/span><\/sup> srdce schne jak zprahl\u00e1 tr\u00e1va,<br \/>zapom<strong>\u00ed<\/strong>n\u00e1m u\u017e i j\u00edst.<\/p>\n<p>&#8211; <sup>6<\/span><\/sup> Sam\u00fdm st\u00e9n\u00e1n\u00edm a n\u00e1\u0159kem<br \/>u\u017e jen kost <strong>a<\/strong> k\u016f\u017ee jsem,<\/p>\n<p>&#8211; <sup>7<\/span><\/sup> podob\u00e1m se pt\u00e1ku v pou\u0161ti,<br \/>jsem jak s<strong>\u00fd<\/strong>\u010dek v sutin\u00e1ch,<\/p>\n<p>&#8211; <sup>8<\/span><\/sup> ch\u0159adnu, na\u0159\u00edk\u00e1m jak pt\u00e1\u010de<br \/>osi\u0159<strong>e<\/strong>l\u00e9 na st\u0159e\u0161e.<\/p>\n<p>&#8211; <sup>9<\/span><\/sup> St\u00e1le b\u011bsn\u00ed nep\u0159\u00e1tel\u00e9,<br \/>tup\u00ed m\u011b <strong>a<\/strong> klnou mi.<\/p>\n<p>&#8211; <sup>10<\/span><\/sup> Popel j\u00edd\u00e1m jako chleba,<br \/>piju s n\u00e1p<strong>o<\/strong>jem sv\u016fj pl\u00e1\u010d<\/p>\n<p>&#8211; <sup>11<\/span><\/sup> pro tv\u016fj hn\u011bv a rozhorlen\u00ed:<br \/>zdvihls m\u011b &#8211; <strong>a<\/strong> svrhl zp\u011bt!<\/p>\n<p>&#8211; <sup>12<\/span><\/sup> M\u00e9 dny jsou st\u00edn klesaj\u00edc\u00ed,<br \/>s\u00e1m jak tr<strong>\u00e1<\/strong>va uvad\u00e1m.<\/p>\n<p>&#8211; <sup>13<\/span><\/sup> Av\u0161ak ty, Pane, trv\u00e1\u0161 v\u011b\u010dn\u011b,<br \/>tv\u00e9 jm\u00e9no z r<strong>o<\/strong>du do rodu.<\/p>\n<p>&#8211; <sup>14<\/span><\/sup> Vsta\u0148, ustr\u0148 se zas nad Si\u00f3nem,<br \/>nade\u0161el k slit<strong>o<\/strong>v\u00e1n\u00ed \u010das.<\/p>\n<p>&#8211; <sup>15<\/span><\/sup> Miluj\u00ed jej tv\u00ed slu\u017eebn\u00edci,<br \/>pl\u00e1\u010d\u00ed nad j<strong>e<\/strong>ho z\u0159\u00edcen\u00edm.<\/p>\n<p>&#8211; <sup>16<\/span><\/sup> N\u00e1rody budou ct\u00edt tv\u00e9 jm\u00e9no,<br \/>tvou sl\u00e1vu v\u0161<strong>i<\/strong>chni kr\u00e1lov\u00e9,<\/p>\n<p>&#8211; <sup>17<\/span><\/sup> a\u017e zbuduje P\u00e1n Si\u00f3n znova,<br \/>zjev\u00ed se ve sv<strong>\u00e9<\/strong> n\u00e1dhe\u0159e,<\/p>\n<p>&#8211; <sup>18<\/span><\/sup> a\u017e k prosb\u011b bezmocn\u00fdch se sklon\u00ed,<br \/>nezhrdne j<strong>e<\/strong>jich modlitbou.<\/p>\n<p>&#8211; <sup>19<\/span><\/sup> Tak budi\u017e ps\u00e1no pro budouc\u00ed,<br \/>a\u0165 p\u0159\u00ed\u0161t\u00ed n<strong>\u00e1<\/strong>rod P\u00e1na ct\u00ed!<\/p>\n<p>&#8211; <sup>20<\/span><\/sup> Nebo\u0165 P\u00e1n shl\u00e9dl ze svatyn\u011b,<br \/>on z nebe na z<strong>e<\/strong>m popat\u0159il,<\/p>\n<p>&#8211; <sup>21<\/span><\/sup> zajatc\u016f vzdechy aby sly\u0161el,<br \/>zachr\u00e1nil ty, j<strong>i<\/strong>m\u017e hroz\u00ed smrt,<\/p>\n<p>&#8211; <sup>22<\/span><\/sup> k cti tv\u00e9ho jm\u00e9na na Si\u00f3n\u011b,<br \/>k tv\u00e9 chv\u00e1le v Jer<strong>u<\/strong>zal\u00e9m\u011b,<\/p>\n<p>&#8211; <sup>23<\/span><\/sup> a\u017e n\u00e1rody a cel\u00e9 \u0159\u00ed\u0161e<br \/>se k slu\u017eb\u011b P<strong>\u00e1<\/strong>n\u011b shrom\u00e1\u017ed\u00ed.<\/p>\n<p>&#8211; <sup>24<\/span><\/sup> Cestou ochabla m\u00e1 s\u00edla,<br \/>dej mi zn\u00e1t t<strong>\u011b<\/strong>ch p\u00e1r m\u00fdch dn\u00ed,<\/p>\n<p>&#8211; <sup>25<\/span><\/sup> z p\u016flky jich m\u011b neodv\u00e1d\u011bj!<br \/>V\u011bky v<strong>\u011b<\/strong>k\u016f je tv\u00fdch let!<\/p>\n<p>&#8211; <sup>26<\/span><\/sup> D\u00e1vno zalo\u017eil jsi zemi,<br \/>nebesa js<strong>ou<\/strong> d\u00edlem tv\u00fdm:<\/p>\n<p>&#8211; <sup>27<\/span><\/sup> pominou &#8211; ty bude\u0161 d\u00e1le;<br \/>rozpadnou s<strong>e<\/strong> jako \u0161at &#8211;<br \/>&#8211; zm\u011bn\u00ed\u0161 je, jak \u0161at se m\u011bn\u00ed,<br \/><sup>28<\/span><\/sup> rok\u016f tv\u00fdch j<strong>e<\/strong> bez konce.<\/p>\n<p>&#8211; <sup>29<\/span><\/sup> Pak synov\u00e9 tv\u00fdch slu\u017eebn\u00edk\u016f<br \/>p\u0159eb\u00fdvat b<strong>u<\/strong>dou v bezpe\u010d\u00ed<br \/>&#8211; a jejich potomstvo i nad\u00e1l<br \/>p\u0159ed tvoj\u00ed tv<strong>\u00e1<\/strong>\u0159\u00ed potrv\u00e1.<\/p>\n","protected":false},"excerpt":{"rendered":"<p>P\u0159ed tebou, Pane, spo\u010dineme. &#8211; 2 Pane, vysly\u0161 moje prosby,k\u00e9\u017e t\u011b dos\u00e1hne m\u016fj hlas! &#8211; 3 Svoji tv\u00e1\u0159 mi neukr\u00fdvejv dne\u0161n\u00ed strastipln\u00fd den,&#8211; naklo\u0148 ke mn\u011b sluch v \u010das nouze,posp\u011b\u0161 na m\u00e9 vol\u00e1n\u00ed! &#8211; 4 M\u00e9 dny jako d\u00fdm se trat\u00ed,v kostech spaluje m\u011b \u017e\u00e1r, &#8211; 5 srdce schne jak zprahl\u00e1 tr\u00e1va,zapom\u00edn\u00e1m u\u017e i j\u00edst. &#8230; <a title=\"\u017dalm 102\" class=\"read-more\" href=\"https:\/\/www.texty.santegidio.cz\/?page_id=154\" aria-label=\"More on \u017dalm 102\">Read more<\/a><\/p>\n","protected":false},"author":1,"featured_media":0,"parent":29,"menu_order":0,"comment_status":"closed","ping_status":"closed","template":"","meta":{"_uag_custom_page_level_css":"","jetpack_post_was_ever_published":false,"footnotes":""},"class_list":["post-154","page","type-page","status-publish"],"uagb_featured_image_src":{"full":false,"thumbnail":false,"medium":false,"medium_large":false,"large":false,"1536x1536":false,"2048x2048":false},"uagb_author_info":{"display_name":"Pavel","author_link":"https:\/\/www.texty.santegidio.cz\/?author=1"},"uagb_comment_info":0,"uagb_excerpt":"P\u0159ed tebou, Pane, spo\u010dineme. &#8211; 2 Pane, vysly\u0161 moje prosby,k\u00e9\u017e t\u011b dos\u00e1hne m\u016fj hlas! &#8211; 3 Svoji tv\u00e1\u0159 mi neukr\u00fdvejv dne\u0161n\u00ed strastipln\u00fd den,&#8211; naklo\u0148 ke mn\u011b sluch v \u010das nouze,posp\u011b\u0161 na m\u00e9 vol\u00e1n\u00ed! &#8211; 4 M\u00e9 dny jako d\u00fdm se trat\u00ed,v kostech spaluje m\u011b \u017e\u00e1r, &#8211; 5 srdce schne jak zprahl\u00e1 tr\u00e1va,zapom\u00edn\u00e1m u\u017e i j\u00edst.&hellip;","jetpack_sharing_enabled":true,"jetpack_shortlink":"https:\/\/wp.me\/PawMsT-2u","_links":{"self":[{"href":"https:\/\/www.texty.santegidio.cz\/index.php?rest_route=\/wp\/v2\/pages\/154","targetHints":{"allow":["GET"]}}],"collection":[{"href":"https:\/\/www.texty.santegidio.cz\/index.php?rest_route=\/wp\/v2\/pages"}],"about":[{"href":"https:\/\/www.texty.santegidio.cz\/index.php?rest_route=\/wp\/v2\/types\/page"}],"author":[{"embeddable":true,"href":"https:\/\/www.texty.santegidio.cz\/index.php?rest_route=\/wp\/v2\/users\/1"}],"replies":[{"embeddable":true,"href":"https:\/\/www.texty.santegidio.cz\/index.php?rest_route=%2Fwp%2Fv2%2Fcomments&post=154"}],"version-history":[{"count":1,"href":"https:\/\/www.texty.santegidio.cz\/index.php?rest_route=\/wp\/v2\/pages\/154\/revisions"}],"predecessor-version":[{"id":1324,"href":"https:\/\/www.texty.santegidio.cz\/index.php?rest_route=\/wp\/v2\/pages\/154\/revisions\/1324"}],"up":[{"embeddable":true,"href":"https:\/\/www.texty.santegidio.cz\/index.php?rest_route=\/wp\/v2\/pages\/29"}],"wp:attachment":[{"href":"https:\/\/www.texty.santegidio.cz\/index.php?rest_route=%2Fwp%2Fv2%2Fmedia&parent=154"}],"curies":[{"name":"wp","href":"https:\/\/api.w.org\/{rel}","templated":true}]}}