{"id":153,"date":"2018-12-12T10:15:12","date_gmt":"2018-12-12T09:15:12","guid":{"rendered":"http:\/\/www.texty.santegidio.cz?page_id=153"},"modified":"2018-12-12T10:15:12","modified_gmt":"2018-12-12T09:15:12","slug":"zalm-101","status":"publish","type":"page","link":"https:\/\/www.texty.santegidio.cz\/?page_id=153","title":{"rendered":"\u017dalm 101"},"content":{"rendered":"<p>Budu hledat spravedlnost, Pane.<\/p>\n<p>&#8211; <sup>1<\/span><\/sup> Zazp\u00edv\u00e1m o l\u00e1sce a o z\u00e1konu,<br \/>na harfu, Pane, t<strong>o<\/strong>b\u011b budu hr\u00e1t.<\/p>\n<p>&#8211; <sup>2<\/span><\/sup> Chci kr\u00e1\u010det v\u017edycky bez\u00fahonnou cestou,<br \/>k\u00e9\u017e tvoje v\u011brnost kr<strong>\u00e1<\/strong>\u010d\u00ed p\u0159ede mnou,<br \/>&#8211; tak abych s nevinn\u00fdm a \u010dist\u00fdm srdcem<br \/>cel\u00fdm sv\u00fdm domem m<strong>o<\/strong>hl proch\u00e1zet.<\/p>\n<p>= <sup>3<\/span><\/sup> Nechci se d\u00edvat na nic hanebn\u00e9ho,\u2020<br \/>o\u0161kliv\u00ed se mi p\u00e1chat nepravost,<br \/>k\u00e9\u017e na mn\u011b \u017e\u00e1dn\u00e1 n<strong>i<\/strong>kdy neulp\u00ed!<\/p>\n<p>&#8211; <sup>4<\/span><\/sup> Fale\u0161n\u00e9 srdce se mi zhloubi p\u0159\u00ed\u010d\u00ed,<br \/>k ni\u010demu \u0161patn\u00e9mu s<strong>e<\/strong> nechci zn\u00e1t.<\/p>\n<p>&#8211; <sup>5<\/span><\/sup> Kdo na bli\u017en\u00edho skryt\u011b nasazuje,<br \/>takov\u00e9ho j\u00e1 b<strong>u<\/strong>du pot\u00edrat,<br \/>&#8211; kdo py\u0161n\u011b zhl\u00ed\u017e\u00ed, nafoukan\u011b sm\u00fd\u0161l\u00ed,<br \/>toho j\u00e1 bl\u00edzko s<strong>e<\/strong>be nestrp\u00edm.<\/p>\n<p>&#8211; <sup>6<\/span><\/sup> S\u00e1m budu v zemi vyhled\u00e1vat v\u011brn\u00e9,<br \/>takov\u00ed a\u0165 jsou st<strong>\u00e1<\/strong>le kolem mne!<br \/>&#8211; V m\u00fdch slu\u017eb\u00e1ch budou,<br \/>kdo si v<strong>e<\/strong>dou \u0159\u00e1dn\u011b.<\/p>\n<p>&#8211; <sup>7<\/span><\/sup> Kdo jedn\u00e1 lstiv\u011b, nesm\u00ed \u017e\u00edt v m\u00e9m dom\u011b<br \/>a neobstoj\u00ed p\u0159<strong>e<\/strong>de mnou, kdo l\u017ee.<\/p>\n<p>&#8211; <sup>8<\/span><\/sup> Denn\u011b chci st\u00edhat v\u0161echny h\u0159\u00ed\u0161n\u00e9 v zemi,<br \/>n\u00e1siln\u00e9 z m\u011bsta P<strong>\u00e1<\/strong>n\u011b vyhlad\u00edm.<\/p>\n","protected":false},"excerpt":{"rendered":"<p>Budu hledat spravedlnost, Pane. &#8211; 1 Zazp\u00edv\u00e1m o l\u00e1sce a o z\u00e1konu,na harfu, Pane, tob\u011b budu hr\u00e1t. &#8211; 2 Chci kr\u00e1\u010det v\u017edycky bez\u00fahonnou cestou,k\u00e9\u017e tvoje v\u011brnost kr\u00e1\u010d\u00ed p\u0159ede mnou,&#8211; tak abych s nevinn\u00fdm a \u010dist\u00fdm srdcemcel\u00fdm sv\u00fdm domem mohl proch\u00e1zet. = 3 Nechci se d\u00edvat na nic hanebn\u00e9ho,\u2020o\u0161kliv\u00ed se mi p\u00e1chat nepravost,k\u00e9\u017e na mn\u011b \u017e\u00e1dn\u00e1 &#8230; <a title=\"\u017dalm 101\" class=\"read-more\" href=\"https:\/\/www.texty.santegidio.cz\/?page_id=153\" aria-label=\"More on \u017dalm 101\">Read more<\/a><\/p>\n","protected":false},"author":1,"featured_media":0,"parent":29,"menu_order":0,"comment_status":"closed","ping_status":"closed","template":"","meta":{"_uag_custom_page_level_css":"","jetpack_post_was_ever_published":false,"footnotes":""},"class_list":["post-153","page","type-page","status-publish"],"uagb_featured_image_src":{"full":false,"thumbnail":false,"medium":false,"medium_large":false,"large":false,"1536x1536":false,"2048x2048":false},"uagb_author_info":{"display_name":"Pavel","author_link":"https:\/\/www.texty.santegidio.cz\/?author=1"},"uagb_comment_info":0,"uagb_excerpt":"Budu hledat spravedlnost, Pane. &#8211; 1 Zazp\u00edv\u00e1m o l\u00e1sce a o z\u00e1konu,na harfu, Pane, tob\u011b budu hr\u00e1t. &#8211; 2 Chci kr\u00e1\u010det v\u017edycky bez\u00fahonnou cestou,k\u00e9\u017e tvoje v\u011brnost kr\u00e1\u010d\u00ed p\u0159ede mnou,&#8211; tak abych s nevinn\u00fdm a \u010dist\u00fdm srdcemcel\u00fdm sv\u00fdm domem mohl proch\u00e1zet. = 3 Nechci se d\u00edvat na nic hanebn\u00e9ho,\u2020o\u0161kliv\u00ed se mi p\u00e1chat nepravost,k\u00e9\u017e na mn\u011b \u017e\u00e1dn\u00e1&hellip;","jetpack_sharing_enabled":true,"jetpack_shortlink":"https:\/\/wp.me\/PawMsT-2t","_links":{"self":[{"href":"https:\/\/www.texty.santegidio.cz\/index.php?rest_route=\/wp\/v2\/pages\/153","targetHints":{"allow":["GET"]}}],"collection":[{"href":"https:\/\/www.texty.santegidio.cz\/index.php?rest_route=\/wp\/v2\/pages"}],"about":[{"href":"https:\/\/www.texty.santegidio.cz\/index.php?rest_route=\/wp\/v2\/types\/page"}],"author":[{"embeddable":true,"href":"https:\/\/www.texty.santegidio.cz\/index.php?rest_route=\/wp\/v2\/users\/1"}],"replies":[{"embeddable":true,"href":"https:\/\/www.texty.santegidio.cz\/index.php?rest_route=%2Fwp%2Fv2%2Fcomments&post=153"}],"version-history":[{"count":1,"href":"https:\/\/www.texty.santegidio.cz\/index.php?rest_route=\/wp\/v2\/pages\/153\/revisions"}],"predecessor-version":[{"id":1323,"href":"https:\/\/www.texty.santegidio.cz\/index.php?rest_route=\/wp\/v2\/pages\/153\/revisions\/1323"}],"up":[{"embeddable":true,"href":"https:\/\/www.texty.santegidio.cz\/index.php?rest_route=\/wp\/v2\/pages\/29"}],"wp:attachment":[{"href":"https:\/\/www.texty.santegidio.cz\/index.php?rest_route=%2Fwp%2Fv2%2Fmedia&parent=153"}],"curies":[{"name":"wp","href":"https:\/\/api.w.org\/{rel}","templated":true}]}}