{"id":152,"date":"2018-12-12T10:15:10","date_gmt":"2018-12-12T09:15:10","guid":{"rendered":"http:\/\/www.texty.santegidio.cz?page_id=152"},"modified":"2018-12-12T10:15:12","modified_gmt":"2018-12-12T09:15:12","slug":"zalm-100","status":"publish","type":"page","link":"https:\/\/www.texty.santegidio.cz\/?page_id=152","title":{"rendered":"\u017dalm 100"},"content":{"rendered":"<p>J\u00e1sejte P\u00e1nu, v\u0161echny zem\u011b!<\/p>\n<p>= <sup>1<\/span><\/sup> J\u00e1sejte P\u00e1nu, v\u0161echny zem\u011b!\u2020<br \/><sup>2<\/span><\/sup> A slu\u017ete P\u00e1nu s radov\u00e1n\u00edm,<br \/>s ples\u00e1n\u00edm poj\u010fte p\u0159<strong>e<\/strong>d tv\u00e1\u0159 jeho!<\/p>\n<p>= <sup>3<\/span><\/sup> V\u011bzte: jen P\u00e1n je na\u0161\u00edm Bohem!\u2020<br \/>Stvo\u0159il n\u00e1s, proto my jsme jeho,<br \/>lid jeho, st\u00e1do j<strong>e<\/strong>ho pastvy.<\/p>\n<p>= <sup>4<\/span><\/sup> Vch\u00e1zejte v jeho br\u00e1ny s d\u00edkem,\u2020<br \/>do jeho s\u00edn\u00ed s chvalozp\u011bvem!<br \/>Chvalte a slavte j<strong>e<\/strong>ho jm\u00e9no!<\/p>\n<p>= <sup>5<\/span><\/sup> Proto\u017ee P\u00e1n je dobrotiv\u00fd,\u2020<br \/>po v\u0161echny v\u011bky milosrdn\u00fd,<br \/>v\u011brn\u00fd je ke v\u0161em p<strong>o<\/strong>kolen\u00edm.<\/p>\n","protected":false},"excerpt":{"rendered":"<p>J\u00e1sejte P\u00e1nu, v\u0161echny zem\u011b! = 1 J\u00e1sejte P\u00e1nu, v\u0161echny zem\u011b!\u20202 A slu\u017ete P\u00e1nu s radov\u00e1n\u00edm,s ples\u00e1n\u00edm poj\u010fte p\u0159ed tv\u00e1\u0159 jeho! = 3 V\u011bzte: jen P\u00e1n je na\u0161\u00edm Bohem!\u2020Stvo\u0159il n\u00e1s, proto my jsme jeho,lid jeho, st\u00e1do jeho pastvy. = 4 Vch\u00e1zejte v jeho br\u00e1ny s d\u00edkem,\u2020do jeho s\u00edn\u00ed s chvalozp\u011bvem!Chvalte a slavte jeho jm\u00e9no! = 5 &#8230; <a title=\"\u017dalm 100\" class=\"read-more\" href=\"https:\/\/www.texty.santegidio.cz\/?page_id=152\" aria-label=\"More on \u017dalm 100\">Read more<\/a><\/p>\n","protected":false},"author":1,"featured_media":0,"parent":29,"menu_order":0,"comment_status":"closed","ping_status":"closed","template":"","meta":{"_uag_custom_page_level_css":"","jetpack_post_was_ever_published":false,"footnotes":""},"class_list":["post-152","page","type-page","status-publish"],"uagb_featured_image_src":{"full":false,"thumbnail":false,"medium":false,"medium_large":false,"large":false,"1536x1536":false,"2048x2048":false},"uagb_author_info":{"display_name":"Pavel","author_link":"https:\/\/www.texty.santegidio.cz\/?author=1"},"uagb_comment_info":0,"uagb_excerpt":"J\u00e1sejte P\u00e1nu, v\u0161echny zem\u011b! = 1 J\u00e1sejte P\u00e1nu, v\u0161echny zem\u011b!\u20202 A slu\u017ete P\u00e1nu s radov\u00e1n\u00edm,s ples\u00e1n\u00edm poj\u010fte p\u0159ed tv\u00e1\u0159 jeho! = 3 V\u011bzte: jen P\u00e1n je na\u0161\u00edm Bohem!\u2020Stvo\u0159il n\u00e1s, proto my jsme jeho,lid jeho, st\u00e1do jeho pastvy. = 4 Vch\u00e1zejte v jeho br\u00e1ny s d\u00edkem,\u2020do jeho s\u00edn\u00ed s chvalozp\u011bvem!Chvalte a slavte jeho jm\u00e9no! = 5&hellip;","jetpack_sharing_enabled":true,"jetpack_shortlink":"https:\/\/wp.me\/PawMsT-2s","_links":{"self":[{"href":"https:\/\/www.texty.santegidio.cz\/index.php?rest_route=\/wp\/v2\/pages\/152","targetHints":{"allow":["GET"]}}],"collection":[{"href":"https:\/\/www.texty.santegidio.cz\/index.php?rest_route=\/wp\/v2\/pages"}],"about":[{"href":"https:\/\/www.texty.santegidio.cz\/index.php?rest_route=\/wp\/v2\/types\/page"}],"author":[{"embeddable":true,"href":"https:\/\/www.texty.santegidio.cz\/index.php?rest_route=\/wp\/v2\/users\/1"}],"replies":[{"embeddable":true,"href":"https:\/\/www.texty.santegidio.cz\/index.php?rest_route=%2Fwp%2Fv2%2Fcomments&post=152"}],"version-history":[{"count":1,"href":"https:\/\/www.texty.santegidio.cz\/index.php?rest_route=\/wp\/v2\/pages\/152\/revisions"}],"predecessor-version":[{"id":1322,"href":"https:\/\/www.texty.santegidio.cz\/index.php?rest_route=\/wp\/v2\/pages\/152\/revisions\/1322"}],"up":[{"embeddable":true,"href":"https:\/\/www.texty.santegidio.cz\/index.php?rest_route=\/wp\/v2\/pages\/29"}],"wp:attachment":[{"href":"https:\/\/www.texty.santegidio.cz\/index.php?rest_route=%2Fwp%2Fv2%2Fmedia&parent=152"}],"curies":[{"name":"wp","href":"https:\/\/api.w.org\/{rel}","templated":true}]}}