{"id":151,"date":"2018-12-12T10:15:10","date_gmt":"2018-12-12T09:15:10","guid":{"rendered":"http:\/\/www.texty.santegidio.cz?page_id=151"},"modified":"2018-12-12T10:15:12","modified_gmt":"2018-12-12T09:15:12","slug":"zalm-99","status":"publish","type":"page","link":"https:\/\/www.texty.santegidio.cz\/?page_id=151","title":{"rendered":"\u017dalm 99"},"content":{"rendered":"<p>Chvalte P\u00e1na, nebo\u0165 je svat\u00fd.<\/p>\n<p>&#8211; <sup>1<\/span><\/sup> P\u00e1n je kr\u00e1l: a n\u00e1rody se chv\u011bj\u00ed.<br \/>Nad cheruby tr\u016fn\u00ed: z<strong>e<\/strong>m se t\u0159ese.<\/p>\n<p>&#8211; <sup>2<\/span><\/sup> Velik\u00fd je n\u00e1\u0161 P\u00e1n na Si\u00f3nu,<br \/>povznesen\u00fd nad n\u00e1r<strong>o<\/strong>dy v\u0161emi.<\/p>\n<p>&#8211; <sup>3<\/span><\/sup> A\u0165 tv\u00e9 velk\u00e9, hr\u016fzypln\u00e9 jm\u00e9no<br \/>v\u0161ichni slav\u00ed, prot<strong>o<\/strong>\u017ee je svat\u00e9!<\/p>\n<p>&#8211; <sup>4<\/span><\/sup> Mocn\u00fd je to kr\u00e1l a p\u0159eje pr\u00e1vu.<br \/>Ty jsi pevn\u011b zal<strong>o<\/strong>\u017eil \u0159\u00e1d sv\u011bta,<br \/>&#8211; ty jsi pr\u00e1vn\u00ed \u0159\u00e1d a spravedlnost<br \/>ustanovil v lidu J<strong>\u00e1<\/strong>kobov\u011b.<\/p>\n<p>= <sup>5<\/span><\/sup> Chvalte P\u00e1na, jen\u017e je na\u0161\u00edm Bohem!\u2020<br \/>Poklekn\u011bte p\u0159ed podno\u017e\u00ed jeho,<br \/>poklo\u0148te se, nebo\u0165 <strong>o<\/strong>n je svat\u00fd!<\/p>\n<p>= <sup>6<\/span><\/sup> Moj\u017e\u00ed\u0161 s \u00e1ronem jsou z jeho kn\u011b\u017e\u00ed,\u2020<br \/>Samuel je z jeho vyznava\u010d\u016f:<br \/>P\u00e1na vz\u00fdvali, a v<strong>y<\/strong>sly\u0161el je.<\/p>\n<p>= <sup>7<\/span><\/sup> Promlouval k nim z obla\u010dn\u00e9ho sloupu;\u2020<br \/>naslouchali jeho p\u0159ik\u00e1z\u00e1n\u00edm,<br \/>z\u00e1kon\u016fm, je\u017e on jim <strong>u<\/strong>stanovil.<\/p>\n<p>= <sup>8<\/span><\/sup> Vysly\u0161els je, Pane, ty n\u00e1\u0161 Bo\u017ee,\u2020<br \/>byls jim v\u017edycky Bohem milostiv\u00fdm;<br \/>i kdy\u017e jejich p\u0159est<strong>u<\/strong>pky jsi trestal.<\/p>\n<p>= <sup>9<\/span><\/sup> Chvalte P\u00e1na, jen\u017e je na\u0161\u00edm Bohem!\u2020<br \/>Kla\u0148te se na jeho svat\u00e9 ho\u0159e,<br \/>proto\u017ee je sv<strong>a<\/strong>t\u00fd P\u00e1n, n\u00e1\u0161 B\u016fh!<\/p>\n","protected":false},"excerpt":{"rendered":"<p>Chvalte P\u00e1na, nebo\u0165 je svat\u00fd. &#8211; 1 P\u00e1n je kr\u00e1l: a n\u00e1rody se chv\u011bj\u00ed.Nad cheruby tr\u016fn\u00ed: zem se t\u0159ese. &#8211; 2 Velik\u00fd je n\u00e1\u0161 P\u00e1n na Si\u00f3nu,povznesen\u00fd nad n\u00e1rody v\u0161emi. &#8211; 3 A\u0165 tv\u00e9 velk\u00e9, hr\u016fzypln\u00e9 jm\u00e9nov\u0161ichni slav\u00ed, proto\u017ee je svat\u00e9! &#8211; 4 Mocn\u00fd je to kr\u00e1l a p\u0159eje pr\u00e1vu.Ty jsi pevn\u011b zalo\u017eil \u0159\u00e1d sv\u011bta,&#8211; &#8230; <a title=\"\u017dalm 99\" class=\"read-more\" href=\"https:\/\/www.texty.santegidio.cz\/?page_id=151\" aria-label=\"More on \u017dalm 99\">Read more<\/a><\/p>\n","protected":false},"author":1,"featured_media":0,"parent":29,"menu_order":0,"comment_status":"closed","ping_status":"closed","template":"","meta":{"_uag_custom_page_level_css":"","jetpack_post_was_ever_published":false,"footnotes":""},"class_list":["post-151","page","type-page","status-publish"],"uagb_featured_image_src":{"full":false,"thumbnail":false,"medium":false,"medium_large":false,"large":false,"1536x1536":false,"2048x2048":false},"uagb_author_info":{"display_name":"Pavel","author_link":"https:\/\/www.texty.santegidio.cz\/?author=1"},"uagb_comment_info":0,"uagb_excerpt":"Chvalte P\u00e1na, nebo\u0165 je svat\u00fd. &#8211; 1 P\u00e1n je kr\u00e1l: a n\u00e1rody se chv\u011bj\u00ed.Nad cheruby tr\u016fn\u00ed: zem se t\u0159ese. &#8211; 2 Velik\u00fd je n\u00e1\u0161 P\u00e1n na Si\u00f3nu,povznesen\u00fd nad n\u00e1rody v\u0161emi. &#8211; 3 A\u0165 tv\u00e9 velk\u00e9, hr\u016fzypln\u00e9 jm\u00e9nov\u0161ichni slav\u00ed, proto\u017ee je svat\u00e9! &#8211; 4 Mocn\u00fd je to kr\u00e1l a p\u0159eje pr\u00e1vu.Ty jsi pevn\u011b zalo\u017eil \u0159\u00e1d sv\u011bta,&#8211;&hellip;","jetpack_sharing_enabled":true,"jetpack_shortlink":"https:\/\/wp.me\/PawMsT-2r","_links":{"self":[{"href":"https:\/\/www.texty.santegidio.cz\/index.php?rest_route=\/wp\/v2\/pages\/151","targetHints":{"allow":["GET"]}}],"collection":[{"href":"https:\/\/www.texty.santegidio.cz\/index.php?rest_route=\/wp\/v2\/pages"}],"about":[{"href":"https:\/\/www.texty.santegidio.cz\/index.php?rest_route=\/wp\/v2\/types\/page"}],"author":[{"embeddable":true,"href":"https:\/\/www.texty.santegidio.cz\/index.php?rest_route=\/wp\/v2\/users\/1"}],"replies":[{"embeddable":true,"href":"https:\/\/www.texty.santegidio.cz\/index.php?rest_route=%2Fwp%2Fv2%2Fcomments&post=151"}],"version-history":[{"count":1,"href":"https:\/\/www.texty.santegidio.cz\/index.php?rest_route=\/wp\/v2\/pages\/151\/revisions"}],"predecessor-version":[{"id":1321,"href":"https:\/\/www.texty.santegidio.cz\/index.php?rest_route=\/wp\/v2\/pages\/151\/revisions\/1321"}],"up":[{"embeddable":true,"href":"https:\/\/www.texty.santegidio.cz\/index.php?rest_route=\/wp\/v2\/pages\/29"}],"wp:attachment":[{"href":"https:\/\/www.texty.santegidio.cz\/index.php?rest_route=%2Fwp%2Fv2%2Fmedia&parent=151"}],"curies":[{"name":"wp","href":"https:\/\/api.w.org\/{rel}","templated":true}]}}