{"id":150,"date":"2018-12-12T10:15:10","date_gmt":"2018-12-12T09:15:10","guid":{"rendered":"http:\/\/www.texty.santegidio.cz?page_id=150"},"modified":"2018-12-12T10:15:11","modified_gmt":"2018-12-12T09:15:11","slug":"zalm-98","status":"publish","type":"page","link":"https:\/\/www.texty.santegidio.cz\/?page_id=150","title":{"rendered":"\u017dalm 98"},"content":{"rendered":"<p>Radujte se a plesejte p\u0159ed P\u00e1nem.<\/p>\n<p>&#8211; <sup>1<\/span><\/sup> Zp\u00edvejte P\u00e1nu novou p\u00edse\u0148,<br \/>nebo\u0165 u\u010dinil vel<strong>i<\/strong>k\u00e9 divy:<br \/>&#8211; on svou pravic\u00ed v\u00edt\u011bzstv\u00ed dobyl,<br \/>zv\u00edt\u011bzil sv\u00fdm ram<strong>e<\/strong>nem svat\u00fdm.<\/p>\n<p>&#8211; <sup>2<\/span><\/sup> P\u00e1n dal poznat d\u00edlo sv\u00e9 sp\u00e1sy,<br \/>p\u0159ed v\u0161emi zjevil svou spr<strong>a<\/strong>vedlnost.<\/p>\n<p>&#8211; <sup>3<\/span><\/sup> Rozpomn\u011bl se na svoji milost,<br \/>na v\u011brnost domu <strong>I<\/strong>zraele;<br \/>&#8211; vid\u011bly v\u0161echny kon\u010diny zem\u011b<br \/>d\u00edlo sp\u00e1sy na\u0161<strong>e<\/strong>ho Boha.<\/p>\n<p>&#8211; <sup>4<\/span><\/sup> Plesejte p\u0159ed P\u00e1nem, v\u0161echny zem\u011b,<br \/>radujte se, zp\u00edv<strong>e<\/strong>jte, hrejte!<\/p>\n<p>&#8211; <sup>5<\/span><\/sup> Hrejte P\u00e1nu na strun\u00e1ch harfy,<br \/>na strun\u00e1ch harfy s hlas<strong>i<\/strong>tou p\u00edsn\u00ed!<\/p>\n<p>&#8211; <sup>6<\/span><\/sup> Za zvuku trub a dun\u011bn\u00ed roh\u016f<br \/>j\u00e1sejte p\u0159ed tv\u00e1\u0159\u00ed na\u0161<strong>e<\/strong>ho kr\u00e1le!<\/p>\n<p>&#8211; <sup>7<\/span><\/sup> A\u0165 hu\u010d\u00ed mo\u0159e a v\u0161e, \u010d\u00edm se hem\u017e\u00ed,<br \/>cel\u00e1 zem se v\u0161\u00edm, co n<strong>a<\/strong> n\u00ed \u017eije!<\/p>\n<p>&#8211; <sup>8<\/span><\/sup> A\u0165 i \u0159eky do dlan\u00ed tlesknou,<br \/>a\u0165 i hory j\u00e1s<strong>a<\/strong>j\u00ed sborem<\/p>\n<p>&#8211; <sup>9<\/span><\/sup> vst\u0159\u00edc P\u00e1nu, kter\u00fd p\u0159ich\u00e1z\u00ed soudit,<br \/>p\u0159ich\u00e1z\u00ed soudit ve\u0161k<strong>e<\/strong>rou zemi.<br \/>&#8211; On zemi soud\u00ed spravedliv\u011b,<br \/>on podle pr\u00e1va n\u00e1r<strong>o<\/strong>dy \u0159\u00edd\u00ed.<\/p>\n","protected":false},"excerpt":{"rendered":"<p>Radujte se a plesejte p\u0159ed P\u00e1nem. &#8211; 1 Zp\u00edvejte P\u00e1nu novou p\u00edse\u0148,nebo\u0165 u\u010dinil velik\u00e9 divy:&#8211; on svou pravic\u00ed v\u00edt\u011bzstv\u00ed dobyl,zv\u00edt\u011bzil sv\u00fdm ramenem svat\u00fdm. &#8211; 2 P\u00e1n dal poznat d\u00edlo sv\u00e9 sp\u00e1sy,p\u0159ed v\u0161emi zjevil svou spravedlnost. &#8211; 3 Rozpomn\u011bl se na svoji milost,na v\u011brnost domu Izraele;&#8211; vid\u011bly v\u0161echny kon\u010diny zem\u011bd\u00edlo sp\u00e1sy na\u0161eho Boha. &#8211; 4 Plesejte &#8230; <a title=\"\u017dalm 98\" class=\"read-more\" href=\"https:\/\/www.texty.santegidio.cz\/?page_id=150\" aria-label=\"More on \u017dalm 98\">Read more<\/a><\/p>\n","protected":false},"author":1,"featured_media":0,"parent":29,"menu_order":0,"comment_status":"closed","ping_status":"closed","template":"","meta":{"_uag_custom_page_level_css":"","jetpack_post_was_ever_published":false,"footnotes":""},"class_list":["post-150","page","type-page","status-publish"],"uagb_featured_image_src":{"full":false,"thumbnail":false,"medium":false,"medium_large":false,"large":false,"1536x1536":false,"2048x2048":false},"uagb_author_info":{"display_name":"Pavel","author_link":"https:\/\/www.texty.santegidio.cz\/?author=1"},"uagb_comment_info":0,"uagb_excerpt":"Radujte se a plesejte p\u0159ed P\u00e1nem. &#8211; 1 Zp\u00edvejte P\u00e1nu novou p\u00edse\u0148,nebo\u0165 u\u010dinil velik\u00e9 divy:&#8211; on svou pravic\u00ed v\u00edt\u011bzstv\u00ed dobyl,zv\u00edt\u011bzil sv\u00fdm ramenem svat\u00fdm. &#8211; 2 P\u00e1n dal poznat d\u00edlo sv\u00e9 sp\u00e1sy,p\u0159ed v\u0161emi zjevil svou spravedlnost. &#8211; 3 Rozpomn\u011bl se na svoji milost,na v\u011brnost domu Izraele;&#8211; vid\u011bly v\u0161echny kon\u010diny zem\u011bd\u00edlo sp\u00e1sy na\u0161eho Boha. &#8211; 4 Plesejte&hellip;","jetpack_sharing_enabled":true,"jetpack_shortlink":"https:\/\/wp.me\/PawMsT-2q","_links":{"self":[{"href":"https:\/\/www.texty.santegidio.cz\/index.php?rest_route=\/wp\/v2\/pages\/150","targetHints":{"allow":["GET"]}}],"collection":[{"href":"https:\/\/www.texty.santegidio.cz\/index.php?rest_route=\/wp\/v2\/pages"}],"about":[{"href":"https:\/\/www.texty.santegidio.cz\/index.php?rest_route=\/wp\/v2\/types\/page"}],"author":[{"embeddable":true,"href":"https:\/\/www.texty.santegidio.cz\/index.php?rest_route=\/wp\/v2\/users\/1"}],"replies":[{"embeddable":true,"href":"https:\/\/www.texty.santegidio.cz\/index.php?rest_route=%2Fwp%2Fv2%2Fcomments&post=150"}],"version-history":[{"count":1,"href":"https:\/\/www.texty.santegidio.cz\/index.php?rest_route=\/wp\/v2\/pages\/150\/revisions"}],"predecessor-version":[{"id":1320,"href":"https:\/\/www.texty.santegidio.cz\/index.php?rest_route=\/wp\/v2\/pages\/150\/revisions\/1320"}],"up":[{"embeddable":true,"href":"https:\/\/www.texty.santegidio.cz\/index.php?rest_route=\/wp\/v2\/pages\/29"}],"wp:attachment":[{"href":"https:\/\/www.texty.santegidio.cz\/index.php?rest_route=%2Fwp%2Fv2%2Fmedia&parent=150"}],"curies":[{"name":"wp","href":"https:\/\/api.w.org\/{rel}","templated":true}]}}