{"id":149,"date":"2018-12-12T10:15:10","date_gmt":"2018-12-12T09:15:10","guid":{"rendered":"http:\/\/www.texty.santegidio.cz?page_id=149"},"modified":"2018-12-12T10:15:11","modified_gmt":"2018-12-12T09:15:11","slug":"zalm-97","status":"publish","type":"page","link":"https:\/\/www.texty.santegidio.cz\/?page_id=149","title":{"rendered":"\u017dalm 97"},"content":{"rendered":"<p>Radujte se, spravedliv\u00ed P\u00e1na.<\/p>\n<p>&#8211; <sup>1<\/span><\/sup> P\u00e1n je kr\u00e1l! Ty, cel\u00e1 zem\u011b, j\u00e1sej,<br \/>radujte se, \u010d<strong>e<\/strong>tn\u00e9 ostrovy!<\/p>\n<p>&#8211; <sup>2<\/span><\/sup> Mrak a temnota jej zahaluj\u00ed,<br \/>\u0159\u00e1d a pr\u00e1vo d<strong>r<\/strong>\u017e\u00ed jeho tr\u016fn.<\/p>\n<p>&#8211; <sup>3<\/span><\/sup> Plamen ohn\u011b postupuje p\u0159ed n\u00edm,<br \/>nep\u0159\u00e1tele v<strong>\u016f<\/strong>kol spaluje.<\/p>\n<p>&#8211; <sup>4<\/span><\/sup> Jeho blesky oza\u0159uj\u00ed obzor,<br \/>zem\u011b p\u0159i tom pohl<strong>e<\/strong>du se chv\u00ed.<\/p>\n<p>&#8211; <sup>5<\/span><\/sup> Hory jako z vosku rozt\u00e1vaj\u00ed<br \/>p\u0159ed P\u00e1nem, jen\u017e vl<strong>\u00e1<\/strong>dne nad zem\u00ed.<\/p>\n<p>&#8211; <sup>6<\/span><\/sup> Nebe hl\u00e1s\u00e1 jeho spravedlnost,<br \/>jeho sl\u00e1vu v<strong>i<\/strong>d\u00ed n\u00e1rody.<\/p>\n<p>= <sup>7<\/span><\/sup> Jak jsou zahanbeni, kdo ct\u00ed modly,\u2020<br \/>b\u016f\u017eky marn\u00fdmi se honos\u00ed!<br \/>V\u0161ichni bohov\u00e9 se p\u0159<strong>e<\/strong>d n\u00edm ko\u0159\u00ed.<\/p>\n<p>= <sup>8<\/span><\/sup> Usly\u0161el to Si\u00f3n, raduje se,\u2020<br \/>v\u0161echna judsk\u00e1 m\u011bsta plesaj\u00ed<br \/>nad v\u00fdroky tv\u00e9ho s<strong>ou<\/strong>du, Pane!<\/p>\n<p>&#8211; <sup>9<\/span><\/sup> Povznesen jsi nad ve\u0161kerou zem\u00ed,<br \/>v\u0161echna bo\u017estva p\u0159<strong>e<\/strong>d\u010d\u00ed\u0161 nav\u00fdsost.<\/p>\n<p>= <sup>10<\/span><\/sup> P\u00e1n je p\u0159\u00edzniv t\u011bm, jim\u017e zlo se p\u0159\u00ed\u010d\u00ed,\u2020<br \/>\u017eivoty sv\u00fdch v\u011brn\u00fdch ochr\u00e1n\u00ed,<br \/>vyprost\u00ed je z rukou b<strong>e<\/strong>zbo\u017en\u00edk\u016f.<\/p>\n<p>&#8211; <sup>11<\/span><\/sup> Sv\u011btlo sv\u00edt\u00ed jenom spravedliv\u00fdm,<br \/>radost lidem s<strong>r<\/strong>dce \u010dist\u00e9ho.<\/p>\n<p>&#8211; <sup>12<\/span><\/sup> Radujte se, spravedliv\u00ed, v P\u00e1nu,<br \/>jeho svat\u00e9 jm<strong>\u00e9<\/strong>no velebte!<\/p>\n","protected":false},"excerpt":{"rendered":"<p>Radujte se, spravedliv\u00ed P\u00e1na. &#8211; 1 P\u00e1n je kr\u00e1l! Ty, cel\u00e1 zem\u011b, j\u00e1sej,radujte se, \u010detn\u00e9 ostrovy! &#8211; 2 Mrak a temnota jej zahaluj\u00ed,\u0159\u00e1d a pr\u00e1vo dr\u017e\u00ed jeho tr\u016fn. &#8211; 3 Plamen ohn\u011b postupuje p\u0159ed n\u00edm,nep\u0159\u00e1tele v\u016fkol spaluje. &#8211; 4 Jeho blesky oza\u0159uj\u00ed obzor,zem\u011b p\u0159i tom pohledu se chv\u00ed. &#8211; 5 Hory jako z vosku rozt\u00e1vaj\u00edp\u0159ed &#8230; <a title=\"\u017dalm 97\" class=\"read-more\" href=\"https:\/\/www.texty.santegidio.cz\/?page_id=149\" aria-label=\"More on \u017dalm 97\">Read more<\/a><\/p>\n","protected":false},"author":1,"featured_media":0,"parent":29,"menu_order":0,"comment_status":"closed","ping_status":"closed","template":"","meta":{"_uag_custom_page_level_css":"","jetpack_post_was_ever_published":false,"footnotes":""},"class_list":["post-149","page","type-page","status-publish"],"uagb_featured_image_src":{"full":false,"thumbnail":false,"medium":false,"medium_large":false,"large":false,"1536x1536":false,"2048x2048":false},"uagb_author_info":{"display_name":"Pavel","author_link":"https:\/\/www.texty.santegidio.cz\/?author=1"},"uagb_comment_info":0,"uagb_excerpt":"Radujte se, spravedliv\u00ed P\u00e1na. &#8211; 1 P\u00e1n je kr\u00e1l! Ty, cel\u00e1 zem\u011b, j\u00e1sej,radujte se, \u010detn\u00e9 ostrovy! &#8211; 2 Mrak a temnota jej zahaluj\u00ed,\u0159\u00e1d a pr\u00e1vo dr\u017e\u00ed jeho tr\u016fn. &#8211; 3 Plamen ohn\u011b postupuje p\u0159ed n\u00edm,nep\u0159\u00e1tele v\u016fkol spaluje. &#8211; 4 Jeho blesky oza\u0159uj\u00ed obzor,zem\u011b p\u0159i tom pohledu se chv\u00ed. &#8211; 5 Hory jako z vosku rozt\u00e1vaj\u00edp\u0159ed&hellip;","jetpack_sharing_enabled":true,"jetpack_shortlink":"https:\/\/wp.me\/PawMsT-2p","_links":{"self":[{"href":"https:\/\/www.texty.santegidio.cz\/index.php?rest_route=\/wp\/v2\/pages\/149","targetHints":{"allow":["GET"]}}],"collection":[{"href":"https:\/\/www.texty.santegidio.cz\/index.php?rest_route=\/wp\/v2\/pages"}],"about":[{"href":"https:\/\/www.texty.santegidio.cz\/index.php?rest_route=\/wp\/v2\/types\/page"}],"author":[{"embeddable":true,"href":"https:\/\/www.texty.santegidio.cz\/index.php?rest_route=\/wp\/v2\/users\/1"}],"replies":[{"embeddable":true,"href":"https:\/\/www.texty.santegidio.cz\/index.php?rest_route=%2Fwp%2Fv2%2Fcomments&post=149"}],"version-history":[{"count":1,"href":"https:\/\/www.texty.santegidio.cz\/index.php?rest_route=\/wp\/v2\/pages\/149\/revisions"}],"predecessor-version":[{"id":1319,"href":"https:\/\/www.texty.santegidio.cz\/index.php?rest_route=\/wp\/v2\/pages\/149\/revisions\/1319"}],"up":[{"embeddable":true,"href":"https:\/\/www.texty.santegidio.cz\/index.php?rest_route=\/wp\/v2\/pages\/29"}],"wp:attachment":[{"href":"https:\/\/www.texty.santegidio.cz\/index.php?rest_route=%2Fwp%2Fv2%2Fmedia&parent=149"}],"curies":[{"name":"wp","href":"https:\/\/api.w.org\/{rel}","templated":true}]}}