{"id":148,"date":"2018-12-12T10:15:10","date_gmt":"2018-12-12T09:15:10","guid":{"rendered":"http:\/\/www.texty.santegidio.cz?page_id=148"},"modified":"2018-12-12T10:15:11","modified_gmt":"2018-12-12T09:15:11","slug":"zalm-96","status":"publish","type":"page","link":"https:\/\/www.texty.santegidio.cz\/?page_id=148","title":{"rendered":"\u017dalm 96"},"content":{"rendered":"<p>Zp\u00edvejte P\u00e1nu novou p\u00edse\u0148.<\/p>\n<p>&#8211; <sup>1<\/span><\/sup> Zp\u00edvejte P\u00e1nu novou p\u00edse\u0148,<br \/>zp\u00edvejte P\u00e1nu, v\u0161<strong>e<\/strong>chny zem\u011b!<\/p>\n<p>&#8211; <sup>2<\/span><\/sup> Zp\u00edvejte k poct\u011b jm\u00e9na P\u00e1n\u011b,<br \/>zv\u011bstujte denn\u011b j<strong>e<\/strong>ho sp\u00e1su!<\/p>\n<p>&#8211; <sup>3<\/span><\/sup> Pov\u011bzte pohan\u016fm o jeho sl\u00e1v\u011b<br \/>a v\u0161em n\u00e1rod\u016fm o j<strong>e<\/strong>ho divech!<\/p>\n<p>&#8211; <sup>4<\/span><\/sup> V\u017edy\u0165 P\u00e1n je mocn\u00fd a hoden chv\u00e1ly,<br \/>vzbuzuje b\u00e1ze\u0148 nad v\u0161<strong>e<\/strong>chny bohy.<\/p>\n<p>&#8211; <sup>5<\/span><\/sup> Pohan\u0161t\u00ed bozi jsou nicota marn\u00e1,<br \/>P\u00e1n v\u0161ak je stvo\u0159it<strong>e<\/strong>lem nebes.<\/p>\n<p>&#8211; <sup>6<\/span><\/sup> Skv\u011blost a velebnost kr\u00e1\u010dej\u00ed p\u0159ed n\u00edm,<br \/>v jeho svatyni m<strong>o<\/strong>c a kr\u00e1sa.<\/p>\n<p>= <sup>7<\/span><\/sup> Chvalte P\u00e1na, vy kmeny a rody,\u2020<br \/>chvalte P\u00e1na pro moc a sl\u00e1vu,<br \/><sup>8<\/span><\/sup> chvalte P\u00e1na pro j<strong>e<\/strong>ho jm\u00e9no!<br \/>&#8211; S ob\u011btmi vstupte do jeho s\u00edn\u00ed!<br \/><sup>9<\/span><\/sup> Kla\u0148te se P\u00e1nu v p\u0159edchr<strong>\u00e1<\/strong>m\u00ed svat\u00e9m!<br \/>&#8211; Chv\u011bjte se p\u0159ed n\u00edm, v\u0161echny zem\u011b!<br \/><sup>10<\/span><\/sup> Hl\u00e1sejte pohan\u016fm: P<strong>\u00e1<\/strong>n je kr\u00e1lem!<br \/>&#8211; Upevnil sv\u011bt, aby nekol\u00edsal,<br \/>podle pr\u00e1va n\u00e1r<strong>o<\/strong>dy \u0159\u00edd\u00ed.<\/p>\n<p>= <sup>11<\/span><\/sup> Raduj se, nebe, a j\u00e1sej, zem\u011b,\u2020<br \/>hu\u010d, mo\u0159e, se v\u0161\u00edm, co v tob\u011b se hem\u017e\u00ed,<br \/><sup>12<\/span><\/sup> v\u00fdskejte, nivy, se v\u0161<strong>\u00ed<\/strong>m, co roste,<\/p>\n<p>= za\u0161umte vesele, stromy v les\u00edch,\u2020<br \/><sup>13<\/span><\/sup> vst\u0159\u00edc P\u00e1nu, kter\u00fd p\u0159ich\u00e1z\u00ed soudit,<br \/>p\u0159ich\u00e1z\u00ed soudit ve\u0161k<strong>e<\/strong>rou zemi.<br \/>&#8211; On zemi soud\u00ed spravedliv\u011b,<br \/>on ve sv\u00e9 v\u011brnosti n\u00e1r<strong>o<\/strong>dy \u0159\u00edd\u00ed.<\/p>\n","protected":false},"excerpt":{"rendered":"<p>Zp\u00edvejte P\u00e1nu novou p\u00edse\u0148. &#8211; 1 Zp\u00edvejte P\u00e1nu novou p\u00edse\u0148,zp\u00edvejte P\u00e1nu, v\u0161echny zem\u011b! &#8211; 2 Zp\u00edvejte k poct\u011b jm\u00e9na P\u00e1n\u011b,zv\u011bstujte denn\u011b jeho sp\u00e1su! &#8211; 3 Pov\u011bzte pohan\u016fm o jeho sl\u00e1v\u011ba v\u0161em n\u00e1rod\u016fm o jeho divech! &#8211; 4 V\u017edy\u0165 P\u00e1n je mocn\u00fd a hoden chv\u00e1ly,vzbuzuje b\u00e1ze\u0148 nad v\u0161echny bohy. &#8211; 5 Pohan\u0161t\u00ed bozi jsou nicota marn\u00e1,P\u00e1n &#8230; <a title=\"\u017dalm 96\" class=\"read-more\" href=\"https:\/\/www.texty.santegidio.cz\/?page_id=148\" aria-label=\"More on \u017dalm 96\">Read more<\/a><\/p>\n","protected":false},"author":1,"featured_media":0,"parent":29,"menu_order":0,"comment_status":"closed","ping_status":"closed","template":"","meta":{"_uag_custom_page_level_css":"","jetpack_post_was_ever_published":false,"footnotes":""},"class_list":["post-148","page","type-page","status-publish"],"uagb_featured_image_src":{"full":false,"thumbnail":false,"medium":false,"medium_large":false,"large":false,"1536x1536":false,"2048x2048":false},"uagb_author_info":{"display_name":"Pavel","author_link":"https:\/\/www.texty.santegidio.cz\/?author=1"},"uagb_comment_info":0,"uagb_excerpt":"Zp\u00edvejte P\u00e1nu novou p\u00edse\u0148. &#8211; 1 Zp\u00edvejte P\u00e1nu novou p\u00edse\u0148,zp\u00edvejte P\u00e1nu, v\u0161echny zem\u011b! &#8211; 2 Zp\u00edvejte k poct\u011b jm\u00e9na P\u00e1n\u011b,zv\u011bstujte denn\u011b jeho sp\u00e1su! &#8211; 3 Pov\u011bzte pohan\u016fm o jeho sl\u00e1v\u011ba v\u0161em n\u00e1rod\u016fm o jeho divech! &#8211; 4 V\u017edy\u0165 P\u00e1n je mocn\u00fd a hoden chv\u00e1ly,vzbuzuje b\u00e1ze\u0148 nad v\u0161echny bohy. &#8211; 5 Pohan\u0161t\u00ed bozi jsou nicota marn\u00e1,P\u00e1n&hellip;","jetpack_sharing_enabled":true,"jetpack_shortlink":"https:\/\/wp.me\/PawMsT-2o","_links":{"self":[{"href":"https:\/\/www.texty.santegidio.cz\/index.php?rest_route=\/wp\/v2\/pages\/148","targetHints":{"allow":["GET"]}}],"collection":[{"href":"https:\/\/www.texty.santegidio.cz\/index.php?rest_route=\/wp\/v2\/pages"}],"about":[{"href":"https:\/\/www.texty.santegidio.cz\/index.php?rest_route=\/wp\/v2\/types\/page"}],"author":[{"embeddable":true,"href":"https:\/\/www.texty.santegidio.cz\/index.php?rest_route=\/wp\/v2\/users\/1"}],"replies":[{"embeddable":true,"href":"https:\/\/www.texty.santegidio.cz\/index.php?rest_route=%2Fwp%2Fv2%2Fcomments&post=148"}],"version-history":[{"count":1,"href":"https:\/\/www.texty.santegidio.cz\/index.php?rest_route=\/wp\/v2\/pages\/148\/revisions"}],"predecessor-version":[{"id":1318,"href":"https:\/\/www.texty.santegidio.cz\/index.php?rest_route=\/wp\/v2\/pages\/148\/revisions\/1318"}],"up":[{"embeddable":true,"href":"https:\/\/www.texty.santegidio.cz\/index.php?rest_route=\/wp\/v2\/pages\/29"}],"wp:attachment":[{"href":"https:\/\/www.texty.santegidio.cz\/index.php?rest_route=%2Fwp%2Fv2%2Fmedia&parent=148"}],"curies":[{"name":"wp","href":"https:\/\/api.w.org\/{rel}","templated":true}]}}