{"id":147,"date":"2018-12-12T10:15:10","date_gmt":"2018-12-12T09:15:10","guid":{"rendered":"http:\/\/www.texty.santegidio.cz?page_id=147"},"modified":"2018-12-12T10:15:11","modified_gmt":"2018-12-12T09:15:11","slug":"zalm-95","status":"publish","type":"page","link":"https:\/\/www.texty.santegidio.cz\/?page_id=147","title":{"rendered":"\u017dalm 95"},"content":{"rendered":"<p>Poj\u010fte, oslavujme P\u00e1na.<\/p>\n<p>&#8211; <sup>1<\/span><\/sup> Poj\u010fme a j\u00e1sejme vst\u0159\u00edc P\u00e1nu,<br \/>oslavme Sk\u00e1lu n<strong>a<\/strong>\u0161\u00ed sp\u00e1sy!<\/p>\n<p>&#8211; <sup>2<\/span><\/sup> P\u0159istupme p\u0159ed n\u011bj s chvalozp\u011bvy,<br \/>hudbou a p\u00edsn\u00ed vz<strong>\u00fd<\/strong>vejme ho!<\/p>\n<p>&#8211; <sup>3<\/span><\/sup> Proto\u017ee P\u00e1n je B\u016fh n\u00e1\u0161 mocn\u00fd,<br \/>Kr\u00e1lem je nade v\u0161<strong>e<\/strong>mi bohy.<\/p>\n<p>&#8211; <sup>4<\/span><\/sup> Hlubiny zemsk\u00e9 m\u00e1 v sv\u00e9 moci,<br \/>v\u00fd\u0161iny horsk\u00e9 p<strong>a<\/strong>t\u0159\u00ed jemu.<\/p>\n<p>&#8211; <sup>5<\/span><\/sup> Jeho je mo\u0159e, s\u00e1m je stvo\u0159il,<br \/>i sou\u0161e, s\u00e1m ji r<strong>u<\/strong>kou zhn\u011btl.<\/p>\n<p>&#8211; <sup>6<\/span><\/sup> Poj\u010fme a v \u00fact\u011b se mu kla\u0148me,<br \/>klekn\u011bme p\u0159ed P<strong>\u00e1<\/strong>nem, sv\u00fdm tv\u016frcem!<\/p>\n<p>&#8211; <sup>7<\/span><\/sup> On je n\u00e1\u0161 B\u016fh, my jeho n\u00e1rod,<br \/>my jsme ty ovce, j<strong>e<\/strong>\u017e on pase.<br \/>&#8211; Uznejte dnes u\u017e jeho d\u00edlo!<br \/>K\u00e9\u017e naslouch\u00e1te j<strong>e<\/strong>ho hlasu!<\/p>\n<p>&#8211; <sup>8<\/span><\/sup> &bdquo;Nezatvr\u010fte se zas jak tehdy,<br \/>na pou\u0161ti v Mer<strong>i<\/strong>b\u011b a v Masse!<\/p>\n<p>&#8211; <sup>9<\/span><\/sup> Tam, i kdy\u017e znali moje skutky,<br \/>m\u011b va\u0161i p\u0159edci p<strong>o<\/strong>kou\u0161eli.<\/p>\n<p>= <sup>10<\/span><\/sup> \u010cty\u0159icet let ten lid m\u011b dr\u00e1\u017edil,\u2020<br \/>\u0159ekl jsem: Vrtkav\u00ed jsou srdcem,<br \/>n\u00e1rod, jen\u017e nechce zn<strong>\u00e1<\/strong>t m\u00e9 cesty.<\/p>\n<p>&#8211; <sup>11<\/span><\/sup> Za\u0159ekl jsem se tedy v hn\u011bvu:<br \/>Nevkro\u010d\u00ed do m\u00edst m<strong>\u00e9<\/strong>ho m\u00edru!&ldquo;<\/p>\n","protected":false},"excerpt":{"rendered":"<p>Poj\u010fte, oslavujme P\u00e1na. &#8211; 1 Poj\u010fme a j\u00e1sejme vst\u0159\u00edc P\u00e1nu,oslavme Sk\u00e1lu na\u0161\u00ed sp\u00e1sy! &#8211; 2 P\u0159istupme p\u0159ed n\u011bj s chvalozp\u011bvy,hudbou a p\u00edsn\u00ed vz\u00fdvejme ho! &#8211; 3 Proto\u017ee P\u00e1n je B\u016fh n\u00e1\u0161 mocn\u00fd,Kr\u00e1lem je nade v\u0161emi bohy. &#8211; 4 Hlubiny zemsk\u00e9 m\u00e1 v sv\u00e9 moci,v\u00fd\u0161iny horsk\u00e9 pat\u0159\u00ed jemu. &#8211; 5 Jeho je mo\u0159e, s\u00e1m je stvo\u0159il,i &#8230; <a title=\"\u017dalm 95\" class=\"read-more\" href=\"https:\/\/www.texty.santegidio.cz\/?page_id=147\" aria-label=\"More on \u017dalm 95\">Read more<\/a><\/p>\n","protected":false},"author":1,"featured_media":0,"parent":29,"menu_order":0,"comment_status":"closed","ping_status":"closed","template":"","meta":{"_uag_custom_page_level_css":"","jetpack_post_was_ever_published":false,"footnotes":""},"class_list":["post-147","page","type-page","status-publish"],"uagb_featured_image_src":{"full":false,"thumbnail":false,"medium":false,"medium_large":false,"large":false,"1536x1536":false,"2048x2048":false},"uagb_author_info":{"display_name":"Pavel","author_link":"https:\/\/www.texty.santegidio.cz\/?author=1"},"uagb_comment_info":0,"uagb_excerpt":"Poj\u010fte, oslavujme P\u00e1na. &#8211; 1 Poj\u010fme a j\u00e1sejme vst\u0159\u00edc P\u00e1nu,oslavme Sk\u00e1lu na\u0161\u00ed sp\u00e1sy! &#8211; 2 P\u0159istupme p\u0159ed n\u011bj s chvalozp\u011bvy,hudbou a p\u00edsn\u00ed vz\u00fdvejme ho! &#8211; 3 Proto\u017ee P\u00e1n je B\u016fh n\u00e1\u0161 mocn\u00fd,Kr\u00e1lem je nade v\u0161emi bohy. &#8211; 4 Hlubiny zemsk\u00e9 m\u00e1 v sv\u00e9 moci,v\u00fd\u0161iny horsk\u00e9 pat\u0159\u00ed jemu. &#8211; 5 Jeho je mo\u0159e, s\u00e1m je stvo\u0159il,i&hellip;","jetpack_sharing_enabled":true,"jetpack_shortlink":"https:\/\/wp.me\/PawMsT-2n","_links":{"self":[{"href":"https:\/\/www.texty.santegidio.cz\/index.php?rest_route=\/wp\/v2\/pages\/147","targetHints":{"allow":["GET"]}}],"collection":[{"href":"https:\/\/www.texty.santegidio.cz\/index.php?rest_route=\/wp\/v2\/pages"}],"about":[{"href":"https:\/\/www.texty.santegidio.cz\/index.php?rest_route=\/wp\/v2\/types\/page"}],"author":[{"embeddable":true,"href":"https:\/\/www.texty.santegidio.cz\/index.php?rest_route=\/wp\/v2\/users\/1"}],"replies":[{"embeddable":true,"href":"https:\/\/www.texty.santegidio.cz\/index.php?rest_route=%2Fwp%2Fv2%2Fcomments&post=147"}],"version-history":[{"count":1,"href":"https:\/\/www.texty.santegidio.cz\/index.php?rest_route=\/wp\/v2\/pages\/147\/revisions"}],"predecessor-version":[{"id":1317,"href":"https:\/\/www.texty.santegidio.cz\/index.php?rest_route=\/wp\/v2\/pages\/147\/revisions\/1317"}],"up":[{"embeddable":true,"href":"https:\/\/www.texty.santegidio.cz\/index.php?rest_route=\/wp\/v2\/pages\/29"}],"wp:attachment":[{"href":"https:\/\/www.texty.santegidio.cz\/index.php?rest_route=%2Fwp%2Fv2%2Fmedia&parent=147"}],"curies":[{"name":"wp","href":"https:\/\/api.w.org\/{rel}","templated":true}]}}