{"id":146,"date":"2018-12-12T10:15:10","date_gmt":"2018-12-12T09:15:10","guid":{"rendered":"http:\/\/www.texty.santegidio.cz?page_id=146"},"modified":"2018-12-12T10:15:11","modified_gmt":"2018-12-12T09:15:11","slug":"zalm-94","status":"publish","type":"page","link":"https:\/\/www.texty.santegidio.cz\/?page_id=146","title":{"rendered":"\u017dalm 94"},"content":{"rendered":"<p>Povsta\u0148, Pane, a\u0165 p\u0159ijde spravedlnost.<\/p>\n<p>&#8211; <sup>1<\/span><\/sup> Bo\u017ee odplaty, m\u016fj Pane,<br \/>Bo\u017ee p<strong>o<\/strong>msty, zaskv\u011bj se!<\/p>\n<p>&#8211; <sup>2<\/span><\/sup> Povsta\u0148, ty, jen\u017e soud\u00ed\u0161 zemi,<br \/>py\u0161n\u00fdm j<strong>e<\/strong>jich skutky spla\u0165!<\/p>\n<p>&#8211; <sup>3<\/span><\/sup> Jak se h\u0159\u00ed\u0161n\u00ed dlouho, Pane,<br \/>jak se dl<strong>ou<\/strong>ho budou sm\u00e1t?<\/p>\n<p>&#8211; <sup>4<\/span><\/sup> Tlachaj\u00ed a mluv\u00ed zpupn\u011b,<br \/>chv\u00e1staj\u00ed s<strong>e<\/strong>, zlo\u010dinci!<\/p>\n<p>&#8211; <sup>5<\/span><\/sup> Po tv\u00e9m lidu, Pane, \u0161lapou.<br \/>Tisknou tv<strong>o<\/strong>je d\u011bdictv\u00ed!<\/p>\n<p>&#8211; <sup>6<\/span><\/sup> Poutn\u00edky a vdovy rdous\u00ed,<br \/>zab\u00edj<strong>e<\/strong>j\u00ed sirotky!<\/p>\n<p>&#8211; <sup>7<\/span><\/sup> \u0158\u00edkaj\u00ed: P\u00e1n toho nedb\u00e1,<br \/>nevid\u00ed B<strong>\u016f<\/strong>h J\u00e1kob\u016fv.<\/p>\n<p>&#8211; <sup>8<\/span><\/sup> Pozor, po\u0161etilci v lidu!<br \/>Hlup\u00e1ci, kd<strong>y<\/strong> zmoud\u0159\u00edte?<\/p>\n<p>&#8211; <sup>9<\/span><\/sup> Nesly\u0161\u00ed, kdo ucho vsadil,<br \/>nevid\u00ed, kd<strong>o<\/strong> stvo\u0159il zrak?<\/p>\n<p>&#8211; <sup>10<\/span><\/sup> Neztrest\u00e1, kdo vod\u00ed rody,<br \/>lidem d<strong>\u00e1<\/strong>v\u00e1 pozn\u00e1n\u00ed?<\/p>\n<p>&#8211; <sup>11<\/span><\/sup> P\u00e1n zn\u00e1 my\u0161lenky v\u0161ech lid\u00ed,<br \/>\u017ee jsou van <strong>a<\/strong> nicota.<\/p>\n<p>&#8211; <sup>12<\/span><\/sup> \u0160\u0165asten, koho u\u010d\u00ed\u0161, Pane,<br \/>vede\u0161 ve sv<strong>\u00e9<\/strong>m z\u00e1kon\u011b!<\/p>\n<p>&#8211; <sup>13<\/span><\/sup> Pokoj za dn\u016f zl\u00fdch mu p\u0159eje\u0161,<br \/>a\u017e vyk<strong>o<\/strong>pou h\u0159\u00ed\u0161n\u00fdm past.<\/p>\n<p>&#8211; <sup>14<\/span><\/sup> V\u017edy\u0165 sv\u016fj lid P\u00e1n nezavrhne,<br \/>neop<strong>u<\/strong>st\u00ed d\u011bdictv\u00ed.<\/p>\n<p>&#8211; <sup>15<\/span><\/sup> Spravedliv\u00ed dojdou pr\u00e1va,<br \/>\u0161\u0165astn\u00fdch k<strong>o<\/strong>nc\u016f poctiv\u00ed.<\/p>\n<p>&#8211; <sup>16<\/span><\/sup> Kdo v\u0161ak postav\u00ed se za mne<br \/>proti t\u011bm, kd<strong>o<\/strong> p\u00e1\u0161ou zlo,<br \/>&#8211; kdo se zastane m\u00e9 v\u011bci<br \/>p\u0159ed zlo\u010d<strong>i<\/strong>nn\u00fdm n\u00e1sil\u00edm?<\/p>\n<p>&#8211; <sup>17<\/span><\/sup> Neb\u00fdt P\u00e1n m\u00fdm pomocn\u00edkem,<br \/>padl jsem v kr<strong>a<\/strong>j ml\u010den\u00ed.<\/p>\n<p>&#8211; <sup>18<\/span><\/sup> D\u0159\u00edv ne\u017e pomysl\u00edm, \u017ee kles\u00e1m,<br \/>u\u017e m\u011b, P<strong>a<\/strong>ne, podp\u00edr\u00e1\u0161!<\/p>\n<p>&#8211; <sup>19<\/span><\/sup> Kdy\u017e se v srdci mno\u017e\u00ed \u00fazkost,<br \/>\u00fat\u011bchou m<strong>\u011b<\/strong> vzpru\u017euje\u0161.<\/p>\n<p>&#8211; <sup>20<\/span><\/sup> Je tv\u00fdm spojencem soud zk\u00e1zy,<br \/>kter\u00fd k\u0159<strong>i<\/strong>vd\u00ed bezpr\u00e1vn\u011b?<\/p>\n<p>&#8211; <sup>21<\/span><\/sup> Zni\u010dit cht\u011bj\u00ed spravedliv\u00e9,<br \/>odsoudit kr<strong>e<\/strong>v nevinnou!<\/p>\n<p>&#8211; <sup>22<\/span><\/sup> Av\u0161ak pro mne P\u00e1n je hradem,<br \/>sk\u00e1lou sp<strong>\u00e1<\/strong>sy m\u00e9 je B\u016fh.<\/p>\n<p>= <sup>23<\/span><\/sup> On je ztrest\u00e1 za \u00faskoky,\u2020<br \/>v jejich zlob\u011b zahub\u00ed,<br \/>zahub\u00ed j<strong>e<\/strong> P\u00e1n, n\u00e1\u0161 B\u016fh!<\/p>\n","protected":false},"excerpt":{"rendered":"<p>Povsta\u0148, Pane, a\u0165 p\u0159ijde spravedlnost. &#8211; 1 Bo\u017ee odplaty, m\u016fj Pane,Bo\u017ee pomsty, zaskv\u011bj se! &#8211; 2 Povsta\u0148, ty, jen\u017e soud\u00ed\u0161 zemi,py\u0161n\u00fdm jejich skutky spla\u0165! &#8211; 3 Jak se h\u0159\u00ed\u0161n\u00ed dlouho, Pane,jak se dlouho budou sm\u00e1t? &#8211; 4 Tlachaj\u00ed a mluv\u00ed zpupn\u011b,chv\u00e1staj\u00ed se, zlo\u010dinci! &#8211; 5 Po tv\u00e9m lidu, Pane, \u0161lapou.Tisknou tvoje d\u011bdictv\u00ed! &#8211; 6 Poutn\u00edky &#8230; <a title=\"\u017dalm 94\" class=\"read-more\" href=\"https:\/\/www.texty.santegidio.cz\/?page_id=146\" aria-label=\"More on \u017dalm 94\">Read more<\/a><\/p>\n","protected":false},"author":1,"featured_media":0,"parent":29,"menu_order":0,"comment_status":"closed","ping_status":"closed","template":"","meta":{"_uag_custom_page_level_css":"","jetpack_post_was_ever_published":false,"footnotes":""},"class_list":["post-146","page","type-page","status-publish"],"uagb_featured_image_src":{"full":false,"thumbnail":false,"medium":false,"medium_large":false,"large":false,"1536x1536":false,"2048x2048":false},"uagb_author_info":{"display_name":"Pavel","author_link":"https:\/\/www.texty.santegidio.cz\/?author=1"},"uagb_comment_info":0,"uagb_excerpt":"Povsta\u0148, Pane, a\u0165 p\u0159ijde spravedlnost. &#8211; 1 Bo\u017ee odplaty, m\u016fj Pane,Bo\u017ee pomsty, zaskv\u011bj se! &#8211; 2 Povsta\u0148, ty, jen\u017e soud\u00ed\u0161 zemi,py\u0161n\u00fdm jejich skutky spla\u0165! &#8211; 3 Jak se h\u0159\u00ed\u0161n\u00ed dlouho, Pane,jak se dlouho budou sm\u00e1t? &#8211; 4 Tlachaj\u00ed a mluv\u00ed zpupn\u011b,chv\u00e1staj\u00ed se, zlo\u010dinci! &#8211; 5 Po tv\u00e9m lidu, Pane, \u0161lapou.Tisknou tvoje d\u011bdictv\u00ed! &#8211; 6 Poutn\u00edky&hellip;","jetpack_sharing_enabled":true,"jetpack_shortlink":"https:\/\/wp.me\/PawMsT-2m","_links":{"self":[{"href":"https:\/\/www.texty.santegidio.cz\/index.php?rest_route=\/wp\/v2\/pages\/146","targetHints":{"allow":["GET"]}}],"collection":[{"href":"https:\/\/www.texty.santegidio.cz\/index.php?rest_route=\/wp\/v2\/pages"}],"about":[{"href":"https:\/\/www.texty.santegidio.cz\/index.php?rest_route=\/wp\/v2\/types\/page"}],"author":[{"embeddable":true,"href":"https:\/\/www.texty.santegidio.cz\/index.php?rest_route=\/wp\/v2\/users\/1"}],"replies":[{"embeddable":true,"href":"https:\/\/www.texty.santegidio.cz\/index.php?rest_route=%2Fwp%2Fv2%2Fcomments&post=146"}],"version-history":[{"count":1,"href":"https:\/\/www.texty.santegidio.cz\/index.php?rest_route=\/wp\/v2\/pages\/146\/revisions"}],"predecessor-version":[{"id":1316,"href":"https:\/\/www.texty.santegidio.cz\/index.php?rest_route=\/wp\/v2\/pages\/146\/revisions\/1316"}],"up":[{"embeddable":true,"href":"https:\/\/www.texty.santegidio.cz\/index.php?rest_route=\/wp\/v2\/pages\/29"}],"wp:attachment":[{"href":"https:\/\/www.texty.santegidio.cz\/index.php?rest_route=%2Fwp%2Fv2%2Fmedia&parent=146"}],"curies":[{"name":"wp","href":"https:\/\/api.w.org\/{rel}","templated":true}]}}