{"id":145,"date":"2018-12-12T10:15:10","date_gmt":"2018-12-12T09:15:10","guid":{"rendered":"http:\/\/www.texty.santegidio.cz?page_id=145"},"modified":"2018-12-12T10:15:11","modified_gmt":"2018-12-12T09:15:11","slug":"zalm-93","status":"publish","type":"page","link":"https:\/\/www.texty.santegidio.cz\/?page_id=145","title":{"rendered":"\u017dalm 93"},"content":{"rendered":"<p>P\u0159ij\u010f brzy tv\u00e9 kr\u00e1lovstv\u00ed, Pane.<\/p>\n<p>&#8211; <sup>1<\/span><\/sup> P\u00e1n je kr\u00e1l, kter\u00fd od\u011bn je sl\u00e1vou,<br \/>P\u00e1n od\u011bn sl\u00e1vou a op<strong>\u00e1<\/strong>s\u00e1n moc\u00ed.<br \/>&#8211; Okruh zem\u011b on zalo\u017eil pevn\u011b,<br \/>tak\u017ee nav\u011bky nez<strong>a<\/strong>kol\u00eds\u00e1.<\/p>\n<p>&#8211; <sup>2<\/span><\/sup> Pevn\u00fd je tr\u016fn tv\u016fj od po\u010d\u00e1tku,<br \/>ty trv\u00e1\u0161 od v\u011b\u010dn<strong>o<\/strong>sti, Bo\u017ee!<\/p>\n<p>= <sup>3<\/span><\/sup> Pozvedly v\u0161echny \u0159eky, Pane,\u2020<br \/>pozvedly v\u0161echny \u0159eky sv\u00e9 hlasy,<br \/>pozvedly v\u0161echny \u0159<strong>e<\/strong>ky sv\u016fj hukot:<\/p>\n<p>= <sup>4<\/span><\/sup> mocn\u011bj\u0161\u00ed v\u0161ak ne\u017e hu\u010den\u00ed vodstev,\u2020<br \/><sup>5<\/span><\/sup> mocn\u011bj\u0161\u00ed ne\u017eli p\u0159\u00edboje mo\u0159sk\u00e9,<br \/>v\u0161emocn\u00fd jest P\u00e1n n<strong>a<\/strong> v\u00fdsosti!<\/p>\n<p>= <sup>6<\/span><\/sup> Sv\u011bdectv\u00ed tv\u00e1 v\u017edy spolehliv\u00e1,\u2020<br \/>svatost utkv\u00edv\u00e1 na tv\u00e9m dom\u011b,<br \/>Pane, po v\u0161echny v<strong>\u011b<\/strong>ky v\u011bk\u016f!<\/p>\n","protected":false},"excerpt":{"rendered":"<p>P\u0159ij\u010f brzy tv\u00e9 kr\u00e1lovstv\u00ed, Pane. &#8211; 1 P\u00e1n je kr\u00e1l, kter\u00fd od\u011bn je sl\u00e1vou,P\u00e1n od\u011bn sl\u00e1vou a op\u00e1s\u00e1n moc\u00ed.&#8211; Okruh zem\u011b on zalo\u017eil pevn\u011b,tak\u017ee nav\u011bky nezakol\u00eds\u00e1. &#8211; 2 Pevn\u00fd je tr\u016fn tv\u016fj od po\u010d\u00e1tku,ty trv\u00e1\u0161 od v\u011b\u010dnosti, Bo\u017ee! = 3 Pozvedly v\u0161echny \u0159eky, Pane,\u2020pozvedly v\u0161echny \u0159eky sv\u00e9 hlasy,pozvedly v\u0161echny \u0159eky sv\u016fj hukot: = 4 mocn\u011bj\u0161\u00ed &#8230; <a title=\"\u017dalm 93\" class=\"read-more\" href=\"https:\/\/www.texty.santegidio.cz\/?page_id=145\" aria-label=\"More on \u017dalm 93\">Read more<\/a><\/p>\n","protected":false},"author":1,"featured_media":0,"parent":29,"menu_order":0,"comment_status":"closed","ping_status":"closed","template":"","meta":{"_uag_custom_page_level_css":"","jetpack_post_was_ever_published":false,"footnotes":""},"class_list":["post-145","page","type-page","status-publish"],"uagb_featured_image_src":{"full":false,"thumbnail":false,"medium":false,"medium_large":false,"large":false,"1536x1536":false,"2048x2048":false},"uagb_author_info":{"display_name":"Pavel","author_link":"https:\/\/www.texty.santegidio.cz\/?author=1"},"uagb_comment_info":0,"uagb_excerpt":"P\u0159ij\u010f brzy tv\u00e9 kr\u00e1lovstv\u00ed, Pane. &#8211; 1 P\u00e1n je kr\u00e1l, kter\u00fd od\u011bn je sl\u00e1vou,P\u00e1n od\u011bn sl\u00e1vou a op\u00e1s\u00e1n moc\u00ed.&#8211; Okruh zem\u011b on zalo\u017eil pevn\u011b,tak\u017ee nav\u011bky nezakol\u00eds\u00e1. &#8211; 2 Pevn\u00fd je tr\u016fn tv\u016fj od po\u010d\u00e1tku,ty trv\u00e1\u0161 od v\u011b\u010dnosti, Bo\u017ee! = 3 Pozvedly v\u0161echny \u0159eky, Pane,\u2020pozvedly v\u0161echny \u0159eky sv\u00e9 hlasy,pozvedly v\u0161echny \u0159eky sv\u016fj hukot: = 4 mocn\u011bj\u0161\u00ed&hellip;","jetpack_sharing_enabled":true,"jetpack_shortlink":"https:\/\/wp.me\/PawMsT-2l","_links":{"self":[{"href":"https:\/\/www.texty.santegidio.cz\/index.php?rest_route=\/wp\/v2\/pages\/145","targetHints":{"allow":["GET"]}}],"collection":[{"href":"https:\/\/www.texty.santegidio.cz\/index.php?rest_route=\/wp\/v2\/pages"}],"about":[{"href":"https:\/\/www.texty.santegidio.cz\/index.php?rest_route=\/wp\/v2\/types\/page"}],"author":[{"embeddable":true,"href":"https:\/\/www.texty.santegidio.cz\/index.php?rest_route=\/wp\/v2\/users\/1"}],"replies":[{"embeddable":true,"href":"https:\/\/www.texty.santegidio.cz\/index.php?rest_route=%2Fwp%2Fv2%2Fcomments&post=145"}],"version-history":[{"count":1,"href":"https:\/\/www.texty.santegidio.cz\/index.php?rest_route=\/wp\/v2\/pages\/145\/revisions"}],"predecessor-version":[{"id":1315,"href":"https:\/\/www.texty.santegidio.cz\/index.php?rest_route=\/wp\/v2\/pages\/145\/revisions\/1315"}],"up":[{"embeddable":true,"href":"https:\/\/www.texty.santegidio.cz\/index.php?rest_route=\/wp\/v2\/pages\/29"}],"wp:attachment":[{"href":"https:\/\/www.texty.santegidio.cz\/index.php?rest_route=%2Fwp%2Fv2%2Fmedia&parent=145"}],"curies":[{"name":"wp","href":"https:\/\/api.w.org\/{rel}","templated":true}]}}