{"id":144,"date":"2018-12-12T10:15:10","date_gmt":"2018-12-12T09:15:10","guid":{"rendered":"http:\/\/www.texty.santegidio.cz?page_id=144"},"modified":"2018-12-12T10:15:11","modified_gmt":"2018-12-12T09:15:11","slug":"zalm-92","status":"publish","type":"page","link":"https:\/\/www.texty.santegidio.cz\/?page_id=144","title":{"rendered":"\u017dalm 92"},"content":{"rendered":"<p>Dobr\u00e9 je oslavovat tv\u00e9 jm\u00e9no, Nejvy\u0161\u0161\u00ed.<\/p>\n<p>&#8211; <sup>2<\/span><\/sup> Dobr\u00e9 je oslavovat P\u00e1na,<br \/>op\u011bvat, Nejv<strong>y<\/strong>\u0161\u0161\u00ed, tv\u00e9 jm\u00e9no,<\/p>\n<p>&#8211; <sup>3<\/span><\/sup> zr\u00e1na tvou milosrdnost hl\u00e1sat,<br \/>za noci potom tv<strong>o<\/strong>ji v\u011brnost,<\/p>\n<p>&#8211; <sup>4<\/span><\/sup> s&nbsp;des\u00edtistrunnou harfou, s lyrou<br \/>a s chvalozp\u011bvy p\u0159<strong>i<\/strong> cite\u0159e.<\/p>\n<p>&#8211; <sup>5<\/span><\/sup> Bla\u017e\u00ed\u0161 m\u011b, Pane, sv\u00fdmi skutky,<br \/>j\u00e1 ples\u00e1m nad d<strong>\u00ed<\/strong>lem tv\u00fdch rukou.<\/p>\n<p>&#8211; <sup>6<\/span><\/sup> Jak, Pane, skv\u011bl\u00e1 jsou tv\u00e1 d\u00edla,<br \/>jak my\u0161lenky tv\u00e9 p\u0159<strong>e<\/strong>hlubok\u00e9!<\/p>\n<p>&#8211; <sup>7<\/span><\/sup> Nerozumn\u00fd to nepochop\u00ed,<br \/>bl\u00e1hov\u00fd pro to n<strong>e<\/strong>m\u00e1 smysl.<\/p>\n<p>&#8211; <sup>8<\/span><\/sup> A\u0165 jako plevel buj\u00ed h\u0159\u00ed\u0161n\u00ed,<br \/>a\u0165 vzkv\u00e9taj\u00ed, kdo p<strong>\u00e1<\/strong>\u0161ou k\u0159ivdy,<br \/>&#8211; to v\u0161echno jim je k v\u011b\u010dn\u00e9 zk\u00e1ze:<br \/><sup>9<\/span><\/sup> ty v\u0161ak jsi nav\u017edy sv<strong>r<\/strong>chovan\u00fd!<\/p>\n<p>= <sup>10<\/span><\/sup> Nebo\u0165 hle, tvoji nep\u0159\u00e1tel\u00e9,\u2020<br \/>tv\u00ed nep\u0159\u00e1tel\u00e9, Pane, hynou,<br \/>bezbo\u017en\u00ed budou r<strong>o<\/strong>zpr\u00e1\u0161eni.<\/p>\n<p>&#8211; <sup>11<\/span><\/sup> Mn\u011b jsi dal s\u00edlu tu\u0159\u00edch roh\u016f,<br \/>olejem \u010derstv\u00fdm p<strong>o<\/strong>mazals m\u011b.<\/p>\n<p>&#8211; <sup>12<\/span><\/sup> Zvysoka shl\u00ed\u017e\u00edm na odp\u016frce,<br \/>naslouch\u00e1m \u0159e\u010dem p<strong>o<\/strong>mlouva\u010d\u016f.<\/p>\n<p>&#8211; <sup>13<\/span><\/sup> Jak palma vzkvete spravedliv\u00fd,<br \/>vzroste jak liban<strong>o<\/strong>nsk\u00fd cedr.<\/p>\n<p>&#8211; <sup>14<\/span><\/sup> Kdo vsazeni jsou v dom\u011b P\u00e1n\u011b,<br \/>pokvetou na n\u00e1dv<strong>o<\/strong>\u0159\u00edch Bo\u017e\u00edch.<\/p>\n<p>&#8211; <sup>15<\/span><\/sup> Ponesou ovoce i v st\u00e1\u0159\u00ed,<br \/>z\u016fstanou \u0161\u0165avn<strong>a<\/strong>t\u00ed a sv\u011b\u017e\u00ed<\/p>\n<p>&#8211; <sup>16<\/span><\/sup> a budou sv\u011bd\u010dit: P\u00e1n je v\u011brn\u00fd,<br \/>je sk\u00e1la m\u00e1, je pr<strong>\u00e1<\/strong>vo samo!<\/p>\n","protected":false},"excerpt":{"rendered":"<p>Dobr\u00e9 je oslavovat tv\u00e9 jm\u00e9no, Nejvy\u0161\u0161\u00ed. &#8211; 2 Dobr\u00e9 je oslavovat P\u00e1na,op\u011bvat, Nejvy\u0161\u0161\u00ed, tv\u00e9 jm\u00e9no, &#8211; 3 zr\u00e1na tvou milosrdnost hl\u00e1sat,za noci potom tvoji v\u011brnost, &#8211; 4 s&nbsp;des\u00edtistrunnou harfou, s lyroua s chvalozp\u011bvy p\u0159i cite\u0159e. &#8211; 5 Bla\u017e\u00ed\u0161 m\u011b, Pane, sv\u00fdmi skutky,j\u00e1 ples\u00e1m nad d\u00edlem tv\u00fdch rukou. &#8211; 6 Jak, Pane, skv\u011bl\u00e1 jsou tv\u00e1 d\u00edla,jak &#8230; <a title=\"\u017dalm 92\" class=\"read-more\" href=\"https:\/\/www.texty.santegidio.cz\/?page_id=144\" aria-label=\"More on \u017dalm 92\">Read more<\/a><\/p>\n","protected":false},"author":1,"featured_media":0,"parent":29,"menu_order":0,"comment_status":"closed","ping_status":"closed","template":"","meta":{"_uag_custom_page_level_css":"","jetpack_post_was_ever_published":false,"footnotes":""},"class_list":["post-144","page","type-page","status-publish"],"uagb_featured_image_src":{"full":false,"thumbnail":false,"medium":false,"medium_large":false,"large":false,"1536x1536":false,"2048x2048":false},"uagb_author_info":{"display_name":"Pavel","author_link":"https:\/\/www.texty.santegidio.cz\/?author=1"},"uagb_comment_info":0,"uagb_excerpt":"Dobr\u00e9 je oslavovat tv\u00e9 jm\u00e9no, Nejvy\u0161\u0161\u00ed. &#8211; 2 Dobr\u00e9 je oslavovat P\u00e1na,op\u011bvat, Nejvy\u0161\u0161\u00ed, tv\u00e9 jm\u00e9no, &#8211; 3 zr\u00e1na tvou milosrdnost hl\u00e1sat,za noci potom tvoji v\u011brnost, &#8211; 4 s&nbsp;des\u00edtistrunnou harfou, s lyroua s chvalozp\u011bvy p\u0159i cite\u0159e. &#8211; 5 Bla\u017e\u00ed\u0161 m\u011b, Pane, sv\u00fdmi skutky,j\u00e1 ples\u00e1m nad d\u00edlem tv\u00fdch rukou. &#8211; 6 Jak, Pane, skv\u011bl\u00e1 jsou tv\u00e1 d\u00edla,jak&hellip;","jetpack_sharing_enabled":true,"jetpack_shortlink":"https:\/\/wp.me\/PawMsT-2k","_links":{"self":[{"href":"https:\/\/www.texty.santegidio.cz\/index.php?rest_route=\/wp\/v2\/pages\/144","targetHints":{"allow":["GET"]}}],"collection":[{"href":"https:\/\/www.texty.santegidio.cz\/index.php?rest_route=\/wp\/v2\/pages"}],"about":[{"href":"https:\/\/www.texty.santegidio.cz\/index.php?rest_route=\/wp\/v2\/types\/page"}],"author":[{"embeddable":true,"href":"https:\/\/www.texty.santegidio.cz\/index.php?rest_route=\/wp\/v2\/users\/1"}],"replies":[{"embeddable":true,"href":"https:\/\/www.texty.santegidio.cz\/index.php?rest_route=%2Fwp%2Fv2%2Fcomments&post=144"}],"version-history":[{"count":1,"href":"https:\/\/www.texty.santegidio.cz\/index.php?rest_route=\/wp\/v2\/pages\/144\/revisions"}],"predecessor-version":[{"id":1314,"href":"https:\/\/www.texty.santegidio.cz\/index.php?rest_route=\/wp\/v2\/pages\/144\/revisions\/1314"}],"up":[{"embeddable":true,"href":"https:\/\/www.texty.santegidio.cz\/index.php?rest_route=\/wp\/v2\/pages\/29"}],"wp:attachment":[{"href":"https:\/\/www.texty.santegidio.cz\/index.php?rest_route=%2Fwp%2Fv2%2Fmedia&parent=144"}],"curies":[{"name":"wp","href":"https:\/\/api.w.org\/{rel}","templated":true}]}}