{"id":143,"date":"2018-12-12T10:15:10","date_gmt":"2018-12-12T09:15:10","guid":{"rendered":"http:\/\/www.texty.santegidio.cz?page_id=143"},"modified":"2018-12-12T10:15:11","modified_gmt":"2018-12-12T09:15:11","slug":"zalm-91","status":"publish","type":"page","link":"https:\/\/www.texty.santegidio.cz\/?page_id=143","title":{"rendered":"\u017dalm 91"},"content":{"rendered":"<p>Tys, Pane, m\u00e9 \u00fato\u010di\u0161t\u011b a hrad m\u016fj.<\/p>\n<p>&#8211; <sup>1<\/span><\/sup> Kdo \u017eije pod ochranou Nejvy\u0161\u0161\u00edho,<br \/>p\u0159eb\u00fdv\u00e1 v st\u00ednu V\u0161em<strong>o<\/strong>houc\u00edho,<\/p>\n<p>&#8211; <sup>2<\/span><\/sup> a\u0165 \u0159\u00edk\u00e1 P\u00e1nu: &bdquo;Tys m\u00e9 \u00fato\u010di\u0161t\u011b,<br \/>m\u016fj hrad a B\u016fh m\u016fj, v n\u011bj\u017e m<strong>\u00e1<\/strong>m d\u016fv\u011bru.&ldquo;<\/p>\n<p>&#8211; <sup>3<\/span><\/sup> V\u017edy\u0165 on t\u011b zachra\u0148uje z tenat lovc\u016f,<br \/>p\u0159ed slovem, kter\u00e9 zk<strong>\u00e1<\/strong>zu p\u0159in\u00e1\u0161\u00ed.<\/p>\n<p>&#8211; <sup>4<\/span><\/sup> On zast\u00edn\u00ed t\u011b sv\u00fdmi perut\u011bmi,<br \/>pod jeho k\u0159\u00eddly d<strong>o<\/strong>jde\u0161 ochrany.<\/p>\n<p>&#8211; <sup>5<\/span><\/sup> Nebude\u0161 strachovat se no\u010dn\u00edch p\u0159\u00ed\u0161er<br \/>a \u0161\u00edp\u016f, kter\u00e9 za dn<strong>e<\/strong> l\u00e9taj\u00ed,<\/p>\n<p>&#8211; <sup>6<\/span><\/sup> n\u00e1kazy, kter\u00e1 v temnot\u00e1ch se pl\u00ed\u017e\u00ed,<br \/>moru, jen\u017e \u0159\u00e1d\u00ed za b<strong>\u00ed<\/strong>l\u00e9ho dne.<\/p>\n<p>= <sup>7<\/span><\/sup> I kdy\u017e jich padne po tv\u00e9m boku tis\u00edc,\u2020<br \/>ba deset tis\u00edc po tv\u00e9 pravici,<br \/>z\u00e1huba p\u0159esto tebe n<strong>e<\/strong>dos\u00e1hne;<br \/>&#8211; v\u017edy\u0165 jeho v\u011brnost<br \/>je tv<strong>\u016f<\/strong>j kryt a \u0161t\u00edt.<\/p>\n<p>&#8211; <sup>8<\/span><\/sup> Naopak, na sv\u00e9 o\u010di bude\u0161 vid\u011bt,<br \/>spat\u0159\u00ed\u0161, jak h\u0159\u00ed\u0161n\u00e9 st<strong>\u00ed<\/strong>h\u00e1 odplata.<\/p>\n<p>&#8211; <sup>9<\/span><\/sup> Co ty v\u0161ak? P\u00e1n je tvoje \u00fato\u010di\u0161t\u011b,<br \/>ty Nejvy\u0161\u0161\u00edho vzal s<strong>i<\/strong>s k ochran\u011b.<\/p>\n<p>&#8211; <sup>10<\/span><\/sup> Proto nic zl\u00e9ho se ti nep\u0159ihod\u00ed,<br \/>nep\u0159ijde \u017e\u00e1dn\u00e1 r<strong>\u00e1<\/strong>na na tv\u016fj stan.<\/p>\n<p>&#8211; <sup>11<\/span><\/sup> V\u017edy\u0165 kv\u016fli tob\u011b and\u011bl\u016fm dal p\u0159\u00edkaz,<br \/>na v\u0161ech tv\u00fdch cest\u00e1ch b\u00fdt t<strong>i<\/strong> ochr\u00e1nci.<\/p>\n<p>&#8211; <sup>12<\/span><\/sup> A proto budou na rukou t\u011b nosit,<br \/>aby ses nepor<strong>a<\/strong>nil o k\u00e1men.<\/p>\n<p>&#8211; <sup>13<\/span><\/sup> A bude\u0161 kr\u00e1\u010det po hadech a \u0161t\u00edrech<br \/>a lva i draka kl<strong>i<\/strong>dn\u011b za\u0161l\u00e1pne\u0161.<\/p>\n<p>&#8211; <sup>14<\/span><\/sup> &bdquo;\u017de je mi odd\u00e1n, j\u00e1 ho vysvobod\u00edm,<br \/>ochr\u00e1n\u00edm, \u017ee se k m<strong>\u00e9<\/strong>mu jm\u00e9nu zn\u00e1.<\/p>\n<p>= <sup>15<\/span><\/sup> A vysly\u0161\u00edm ho, kdy\u017e m\u011b bude vz\u00fdvat,\u2020<br \/>budu s n\u00edm v ka\u017ed\u00e9m jeho sou\u017een\u00ed,<br \/>zachr\u00e1n\u00edm ho a ke ct<strong>i<\/strong> pozvednu.<\/p>\n<p>&#8211; <sup>16<\/span><\/sup> Dosyta obda\u0159\u00edm ho dlouh\u00fdm v\u011bkem<br \/>a svoji sp\u00e1su mu d<strong>\u00e1<\/strong>m uvid\u011bt.&ldquo;<\/p>\n","protected":false},"excerpt":{"rendered":"<p>Tys, Pane, m\u00e9 \u00fato\u010di\u0161t\u011b a hrad m\u016fj. &#8211; 1 Kdo \u017eije pod ochranou Nejvy\u0161\u0161\u00edho,p\u0159eb\u00fdv\u00e1 v st\u00ednu V\u0161emohouc\u00edho, &#8211; 2 a\u0165 \u0159\u00edk\u00e1 P\u00e1nu: &bdquo;Tys m\u00e9 \u00fato\u010di\u0161t\u011b,m\u016fj hrad a B\u016fh m\u016fj, v n\u011bj\u017e m\u00e1m d\u016fv\u011bru.&ldquo; &#8211; 3 V\u017edy\u0165 on t\u011b zachra\u0148uje z tenat lovc\u016f,p\u0159ed slovem, kter\u00e9 zk\u00e1zu p\u0159in\u00e1\u0161\u00ed. &#8211; 4 On zast\u00edn\u00ed t\u011b sv\u00fdmi perut\u011bmi,pod jeho k\u0159\u00eddly &#8230; <a title=\"\u017dalm 91\" class=\"read-more\" href=\"https:\/\/www.texty.santegidio.cz\/?page_id=143\" aria-label=\"More on \u017dalm 91\">Read more<\/a><\/p>\n","protected":false},"author":1,"featured_media":0,"parent":29,"menu_order":0,"comment_status":"closed","ping_status":"closed","template":"","meta":{"_uag_custom_page_level_css":"","jetpack_post_was_ever_published":false,"footnotes":""},"class_list":["post-143","page","type-page","status-publish"],"uagb_featured_image_src":{"full":false,"thumbnail":false,"medium":false,"medium_large":false,"large":false,"1536x1536":false,"2048x2048":false},"uagb_author_info":{"display_name":"Pavel","author_link":"https:\/\/www.texty.santegidio.cz\/?author=1"},"uagb_comment_info":0,"uagb_excerpt":"Tys, Pane, m\u00e9 \u00fato\u010di\u0161t\u011b a hrad m\u016fj. &#8211; 1 Kdo \u017eije pod ochranou Nejvy\u0161\u0161\u00edho,p\u0159eb\u00fdv\u00e1 v st\u00ednu V\u0161emohouc\u00edho, &#8211; 2 a\u0165 \u0159\u00edk\u00e1 P\u00e1nu: &bdquo;Tys m\u00e9 \u00fato\u010di\u0161t\u011b,m\u016fj hrad a B\u016fh m\u016fj, v n\u011bj\u017e m\u00e1m d\u016fv\u011bru.&ldquo; &#8211; 3 V\u017edy\u0165 on t\u011b zachra\u0148uje z tenat lovc\u016f,p\u0159ed slovem, kter\u00e9 zk\u00e1zu p\u0159in\u00e1\u0161\u00ed. &#8211; 4 On zast\u00edn\u00ed t\u011b sv\u00fdmi perut\u011bmi,pod jeho k\u0159\u00eddly&hellip;","jetpack_sharing_enabled":true,"jetpack_shortlink":"https:\/\/wp.me\/PawMsT-2j","_links":{"self":[{"href":"https:\/\/www.texty.santegidio.cz\/index.php?rest_route=\/wp\/v2\/pages\/143","targetHints":{"allow":["GET"]}}],"collection":[{"href":"https:\/\/www.texty.santegidio.cz\/index.php?rest_route=\/wp\/v2\/pages"}],"about":[{"href":"https:\/\/www.texty.santegidio.cz\/index.php?rest_route=\/wp\/v2\/types\/page"}],"author":[{"embeddable":true,"href":"https:\/\/www.texty.santegidio.cz\/index.php?rest_route=\/wp\/v2\/users\/1"}],"replies":[{"embeddable":true,"href":"https:\/\/www.texty.santegidio.cz\/index.php?rest_route=%2Fwp%2Fv2%2Fcomments&post=143"}],"version-history":[{"count":1,"href":"https:\/\/www.texty.santegidio.cz\/index.php?rest_route=\/wp\/v2\/pages\/143\/revisions"}],"predecessor-version":[{"id":1313,"href":"https:\/\/www.texty.santegidio.cz\/index.php?rest_route=\/wp\/v2\/pages\/143\/revisions\/1313"}],"up":[{"embeddable":true,"href":"https:\/\/www.texty.santegidio.cz\/index.php?rest_route=\/wp\/v2\/pages\/29"}],"wp:attachment":[{"href":"https:\/\/www.texty.santegidio.cz\/index.php?rest_route=%2Fwp%2Fv2%2Fmedia&parent=143"}],"curies":[{"name":"wp","href":"https:\/\/api.w.org\/{rel}","templated":true}]}}