{"id":142,"date":"2018-12-12T10:15:10","date_gmt":"2018-12-12T09:15:10","guid":{"rendered":"http:\/\/www.texty.santegidio.cz?page_id=142"},"modified":"2018-12-12T10:15:11","modified_gmt":"2018-12-12T09:15:11","slug":"zalm-90","status":"publish","type":"page","link":"https:\/\/www.texty.santegidio.cz\/?page_id=142","title":{"rendered":"\u017dalm 90"},"content":{"rendered":"<p>Milost P\u00e1na budi\u017e s&nbsp;n\u00e1mi.<\/p>\n<p>&#8211; <sup>1<\/span><\/sup> Pane, tys byl na\u0161e \u00fato\u010di\u0161t\u011b<br \/>z pokolen\u00ed do p<strong>o<\/strong>kolen\u00ed.<\/p>\n<p>= <sup>2<\/span><\/sup> Je\u0161t\u011b d\u0159\u00edv, ne\u017e zrodila se horstva,\u2020<br \/>je\u0161t\u011b ne\u017eli vznikla zem a vesm\u00edr,<br \/>z v\u011b\u010dna do v\u011b\u010dna js<strong>i<\/strong>, Bo\u017ee, ty!<\/p>\n<p>&#8211; <sup>3<\/span><\/sup> Smrteln\u00edky vrac\u00ed\u0161 v prach a \u0159\u00edk\u00e1\u0161:<br \/>&bdquo;D\u011bti lidsk\u00e9, navr<strong>a<\/strong>\u0165te se zp\u011bt!&ldquo;<\/p>\n<p>= <sup>4<\/span><\/sup> Nebo\u0165 co je tis\u00edc let v tv\u00fdch o\u010d\u00edch,\u2020<br \/>ne\u017eli jeden den, co v\u010dera minul,<br \/>ne\u017eli jedna hl<strong>\u00ed<\/strong>dka za noci!<\/p>\n<p>&#8211; <sup>5<\/span><\/sup> V\u017edy\u0165 ty s\u00e1m rok za rokem je sije\u0161,<br \/>jsou jak tr\u00e1va, kt<strong>e<\/strong>r\u00e1 dor\u016fst\u00e1:<\/p>\n<p>&#8211; <sup>6<\/span><\/sup> s jitrem vyraz\u00ed a \u017eene vzh\u016fru,<br \/>a ji\u017e ve\u010der uv<strong>a<\/strong>d\u00e1 a schne.<\/p>\n<p>&#8211; <sup>7<\/span><\/sup> A my vpravd\u011b hyneme tv\u00fdm hn\u011bvem,<br \/>rozhorlen\u00edm tv\u00fdm jsm<strong>e<\/strong> zd\u011b\u0161eni.<\/p>\n<p>&#8211; <sup>8<\/span><\/sup> Ty m\u00e1\u0161 na\u0161e viny p\u0159ed o\u010dima,<br \/>skryt\u00e9 h\u0159\u00edchy zj<strong>e<\/strong>vn\u011b p\u0159ed sebou.<\/p>\n<p>&#8211; <sup>9<\/span><\/sup> Na\u0161e dny v tv\u00e9m hn\u011bvu odpl\u00fdvaj\u00ed,<br \/>na\u0161e leta odv<strong>a<\/strong>nou jak vzdech.<\/p>\n<p>&#8211; <sup>10<\/span><\/sup> N\u00e1\u0161 v\u011bk \u010d\u00edt\u00e1 sedmdes\u00e1t rok\u016f,<br \/>osmdes\u00e1t v d<strong>o<\/strong>br\u00e9m p\u0159\u00edpad\u011b,<br \/>&#8211; vesm\u011bs pln\u00fdch t\u011b\u017ekost\u00ed a trampot;<br \/>p\u0159elet\u00ed, a odv<strong>a<\/strong>nem i my.<\/p>\n<p>&#8211; <sup>11<\/span><\/sup> Kdo zn\u00e1 v\u0161echnu s\u00edlu tv\u00e9ho hn\u011bvu,<br \/>kdo se strachuje tv<strong>\u00e9<\/strong> nevole?<\/p>\n<p>&#8211; <sup>12<\/span><\/sup> Na\u0161e dny n\u00e1s nau\u010d spr\u00e1vn\u011b \u010d\u00edtat,<br \/>a\u0165 kone\u010dn\u011b s<strong>r<\/strong>dcem zmoud\u0159\u00edme!<\/p>\n<p>&#8211; <sup>13<\/span><\/sup> Obra\u0165 se k n\u00e1m, Pane, neot\u00e1lej,<br \/>slu\u017eebn\u00edk\u016fm sv\u00fdm b<strong>u<\/strong>\u010f milostiv!<\/p>\n<p>&#8211; <sup>14<\/span><\/sup> Sy\u0165 n\u00e1s od r\u00e1na sv\u00fdm slitov\u00e1n\u00edm,<br \/>a\u0165 n\u00e1m \u017eivot pr<strong>o<\/strong>jde v radosti!<\/p>\n<p>&#8211; <sup>15<\/span><\/sup> Pot\u011b\u0161 n\u00e1s ji\u017e za v\u0161echny dny strast\u00ed,<br \/>za leta, kdy zn<strong>a<\/strong>li jsme jen zl\u00e9.<\/p>\n<p>&#8211; <sup>16<\/span><\/sup> Zjev sv\u00fdm slu\u017eebn\u00edk\u016fm svoje d\u00edlo,<br \/>jejich d\u011btem v\u0161<strong>e<\/strong>chnu sl\u00e1vu svou!<\/p>\n<p>= <sup>17<\/span><\/sup> Milost P\u00e1na, Boha budi\u017e s n\u00e1mi,\u2020<br \/>\u017eehnej hojn\u011b pr\u00e1ci na\u0161ich rukou,<br \/>pr\u00e1ci na\u0161ich r<strong>u<\/strong>kou dop\u0159ej zdar!<\/p>\n","protected":false},"excerpt":{"rendered":"<p>Milost P\u00e1na budi\u017e s&nbsp;n\u00e1mi. &#8211; 1 Pane, tys byl na\u0161e \u00fato\u010di\u0161t\u011bz pokolen\u00ed do pokolen\u00ed. = 2 Je\u0161t\u011b d\u0159\u00edv, ne\u017e zrodila se horstva,\u2020je\u0161t\u011b ne\u017eli vznikla zem a vesm\u00edr,z v\u011b\u010dna do v\u011b\u010dna jsi, Bo\u017ee, ty! &#8211; 3 Smrteln\u00edky vrac\u00ed\u0161 v prach a \u0159\u00edk\u00e1\u0161:&bdquo;D\u011bti lidsk\u00e9, navra\u0165te se zp\u011bt!&ldquo; = 4 Nebo\u0165 co je tis\u00edc let v tv\u00fdch o\u010d\u00edch,\u2020ne\u017eli &#8230; <a title=\"\u017dalm 90\" class=\"read-more\" href=\"https:\/\/www.texty.santegidio.cz\/?page_id=142\" aria-label=\"More on \u017dalm 90\">Read more<\/a><\/p>\n","protected":false},"author":1,"featured_media":0,"parent":29,"menu_order":0,"comment_status":"closed","ping_status":"closed","template":"","meta":{"_uag_custom_page_level_css":"","jetpack_post_was_ever_published":false,"footnotes":""},"class_list":["post-142","page","type-page","status-publish"],"uagb_featured_image_src":{"full":false,"thumbnail":false,"medium":false,"medium_large":false,"large":false,"1536x1536":false,"2048x2048":false},"uagb_author_info":{"display_name":"Pavel","author_link":"https:\/\/www.texty.santegidio.cz\/?author=1"},"uagb_comment_info":0,"uagb_excerpt":"Milost P\u00e1na budi\u017e s&nbsp;n\u00e1mi. &#8211; 1 Pane, tys byl na\u0161e \u00fato\u010di\u0161t\u011bz pokolen\u00ed do pokolen\u00ed. = 2 Je\u0161t\u011b d\u0159\u00edv, ne\u017e zrodila se horstva,\u2020je\u0161t\u011b ne\u017eli vznikla zem a vesm\u00edr,z v\u011b\u010dna do v\u011b\u010dna jsi, Bo\u017ee, ty! &#8211; 3 Smrteln\u00edky vrac\u00ed\u0161 v prach a \u0159\u00edk\u00e1\u0161:&bdquo;D\u011bti lidsk\u00e9, navra\u0165te se zp\u011bt!&ldquo; = 4 Nebo\u0165 co je tis\u00edc let v tv\u00fdch o\u010d\u00edch,\u2020ne\u017eli&hellip;","jetpack_sharing_enabled":true,"jetpack_shortlink":"https:\/\/wp.me\/PawMsT-2i","_links":{"self":[{"href":"https:\/\/www.texty.santegidio.cz\/index.php?rest_route=\/wp\/v2\/pages\/142","targetHints":{"allow":["GET"]}}],"collection":[{"href":"https:\/\/www.texty.santegidio.cz\/index.php?rest_route=\/wp\/v2\/pages"}],"about":[{"href":"https:\/\/www.texty.santegidio.cz\/index.php?rest_route=\/wp\/v2\/types\/page"}],"author":[{"embeddable":true,"href":"https:\/\/www.texty.santegidio.cz\/index.php?rest_route=\/wp\/v2\/users\/1"}],"replies":[{"embeddable":true,"href":"https:\/\/www.texty.santegidio.cz\/index.php?rest_route=%2Fwp%2Fv2%2Fcomments&post=142"}],"version-history":[{"count":1,"href":"https:\/\/www.texty.santegidio.cz\/index.php?rest_route=\/wp\/v2\/pages\/142\/revisions"}],"predecessor-version":[{"id":1312,"href":"https:\/\/www.texty.santegidio.cz\/index.php?rest_route=\/wp\/v2\/pages\/142\/revisions\/1312"}],"up":[{"embeddable":true,"href":"https:\/\/www.texty.santegidio.cz\/index.php?rest_route=\/wp\/v2\/pages\/29"}],"wp:attachment":[{"href":"https:\/\/www.texty.santegidio.cz\/index.php?rest_route=%2Fwp%2Fv2%2Fmedia&parent=142"}],"curies":[{"name":"wp","href":"https:\/\/api.w.org\/{rel}","templated":true}]}}