{"id":141,"date":"2018-12-12T10:15:10","date_gmt":"2018-12-12T09:15:10","guid":{"rendered":"http:\/\/www.texty.santegidio.cz?page_id=141"},"modified":"2018-12-12T10:15:11","modified_gmt":"2018-12-12T09:15:11","slug":"zalm-89","status":"publish","type":"page","link":"https:\/\/www.texty.santegidio.cz\/?page_id=141","title":{"rendered":"\u017dalm 89"},"content":{"rendered":"<p>O skutc\u00edch l\u00e1sky tv\u00e9, Pane, chci nav\u011bky zp\u00edvat.<\/p>\n<p>&#8211; <sup>2<\/span><\/sup> O skutc\u00edch l\u00e1sky tv\u00e9, Pane, chci nav\u011bky zp\u00edvat,<br \/>\u00fasty hl\u00e1sat tvou v\u011brnost v\u0161em p<strong>o<\/strong>kolen\u00edm.<\/p>\n<p>&#8211; <sup>3<\/span><\/sup> Nebo\u0165 tys \u0159ekl: &bdquo;Nav\u011bky trv\u00e1 m\u00e1 p\u0159\u00edze\u0148,<br \/>z\u00e1klady pevn\u00e9 m\u00e1 v\u011brnost n<strong>a<\/strong> nebi m\u00e1.<\/p>\n<p>&#8211; <sup>4<\/span><\/sup> Se sv\u00fdm vyvolen\u00fdm jsem uzav\u0159el smlouvu,<br \/>David, slu\u017eebn\u00edk m\u016fj, m\u00e1 <strong>o<\/strong>de mne slib:<\/p>\n<p>&#8211; <sup>5<\/span><\/sup> Tv\u00e9mu potomstvu zajist\u00edm trv\u00e1n\u00ed v\u011b\u010dn\u00e9,<br \/>tr\u016fn tv\u016fj upevn\u00edm pro v\u0161echna p<strong>o<\/strong>kolen\u00ed.&ldquo;<\/p>\n<p>&#8211; <sup>6<\/span><\/sup> Nebesa, Pane, oslavuj\u00ed tv\u00e9 divy<br \/>a tvoji v\u011brnost ve\u0161ker\u00e9 z\u00e1st<strong>u<\/strong>py svat\u00fdch.<\/p>\n<p>&#8211; <sup>7<\/span><\/sup> Nebo\u0165 kdo nad mraky mohl by rovnat se P\u00e1nu,<br \/>kdo z Bo\u017e\u00edch syn\u016f P\u00e1nu by p<strong>o<\/strong>doben byl?<\/p>\n<p>&#8211; <sup>8<\/span><\/sup> B\u016fh &#8211; tam ve sboru svat\u00fdch nadev\u0161e mocn\u00fd,<br \/>velk\u00fd a hrozn\u00fd, nad v\u0161echny v<strong>y<\/strong>v\u00fd\u0161en\u00fd!<\/p>\n<p>&#8211; <sup>9<\/span><\/sup> Pane z\u00e1stup\u016f, kdo je tak, jako ty jsi?<br \/>St\u00e1le a v\u017edy v\u016fkol tebe tv\u00e1 v<strong>\u011b<\/strong>rnost a moc.<\/p>\n<p>&#8211; <sup>10<\/span><\/sup> Ty jsi vl\u00e1dcem nade v\u0161\u00edm nezkrotn\u00fdm mo\u0159em,<br \/>ty dr\u017e\u00ed\u0161 na uzd\u011b p\u0159\u00edboj vz<strong>e<\/strong>dmut\u00fdch vln.<\/p>\n<p>&#8211; <sup>11<\/span><\/sup> Ty jsi jak mr\u0161inu za\u0161lapal, rozmetal Rahab,<br \/>mocn\u00fdm ramenem rozpr\u00e1\u0161il <strong>o<\/strong>dp\u016frce sv\u00e9.<\/p>\n<p>&#8211; <sup>12<\/span><\/sup> Tv\u00e1 jsou nebesa, tak jako tv\u00e1 je i zem\u011b,<br \/>sv\u011bt i v\u0161e, co v n\u011bm \u017eije, stv<strong>o<\/strong>\u0159il jsi ty.<\/p>\n<p>&#8211; <sup>13<\/span><\/sup> Ty jsi stvo\u0159il ji\u017en\u00ed i severn\u00ed stranu,<br \/>T\u00e1bor i Herm\u00f3n j\u00e1saj\u00ed p\u0159<strong>i<\/strong> jm\u00e9nu tv\u00e9m.<\/p>\n<p>&#8211; <sup>14<\/span><\/sup> Tvoje pa\u017ee je plna obrovsk\u00e9 s\u00edly,<br \/>tv\u00e1 ruka mocn\u00e1, pravici zdv<strong>i<\/strong>\u017eenu m\u00e1\u0161.<\/p>\n<p>&#8211; <sup>15<\/span><\/sup> Tr\u016fn tv\u016fj je podep\u0159en spravedlnost\u00ed a pr\u00e1vem,<br \/>l\u00e1ska a v\u011brnost p\u0159edch\u00e1z\u00ed v\u0161<strong>u<\/strong>dy tvou tv\u00e1\u0159.<\/p>\n<p>&#8211; <sup>16<\/span><\/sup> \u0160\u0165astn\u00fd je lid, jen\u017e um\u00ed a v\u00ed, jak t\u011b slavit,<br \/>chodit p\u0159ed tebou, Pane, v tv<strong>\u00e9<\/strong>m sv\u011btle \u017e\u00edt.<\/p>\n<p>&#8211; <sup>17<\/span><\/sup> Denn\u011b se t\u011b\u0161\u00ed ze sl\u00e1vy tv\u00e9ho jm\u00e9na,<br \/>j\u00e1saj\u00ed nad t\u00edm, jak jsi spr<strong>a<\/strong>vedliv\u00fd.<\/p>\n<p>&#8211; <sup>18<\/span><\/sup> Nebo\u0165 jen ty jsi jim ve\u0161kerou kr\u00e1sou i silou<br \/>a tvou p\u0159\u00edzn\u00ed moh<strong>u<\/strong>tn\u00ed na\u0161e moc.<\/p>\n<p>&#8211; <sup>19<\/span><\/sup> Vpravd\u011b i \u0161t\u00edt n\u00e1\u0161 n\u00e1le\u017e\u00ed jedin\u011b P\u00e1nu,<br \/>Svat\u00e9mu Izraele p<strong>a<\/strong>t\u0159\u00ed n\u00e1\u0161 kr\u00e1l.<\/p>\n<p>&#8211; <sup>20<\/span><\/sup> Za onoho \u010dasu mluvil ve vid\u011bn\u00ed<br \/>k sv\u00e9mu v\u011brn\u00e9mu a tak js<strong>i<\/strong> prohl\u00e1sil:<br \/>&#8211; &bdquo;\u010celenku jsem vlo\u017eil na mlad\u00e9ho reka,<br \/>z lidu jsem jej zdvihl, mnou j<strong>e<\/strong> vyvolen.<\/p>\n<p>&#8211; <sup>21<\/span><\/sup> Davida jsem na\u0161el, sv\u00e9ho slu\u017eebn\u00edka,<br \/>jeho pomazal jsem sv<strong>a<\/strong>t\u00fdm olejem,<\/p>\n<p>&#8211; <sup>22<\/span><\/sup> aby moje ruka st\u00e1le byla p\u0159i n\u011bm,<br \/>aby ho m\u00e1 pa\u017ee pos<strong>i<\/strong>lovala.<\/p>\n<p>&#8211; <sup>23<\/span><\/sup> \u017d\u00e1dn\u00fd nep\u0159\u00edtel ho lstiv\u011b neoklame,<br \/>\u017e\u00e1dn\u00fd zlosyn nesm\u00ed j<strong>e<\/strong>ho  poko\u0159it.<\/p>\n<p>&#8211; <sup>24<\/span><\/sup> P\u0159ed n\u00edm budu drtit jeho protivn\u00edky,<br \/>kdo ho nen\u00e1vid\u00ed, v\u0161<strong>e<\/strong>chny budu b\u00edt.<\/p>\n<p>&#8211; <sup>25<\/span><\/sup> Prov\u00e1zet ho budu v\u011brnost\u00ed a p\u0159\u00edzn\u00ed<br \/>a m\u00fdm jm\u00e9nem bude vzr<strong>\u016f<\/strong>stat jeho moc.<\/p>\n<p>&#8211; <sup>26<\/span><\/sup> Na s\u00e1m obzor mo\u0159e vzt\u00e1hnu jeho ruku,<br \/>a na mocn\u00e9 \u0159eky j<strong>e<\/strong>ho pravici.<\/p>\n<p>&#8211; <sup>27<\/span><\/sup> On pak a\u0165 m\u011b vz\u00fdv\u00e1, \u0159\u00edk\u00e1:,Tys m\u016fj otec,<br \/>jenom tys m\u016fj B\u016fh a sk<strong>\u00e1<\/strong>la sp\u00e1sy m\u00e9.&lsquo;<\/p>\n<p>&#8211; <sup>28<\/span><\/sup> Za to mu d\u00e1m pr\u00e1va prvorozenectv\u00ed,<br \/>u\u010din\u00edm ho prvn\u00edm m<strong>e<\/strong>zi vlada\u0159i.<\/p>\n<p>&#8211; <sup>29<\/span><\/sup> Do v\u011b\u010dnosti \u010das\u016f zachov\u00e1m mu p\u0159\u00edze\u0148,<br \/>z\u016fstanu mu v\u011brn\u00fd v n<strong>a<\/strong>\u0161\u00ed \u00famluv\u011b.<\/p>\n<p>&#8211; <sup>30<\/span><\/sup> V\u011b\u010dn\u00e9 zachov\u00e1n\u00ed d\u00e1m i jeho rodu,<br \/>pokud nebe trv\u00e1, z\u016fst<strong>a<\/strong>ne mu tr\u016fn.<\/p>\n<p>&#8211; <sup>31<\/span><\/sup> Jestli jeho d\u011bti opust\u00ed m\u016fj z\u00e1kon,<br \/>podle m\u00e9ho \u0159\u00e1du neb<strong>u<\/strong>dou-li \u017e\u00edt,<\/p>\n<p>&#8211; <sup>32<\/span><\/sup> poru\u0161\u00ed-li n\u011bkdy, co jsem ustanovil,<br \/>a m\u00fdch p\u0159ik\u00e1z\u00e1n\u00ed p\u0159est<strong>a<\/strong>nou-li db\u00e1t,<\/p>\n<p>&#8211; <sup>33<\/span><\/sup> potrest\u00e1m je metlou za to provin\u011bn\u00ed,<br \/>poc\u00edt\u00ed m\u00e9 d\u016ftky za sp<strong>\u00e1<\/strong>chan\u00fd h\u0159\u00edch.<\/p>\n<p>&#8211; <sup>34<\/span><\/sup> P\u0159esto od n\u011bho svou milost neodvr\u00e1t\u00edm,<br \/>ve sv\u00e9 v\u011brnosti ho p\u0159<strong>e<\/strong>sto nezklamu.<\/p>\n<p>&#8211; <sup>35<\/span><\/sup> Svoji \u00famluvu s n\u00edm nikdy neporu\u0161\u00edm,<br \/>co m\u00e1 \u00fasta \u0159ekla, to <strong>u<\/strong>\u017e nezm\u011bn\u00edm.<\/p>\n<p>&#8211; <sup>36<\/span><\/sup> P\u0159i sv\u00e9 svatosti jsem jednou odp\u0159\u00eds\u00e1hl,<br \/>&#8211; ode mne se David kl<strong>a<\/strong>mu nedo\u010dk\u00e1 -:<\/p>\n<p>&#8211; <sup>37<\/span><\/sup> jeho rod \u017ee bude trvat do v\u011b\u010dnosti,<br \/>st\u00e1l\u00fd p\u0159ede mnou jak sl<strong>u<\/strong>nce jeho tr\u016fn,<\/p>\n<p>&#8211; <sup>38<\/span><\/sup> v\u011b\u010dn\u011b trval\u00fd jak m\u011bs\u00edc na nebes\u00edch,<br \/>dokud mraky p\u016fjdou, p<strong>e<\/strong>vn\u011b bude st\u00e1t.&ldquo;<\/p>\n<p>&#8211; <sup>39<\/span><\/sup> P\u0159esto jsi jej nyn\u00ed zam\u00edtl a zdrtil,<br \/>znel\u00edbil si sv\u00e9ho Pom<strong>a<\/strong>zan\u00e9ho,<\/p>\n<p>&#8211; <sup>40<\/span><\/sup> odvrhl jsi smlouvu se sv\u00fdm slu\u017eebn\u00edkem,<br \/>jeho korunu jsi sv<strong>r<\/strong>hl do prachu.<\/p>\n<p>&#8211; <sup>41<\/span><\/sup> Pobo\u0159il jsi r\u00e1zem v\u0161echny jeho hradby,<br \/>jeho opevn\u011bn\u00ed zm<strong>\u011b<\/strong>nil v sutiny.<\/p>\n<p>&#8211; <sup>42<\/span><\/sup> Kdokoli jde mimo, loup\u00ed jeho statky,<br \/>on s\u00e1m nyn\u00ed z\u016fstal pro sm<strong>\u00ed<\/strong>ch soused\u016fm.<\/p>\n<p>&#8211; <sup>43<\/span><\/sup> Povznesl jsi r\u00e1m\u011b jeho protivn\u00edk\u016f,<br \/>rozmno\u017eil jsi radost j<strong>e<\/strong>ho nep\u0159\u00e1tel.<\/p>\n<p>&#8211; <sup>44<\/span><\/sup> Ba p\u0159ed \u00fato\u010dn\u00edkem jeho me\u010d jsi sklonil,<br \/>v boji jsi mu nedal <strong>o<\/strong>bst\u00e1t v\u00edt\u011bzn\u011b.<\/p>\n<p>&#8211; <sup>45<\/span><\/sup> P\u0159elomil jsi vedv\u00ed \u017eezlo jeho lesku,<br \/>do prachu jsi nechal p<strong>a<\/strong>dnout jeho tr\u016fn.<\/p>\n<p>&#8211; <sup>46<\/span><\/sup> Ode\u010detls mnoh\u00e9 ze dn\u016f jeho ml\u00e1d\u00ed,<br \/>jeho sam\u00e9ho jsi h<strong>a<\/strong>nbou zahrnul.<\/p>\n<p>&#8211; <sup>47<\/span><\/sup> Jak dlouho, Pane? Nav\u011bky bude\u0161 se skr\u00fdvat?<br \/>Co\u017e se jak ohe\u0148 rozh<strong>o<\/strong>\u0159et m\u00e1 tv\u016fj hn\u011bv?<\/p>\n<p>&#8211; <sup>48<\/span><\/sup> Pova\u017e jen, Pane, \u017ee mus\u00edm zaniknout nav\u017edy!<br \/>Co\u017epak jsi lidi stvo\u0159il k n<strong>i<\/strong>cot\u011b jen?<\/p>\n<p>&#8211; <sup>49<\/span><\/sup> \u017dije snad n\u011bkdo, kdo by se nedo\u017eil smrti,<br \/>kdo by se vymkl z dos<strong>a<\/strong>hu podsv\u011bt\u00ed?<\/p>\n<p>&#8211; <sup>50<\/span><\/sup> Kam se pod\u011bla, Pane, tv\u00e1 n\u011bkdej\u0161\u00ed l\u00e1ska,<br \/>j\u00ed\u017e ses tak napevno Davidu z<strong>a<\/strong>p\u0159\u00edsahal?<\/p>\n<p>&#8211; <sup>51<\/span><\/sup> Pomysli, Pane, na pon\u00ed\u017een\u00ed sv\u00fdch v\u011brn\u00fdch,<br \/>\u017ee m\u00e1m v hrudi n\u00e9st posm\u011bch n<strong>\u00e1<\/strong>rod\u016f v\u0161ech,<\/p>\n<p>&#8211; <sup>52<\/span><\/sup> sn\u00e1\u0161et, jak odp\u016frci tv\u00ed, Pane, potupu vr\u0161\u00ed,<br \/>jak tv\u00e9mu Pomazan\u00e9mu jde v<strong>e<\/strong> stop\u00e1ch sm\u00edch!<\/p>\n<p>&#8211; <sup>53<\/span><\/sup> Nav\u011bky P\u00e1n bu\u010f veleben!<br \/>St<strong>a<\/strong>\u0148 se, sta\u0148!<\/p>\n","protected":false},"excerpt":{"rendered":"<p>O skutc\u00edch l\u00e1sky tv\u00e9, Pane, chci nav\u011bky zp\u00edvat. &#8211; 2 O skutc\u00edch l\u00e1sky tv\u00e9, Pane, chci nav\u011bky zp\u00edvat,\u00fasty hl\u00e1sat tvou v\u011brnost v\u0161em pokolen\u00edm. &#8211; 3 Nebo\u0165 tys \u0159ekl: &bdquo;Nav\u011bky trv\u00e1 m\u00e1 p\u0159\u00edze\u0148,z\u00e1klady pevn\u00e9 m\u00e1 v\u011brnost na nebi m\u00e1. &#8211; 4 Se sv\u00fdm vyvolen\u00fdm jsem uzav\u0159el smlouvu,David, slu\u017eebn\u00edk m\u016fj, m\u00e1 ode mne slib: &#8211; 5 Tv\u00e9mu &#8230; <a title=\"\u017dalm 89\" class=\"read-more\" href=\"https:\/\/www.texty.santegidio.cz\/?page_id=141\" aria-label=\"More on \u017dalm 89\">Read more<\/a><\/p>\n","protected":false},"author":1,"featured_media":0,"parent":29,"menu_order":0,"comment_status":"closed","ping_status":"closed","template":"","meta":{"_uag_custom_page_level_css":"","jetpack_post_was_ever_published":false,"footnotes":""},"class_list":["post-141","page","type-page","status-publish"],"uagb_featured_image_src":{"full":false,"thumbnail":false,"medium":false,"medium_large":false,"large":false,"1536x1536":false,"2048x2048":false},"uagb_author_info":{"display_name":"Pavel","author_link":"https:\/\/www.texty.santegidio.cz\/?author=1"},"uagb_comment_info":0,"uagb_excerpt":"O skutc\u00edch l\u00e1sky tv\u00e9, Pane, chci nav\u011bky zp\u00edvat. &#8211; 2 O skutc\u00edch l\u00e1sky tv\u00e9, Pane, chci nav\u011bky zp\u00edvat,\u00fasty hl\u00e1sat tvou v\u011brnost v\u0161em pokolen\u00edm. &#8211; 3 Nebo\u0165 tys \u0159ekl: &bdquo;Nav\u011bky trv\u00e1 m\u00e1 p\u0159\u00edze\u0148,z\u00e1klady pevn\u00e9 m\u00e1 v\u011brnost na nebi m\u00e1. &#8211; 4 Se sv\u00fdm vyvolen\u00fdm jsem uzav\u0159el smlouvu,David, slu\u017eebn\u00edk m\u016fj, m\u00e1 ode mne slib: &#8211; 5 Tv\u00e9mu&hellip;","jetpack_sharing_enabled":true,"jetpack_shortlink":"https:\/\/wp.me\/PawMsT-2h","_links":{"self":[{"href":"https:\/\/www.texty.santegidio.cz\/index.php?rest_route=\/wp\/v2\/pages\/141","targetHints":{"allow":["GET"]}}],"collection":[{"href":"https:\/\/www.texty.santegidio.cz\/index.php?rest_route=\/wp\/v2\/pages"}],"about":[{"href":"https:\/\/www.texty.santegidio.cz\/index.php?rest_route=\/wp\/v2\/types\/page"}],"author":[{"embeddable":true,"href":"https:\/\/www.texty.santegidio.cz\/index.php?rest_route=\/wp\/v2\/users\/1"}],"replies":[{"embeddable":true,"href":"https:\/\/www.texty.santegidio.cz\/index.php?rest_route=%2Fwp%2Fv2%2Fcomments&post=141"}],"version-history":[{"count":1,"href":"https:\/\/www.texty.santegidio.cz\/index.php?rest_route=\/wp\/v2\/pages\/141\/revisions"}],"predecessor-version":[{"id":1311,"href":"https:\/\/www.texty.santegidio.cz\/index.php?rest_route=\/wp\/v2\/pages\/141\/revisions\/1311"}],"up":[{"embeddable":true,"href":"https:\/\/www.texty.santegidio.cz\/index.php?rest_route=\/wp\/v2\/pages\/29"}],"wp:attachment":[{"href":"https:\/\/www.texty.santegidio.cz\/index.php?rest_route=%2Fwp%2Fv2%2Fmedia&parent=141"}],"curies":[{"name":"wp","href":"https:\/\/api.w.org\/{rel}","templated":true}]}}