{"id":140,"date":"2018-12-12T10:15:10","date_gmt":"2018-12-12T09:15:10","guid":{"rendered":"http:\/\/www.texty.santegidio.cz?page_id=140"},"modified":"2018-12-12T10:15:11","modified_gmt":"2018-12-12T09:15:11","slug":"zalm-88","status":"publish","type":"page","link":"https:\/\/www.texty.santegidio.cz\/?page_id=140","title":{"rendered":"\u017dalm 88"},"content":{"rendered":"<p>Sly\u0161, Pane, ubo\u017e\u00e1ka, jen\u017e k&nbsp;tob\u011b vol\u00e1.<\/p>\n<p>&#8211; <sup>2<\/span><\/sup> Pane, Bo\u017ee sp\u00e1sy, vol\u00e1m za dne,<br \/>za noci m\u016fj k\u0159ik se k t<strong>o<\/strong>b\u011b dere.<\/p>\n<p>&#8211; <sup>3<\/span><\/sup> Dej, a\u0165 modlitba m\u00e1 dojde k tob\u011b,<br \/>nachyl ucho k m\u00e9mu n<strong>a<\/strong>\u0159\u00edk\u00e1n\u00ed!<\/p>\n<p>&#8211; <sup>4<\/span><\/sup> V\u017edy\u0165 m\u00e1 du\u0161e u\u017e je syta \u00fatrap,<br \/>k podsv\u011bt\u00ed se nakl<strong>\u00e1<\/strong>n\u00ed m\u016fj \u017eivot.<\/p>\n<p>&#8211; <sup>5<\/span><\/sup> U\u017e m\u011b po\u010d\u00edtaj\u00ed mezi mrtv\u00e9,<br \/>jsem jak ten, v kom v\u0161echny s<strong>\u00ed<\/strong>ly zhasly.<\/p>\n<p>&#8211; <sup>6<\/span><\/sup> Mezi mrtv\u00fdmi je moje l\u016f\u017eko,<br \/>mezi padl\u00fdmi, co l<strong>e<\/strong>\u017e\u00ed v hrob\u011b,<br \/>&#8211; na kter\u00e9 u\u017e ani nevzpomene\u0161;<br \/>ze v\u0161\u00ed p\u00e9\u010de tv\u00e9 jsou v<strong>y<\/strong>lou\u010deni.<\/p>\n<p>&#8211; <sup>7<\/span><\/sup> Uvrhls m\u011b do hlubok\u00e9 j\u00e1my,<br \/>do propasti, do nejhl<strong>u<\/strong>b\u0161\u00edch temnot.<\/p>\n<p>&#8211; <sup>8<\/span><\/sup> Le\u017e\u00ed na mn\u011b t\u00edha tv\u00e9ho hn\u011bvu,<br \/>v\u0161echny vlny tv\u00e9 m\u011b z<strong>a<\/strong>plavuj\u00ed.<\/p>\n<p>&#8211; <sup>9<\/span><\/sup> Odehnals mi p\u0159\u00e1tele i zn\u00e1m\u00e9,<br \/>u\u010dinils, \u017ee v\u0161ichni s<strong>i<\/strong> m\u011b hnus\u00ed;<br \/>&#8211; uv\u011bzn\u011bn jsem, ven se nedostanu,<br \/><sup>10<\/span><\/sup> oko m\u00e9 je vys\u00edl<strong>e<\/strong>no ho\u0159em.<br \/>&#8211; K tob\u011b, Pane, b\u011bduji den za dnem<br \/>a jen po tob\u011b sv\u00e9 r<strong>u<\/strong>ce vzp\u00edn\u00e1m.<\/p>\n<p>&#8211; <sup>11<\/span><\/sup> Kon\u00e1\u0161 divy pro ty, kdo jsou mrtvi?<br \/>Mohou st\u00edny vst\u00e1t a t<strong>e<\/strong>be chv\u00e1lit?<\/p>\n<p>&#8211; <sup>12<\/span><\/sup> Vypr\u00e1v\u011bj\u00ed o tv\u00e9 l\u00e1sce v hrobech,<br \/>o tv\u00e9 v\u011brnosti tam v \u0159<strong>\u00ed<\/strong>\u0161i mrtv\u00fdch?<\/p>\n<p>&#8211; <sup>13<\/span><\/sup> Budou zn\u00e1my v temnot\u00e1ch tv\u00e9 divy,<br \/>tvoje milost v kraji z<strong>a<\/strong>pomn\u011bn\u00ed?<\/p>\n<p>&#8211; <sup>14<\/span><\/sup> Proto, Pane, st\u00e1le k tob\u011b \u00fap\u00edm,<br \/>k tob\u011b stoup\u00e1 prosba m<strong>\u00e1<\/strong> hned zr\u00e1na.<\/p>\n<p>&#8211; <sup>15<\/span><\/sup> Pro\u010d m\u011b tedy zavrhuje\u0161, Pane?<br \/>Pro\u010d svou tv\u00e1\u0159 mi neust<strong>\u00e1<\/strong>le skr\u00fdv\u00e1\u0161?<\/p>\n<p>&#8211; <sup>16<\/span><\/sup> Ubo\u017e\u00e1k jsem, z d\u011btstv\u00ed vyd\u00e1n smrti,<br \/>zdrcen tv\u00fdmi hr\u016fz<strong>a<\/strong>mi, je\u017e sn\u00e1\u0161\u00edm.<\/p>\n<p>&#8211; <sup>17<\/span><\/sup> P\u0159ese mne se p\u0159ehnaly tv\u00e9 hn\u011bvy,<br \/>hr\u016fzy tv\u00e9 m\u011b do n\u011bm<strong>o<\/strong>ty ni\u010d\u00ed.<\/p>\n<p>&#8211; <sup>18<\/span><\/sup> St\u00e1le m\u011b jak vody zaplavuj\u00ed,<br \/>nade mnou se zav\u00edr<strong>a<\/strong>j\u00ed v\u0161echny.<\/p>\n<p>&#8211; <sup>19<\/span><\/sup> Odcizils mi p\u0159\u00edtele i druha,<br \/>u\u017e se p\u0159\u00e1tel\u00edm jen s t<strong>e<\/strong>mnotami.<\/p>\n","protected":false},"excerpt":{"rendered":"<p>Sly\u0161, Pane, ubo\u017e\u00e1ka, jen\u017e k&nbsp;tob\u011b vol\u00e1. &#8211; 2 Pane, Bo\u017ee sp\u00e1sy, vol\u00e1m za dne,za noci m\u016fj k\u0159ik se k tob\u011b dere. &#8211; 3 Dej, a\u0165 modlitba m\u00e1 dojde k tob\u011b,nachyl ucho k m\u00e9mu na\u0159\u00edk\u00e1n\u00ed! &#8211; 4 V\u017edy\u0165 m\u00e1 du\u0161e u\u017e je syta \u00fatrap,k podsv\u011bt\u00ed se nakl\u00e1n\u00ed m\u016fj \u017eivot. &#8211; 5 U\u017e m\u011b po\u010d\u00edtaj\u00ed mezi mrtv\u00e9,jsem &#8230; <a title=\"\u017dalm 88\" class=\"read-more\" href=\"https:\/\/www.texty.santegidio.cz\/?page_id=140\" aria-label=\"More on \u017dalm 88\">Read more<\/a><\/p>\n","protected":false},"author":1,"featured_media":0,"parent":29,"menu_order":0,"comment_status":"closed","ping_status":"closed","template":"","meta":{"_uag_custom_page_level_css":"","jetpack_post_was_ever_published":false,"footnotes":""},"class_list":["post-140","page","type-page","status-publish"],"uagb_featured_image_src":{"full":false,"thumbnail":false,"medium":false,"medium_large":false,"large":false,"1536x1536":false,"2048x2048":false},"uagb_author_info":{"display_name":"Pavel","author_link":"https:\/\/www.texty.santegidio.cz\/?author=1"},"uagb_comment_info":0,"uagb_excerpt":"Sly\u0161, Pane, ubo\u017e\u00e1ka, jen\u017e k&nbsp;tob\u011b vol\u00e1. &#8211; 2 Pane, Bo\u017ee sp\u00e1sy, vol\u00e1m za dne,za noci m\u016fj k\u0159ik se k tob\u011b dere. &#8211; 3 Dej, a\u0165 modlitba m\u00e1 dojde k tob\u011b,nachyl ucho k m\u00e9mu na\u0159\u00edk\u00e1n\u00ed! &#8211; 4 V\u017edy\u0165 m\u00e1 du\u0161e u\u017e je syta \u00fatrap,k podsv\u011bt\u00ed se nakl\u00e1n\u00ed m\u016fj \u017eivot. &#8211; 5 U\u017e m\u011b po\u010d\u00edtaj\u00ed mezi mrtv\u00e9,jsem&hellip;","jetpack_sharing_enabled":true,"jetpack_shortlink":"https:\/\/wp.me\/PawMsT-2g","_links":{"self":[{"href":"https:\/\/www.texty.santegidio.cz\/index.php?rest_route=\/wp\/v2\/pages\/140","targetHints":{"allow":["GET"]}}],"collection":[{"href":"https:\/\/www.texty.santegidio.cz\/index.php?rest_route=\/wp\/v2\/pages"}],"about":[{"href":"https:\/\/www.texty.santegidio.cz\/index.php?rest_route=\/wp\/v2\/types\/page"}],"author":[{"embeddable":true,"href":"https:\/\/www.texty.santegidio.cz\/index.php?rest_route=\/wp\/v2\/users\/1"}],"replies":[{"embeddable":true,"href":"https:\/\/www.texty.santegidio.cz\/index.php?rest_route=%2Fwp%2Fv2%2Fcomments&post=140"}],"version-history":[{"count":1,"href":"https:\/\/www.texty.santegidio.cz\/index.php?rest_route=\/wp\/v2\/pages\/140\/revisions"}],"predecessor-version":[{"id":1310,"href":"https:\/\/www.texty.santegidio.cz\/index.php?rest_route=\/wp\/v2\/pages\/140\/revisions\/1310"}],"up":[{"embeddable":true,"href":"https:\/\/www.texty.santegidio.cz\/index.php?rest_route=\/wp\/v2\/pages\/29"}],"wp:attachment":[{"href":"https:\/\/www.texty.santegidio.cz\/index.php?rest_route=%2Fwp%2Fv2%2Fmedia&parent=140"}],"curies":[{"name":"wp","href":"https:\/\/api.w.org\/{rel}","templated":true}]}}