{"id":1390,"date":"2019-02-08T09:49:38","date_gmt":"2019-02-08T08:49:38","guid":{"rendered":"https:\/\/www.texty.santegidio.cz\/?page_id=1390"},"modified":"2019-02-08T09:55:54","modified_gmt":"2019-02-08T08:55:54","slug":"modlitba-velikonoc","status":"publish","type":"page","link":"https:\/\/www.texty.santegidio.cz\/?page_id=1390","title":{"rendered":"MODLITBA VELIKONOC"},"content":{"rendered":"\n<p>\n<strong>Pozv\u00e1n\u00ed<\/strong><\/p>\n\n\n\n<p><em>Bo\u017ee, p\u0159ij\u010f a spas n\u00e1s.<\/em><br>Pane, posp\u011b\u0161 n\u00e1m pom\u00e1hat.<br><em>Sl\u00e1va Otci i Synu i Duchu svat\u00e9mu.<\/em><\/p>\n\n\n\n<p>Jako\nbyla na po\u010d\u00e1tku i nyn\u00ed i v\u017edycky a na v\u011bky v\u011bk\u016f.\nAmen,<br>\nAleluja.\n<\/p>\n\n\n\n<p><strong>Hymnus vzk\u0159\u00ed\u0161en\u00ed<\/strong><\/p>\n\n\n\n<p>\n<em>Aleluja,\naleluja, aleluja.<br>\nKristus byl vzk\u0159\u00ed\u0161en z&nbsp;mrtv\u00fdch a ji\u017e\nnezem\u0159e.<br>\nAleluja, aleluja, aleluja.<\/em><\/p>\n\n\n\n<p>\nI\np\u0159es t\u011b\u017ek\u00fd k\u00e1men na hrob\u011b,<br>\nsmutn\u00fd h\u0159\u00edch tohoto\nsv\u011bta,<br>\nvoj\u00e1ky, je\u017e hl\u00eddali Tv\u00e9 t\u011blo,<br>\nbyl jsi\nvzk\u0159\u00ed\u0161en, Pane, n\u00e1\u0161 Bo\u017ee.<\/p>\n\n\n\n<p>\n<em>Aleluja,\naleluja, aleluja\u2026<\/em><\/p>\n\n\n\n<p>\n\u017den\u00e1m,\nkter\u00e9 p\u0159i\u0161ly k&nbsp;hrobu,<br>\n\u0159ekl and\u011bl o Tv\u00e9m\nvzk\u0159\u00ed\u0161en\u00ed,<br>\nDoprov\u00e1zel jsi u\u010dedn\u00edky<br>\na v Emauz\u00edch jsi\nve\u010de\u0159el s&nbsp;nimi.<\/p>\n\n\n\n<p>\n<em>Aleluja,\naleluja, aleluja\u2026<\/em><\/p>\n\n\n\n<p>\nI\np\u0159es strach a zav\u0159en\u00e9 dve\u0159e<br>\nzjevil ses shrom\u00e1\u017ed\u011bn\u00fdm\nu\u010dedn\u00edk\u016fm,<br>\nnab\u00eddl jsi jim sv\u016fj pokoj<br>\na dal jsi jim moc\nodpou\u0161t\u011bt.<\/p>\n\n\n\n<p>\n<em>Aleluja,\naleluja, aleluja\u2026<\/em><\/p>\n\n\n\n<p>\nMy\ndnes v&nbsp;cel\u00e9m sv\u011bt\u011b s&nbsp;v\u00edrou,<br>\nslav\u00edme T\u011b\nvzk\u0159\u00ed\u0161en\u00e9ho,<br>\nz&nbsp;hloubi srdce vyzn\u00e1v\u00e1me,<br>\n\u017ee Ty\njsi n\u00e1\u0161 P\u00e1n a B\u016fh.<\/p>\n\n\n\n<p>\n<em>Aleluja,\naleluja, aleluja\u2026<\/em><\/p>\n\n\n\n<p><strong>Hymnus Velikonoc<\/strong><\/p>\n\n\n\n<p><em>N\u00e1\u0161\nP\u00e1n u\u017e nen\u00ed v&nbsp;hrob\u011b, On byl vzk\u0159\u00ed\u0161en.<br>\nPoj\u010fte, \u010dek\u00e1\nn\u00e1s v&nbsp;Galileji.<br>\nAleluja, aleluja, aleluja.<\/em><\/p>\n\n\n\n<p>Sp\u00e1sa,\nsl\u00e1va a s\u00edla<br>\nn\u00e1le\u017e\u00ed na\u0161emu Bohu: aleluja.<br>\nJsou\npravdiv\u00e1 a spr\u00e1vn\u00e1<br>\nv\u0161echna jeho na\u0159\u00edzen\u00ed: aleluja.<\/p>\n\n\n\n<p><em>N\u00e1\u0161\nP\u00e1n&#8230;<\/em><\/p>\n\n\n\n<p>Chvalte\nna\u0161eho Boha<br>\nv\u0161ichni jeho slu\u017eebn\u00edci: aleluja.<br>\nVy\nv\u0161ichni, kdo se ho boj\u00edte,<br>\nmal\u00ed i velc\u00ed: aleluja.<\/p>\n\n\n\n<p><em>N\u00e1\u0161\nP\u00e1n&#8230;<\/em><\/p>\n\n\n\n<p>P\u00e1n\nv\u0161emohouc\u00ed<br>\nvstoupil do kr\u00e1lovstv\u00ed: aleluja.<br>\nRadujme se,\nj\u00e1sejme,<br>\nvzd\u00e1vejme mu chv\u00e1lu: aleluja.<\/p>\n\n\n\n<p><em>N\u00e1\u0161\nP\u00e1n&#8230;<\/em><\/p>\n\n\n\n<p>P\u0159i\u0161el\nji\u017e den<br>\nsvatby Ber\u00e1nkovy: aleluja.<br>\nJeho nev\u011bsta<br>\nje\np\u0159ipravena: aleluja.<\/p>\n\n\n\n<p><em>N\u00e1\u0161\nP\u00e1n&#8230;<\/em><\/p>\n\n\n\n<p><strong>\u010cten\u00ed Bo\u017e\u00edho slova<\/strong><\/p>\n\n\n\n<p><em>Aleluja,\nAleluja, Aleluja.<br>\n<\/em>Aleluja,\nAleluja, Aleluja.Kristus\nbyl vzk\u0159\u00ed\u0161en z&nbsp;mrtv\u00fdch<br>\na ji\u017e nezem\u0159e!<br>\nO\u010dek\u00e1v\u00e1\nn\u00e1s v&nbsp;Galileji!<br>\nAleluja, Aleluja, Aleluja.<\/p>\n\n\n\n<p>(\u010dten\u00ed\nz P\u00edsma)<\/p>\n\n\n\n<p><em>Aleluja,\nAleluja, Aleluja.<br>\n<\/em>Aleluja,\nAleluja, Aleluja.Kristus\nbyl vzk\u0159\u00ed\u0161en z&nbsp;mrtv\u00fdch<br>\na ji\u017e nezem\u0159e!<br>\nO\u010dek\u00e1v\u00e1\nn\u00e1s v&nbsp;Galileji!<br>\nAleluja, Aleluja, Aleluja.<\/p>\n\n\n\n<p><strong>Zp\u011bv sv\u011btla<\/strong><\/p>\n\n\n\n<p><em>Poj\u010fte\na vezm\u011bte sv\u011btlo ze sv\u011btla,<br>\nkter\u00e9 ji\u017e nezhasne.<\/em>\n(2x)<\/p>\n\n\n\n<p><em>Tv\u00e9\nvzk\u0159\u00ed\u0161en\u00ed cel\u00fd sv\u011bt osv\u00edtilo.<\/em><br>\nPoj\u010fte\na vezm\u011bte sv\u011btlo ze sv\u011btla, kter\u00e9 ji\u017e nezhasne.<\/p>\n\n\n\n<p><em>Daly\nse na \u00fat\u011bk smrt a temnoty.<\/em><br>\nPoj\u010fte\na vezm\u011bte sv\u011btlo ze sv\u011btla, kter\u00e9 ji\u017e nezhasne.<\/p>\n\n\n\n<p><em>Tv\u016fj\nden trv\u00e1 a noci ji\u017e nebude.<\/em><br>\nPoj\u010fte\na vezm\u011bte sv\u011btlo ze sv\u011btla, kter\u00e9 ji\u017e nezhasne.<\/p>\n\n\n\n<p><em>Tv\u00e9\nsv\u011btlo osv\u011bcuje Tv\u00e9 slu\u017eebn\u00edky.<\/em><br>\nPoj\u010fte\na vezm\u011bte sv\u011btlo ze sv\u011btla, kter\u00e9 ji\u017e nezhasne.<\/p>\n\n\n\n<p><em>Tv\u00e1\nl\u00e1ska chr\u00e1n\u00ed tv\u00e9 u\u010dedn\u00edky.<\/em><br>\nPoj\u010fte\na vezm\u011bte sv\u011btlo ze sv\u011btla, kter\u00e9 ji\u017e nezhasne.<\/p>\n\n\n\n<p><strong>P\u0159\u00edmluvy<\/strong><\/p>\n\n\n\n<p>Kyrie\neleison, Kyrie eleison, Kyrie eleison.<\/p>\n\n\n\n<p><strong>Ot\u010de n\u00e1\u0161<\/strong><\/p>\n\n\n\n<p>Ot\u010de\nn\u00e1\u0161, jen\u017e jsi na nebes\u00edch, <br>\nposv\u011b\u0165 se jm\u00e9no tv\u00e9, <br>\np\u0159ij\u010f\nkr\u00e1lovstv\u00ed tv\u00e9. <br>\nBu\u010f v\u016fle tv\u00e1 jako v&nbsp;nebi, tak i na\nzemi. <br>\nChl\u00e9b n\u00e1\u0161 vezdej\u0161\u00ed dej n\u00e1m dnes.<br>\nA odpus\u0165 n\u00e1m\nna\u0161e viny,<br>\njako i my odpou\u0161t\u00edme na\u0161im vin\u00edk\u016fm.<br>\nA\nneuve\u010f n\u00e1s v&nbsp;poku\u0161en\u00ed,<br>\nale zbav n\u00e1s od zl\u00e9ho.<br>\nAmen.<\/p>\n\n\n\n<p>\t<strong>Z\u00e1v\u011bre\u010dn\u00e1\nmodlitba<\/strong><\/p>\n\n\n\n<p><em>Kristus\nbyl vzk\u0159\u00ed\u0161en z&nbsp;mrtv\u00fdch.<\/em><br>\n(Shrom\u00e1\u017ed\u011bn\u00ed)\tOpravdu\nbyl vzk\u0159\u00ed\u0161en!<\/p>\n\n\n\n<p><em>Kristus\nbyl vzk\u0159\u00ed\u0161en, doopravdy byl vzk\u0159\u00ed\u0161en!<br>\nO\u010dek\u00e1v\u00e1 n\u00e1s\nv&nbsp;Galileji!<\/em><\/p>\n\n\n\n<p>Kristus\nbyl vzk\u0159\u00ed\u0161en, doopravdy byl vzk\u0159\u00ed\u0161en!<br>\nO\u010dek\u00e1v\u00e1 n\u00e1s\nv&nbsp;Galileji! (2x)<\/p>\n","protected":false},"excerpt":{"rendered":"<p>Pozv\u00e1n\u00ed Bo\u017ee, p\u0159ij\u010f a spas n\u00e1s.Pane, posp\u011b\u0161 n\u00e1m pom\u00e1hat.Sl\u00e1va Otci i Synu i Duchu svat\u00e9mu. Jako byla na po\u010d\u00e1tku i nyn\u00ed i v\u017edycky a na v\u011bky v\u011bk\u016f. Amen, Aleluja. Hymnus vzk\u0159\u00ed\u0161en\u00ed Aleluja, aleluja, aleluja. Kristus byl vzk\u0159\u00ed\u0161en z&nbsp;mrtv\u00fdch a ji\u017e nezem\u0159e. Aleluja, aleluja, aleluja. I p\u0159es t\u011b\u017ek\u00fd k\u00e1men na hrob\u011b, smutn\u00fd h\u0159\u00edch tohoto sv\u011bta, voj\u00e1ky, &#8230; <a title=\"MODLITBA VELIKONOC\" class=\"read-more\" href=\"https:\/\/www.texty.santegidio.cz\/?page_id=1390\" aria-label=\"More on MODLITBA VELIKONOC\">Read more<\/a><\/p>\n","protected":false},"author":1,"featured_media":0,"parent":43,"menu_order":0,"comment_status":"closed","ping_status":"closed","template":"","meta":{"_uag_custom_page_level_css":"","jetpack_post_was_ever_published":false,"footnotes":""},"class_list":["post-1390","page","type-page","status-publish"],"uagb_featured_image_src":{"full":false,"thumbnail":false,"medium":false,"medium_large":false,"large":false,"1536x1536":false,"2048x2048":false},"uagb_author_info":{"display_name":"Pavel","author_link":"https:\/\/www.texty.santegidio.cz\/?author=1"},"uagb_comment_info":0,"uagb_excerpt":"Pozv\u00e1n\u00ed Bo\u017ee, p\u0159ij\u010f a spas n\u00e1s.Pane, posp\u011b\u0161 n\u00e1m pom\u00e1hat.Sl\u00e1va Otci i Synu i Duchu svat\u00e9mu. Jako byla na po\u010d\u00e1tku i nyn\u00ed i v\u017edycky a na v\u011bky v\u011bk\u016f. Amen, Aleluja. Hymnus vzk\u0159\u00ed\u0161en\u00ed Aleluja, aleluja, aleluja. Kristus byl vzk\u0159\u00ed\u0161en z&nbsp;mrtv\u00fdch a ji\u017e nezem\u0159e. Aleluja, aleluja, aleluja. I p\u0159es t\u011b\u017ek\u00fd k\u00e1men na hrob\u011b, smutn\u00fd h\u0159\u00edch tohoto sv\u011bta, voj\u00e1ky,&hellip;","jetpack_sharing_enabled":true,"jetpack_shortlink":"https:\/\/wp.me\/PawMsT-mq","_links":{"self":[{"href":"https:\/\/www.texty.santegidio.cz\/index.php?rest_route=\/wp\/v2\/pages\/1390","targetHints":{"allow":["GET"]}}],"collection":[{"href":"https:\/\/www.texty.santegidio.cz\/index.php?rest_route=\/wp\/v2\/pages"}],"about":[{"href":"https:\/\/www.texty.santegidio.cz\/index.php?rest_route=\/wp\/v2\/types\/page"}],"author":[{"embeddable":true,"href":"https:\/\/www.texty.santegidio.cz\/index.php?rest_route=\/wp\/v2\/users\/1"}],"replies":[{"embeddable":true,"href":"https:\/\/www.texty.santegidio.cz\/index.php?rest_route=%2Fwp%2Fv2%2Fcomments&post=1390"}],"version-history":[{"count":1,"href":"https:\/\/www.texty.santegidio.cz\/index.php?rest_route=\/wp\/v2\/pages\/1390\/revisions"}],"predecessor-version":[{"id":1391,"href":"https:\/\/www.texty.santegidio.cz\/index.php?rest_route=\/wp\/v2\/pages\/1390\/revisions\/1391"}],"up":[{"embeddable":true,"href":"https:\/\/www.texty.santegidio.cz\/index.php?rest_route=\/wp\/v2\/pages\/43"}],"wp:attachment":[{"href":"https:\/\/www.texty.santegidio.cz\/index.php?rest_route=%2Fwp%2Fv2%2Fmedia&parent=1390"}],"curies":[{"name":"wp","href":"https:\/\/api.w.org\/{rel}","templated":true}]}}