{"id":139,"date":"2018-12-12T10:15:10","date_gmt":"2018-12-12T09:15:10","guid":{"rendered":"http:\/\/www.texty.santegidio.cz?page_id=139"},"modified":"2018-12-12T10:15:11","modified_gmt":"2018-12-12T09:15:11","slug":"zalm-87","status":"publish","type":"page","link":"https:\/\/www.texty.santegidio.cz\/?page_id=139","title":{"rendered":"\u017dalm 87"},"content":{"rendered":"<p>Velik\u00e1 je tv\u00e1 l\u00e1ska k&nbsp;Jeruzal\u00e9mu.<\/p>\n<p>&#8211; <sup>2<\/span><\/sup> Miluje P\u00e1n, co zalo\u017eil na svat\u00e9 ho\u0159e:<br \/>si\u00f3nsk\u00e9 br\u00e1ny nad v\u0161echna j\u00e1k<strong>o<\/strong>bsk\u00e1 s\u00eddla.<\/p>\n<p>&#8211; <sup>3<\/span><\/sup> Ty, m\u011bsto Bo\u017e\u00ed, s\u00e1m prav\u00ed na tvoji sl\u00e1vu:<br \/><sup>4<\/span><\/sup> &bdquo;Rahab i B\u00e1bel p\u0159i\u010d\u00edt\u00e1m k t\u011bm, c<strong>o<\/strong> m\u011b znaj\u00ed!<br \/>&#8211; Hle, Fili\u0161\u0165an\u00e9, Tyr\u0161t\u00ed i Etiopan\u00e9,<br \/>ti v\u0161ichni v n\u011bm jsou n<strong>a<\/strong>rozeni.<\/p>\n<p>&#8211; <sup>5<\/span><\/sup> Vpravd\u011b v\u0161ak Si\u00f3n ka\u017ed\u00fd naz\u00fdv\u00e1: Matko!&ldquo;<br \/>Proto\u017ee ten si zbudoval Sv<strong>r<\/strong>chovan\u00fd.<\/p>\n<p>&#8211; <sup>6<\/span><\/sup> Do svitku vpisuje P\u00e1n, kdy\u017e n\u00e1rody s\u010d\u00edt\u00e1:<br \/>&bdquo;Ti v\u0161ichni v n\u011bm jsou n<strong>a<\/strong>rozeni.&ldquo;<\/p>\n<p>&#8211; <sup>7<\/span><\/sup> Jako v tanci se raduj\u00ed,<br \/>kdo v t<strong>o<\/strong>b\u011b \u017eij\u00ed.<\/p>\n","protected":false},"excerpt":{"rendered":"<p>Velik\u00e1 je tv\u00e1 l\u00e1ska k&nbsp;Jeruzal\u00e9mu. &#8211; 2 Miluje P\u00e1n, co zalo\u017eil na svat\u00e9 ho\u0159e:si\u00f3nsk\u00e9 br\u00e1ny nad v\u0161echna j\u00e1kobsk\u00e1 s\u00eddla. &#8211; 3 Ty, m\u011bsto Bo\u017e\u00ed, s\u00e1m prav\u00ed na tvoji sl\u00e1vu:4 &bdquo;Rahab i B\u00e1bel p\u0159i\u010d\u00edt\u00e1m k t\u011bm, co m\u011b znaj\u00ed!&#8211; Hle, Fili\u0161\u0165an\u00e9, Tyr\u0161t\u00ed i Etiopan\u00e9,ti v\u0161ichni v n\u011bm jsou narozeni. &#8211; 5 Vpravd\u011b v\u0161ak Si\u00f3n ka\u017ed\u00fd naz\u00fdv\u00e1: &#8230; <a title=\"\u017dalm 87\" class=\"read-more\" href=\"https:\/\/www.texty.santegidio.cz\/?page_id=139\" aria-label=\"More on \u017dalm 87\">Read more<\/a><\/p>\n","protected":false},"author":1,"featured_media":0,"parent":29,"menu_order":0,"comment_status":"closed","ping_status":"closed","template":"","meta":{"_uag_custom_page_level_css":"","jetpack_post_was_ever_published":false,"footnotes":""},"class_list":["post-139","page","type-page","status-publish"],"uagb_featured_image_src":{"full":false,"thumbnail":false,"medium":false,"medium_large":false,"large":false,"1536x1536":false,"2048x2048":false},"uagb_author_info":{"display_name":"Pavel","author_link":"https:\/\/www.texty.santegidio.cz\/?author=1"},"uagb_comment_info":0,"uagb_excerpt":"Velik\u00e1 je tv\u00e1 l\u00e1ska k&nbsp;Jeruzal\u00e9mu. &#8211; 2 Miluje P\u00e1n, co zalo\u017eil na svat\u00e9 ho\u0159e:si\u00f3nsk\u00e9 br\u00e1ny nad v\u0161echna j\u00e1kobsk\u00e1 s\u00eddla. &#8211; 3 Ty, m\u011bsto Bo\u017e\u00ed, s\u00e1m prav\u00ed na tvoji sl\u00e1vu:4 &bdquo;Rahab i B\u00e1bel p\u0159i\u010d\u00edt\u00e1m k t\u011bm, co m\u011b znaj\u00ed!&#8211; Hle, Fili\u0161\u0165an\u00e9, Tyr\u0161t\u00ed i Etiopan\u00e9,ti v\u0161ichni v n\u011bm jsou narozeni. &#8211; 5 Vpravd\u011b v\u0161ak Si\u00f3n ka\u017ed\u00fd naz\u00fdv\u00e1:&hellip;","jetpack_sharing_enabled":true,"jetpack_shortlink":"https:\/\/wp.me\/PawMsT-2f","_links":{"self":[{"href":"https:\/\/www.texty.santegidio.cz\/index.php?rest_route=\/wp\/v2\/pages\/139","targetHints":{"allow":["GET"]}}],"collection":[{"href":"https:\/\/www.texty.santegidio.cz\/index.php?rest_route=\/wp\/v2\/pages"}],"about":[{"href":"https:\/\/www.texty.santegidio.cz\/index.php?rest_route=\/wp\/v2\/types\/page"}],"author":[{"embeddable":true,"href":"https:\/\/www.texty.santegidio.cz\/index.php?rest_route=\/wp\/v2\/users\/1"}],"replies":[{"embeddable":true,"href":"https:\/\/www.texty.santegidio.cz\/index.php?rest_route=%2Fwp%2Fv2%2Fcomments&post=139"}],"version-history":[{"count":1,"href":"https:\/\/www.texty.santegidio.cz\/index.php?rest_route=\/wp\/v2\/pages\/139\/revisions"}],"predecessor-version":[{"id":1309,"href":"https:\/\/www.texty.santegidio.cz\/index.php?rest_route=\/wp\/v2\/pages\/139\/revisions\/1309"}],"up":[{"embeddable":true,"href":"https:\/\/www.texty.santegidio.cz\/index.php?rest_route=\/wp\/v2\/pages\/29"}],"wp:attachment":[{"href":"https:\/\/www.texty.santegidio.cz\/index.php?rest_route=%2Fwp%2Fv2%2Fmedia&parent=139"}],"curies":[{"name":"wp","href":"https:\/\/api.w.org\/{rel}","templated":true}]}}