{"id":1386,"date":"2019-02-08T09:40:09","date_gmt":"2019-02-08T08:40:09","guid":{"rendered":"https:\/\/www.texty.santegidio.cz\/?page_id=1386"},"modified":"2019-02-08T09:45:50","modified_gmt":"2019-02-08T08:45:50","slug":"modlitba-svateho-krize","status":"publish","type":"page","link":"https:\/\/www.texty.santegidio.cz\/?page_id=1386","title":{"rendered":"MODLITBA SVAT\u00c9HO K\u0158\u00cd\u017dE"},"content":{"rendered":"\n<p>\n<strong>Pozv\u00e1n\u00ed<\/strong><\/p>\n\n\n\n<p><em>Bo\u017ee, p\u0159ij\u010f a spas n\u00e1s.<\/em><br>Pane, posp\u011b\u0161 n\u00e1m pom\u00e1hat.<\/p>\n\n\n\n<p><em>Sl\u00e1va Otci i Synu i Duchu svat\u00e9mu.<\/em><br>Jako byla na po\u010d\u00e1tku i nyn\u00ed i v\u017edycky a na v\u011bky v\u011bk\u016f. Amen,<br>Aleluja.  <\/p>\n\n\n\n<p>(<em>v\ndob\u011b postn\u00ed se Pozv\u00e1n\u00ed vynech\u00e1v\u00e1, zp\u00edv\u00e1 se Postn\u00ed hymnus\n<\/em><em>str. 37<\/em>)<\/p>\n\n\n\n<p>\n<strong>Hymnus<\/strong><\/p>\n\n\n\n<p>St\u00e1ly\nu k\u0159\u00ed\u017ee P\u00e1na,<br>\nMarie jeho matka a jej\u00ed sestra,<br>\nMarie\nKleof\u00e1\u0161ova a Marie Magdalsk\u00e1,<br>\nJe\u017e\u00ed\u0161 je vid\u00ed s&nbsp;milovan\u00fdm\nu\u010dedn\u00edkem.<\/p>\n\n\n\n<p>Tehdy\n\u0159ekl sv\u00e9 matce:<br>\n\u201eToto je tv\u016fj syn, \u017eeno!\u201c<br>\nA tomu\nu\u010dedn\u00edkovi \u0159ekl:<br>\n\u201eTato \u017eena je tv\u00e1 matka!\u201c<\/p>\n\n\n\n<p>Po\u017eehnan\u00fd\nje P\u00e1n, s\u00e1m na k\u0159\u00ed\u017ei,<br>\nOn nezapom\u00edn\u00e1 na lidi<br>\na ve sv\u00e9\nl\u00e1sce a milosrdenstv\u00ed<br>\nn\u00e1m d\u00e1v\u00e1 domov a matku.<\/p>\n\n\n\n<p>\n<strong>Hymnus blahoslavenstv\u00ed  <\/strong>\n<\/p>\n\n\n\n<p>Pamatuj\nna n\u00e1s ve sv\u00e9m kr\u00e1lovstv\u00ed, \u00f3 Pane.<\/p>\n\n\n\n<p>Blahoslaven\u00ed\nchud\u00ed v&nbsp;duchu, jejich je nebesk\u00e9 kr\u00e1lovstv\u00ed.<br>\nBlahoslaven\u00ed\npla\u010d\u00edc\u00ed, oni budou ut\u011b\u0161eni.<br>\nBlahoslaven\u00ed ti\u0161\u00ed, oni\ndostanou zemi za d\u011bdictv\u00ed.<\/p>\n\n\n\n<p>\u017de\njedl ze zak\u00e1zan\u00e9ho stromu, Adam byl vyhn\u00e1n,<br>\nale d\u00edky stromu\nk\u0159\u00ed\u017ee zlo\u010dinec \u0161el do r\u00e1je.<br>\nAdam vzdoroval Tvoj\u00ed\nv\u016fli,<br>\nzlo\u010dinec, kter\u00fd byl uk\u0159i\u017eov\u00e1n<br>\nvyznal, \u017ee Ty\njsi B\u016fh.<\/p>\n\n\n\n<p>Pamatuj\nna n\u00e1s ve sv\u00e9m kr\u00e1lovstv\u00ed, \u00f3 Pane.<\/p>\n\n\n\n<p>Blahoslaven\u00ed,\nkdo hladov\u011bj\u00ed a \u017e\u00edzn\u00ed po spravedlnosti,<br>\nnebo\u0165\nv&nbsp;kr\u00e1lovstv\u00ed, jen\u017e p\u0159ijde,<br>\nbudou nasyceni.<\/p>\n\n\n\n<p>Ti,\nkte\u0159\u00ed p\u0159estupuj\u00ed z\u00e1kon,<br>\nkoupili tv\u016frce z\u00e1kona od jeho\nu\u010dedn\u00edka,<br>\njako zlo\u010dince ho p\u0159ivedli p\u0159ed Pil\u00e1ta<br>\na\ndali se do k\u0159iku:<br>\n\u201eUk\u0159i\u017euj ho! Uk\u0159i\u017euj ho! Proto\u017ee se\nvyd\u00e1val za Syna Bo\u017e\u00edho!\u201c<\/p>\n\n\n\n<p>P\u00e1n\nje sytil manou,<br>\nkdy\u017e putovali pou\u0161t\u00ed.<br>\nMy v\u0161ak\nnapodobujeme<br>\nzlo\u010dince uk\u0159i\u017eovan\u00e9ho<br>\na spolu s&nbsp;jeho\nprostou v\u00edrou vol\u00e1me:<\/p>\n\n\n\n<p>Pamatuj\nna n\u00e1s ve sv\u00e9m kr\u00e1lovstv\u00ed, \u00f3 Pane.<\/p>\n\n\n\n<p>Blahoslaven\u00ed\nmilosrdn\u00ed,<br>\noni dojdou<br>\nmilosrdenstv\u00ed.<\/p>\n\n\n\n<p>Z\u00e1stup\nv&nbsp;\u0161\u00edlenstv\u00ed k\u0159i\u010del st\u00e1le v\u00edce:<br>\n\u201eUk\u0159i\u017euj Je\u017e\u00ed\u0161e\nNazaretsk\u00e9ho!\u201c<br>\nA se sv\u00fdmi v\u016fdci \u017e\u00e1dali propu\u0161t\u011bn\u00ed\nBarab\u00e1\u0161e.<br>\nMy v\u0161ak pozved\u00e1me sv\u016fj hlas<br>\na se zlo\u010dincem\nna k\u0159\u00ed\u017ei vol\u00e1me:<\/p>\n\n\n\n<p>Pamatuj\nna n\u00e1s ve sv\u00e9m kr\u00e1lovstv\u00ed, \u00f3 Pane.<\/p>\n\n\n\n<p>Blahoslaven\u00ed\n\u010dist\u00e9ho srdce,<br>\noni uvid\u00ed<br>\nBoha.<\/p>\n\n\n\n<p>Byl\njsi jako ber\u00e1nek<br>\nveden\u00fd na por\u00e1\u017eku,<br>\nve tv\u00e9m srdci nen\u00ed\nnen\u00e1visti,<br>\n\tale l\u00e1ska a odpu\u0161t\u011bn\u00ed pro v\u0161echny.<br>\nNepovolal\njsi legie and\u011bl\u016f,<br>\nale odevzdal jsi se s d\u016fv\u011brou Otci.<\/p>\n\n\n\n<p>Pamatuj\nna n\u00e1s ve sv\u00e9m kr\u00e1lovstv\u00ed, \u00f3 Pane.<\/p>\n\n\n\n<p>Blahoslaven\u00ed,\nkdo p\u016fsob\u00ed pokoj,<br>\noni budou nazv\u00e1ni<br>\nsyny Bo\u017e\u00edmi.<\/p>\n\n\n\n<p>Byl\njsi uk\u0159i\u017eov\u00e1n, Pane,<br>\nproto\u017ee jsi p\u0159inesl pokoj, kter\u00fd sv\u011bt\nnezn\u00e1.<br>\nPo\u017eehnan\u00e9 nohy toho, jen\u017e p\u0159in\u00e1\u0161\u00ed pokoj,<br>\ni\nkdy\u017e nesou stopy po h\u0159ebech,<br>\n\u00f3 Kriste, Synu Boha \u017eiv\u00e9ho.<\/p>\n\n\n\n<p>Pamatuj\nna n\u00e1s ve sv\u00e9m kr\u00e1lovstv\u00ed, \u00f3 Pane.<\/p>\n\n\n\n<p>Blahoslaven\u00ed,\nkdo jsou pron\u00e1sledov\u00e1ni pro spravedlnost.<br>\nBlahoslaven\u00ed jste,\nkdy\u017e v\u00e1s budou tupit, <br>\npron\u00e1sledovat a lh\u00e1t proti\nv\u00e1m,<br>\nradujte se a j\u00e1sejte, nebo\u0165 m\u00e1te velkou odm\u011bnu v nebi!<\/p>\n\n\n\n<p>Na\nsv\u00e9m k\u0159\u00ed\u017ei jsi spoutal tyrana,<br>\nnep\u0159\u00edtele, jen\u017e\npron\u00e1sleduje v\u0161echny,<br>\nvysvobodil jsi n\u00e1s tak z&nbsp;pout zla\na smrti<br>\na uchr\u00e1nil n\u00e1s&nbsp;k&nbsp;\u017eivotu,<br>\n\u00f3 Pane,\np\u0159\u00edteli lid\u00ed.<\/p>\n\n\n\n<p>Pamatuj\nna n\u00e1s ve sv\u00e9m kr\u00e1lovstv\u00ed, \u00f3 Pane.<\/p>\n\n\n\n<p>\n<strong>\u010cten\u00ed Bo\u017e\u00edho slova<\/strong><\/p>\n\n\n\n<p><em>Aleluja,\naleluja, aleluja.<\/em><br>\nAleluja,\naleluja, aleluja.<br>\n(<em>V\ndob\u011b postn\u00ed<\/em>:\nChv\u00e1la Tob\u011b Kriste, Kr\u00e1li v\u011b\u010dn\u00e9 sl\u00e1vy)<\/p>\n\n\n\n<p>Toto\nje radostn\u00e1 zv\u011bst chud\u00fdm,<br>\nosvobozen\u00ed uv\u011bzn\u011bn\u00fdch,<br>\nnavr\u00e1cen\u00ed\nzraku slep\u00fdm,<br>\nsvoboda pro utla\u010den\u00e9.<\/p>\n\n\n\n<p>Aleluja,\naleluja, aleluja.<\/p>\n\n\n\n<p>(\u010dten\u00ed\nz P\u00edsma)<\/p>\n\n\n\n<p><em>Aleluja,\naleluja, aleluja.<\/em><br>\nAleluja,\naleluja, aleluja.<\/p>\n\n\n\n<p>Syn\n\u010dlov\u011bka p\u0159i\u0161el, aby slou\u017eil.<br>\nKdo chce b\u00fdt velk\u00fd,<br>\nbu\u010f\nslu\u017eebn\u00edkem v\u0161ech.<\/p>\n\n\n\n<p>Aleluja,\naleluja, aleluja.<\/p>\n\n\n\n<p>\n<strong>\tP\u0159\u00edmluvy<\/strong><\/p>\n\n\n\n<p>Kyrie\neleison, Kyrie eleison, Kyrie eleison.<\/p>\n\n\n\n<p>\n<strong>Zp\u011bv Marii<\/strong><\/p>\n\n\n\n<p>Neplakej,\nMatko Bo\u017e\u00ed,<br>\nkdy\u017e stoj\u00ed\u0161 u k\u0159\u00ed\u017ee P\u00e1na,<br>\na raduj se,\nnebo\u0165 on je vzk\u0159\u00ed\u0161en,<br>\nv&nbsp;jeho t\u011ble je ukryt\u00e9<br>\nv\u0161echno\nspasen\u00ed<br>\na vykoupen\u00ed<br>\nv\u0161ech lid\u00ed. (3x)<\/p>\n\n\n\n<p>\n<strong>Ot\u010de n\u00e1\u0161<\/strong><\/p>\n\n\n\n<p>Ot\u010de\nn\u00e1\u0161, <br>\njen\u017e jsi na nebes\u00edch, <br>\nposv\u011b\u0165 se jm\u00e9no tv\u00e9,\n<br>\np\u0159ij\u010f kr\u00e1lovstv\u00ed tv\u00e9. <br>\nBu\u010f v\u016fle tv\u00e1<br>\njako\nv&nbsp;nebi, tak i na zemi. <br>\nChl\u00e9b n\u00e1\u0161 vezdej\u0161\u00ed dej n\u00e1m\ndnes.<br>\nA odpus\u0165 n\u00e1m na\u0161e viny,<br>\njako i my odpou\u0161t\u00edme\nna\u0161im vin\u00edk\u016fm.<br>\nA neuve\u010f n\u00e1s v&nbsp;poku\u0161en\u00ed,<br>\nale\nzbav n\u00e1s od zl\u00e9ho.<br>\nAmen.<\/p>\n\n\n\n<p><strong>Z\u00e1v\u011bre\u010dn\u00e1\nmodlitba <\/strong>\n<\/p>\n\n\n\n<p><strong><a href=\"https:\/\/www.texty.santegidio.cz\/?page_id=10\">Z\u00e1v\u011bre\u010dn\u00e1 p\u00edse\u0148<\/a><\/strong><\/p>\n","protected":false},"excerpt":{"rendered":"<p>Pozv\u00e1n\u00ed Bo\u017ee, p\u0159ij\u010f a spas n\u00e1s.Pane, posp\u011b\u0161 n\u00e1m pom\u00e1hat. Sl\u00e1va Otci i Synu i Duchu svat\u00e9mu.Jako byla na po\u010d\u00e1tku i nyn\u00ed i v\u017edycky a na v\u011bky v\u011bk\u016f. Amen,Aleluja. (v dob\u011b postn\u00ed se Pozv\u00e1n\u00ed vynech\u00e1v\u00e1, zp\u00edv\u00e1 se Postn\u00ed hymnus str. 37) Hymnus St\u00e1ly u k\u0159\u00ed\u017ee P\u00e1na, Marie jeho matka a jej\u00ed sestra, Marie Kleof\u00e1\u0161ova a Marie &#8230; <a title=\"MODLITBA SVAT\u00c9HO K\u0158\u00cd\u017dE\" class=\"read-more\" href=\"https:\/\/www.texty.santegidio.cz\/?page_id=1386\" aria-label=\"More on MODLITBA SVAT\u00c9HO K\u0158\u00cd\u017dE\">Read more<\/a><\/p>\n","protected":false},"author":1,"featured_media":0,"parent":43,"menu_order":0,"comment_status":"closed","ping_status":"closed","template":"","meta":{"_uag_custom_page_level_css":"","jetpack_post_was_ever_published":false,"footnotes":""},"class_list":["post-1386","page","type-page","status-publish"],"uagb_featured_image_src":{"full":false,"thumbnail":false,"medium":false,"medium_large":false,"large":false,"1536x1536":false,"2048x2048":false},"uagb_author_info":{"display_name":"Pavel","author_link":"https:\/\/www.texty.santegidio.cz\/?author=1"},"uagb_comment_info":0,"uagb_excerpt":"Pozv\u00e1n\u00ed Bo\u017ee, p\u0159ij\u010f a spas n\u00e1s.Pane, posp\u011b\u0161 n\u00e1m pom\u00e1hat. Sl\u00e1va Otci i Synu i Duchu svat\u00e9mu.Jako byla na po\u010d\u00e1tku i nyn\u00ed i v\u017edycky a na v\u011bky v\u011bk\u016f. Amen,Aleluja. (v dob\u011b postn\u00ed se Pozv\u00e1n\u00ed vynech\u00e1v\u00e1, zp\u00edv\u00e1 se Postn\u00ed hymnus str. 37) Hymnus St\u00e1ly u k\u0159\u00ed\u017ee P\u00e1na, Marie jeho matka a jej\u00ed sestra, Marie Kleof\u00e1\u0161ova a Marie&hellip;","jetpack_sharing_enabled":true,"jetpack_shortlink":"https:\/\/wp.me\/PawMsT-mm","_links":{"self":[{"href":"https:\/\/www.texty.santegidio.cz\/index.php?rest_route=\/wp\/v2\/pages\/1386","targetHints":{"allow":["GET"]}}],"collection":[{"href":"https:\/\/www.texty.santegidio.cz\/index.php?rest_route=\/wp\/v2\/pages"}],"about":[{"href":"https:\/\/www.texty.santegidio.cz\/index.php?rest_route=\/wp\/v2\/types\/page"}],"author":[{"embeddable":true,"href":"https:\/\/www.texty.santegidio.cz\/index.php?rest_route=\/wp\/v2\/users\/1"}],"replies":[{"embeddable":true,"href":"https:\/\/www.texty.santegidio.cz\/index.php?rest_route=%2Fwp%2Fv2%2Fcomments&post=1386"}],"version-history":[{"count":2,"href":"https:\/\/www.texty.santegidio.cz\/index.php?rest_route=\/wp\/v2\/pages\/1386\/revisions"}],"predecessor-version":[{"id":1389,"href":"https:\/\/www.texty.santegidio.cz\/index.php?rest_route=\/wp\/v2\/pages\/1386\/revisions\/1389"}],"up":[{"embeddable":true,"href":"https:\/\/www.texty.santegidio.cz\/index.php?rest_route=\/wp\/v2\/pages\/43"}],"wp:attachment":[{"href":"https:\/\/www.texty.santegidio.cz\/index.php?rest_route=%2Fwp%2Fv2%2Fmedia&parent=1386"}],"curies":[{"name":"wp","href":"https:\/\/api.w.org\/{rel}","templated":true}]}}